{"id":87,"date":"2018-10-29T21:22:26","date_gmt":"2018-10-29T19:22:26","guid":{"rendered":"https:\/\/memocateomaishoitajille.gaselli.software\/?page_id=87"},"modified":"2026-03-23T10:04:23","modified_gmt":"2026-03-23T08:04:23","slug":"patologisiin-lewyn-kappale-muutoksiin-liittyvat-sairaudet","status":"publish","type":"page","link":"https:\/\/memocate.com\/sv\/mita-ovat-yleisimmat-muistisairaudet\/patologisiin-lewyn-kappale-muutoksiin-liittyvat-sairaudet\/","title":{"rendered":"Sjukdomar f\u00f6rknippade med patologiska Lewykroppsf\u00f6r\u00e4ndringar"},"content":{"rendered":"<div class=\"et_pb_section_0 et_pb_section et_section_regular et_block_section\"><div class=\"et_pb_row_0 et_pb_row et_block_row\"><div class=\"et_pb_column_0 et_pb_column et_pb_column_4_4 et-last-child et_block_column et_pb_css_mix_blend_mode_passthrough\"><div class=\"et_pb_text_0 et_pb_text et_pb_bg_layout_light et_pb_module et_block_module\"><div class=\"et_pb_text_inner\"><h1>Sjukdomar f\u00f6rknippade med patologiska Lewykroppsf\u00f6r\u00e4ndringar<\/h1>\n<\/div><\/div><\/div><\/div><\/div><div class=\"et_pb_section_1 et_pb_section et_section_regular et_block_section\"><div class=\"et_pb_row_1 et_pb_row et_block_row\"><div class=\"et_pb_column_1 et_pb_column et_pb_column_4_4 et-last-child et_block_column et_pb_css_mix_blend_mode_passthrough\"><div class=\"et_pb_text_1 et_pb_text et_pb_bg_layout_light et_pb_module et_block_module\"><div class=\"et_pb_text_inner\"><h2>Kaksi eri sairautta<\/h2>\n<p>Patologisiin Lewyn kappale muutoksiin liittyvi\u00e4 muistisairauksia ovat:<\/p>\n<\/div><\/div><div class=\"et_pb_text_2 et_pb_text et_pb_bg_layout_light et_pb_module et_block_module blue_list\"><div class=\"et_pb_text_inner\"><ul>\n<li><strong><a href=\"\/sv\/mita-ovat-yleisimmat-muistisairaudet\/patologisiin-lewyn-kappale-muutoksiin-liittyvat-sairaudet\/lewyn-kappale-tauti\/\">Lewykroppssjukdom<\/a><\/strong><\/li>\n<li><strong><a href=\"\/sv\/mita-ovat-yleisimmat-muistisairaudet\/patologisiin-lewyn-kappale-muutoksiin-liittyvat-sairaudet\/parkinsonin-tauti-ja-siihen-liittyva-muistisairaus\/\">Minnessjukdom vid Parkinsons sjukdom<\/a><\/strong><\/li>\n<\/ul>\n<\/div><\/div><div class=\"et_pb_text_3 et_pb_text et_pb_bg_layout_light et_pb_module et_block_module\"><div class=\"et_pb_text_inner\"><p>Kummassakin sairaudessa aivojen hermosolujen sis\u00e4\u00e4n kertyy pieni\u00e4 valkuaisainekasautumia, joita kutsutaan Lewyn kappaleiksi. Lewyn kappaleiden kertyess\u00e4 aivojen hermosoluja vaurioituu ja tuhoutuu. Samaan aikaan syntyy my\u00f6s hermoimpulsseja v\u00e4litt\u00e4vien aineiden, kuten dopamiinin ja asetyylikoliinin, puutoksia. Syit\u00e4 sairauksien puhkeamiselle ei tiedet\u00e4. Kumpikin n\u00e4ist\u00e4 sairauksista on hieman yleisempi miehill\u00e4 kuin naisilla.<\/p>\n<h2>Mik\u00e4 niit\u00e4 erottaa?<\/h2>\n<p>Lewyn kappale -taudin ja Parkinsonin taudin oirekuvat ovat hyvin samankaltaisia. \u00a0On pohdittu, onko kyseess\u00e4 sama sairaus, jonka oireet alkavat eri j\u00e4rjestyksess\u00e4. Erottavana tekij\u00e4n\u00e4 pidet\u00e4\u00e4n sit\u00e4, ett\u00e4 Lewyn kappale -taudin alkuvaiheeseen painottuvat tiedonk\u00e4sittelyyn liittyv\u00e4t oireet, kun taas Parkinsonin taudissa tulevat ensin liikkumiseen liittyv\u00e4t oireet, kuten hitaus, j\u00e4ykkyys ja k\u00f6mpelyys. Lewyn kappaleita my\u00f6s kertyy varsinkin sairauden alkuvaiheissa eri osiin aivoja.<\/p>\n<p>Lewyn kappale -sairauksien diagnostiikassa on tapahtunut merkitt\u00e4v\u00e4 edistysaskel. Alfa-synukleiinin havaitsemiseen kehitetty SAA-testi (seed amplification assay) pystyy tunnistamaan Lewyn kappale -patologian selk\u00e4ydinnesteest\u00e4 86\u201396 prosentin herkkyydell\u00e4 ja 93\u2013100 prosentin tarkkuudella. Testi voi tulevaisuudessa mahdollistaa varmemman elinaikaisen diagnoosin.<\/p>\n<\/div><\/div><\/div><\/div><\/div><div class=\"et_pb_section_2 et_pb_section et_section_regular et_block_section\"><div class=\"et_pb_row_2 et_pb_row et_pb_gutters2 et_block_row\"><div class=\"et_pb_column_2 et_pb_column et_pb_column_1_3 et_block_column et_pb_css_mix_blend_mode_passthrough\"><div class=\"et_pb_blurb_0 et_pb_blurb et_pb_bg_layout_dark et_pb_blurb_position_left et_clickable et_pb_module et_block_module ftr-blrb\"><div class=\"et_pb_blurb_content\"><div class=\"et_pb_main_blurb_image\"><a href=\"\/sv\/mita-ovat-yleisimmat-muistisairaudet\/patologisiin-lewyn-kappale-muutoksiin-liittyvat-sairaudet\/lewyn-kappale-tauti\/\"><span class=\"et_pb_image_wrap et_pb_only_image_mode_wrap\"><img loading=\"lazy\" decoding=\"async\" src=\"https:\/\/memocate.com\/wp-content\/uploads\/2019\/03\/cloud_3.svg\" width=\"82\" height=\"66\" srcset=\"https:\/\/memocate.com\/wp-content\/uploads\/2019\/03\/cloud_3.svg 82w\" sizes=\"(max-width: 82px) 100vw, 82px\" class=\"et-waypoint et_pb_animation_top et_pb_animation_top_tablet et_pb_animation_top_phone wp-image-1156\" \/><\/span><\/a><\/div><div class=\"et_pb_blurb_container\"><h4 class=\"et_pb_module_header\"><a href=\"\/sv\/mita-ovat-yleisimmat-muistisairaudet\/patologisiin-lewyn-kappale-muutoksiin-liittyvat-sairaudet\/lewyn-kappale-tauti\/\">Minnessjukdomar<\/a><\/h4><div class=\"et_pb_blurb_description\"><h3>Lewyn kappale \u2028-tauti<\/h3>\n<p><a class=\"read-more\" href=\"\/sv\/mita-ovat-yleisimmat-muistisairaudet\/patologisiin-lewyn-kappale-muutoksiin-liittyvat-sairaudet\/lewyn-kappale-tauti\/\">L\u00e4s mer <img decoding=\"async\" src=\"\/wp-content\/uploads\/2019\/03\/arrow_right-green.svg\"><\/a><\/p>\n<\/div><\/div><\/div><\/div><\/div><div class=\"et_pb_column_3 et_pb_column et_pb_column_1_3 et_block_column et_pb_css_mix_blend_mode_passthrough\"><div class=\"et_pb_blurb_1 et_pb_blurb et_pb_bg_layout_dark et_pb_blurb_position_left et_clickable et_pb_module et_block_module ftr-blrb\"><div class=\"et_pb_blurb_content\"><div class=\"et_pb_main_blurb_image\"><a href=\"\/sv\/mita-ovat-yleisimmat-muistisairaudet\/patologisiin-lewyn-kappale-muutoksiin-liittyvat-sairaudet\/parkinsonin-tauti-ja-siihen-liittyva-muistisairaus\/\"><span class=\"et_pb_image_wrap et_pb_only_image_mode_wrap\"><img loading=\"lazy\" decoding=\"async\" src=\"https:\/\/memocate.com\/wp-content\/uploads\/2019\/03\/cloud_2.svg\" width=\"82\" height=\"61\" srcset=\"https:\/\/memocate.com\/wp-content\/uploads\/2019\/03\/cloud_2.svg 82w\" sizes=\"(max-width: 82px) 100vw, 82px\" class=\"et-waypoint et_pb_animation_top et_pb_animation_top_tablet et_pb_animation_top_phone wp-image-1155\" \/><\/span><\/a><\/div><div class=\"et_pb_blurb_container\"><h4 class=\"et_pb_module_header\"><a href=\"\/sv\/mita-ovat-yleisimmat-muistisairaudet\/patologisiin-lewyn-kappale-muutoksiin-liittyvat-sairaudet\/parkinsonin-tauti-ja-siihen-liittyva-muistisairaus\/\">Minnessjukdomar<\/a><\/h4><div class=\"et_pb_blurb_description\"><h3>Parkinsonin taudin \u2028muistisairaus<\/h3>\n<p><a class=\"read-more\" href=\"\/sv\/mita-ovat-yleisimmat-muistisairaudet\/patologisiin-lewyn-kappale-muutoksiin-liittyvat-sairaudet\/parkinsonin-tauti-ja-siihen-liittyva-muistisairaus\/\">L\u00e4s mer <img decoding=\"async\" src=\"\/wp-content\/uploads\/2019\/03\/arrow_right-green.svg\"><\/a><\/p>\n<\/div><\/div><\/div><\/div><\/div><div class=\"et_pb_column_4 et_pb_column et_pb_column_1_3 et-last-child et_block_column et_pb_css_mix_blend_mode_passthrough\"><div class=\"et_pb_blurb_2 et_pb_blurb et_pb_bg_layout_dark et_pb_blurb_position_left et_clickable et_pb_module et_block_module ftr-blrb\"><div class=\"et_pb_blurb_content\"><div class=\"et_pb_main_blurb_image\"><a href=\"\/sv\/vuorovaikutus\/\"><span class=\"et_pb_image_wrap et_pb_only_image_mode_wrap\"><img loading=\"lazy\" decoding=\"async\" src=\"https:\/\/memocate.com\/wp-content\/uploads\/2019\/03\/cloud_1.svg\" width=\"77\" height=\"66\" srcset=\"https:\/\/memocate.com\/wp-content\/uploads\/2019\/03\/cloud_1.svg 77w\" sizes=\"(max-width: 77px) 100vw, 77px\" class=\"et-waypoint et_pb_animation_top et_pb_animation_top_tablet et_pb_animation_top_phone wp-image-1154\" \/><\/span><\/a><\/div><div class=\"et_pb_blurb_container\"><h4 class=\"et_pb_module_header\"><a href=\"\/sv\/vuorovaikutus\/\"> <\/a><\/h4><div class=\"et_pb_blurb_description\"><h3>Aktuellt<\/h3>\n<p><a class=\"read-more\" href=\"\/sv\/ajankohtaista\/\">L\u00e4s mer <img decoding=\"async\" src=\"\/wp-content\/uploads\/2019\/03\/arrow_right-green.svg\"><\/a><\/p>\n<\/div><\/div><\/div><\/div><\/div><\/div><\/div><div class=\"et_pb_section_3 et_pb_section et_section_regular et_block_section\"><div class=\"et_pb_row_3 et_pb_row et_pb_equal_columns et_pb_gutters1 et_block_row et_pb_row_fullwidth\"><div class=\"et_pb_column_5 et_pb_column et_pb_column_1_3 et_block_column et_pb_column_empty et_pb_css_mix_blend_mode_passthrough\"><\/div><div class=\"et_pb_column_6 et_pb_column et_pb_column_1_3 et_block_column et_pb_css_mix_blend_mode_passthrough\"><div class=\"et_pb_cta_0 et_pb_promo et_pb_bg_layout_dark et_pb_module et_block_module\"><div class=\"et_pb_promo_description\"><h2 class=\"et_pb_module_header\">Har du ny forskningsinformation eller utvecklingsid\u00e9er f\u00f6r webbplatsen?<\/h2><\/div><div class=\"et_pb_button_wrapper\"><a class=\"et_pb_button et_pb_promo_button\" href=\"\/sv\/kouluttaudu-kanssamme\/#ota-yhteytta\">Kontakta oss<\/a><\/div><\/div><\/div><div class=\"et_pb_column_7 et_pb_column et_pb_column_1_3 et-last-child et_block_column et_pb_column_empty et_pb_css_mix_blend_mode_passthrough\"><\/div><\/div><div class=\"et_pb_row_4 et_pb_row et_pb_equal_columns et_pb_gutters1 et_block_row et_pb_row_fullwidth\"><div class=\"et_pb_column_8 et_pb_column et_pb_column_4_4 et-last-child et_block_column et_pb_css_mix_blend_mode_passthrough\"><div class=\"et_pb_cta_1 et_pb_promo et_pb_bg_layout_dark et_pb_module et_block_module\"><div class=\"et_pb_promo_description\"><h2 class=\"et_pb_module_header\">Har du ny forskningsinformation eller utvecklingsid\u00e9er f\u00f6r webbplatsen?<\/h2><\/div><div class=\"et_pb_button_wrapper\"><a class=\"et_pb_button et_pb_promo_button\" href=\"\/sv\/kouluttaudu-kanssamme\/#ota-yhteytta\">Kontakta oss<\/a><\/div><\/div><\/div><\/div><\/div>","protected":false},"excerpt":{"rendered":"","protected":false},"author":4,"featured_media":0,"parent":25,"menu_order":3,"comment_status":"closed","ping_status":"closed","template":"","meta":{"footnotes":""},"class_list":["post-87","page","type-page","status-publish","hentry"],"yoast_head":"<!-- This site is optimized with the Yoast SEO plugin v27.5 - https:\/\/yoast.com\/product\/yoast-seo-wordpress\/ -->\n<title>Lewyn kappale -muutoksiin liittyv\u00e4t sairaudet \u2013 Memocate<\/title>\n<meta name=\"description\" content=\"Patologisiin Lewyn kappale -muutoksiin liittyy useita sairauksia. Lue Lewyn kappale -taudin ja Parkinsonin taudin muistisairauden eroista.\" \/>\n<meta name=\"robots\" content=\"index, follow, max-snippet:-1, max-image-preview:large, max-video-preview:-1\" \/>\n<link rel=\"canonical\" href=\"https:\/\/memocate.com\/sv\/mita-ovat-yleisimmat-muistisairaudet\/patologisiin-lewyn-kappale-muutoksiin-liittyvat-sairaudet\/\" \/>\n<meta property=\"og:locale\" content=\"sv_SE\" \/>\n<meta property=\"og:type\" content=\"article\" \/>\n<meta property=\"og:title\" content=\"Lewyn kappale -muutoksiin liittyv\u00e4t sairaudet \u2013 Memocate\" \/>\n<meta property=\"og:description\" content=\"Patologisiin Lewyn kappale -muutoksiin liittyy useita sairauksia. Lue Lewyn kappale -taudin ja Parkinsonin taudin muistisairauden eroista.\" \/>\n<meta property=\"og:url\" content=\"https:\/\/memocate.com\/sv\/mita-ovat-yleisimmat-muistisairaudet\/patologisiin-lewyn-kappale-muutoksiin-liittyvat-sairaudet\/\" \/>\n<meta property=\"og:site_name\" content=\"Memocate\" \/>\n<meta property=\"article:modified_time\" content=\"2026-03-23T08:04:23+00:00\" \/>\n<meta property=\"og:image\" content=\"https:\/\/memocate.com\/wp-content\/uploads\/2026\/03\/memocate-og-image.png\" \/>\n\t<meta property=\"og:image:width\" content=\"1200\" \/>\n\t<meta property=\"og:image:height\" content=\"675\" \/>\n\t<meta property=\"og:image:type\" content=\"image\/png\" \/>\n<meta name=\"twitter:card\" content=\"summary_large_image\" \/>\n<meta name=\"twitter:label1\" content=\"Ber\u00e4knad l\u00e4stid\" \/>\n\t<meta name=\"twitter:data1\" content=\"3 minuter\" \/>\n<script type=\"application\/ld+json\" class=\"yoast-schema-graph\">{\"@context\":\"https:\\\/\\\/schema.org\",\"@graph\":[{\"@type\":\"WebPage\",\"@id\":\"https:\\\/\\\/memocate.com\\\/mita-ovat-yleisimmat-muistisairaudet\\\/patologisiin-lewyn-kappale-muutoksiin-liittyvat-sairaudet\\\/\",\"url\":\"https:\\\/\\\/memocate.com\\\/mita-ovat-yleisimmat-muistisairaudet\\\/patologisiin-lewyn-kappale-muutoksiin-liittyvat-sairaudet\\\/\",\"name\":\"Lewyn kappale -muutoksiin liittyv\u00e4t sairaudet \u2013 Memocate\",\"isPartOf\":{\"@id\":\"https:\\\/\\\/memocate.com\\\/#website\"},\"datePublished\":\"2018-10-29T19:22:26+00:00\",\"dateModified\":\"2026-03-23T08:04:23+00:00\",\"description\":\"Patologisiin Lewyn kappale -muutoksiin liittyy useita sairauksia. Lue Lewyn kappale -taudin ja Parkinsonin taudin muistisairauden eroista.\",\"breadcrumb\":{\"@id\":\"https:\\\/\\\/memocate.com\\\/mita-ovat-yleisimmat-muistisairaudet\\\/patologisiin-lewyn-kappale-muutoksiin-liittyvat-sairaudet\\\/#breadcrumb\"},\"inLanguage\":\"sv-SE\",\"potentialAction\":[{\"@type\":\"ReadAction\",\"target\":[\"https:\\\/\\\/memocate.com\\\/mita-ovat-yleisimmat-muistisairaudet\\\/patologisiin-lewyn-kappale-muutoksiin-liittyvat-sairaudet\\\/\"]}]},{\"@type\":\"BreadcrumbList\",\"@id\":\"https:\\\/\\\/memocate.com\\\/mita-ovat-yleisimmat-muistisairaudet\\\/patologisiin-lewyn-kappale-muutoksiin-liittyvat-sairaudet\\\/#breadcrumb\",\"itemListElement\":[{\"@type\":\"ListItem\",\"position\":1,\"name\":\"Home\",\"item\":\"https:\\\/\\\/memocate.com\\\/\"},{\"@type\":\"ListItem\",\"position\":2,\"name\":\"Muistisairaudet\",\"item\":\"https:\\\/\\\/memocate.com\\\/mita-ovat-yleisimmat-muistisairaudet\\\/\"},{\"@type\":\"ListItem\",\"position\":3,\"name\":\"Patologisiin Lewyn kappale muutoksiin liittyv\u00e4t sairaudet\"}]},{\"@type\":\"WebSite\",\"@id\":\"https:\\\/\\\/memocate.com\\\/#website\",\"url\":\"https:\\\/\\\/memocate.com\\\/\",\"name\":\"Memocate\",\"description\":\"Muistisairaus, vuorovaikutus ja hyv\u00e4 kohtaaminen\",\"publisher\":{\"@id\":\"https:\\\/\\\/memocate.com\\\/#organization\"},\"potentialAction\":[{\"@type\":\"SearchAction\",\"target\":{\"@type\":\"EntryPoint\",\"urlTemplate\":\"https:\\\/\\\/memocate.com\\\/?s={search_term_string}\"},\"query-input\":{\"@type\":\"PropertyValueSpecification\",\"valueRequired\":true,\"valueName\":\"search_term_string\"}}],\"inLanguage\":\"sv-SE\"},{\"@type\":\"Organization\",\"@id\":\"https:\\\/\\\/memocate.com\\\/#organization\",\"name\":\"Memocate Oy\",\"url\":\"https:\\\/\\\/memocate.com\\\/\",\"logo\":{\"@type\":\"ImageObject\",\"inLanguage\":\"sv-SE\",\"@id\":\"https:\\\/\\\/memocate.com\\\/#\\\/schema\\\/logo\\\/image\\\/\",\"url\":\"https:\\\/\\\/memocate.com\\\/wp-content\\\/uploads\\\/2019\\\/07\\\/Memocate_horizontal_logo.svg\",\"contentUrl\":\"https:\\\/\\\/memocate.com\\\/wp-content\\\/uploads\\\/2019\\\/07\\\/Memocate_horizontal_logo.svg\",\"width\":213,\"height\":70,\"caption\":\"Memocate Oy\"},\"image\":{\"@id\":\"https:\\\/\\\/memocate.com\\\/#\\\/schema\\\/logo\\\/image\\\/\"}}]}<\/script>\n<!-- \/ Yoast SEO plugin. -->","yoast_head_json":{"title":"Lewyn kappale -muutoksiin liittyv\u00e4t sairaudet \u2013 Memocate","description":"Patologisiin Lewyn kappale -muutoksiin liittyy useita sairauksia. Lue Lewyn kappale -taudin ja Parkinsonin taudin muistisairauden eroista.","robots":{"index":"index","follow":"follow","max-snippet":"max-snippet:-1","max-image-preview":"max-image-preview:large","max-video-preview":"max-video-preview:-1"},"canonical":"https:\/\/memocate.com\/sv\/mita-ovat-yleisimmat-muistisairaudet\/patologisiin-lewyn-kappale-muutoksiin-liittyvat-sairaudet\/","og_locale":"sv_SE","og_type":"article","og_title":"Lewyn kappale -muutoksiin liittyv\u00e4t sairaudet \u2013 Memocate","og_description":"Patologisiin Lewyn kappale -muutoksiin liittyy useita sairauksia. Lue Lewyn kappale -taudin ja Parkinsonin taudin muistisairauden eroista.","og_url":"https:\/\/memocate.com\/sv\/mita-ovat-yleisimmat-muistisairaudet\/patologisiin-lewyn-kappale-muutoksiin-liittyvat-sairaudet\/","og_site_name":"Memocate","article_modified_time":"2026-03-23T08:04:23+00:00","og_image":[{"width":1200,"height":675,"url":"https:\/\/memocate.com\/wp-content\/uploads\/2026\/03\/memocate-og-image.png","type":"image\/png"}],"twitter_card":"summary_large_image","twitter_misc":{"Ber\u00e4knad l\u00e4stid":"3 minuter"},"schema":{"@context":"https:\/\/schema.org","@graph":[{"@type":"WebPage","@id":"https:\/\/memocate.com\/mita-ovat-yleisimmat-muistisairaudet\/patologisiin-lewyn-kappale-muutoksiin-liittyvat-sairaudet\/","url":"https:\/\/memocate.com\/mita-ovat-yleisimmat-muistisairaudet\/patologisiin-lewyn-kappale-muutoksiin-liittyvat-sairaudet\/","name":"Lewyn kappale -muutoksiin liittyv\u00e4t sairaudet \u2013 Memocate","isPartOf":{"@id":"https:\/\/memocate.com\/#website"},"datePublished":"2018-10-29T19:22:26+00:00","dateModified":"2026-03-23T08:04:23+00:00","description":"Patologisiin Lewyn kappale -muutoksiin liittyy useita sairauksia. Lue Lewyn kappale -taudin ja Parkinsonin taudin muistisairauden eroista.","breadcrumb":{"@id":"https:\/\/memocate.com\/mita-ovat-yleisimmat-muistisairaudet\/patologisiin-lewyn-kappale-muutoksiin-liittyvat-sairaudet\/#breadcrumb"},"inLanguage":"sv-SE","potentialAction":[{"@type":"ReadAction","target":["https:\/\/memocate.com\/mita-ovat-yleisimmat-muistisairaudet\/patologisiin-lewyn-kappale-muutoksiin-liittyvat-sairaudet\/"]}]},{"@type":"BreadcrumbList","@id":"https:\/\/memocate.com\/mita-ovat-yleisimmat-muistisairaudet\/patologisiin-lewyn-kappale-muutoksiin-liittyvat-sairaudet\/#breadcrumb","itemListElement":[{"@type":"ListItem","position":1,"name":"Home","item":"https:\/\/memocate.com\/"},{"@type":"ListItem","position":2,"name":"Muistisairaudet","item":"https:\/\/memocate.com\/mita-ovat-yleisimmat-muistisairaudet\/"},{"@type":"ListItem","position":3,"name":"Patologisiin Lewyn kappale muutoksiin liittyv\u00e4t sairaudet"}]},{"@type":"WebSite","@id":"https:\/\/memocate.com\/#website","url":"https:\/\/memocate.com\/","name":"Memocate","description":"Muistisairaus, vuorovaikutus ja hyv\u00e4 kohtaaminen","publisher":{"@id":"https:\/\/memocate.com\/#organization"},"potentialAction":[{"@type":"SearchAction","target":{"@type":"EntryPoint","urlTemplate":"https:\/\/memocate.com\/?s={search_term_string}"},"query-input":{"@type":"PropertyValueSpecification","valueRequired":true,"valueName":"search_term_string"}}],"inLanguage":"sv-SE"},{"@type":"Organization","@id":"https:\/\/memocate.com\/#organization","name":"Memocate Oy","url":"https:\/\/memocate.com\/","logo":{"@type":"ImageObject","inLanguage":"sv-SE","@id":"https:\/\/memocate.com\/#\/schema\/logo\/image\/","url":"https:\/\/memocate.com\/wp-content\/uploads\/2019\/07\/Memocate_horizontal_logo.svg","contentUrl":"https:\/\/memocate.com\/wp-content\/uploads\/2019\/07\/Memocate_horizontal_logo.svg","width":213,"height":70,"caption":"Memocate Oy"},"image":{"@id":"https:\/\/memocate.com\/#\/schema\/logo\/image\/"}}]}},"_links":{"self":[{"href":"https:\/\/memocate.com\/sv\/wp-json\/wp\/v2\/pages\/87","targetHints":{"allow":["GET"]}}],"collection":[{"href":"https:\/\/memocate.com\/sv\/wp-json\/wp\/v2\/pages"}],"about":[{"href":"https:\/\/memocate.com\/sv\/wp-json\/wp\/v2\/types\/page"}],"author":[{"embeddable":true,"href":"https:\/\/memocate.com\/sv\/wp-json\/wp\/v2\/users\/4"}],"replies":[{"embeddable":true,"href":"https:\/\/memocate.com\/sv\/wp-json\/wp\/v2\/comments?post=87"}],"version-history":[{"count":5,"href":"https:\/\/memocate.com\/sv\/wp-json\/wp\/v2\/pages\/87\/revisions"}],"predecessor-version":[{"id":8758,"href":"https:\/\/memocate.com\/sv\/wp-json\/wp\/v2\/pages\/87\/revisions\/8758"}],"up":[{"embeddable":true,"href":"https:\/\/memocate.com\/sv\/wp-json\/wp\/v2\/pages\/25"}],"wp:attachment":[{"href":"https:\/\/memocate.com\/sv\/wp-json\/wp\/v2\/media?parent=87"}],"curies":[{"name":"wp","href":"https:\/\/api.w.org\/{rel}","templated":true}]}}