{"id":8674,"date":"2026-03-21T22:31:11","date_gmt":"2026-03-21T20:31:11","guid":{"rendered":"https:\/\/memocate.com\/kayttoehdot\/"},"modified":"2026-03-21T22:31:11","modified_gmt":"2026-03-21T20:31:11","slug":"kayttoehdot","status":"publish","type":"page","link":"https:\/\/memocate.com\/sv\/kayttoehdot\/","title":{"rendered":"Anv\u00e4ndarvillkor"},"content":{"rendered":"<div class=\"et_d4_element et_pb_section et_pb_section_0  et_pb_css_mix_blend_mode et_section_regular et_block_section\" >\n\t\t\t\t\n\t\t\t\t\n\t\t\t\t\n\t\t\t\t\n\t\t\t\t\n\t\t\t\t\n\t\t\t\t<div class=\"et_d4_element et_pb_row et_pb_row_0  et_pb_css_mix_blend_mode et_block_row\">\n\t\t\t\t<div class=\"et_d4_element et_pb_column_4_4 et_pb_column et_pb_column_0  et_pb_css_mix_blend_mode et-last-child et_block_column\">\n\t\t\t\t\n\t\t\t\t\n\t\t\t\t\n\t\t\t\t\n\t\t\t\t<div class=\"et_pb_module et_d4_element et_pb_text et_pb_text_0  et_pb_text_align_left et_pb_bg_layout_light\">\n\t\t\t\t\n\t\t\t\t\n\t\t\t\t\n\t\t\t\t\n\t\t\t\t<div class=\"et_pb_text_inner\"><h1>Anv\u00e4ndarvillkor<\/h1>\n<p><em>Uppdaterad: 21.3.2026<\/em><\/p>\n<h2>1. Allm\u00e4nt<\/h2>\n<p>Dessa anv\u00e4ndarvillkor g\u00e4ller f\u00f6r anv\u00e4ndningen av webbplatsen memocate.com som uppr\u00e4tth\u00e5lls av Memocate Oy (FO-nummer 2832002-2). Genom att anv\u00e4nda webbplatsen godk\u00e4nner du dessa anv\u00e4ndarvillkor. Om du inte godk\u00e4nner villkoren, anv\u00e4nd inte webbplatsen.<\/p>\n<h2>2. Tj\u00e4nstebeskrivning<\/h2>\n<p>Memocate.com erbjuder information om minnessjukdomar, v\u00e4xelverkan och om ett gott bem\u00f6tande av en person som lever med en minnessjukdom. D\u00e4rtill erbjuder Memocate Oy avgiftsbelagd utbildningstj\u00e4nst f\u00f6r personal vid v\u00e5rdhem. Anv\u00e4ndning av utbildningstj\u00e4nsten f\u00f6ruts\u00e4tter ett separat avtal.<\/p>\n<h2>3. Ansvarsbegr\u00e4nsning g\u00e4llande informationsinneh\u00e5ll<\/h2>\n<p>Webbplatsens inneh\u00e5ll \u00e4r avsett som allm\u00e4n information om minnessjukdomar och v\u00e4xelverkan. Inneh\u00e5llet utg\u00f6r inte medicinsk r\u00e5dgivning, diagnostik eller v\u00e5rdanvisningar och ers\u00e4tter inte en professionell h\u00e4lsov\u00e5rdsbed\u00f6mning. Memocate Oy \u00e4r inte en h\u00e4lsov\u00e5rdsakt\u00f6r. I fr\u00e5gor som r\u00f6r h\u00e4lsotillst\u00e5ndet ska man alltid v\u00e4nda sig till en h\u00e4lsov\u00e5rdsprofessionell.<\/p>\n<h2>4. Immateriella r\u00e4ttigheter<\/h2>\n<p>Webbplatsens inneh\u00e5ll \u00e4r Memocate Oy:s eller dess licensgivares egendom och skyddat av upphovsr\u00e4ttslagstiftningen. Kopiering, spridning eller kommersiell anv\u00e4ndning av inneh\u00e5llet utan skriftligt tillst\u00e5nd \u00e4r f\u00f6rbjuden. Webbplatsens inneh\u00e5ll f\u00e5r h\u00e4nvisas till i rimlig omfattning, f\u00f6rutsatt att k\u00e4llan anges.<\/p>\n<h2>5. Anv\u00e4ndarens skyldigheter<\/h2>\n<p>Anv\u00e4ndaren f\u00f6rbinder sig att anv\u00e4nda webbplatsen i enlighet med lag och god sed. Uppgifter som skickas via kontaktformul\u00e4ret ska vara sanningsenliga.<\/p>\n<h2>6. Villkor f\u00f6r utbildningstj\u00e4nsten<\/h2>\n<p>Anv\u00e4ndning av utbildningstj\u00e4nsten f\u00f6ruts\u00e4tter ett separat avtal. Inloggningsuppgifterna till MoodleCloud-l\u00e4rplattformen \u00e4r personliga och f\u00e5r inte \u00f6verl\u00e5tas till andra.<\/p>\n<h2>7. L\u00e4nkar till tredje parters webbplatser<\/h2>\n<p>Webbplatsen kan inneh\u00e5lla l\u00e4nkar till tredje parters webbplatser. Memocate Oy ansvarar inte f\u00f6r dessa externa webbplatsers inneh\u00e5ll eller dataskyddspraxis.<\/p>\n<h2>8. Kakor<\/h2>\n<p>Webbplatsen anv\u00e4nder kakor. Mer information om anv\u00e4ndningen av kakor hittar du <a href=\"\/sv\/cookie-policy-eu\/\">i v\u00e5r kakpolicy<\/a>.<\/p>\n<h2>9. \u00c4ndring av villkoren<\/h2>\n<p>Memocate Oy kan \u00e4ndra dessa anv\u00e4ndarvillkor n\u00e4r som helst. \u00c4ndringarna tr\u00e4der i kraft i samband med publiceringen.<\/p>\n<h2>10. Till\u00e4mplig lag och tvistl\u00f6sning<\/h2>\n<p>P\u00e5 dessa anv\u00e4ndarvillkor till\u00e4mpas finsk lag. Tvister avg\u00f6rs vid Birkalands tingsr\u00e4tt. Konsumentkunder har dessutom r\u00e4tt att h\u00e4nskjuta \u00e4rendet till konsumenttvisten\u00e4mnden (kuluttajariita.fi).<\/p>\n<h2>11. Kontaktuppgifter<\/h2>\n<p>Memocate Oy<br \/>FO-nummer: 2832002-2<br \/>E-post: myynti@memocate.com<br \/>Telefon: +358 44 099 8996<\/p><\/div>\n\t\t\t<\/div>\n\t\t\t<\/div>\n\t\t\t\t\n\t\t\t\t\n\t\t\t\t\n\t\t\t\t\n\t\t\t<\/div>\n\t\t\t\t\n\t\t\t\t\n\t\t\t<\/div>","protected":false},"excerpt":{"rendered":"","protected":false},"author":4,"featured_media":0,"parent":0,"menu_order":0,"comment_status":"closed","ping_status":"closed","template":"","meta":{"_et_pb_use_builder":"","_et_pb_old_content":"","_et_gb_content_width":"","footnotes":""},"class_list":["post-8674","page","type-page","status-publish","hentry"],"yoast_head":"<!-- This site is optimized with the Yoast SEO plugin v27.5 - https:\/\/yoast.com\/product\/yoast-seo-wordpress\/ -->\n<title>K\u00e4ytt\u00f6ehdot - Memocate<\/title>\n<meta name=\"description\" content=\"Memocate.com-sivuston k\u00e4ytt\u00f6ehdot. Tutustu palvelun k\u00e4ytt\u00f6\u00e4 koskeviin ehtoihin ja vastuisiin.\" \/>\n<meta name=\"robots\" content=\"index, follow, max-snippet:-1, max-image-preview:large, max-video-preview:-1\" \/>\n<link rel=\"canonical\" href=\"https:\/\/memocate.com\/sv\/kayttoehdot\/\" \/>\n<meta property=\"og:locale\" content=\"sv_SE\" \/>\n<meta property=\"og:type\" content=\"article\" \/>\n<meta property=\"og:title\" content=\"K\u00e4ytt\u00f6ehdot - Memocate\" \/>\n<meta property=\"og:description\" content=\"Memocate.com-sivuston k\u00e4ytt\u00f6ehdot. Tutustu palvelun k\u00e4ytt\u00f6\u00e4 koskeviin ehtoihin ja vastuisiin.\" \/>\n<meta property=\"og:url\" content=\"https:\/\/memocate.com\/sv\/kayttoehdot\/\" \/>\n<meta property=\"og:site_name\" content=\"Memocate\" \/>\n<meta property=\"og:image\" content=\"https:\/\/memocate.com\/wp-content\/uploads\/2026\/03\/memocate-og-image.png\" \/>\n\t<meta property=\"og:image:width\" content=\"1200\" \/>\n\t<meta property=\"og:image:height\" content=\"675\" \/>\n\t<meta property=\"og:image:type\" content=\"image\/png\" \/>\n<meta name=\"twitter:card\" content=\"summary_large_image\" \/>\n<meta name=\"twitter:label1\" content=\"Ber\u00e4knad l\u00e4stid\" \/>\n\t<meta name=\"twitter:data1\" content=\"2 minuter\" \/>\n<script type=\"application\/ld+json\" class=\"yoast-schema-graph\">{\"@context\":\"https:\\\/\\\/schema.org\",\"@graph\":[{\"@type\":\"WebPage\",\"@id\":\"https:\\\/\\\/memocate.com\\\/kayttoehdot\\\/\",\"url\":\"https:\\\/\\\/memocate.com\\\/kayttoehdot\\\/\",\"name\":\"K\u00e4ytt\u00f6ehdot - Memocate\",\"isPartOf\":{\"@id\":\"https:\\\/\\\/memocate.com\\\/#website\"},\"datePublished\":\"2026-03-21T20:31:11+00:00\",\"description\":\"Memocate.com-sivuston k\u00e4ytt\u00f6ehdot. Tutustu palvelun k\u00e4ytt\u00f6\u00e4 koskeviin ehtoihin ja vastuisiin.\",\"breadcrumb\":{\"@id\":\"https:\\\/\\\/memocate.com\\\/kayttoehdot\\\/#breadcrumb\"},\"inLanguage\":\"sv-SE\",\"potentialAction\":[{\"@type\":\"ReadAction\",\"target\":[\"https:\\\/\\\/memocate.com\\\/kayttoehdot\\\/\"]}]},{\"@type\":\"BreadcrumbList\",\"@id\":\"https:\\\/\\\/memocate.com\\\/kayttoehdot\\\/#breadcrumb\",\"itemListElement\":[{\"@type\":\"ListItem\",\"position\":1,\"name\":\"Home\",\"item\":\"https:\\\/\\\/memocate.com\\\/\"},{\"@type\":\"ListItem\",\"position\":2,\"name\":\"K\u00e4ytt\u00f6ehdot\"}]},{\"@type\":\"WebSite\",\"@id\":\"https:\\\/\\\/memocate.com\\\/#website\",\"url\":\"https:\\\/\\\/memocate.com\\\/\",\"name\":\"Memocate\",\"description\":\"Muistisairaus, vuorovaikutus ja hyv\u00e4 kohtaaminen\",\"publisher\":{\"@id\":\"https:\\\/\\\/memocate.com\\\/#organization\"},\"potentialAction\":[{\"@type\":\"SearchAction\",\"target\":{\"@type\":\"EntryPoint\",\"urlTemplate\":\"https:\\\/\\\/memocate.com\\\/?s={search_term_string}\"},\"query-input\":{\"@type\":\"PropertyValueSpecification\",\"valueRequired\":true,\"valueName\":\"search_term_string\"}}],\"inLanguage\":\"sv-SE\"},{\"@type\":\"Organization\",\"@id\":\"https:\\\/\\\/memocate.com\\\/#organization\",\"name\":\"Memocate Oy\",\"url\":\"https:\\\/\\\/memocate.com\\\/\",\"logo\":{\"@type\":\"ImageObject\",\"inLanguage\":\"sv-SE\",\"@id\":\"https:\\\/\\\/memocate.com\\\/#\\\/schema\\\/logo\\\/image\\\/\",\"url\":\"https:\\\/\\\/memocate.com\\\/wp-content\\\/uploads\\\/2019\\\/07\\\/Memocate_horizontal_logo.svg\",\"contentUrl\":\"https:\\\/\\\/memocate.com\\\/wp-content\\\/uploads\\\/2019\\\/07\\\/Memocate_horizontal_logo.svg\",\"width\":213,\"height\":70,\"caption\":\"Memocate Oy\"},\"image\":{\"@id\":\"https:\\\/\\\/memocate.com\\\/#\\\/schema\\\/logo\\\/image\\\/\"}}]}<\/script>\n<!-- \/ Yoast SEO plugin. -->","yoast_head_json":{"title":"K\u00e4ytt\u00f6ehdot - Memocate","description":"Memocate.com-sivuston k\u00e4ytt\u00f6ehdot. Tutustu palvelun k\u00e4ytt\u00f6\u00e4 koskeviin ehtoihin ja vastuisiin.","robots":{"index":"index","follow":"follow","max-snippet":"max-snippet:-1","max-image-preview":"max-image-preview:large","max-video-preview":"max-video-preview:-1"},"canonical":"https:\/\/memocate.com\/sv\/kayttoehdot\/","og_locale":"sv_SE","og_type":"article","og_title":"K\u00e4ytt\u00f6ehdot - Memocate","og_description":"Memocate.com-sivuston k\u00e4ytt\u00f6ehdot. Tutustu palvelun k\u00e4ytt\u00f6\u00e4 koskeviin ehtoihin ja vastuisiin.","og_url":"https:\/\/memocate.com\/sv\/kayttoehdot\/","og_site_name":"Memocate","og_image":[{"width":1200,"height":675,"url":"https:\/\/memocate.com\/wp-content\/uploads\/2026\/03\/memocate-og-image.png","type":"image\/png"}],"twitter_card":"summary_large_image","twitter_misc":{"Ber\u00e4knad l\u00e4stid":"2 minuter"},"schema":{"@context":"https:\/\/schema.org","@graph":[{"@type":"WebPage","@id":"https:\/\/memocate.com\/kayttoehdot\/","url":"https:\/\/memocate.com\/kayttoehdot\/","name":"K\u00e4ytt\u00f6ehdot - Memocate","isPartOf":{"@id":"https:\/\/memocate.com\/#website"},"datePublished":"2026-03-21T20:31:11+00:00","description":"Memocate.com-sivuston k\u00e4ytt\u00f6ehdot. Tutustu palvelun k\u00e4ytt\u00f6\u00e4 koskeviin ehtoihin ja vastuisiin.","breadcrumb":{"@id":"https:\/\/memocate.com\/kayttoehdot\/#breadcrumb"},"inLanguage":"sv-SE","potentialAction":[{"@type":"ReadAction","target":["https:\/\/memocate.com\/kayttoehdot\/"]}]},{"@type":"BreadcrumbList","@id":"https:\/\/memocate.com\/kayttoehdot\/#breadcrumb","itemListElement":[{"@type":"ListItem","position":1,"name":"Home","item":"https:\/\/memocate.com\/"},{"@type":"ListItem","position":2,"name":"K\u00e4ytt\u00f6ehdot"}]},{"@type":"WebSite","@id":"https:\/\/memocate.com\/#website","url":"https:\/\/memocate.com\/","name":"Memocate","description":"Muistisairaus, vuorovaikutus ja hyv\u00e4 kohtaaminen","publisher":{"@id":"https:\/\/memocate.com\/#organization"},"potentialAction":[{"@type":"SearchAction","target":{"@type":"EntryPoint","urlTemplate":"https:\/\/memocate.com\/?s={search_term_string}"},"query-input":{"@type":"PropertyValueSpecification","valueRequired":true,"valueName":"search_term_string"}}],"inLanguage":"sv-SE"},{"@type":"Organization","@id":"https:\/\/memocate.com\/#organization","name":"Memocate Oy","url":"https:\/\/memocate.com\/","logo":{"@type":"ImageObject","inLanguage":"sv-SE","@id":"https:\/\/memocate.com\/#\/schema\/logo\/image\/","url":"https:\/\/memocate.com\/wp-content\/uploads\/2019\/07\/Memocate_horizontal_logo.svg","contentUrl":"https:\/\/memocate.com\/wp-content\/uploads\/2019\/07\/Memocate_horizontal_logo.svg","width":213,"height":70,"caption":"Memocate Oy"},"image":{"@id":"https:\/\/memocate.com\/#\/schema\/logo\/image\/"}}]}},"_links":{"self":[{"href":"https:\/\/memocate.com\/sv\/wp-json\/wp\/v2\/pages\/8674","targetHints":{"allow":["GET"]}}],"collection":[{"href":"https:\/\/memocate.com\/sv\/wp-json\/wp\/v2\/pages"}],"about":[{"href":"https:\/\/memocate.com\/sv\/wp-json\/wp\/v2\/types\/page"}],"author":[{"embeddable":true,"href":"https:\/\/memocate.com\/sv\/wp-json\/wp\/v2\/users\/4"}],"replies":[{"embeddable":true,"href":"https:\/\/memocate.com\/sv\/wp-json\/wp\/v2\/comments?post=8674"}],"version-history":[{"count":0,"href":"https:\/\/memocate.com\/sv\/wp-json\/wp\/v2\/pages\/8674\/revisions"}],"wp:attachment":[{"href":"https:\/\/memocate.com\/sv\/wp-json\/wp\/v2\/media?parent=8674"}],"curies":[{"name":"wp","href":"https:\/\/api.w.org\/{rel}","templated":true}]}}