{"id":836,"date":"2019-04-22T13:03:55","date_gmt":"2019-04-22T10:03:55","guid":{"rendered":"https:\/\/memocateomaishoitajille.gaselli.software\/?page_id=836"},"modified":"2026-03-23T10:04:48","modified_gmt":"2026-03-23T08:04:48","slug":"kohti-parempaa-vuorovaikutusta","status":"publish","type":"page","link":"https:\/\/memocate.com\/sv\/vuorovaikutus\/kohti-parempaa-vuorovaikutusta\/","title":{"rendered":"Mot b\u00e4ttre v\u00e4xelverkan"},"content":{"rendered":"<div class=\"et_pb_section_0 et_pb_section et_section_regular et_block_section\"><div class=\"et_pb_row_0 et_pb_row et_block_row\"><div class=\"et_pb_column_0 et_pb_column et_pb_column_4_4 et-last-child et_block_column et_pb_css_mix_blend_mode_passthrough\"><div class=\"et_pb_text_0 et_pb_text et_pb_bg_layout_light et_pb_module et_block_module et_pb_text_align_center\"><div class=\"et_pb_text_inner\"><h1>Mot b\u00e4ttre<br \/>\nHur kan kontakten bevaras s\u00e5 bra som m\u00f6jligt trots minnessjukdom? Tips fr\u00e5n experter och j\u00e4mlikar, forskningsbaserad kunskap och diskussioner.<\/h1>\n<\/div><\/div><div class=\"et_pb_text_1 et_pb_text et_pb_bg_layout_light et_pb_module et_block_module et_pb_text_align_center\"><div class=\"et_pb_text_inner\"><p>Hur kan kontakten bevaras s\u00e5 bra som m\u00f6jligt trots minnessjukdom? Tips fr\u00e5n experter och likasinnade, forskningsbaserad kunskap samt diskussioner.<\/p>\n<\/div><\/div><\/div><\/div><div class=\"et_pb_row_1 et_pb_row et_block_row\"><div class=\"et_pb_column_1 et_pb_column et_pb_column_4_4 et-last-child et_block_column et_pb_css_mix_blend_mode_passthrough\"><div class=\"et_pb_text_2 et_pb_text et_pb_bg_layout_light et_pb_module et_block_module et_pb_text_align_center\"><div class=\"et_pb_text_inner\"><p>Forts\u00e4tt l\u00e4sa nedan<\/p>\n<\/div><\/div><div class=\"et_pb_module et_d4_element et_pb_blurb et_pb_blurb_4 et_animated  et_pb_text_align_center  et_pb_blurb_position_top et_block_module et_pb_bg_layout_light\">\n\t\t\t\t\n\t\t\t\t\n\t\t\t\t\n\t\t\t\t\n\t\t\t\t<div class=\"et_pb_blurb_content\">\n\t\t\t\t\t\n\t\t\t\t\t<div class=\"et_pb_blurb_container\">\n\t\t\t\t\t\t\n\t\t\t\t\t\t<div class=\"et_pb_blurb_description\">\n<\/div>\n\t\t\t\t\t<\/div>\n\t\t\t\t<\/div>\n\t\t\t<\/div><\/div><\/div><\/div><div class=\"et_pb_section_1 et_pb_section et_section_regular et_block_section\"><div class=\"et_pb_row_2 et_pb_row et_block_row\"><div class=\"et_pb_column_2 et_pb_column et_pb_column_1_2 et_block_column et_pb_css_mix_blend_mode_passthrough\"><div class=\"et_pb_blurb_0 et_pb_blurb et_pb_bg_layout_light et_pb_text_align_center et_pb_blurb_position_top et_clickable et_pb_module et_block_module card-box-v4\"><div class=\"et_pb_blurb_content\"><div class=\"et_pb_main_blurb_image\"><a href=\"https:\/\/memocate.com\/sv\/vuorovaikutus\/kohti-parempaa-vuorovaikutusta\/vinkkeja-camilla-lindholmilta\/\"><span class=\"et_pb_image_wrap et_pb_only_image_mode_wrap\"><img loading=\"lazy\" decoding=\"async\" src=\"https:\/\/memocate.com\/wp-content\/uploads\/2019\/08\/kohti_vinkkeja.svg\" width=\"238\" height=\"203\" srcset=\"https:\/\/memocate.com\/wp-content\/uploads\/2019\/08\/kohti_vinkkeja.svg 238w\" class=\"et-waypoint et_pb_animation_bottom et_pb_animation_bottom_tablet et_pb_animation_bottom_phone wp-image-3206\" \/><\/span><\/a><\/div><div class=\"et_pb_blurb_container\"><div class=\"et_pb_blurb_description\"><h2>Tips fr\u00e5n Camilla Lindholm<\/h2>\n<p>Se praktiska r\u00e5d om att f\u00f6rb\u00e4ttra v\u00e4xelverkan p\u00e5 videorna<\/p>\n<\/div><\/div><\/div><\/div><div class=\"et_pb_code_0 et_pb_code et_pb_text_align_center et_pb_module arrow-wrapper\"><div class=\"et_pb_code_inner\"><a class=\"arrow-btn\" href=\"\/sv\/vuorovaikutus\/kohti-parempaa-vuorovaikutusta\/vinkkeja-camilla-lindholmilta\/\"><img decoding=\"async\" src=\"\/wp-content\/uploads\/2019\/03\/arrow.svg\" \/><\/a><\/div><\/div><\/div><div class=\"et_pb_column_3 et_pb_column et_pb_column_1_2 et-last-child et_block_column et_pb_css_mix_blend_mode_passthrough\"><div class=\"et_pb_blurb_1 et_pb_blurb et_pb_bg_layout_light et_pb_text_align_center et_pb_blurb_position_top et_clickable et_pb_module et_block_module card-box-v4\"><div class=\"et_pb_blurb_content\"><div class=\"et_pb_main_blurb_image\"><a href=\"https:\/\/memocate.com\/sv\/vuorovaikutus\/kohti-parempaa-vuorovaikutusta\/neuvoja-omaiselta-omaiselle\/\"><span class=\"et_pb_image_wrap et_pb_only_image_mode_wrap\"><img loading=\"lazy\" decoding=\"async\" src=\"https:\/\/memocate.com\/wp-content\/uploads\/2019\/08\/kohti_neuvoja.svg\" width=\"232\" height=\"200\" srcset=\"https:\/\/memocate.com\/wp-content\/uploads\/2019\/08\/kohti_neuvoja.svg 232w\" class=\"et-waypoint et_pb_animation_bottom et_pb_animation_bottom_tablet et_pb_animation_bottom_phone wp-image-3204\" \/><\/span><\/a><\/div><div class=\"et_pb_blurb_container\"><div class=\"et_pb_blurb_description\"><h2>R\u00e5d fr\u00e5n anh\u00f6rig till anh\u00f6rig<\/h2>\n<p>L\u00e4s och diskutera olika relationsmodeller<\/p>\n<\/div><\/div><\/div><\/div><div class=\"et_pb_code_1 et_pb_code et_pb_text_align_center et_pb_module arrow-wrapper\"><div class=\"et_pb_code_inner\"><a class=\"arrow-btn\" href=\"\/sv\/vuorovaikutus\/kohti-parempaa-vuorovaikutusta\/neuvoja-omaiselta-omaiselle\/\"><img decoding=\"async\" src=\"\/wp-content\/uploads\/2019\/03\/arrow.svg\" \/><\/a><\/div><\/div><\/div><\/div><div class=\"et_pb_row_3 et_pb_row et_block_row\"><div class=\"et_pb_column_4 et_pb_column et_pb_column_1_2 et_block_column et_pb_css_mix_blend_mode_passthrough\"><div class=\"et_pb_blurb_2 et_pb_blurb et_pb_bg_layout_light et_pb_text_align_center et_pb_blurb_position_top et_clickable et_pb_module et_block_module card-box-v4\"><div class=\"et_pb_blurb_content\"><div class=\"et_pb_main_blurb_image\"><a href=\"https:\/\/memocate.com\/sv\/vuorovaikutus\/kohti-parempaa-vuorovaikutusta\/muistisairaan-ja-omaishoitajan-valinen-suhde\/\"><span class=\"et_pb_image_wrap et_pb_only_image_mode_wrap\"><img loading=\"lazy\" decoding=\"async\" src=\"https:\/\/memocate.com\/wp-content\/uploads\/2019\/08\/kohti_muisti.svg\" width=\"219\" height=\"189\" srcset=\"https:\/\/memocate.com\/wp-content\/uploads\/2019\/08\/kohti_muisti.svg 219w\" class=\"et-waypoint et_pb_animation_bottom et_pb_animation_bottom_tablet et_pb_animation_bottom_phone wp-image-3202\" \/><\/span><\/a><\/div><div class=\"et_pb_blurb_container\"><div class=\"et_pb_blurb_description\"><h2>Relationen mellan personen med minnessjukdom och<br \/>\nn\u00e4rst\u00e5endev\u00e5rdaren<\/h2>\n<p>R\u00e5d fr\u00e5n j\u00e4mlikar om att utveckla och uppr\u00e4tth\u00e5lla v\u00e4xelverkan<\/p>\n<\/div><\/div><\/div><\/div><div class=\"et_pb_code_2 et_pb_code et_pb_text_align_center et_pb_module arrow-wrapper\"><div class=\"et_pb_code_inner\"><a class=\"arrow-btn\" href=\"\/sv\/vuorovaikutus\/kohti-parempaa-vuorovaikutusta\/muistisairauden kanssa el\u00e4v\u00e4n ihmisen-ja-omaishoitajan-valinen-suhde\/\"><img decoding=\"async\" src=\"\/wp-content\/uploads\/2019\/03\/arrow.svg\" \/><\/a><\/div><\/div><\/div><div class=\"et_pb_column_5 et_pb_column et_pb_column_1_2 et-last-child et_block_column et_pb_css_mix_blend_mode_passthrough\"><div class=\"et_pb_blurb_3 et_pb_blurb et_pb_bg_layout_light et_pb_text_align_center et_pb_blurb_position_top et_clickable et_pb_module et_block_module card-box-v4\"><div class=\"et_pb_blurb_content\"><div class=\"et_pb_main_blurb_image\"><a href=\"https:\/\/memocate.com\/sv\/vuorovaikutus\/kohti-parempaa-vuorovaikutusta\/validaatiomenetelma\/\"><span class=\"et_pb_image_wrap et_pb_only_image_mode_wrap\"><img loading=\"lazy\" decoding=\"async\" src=\"https:\/\/memocate.com\/wp-content\/uploads\/2019\/08\/kohti_validaatio.svg\" width=\"225\" height=\"190\" srcset=\"https:\/\/memocate.com\/wp-content\/uploads\/2019\/08\/kohti_validaatio.svg 225w\" class=\"et-waypoint et_pb_animation_bottom et_pb_animation_bottom_tablet et_pb_animation_bottom_phone wp-image-3205\" \/><\/span><\/a><\/div><div class=\"et_pb_blurb_container\"><div class=\"et_pb_blurb_description\"><h2>Validationsmetoden<\/h2>\n<p>Bekanta dig med Naomi Feils v\u00e4lk\u00e4nda metod f\u00f6r v\u00e4xelverkan<\/p>\n<\/div><\/div><\/div><\/div><div class=\"et_pb_code_3 et_pb_code et_pb_text_align_center et_pb_module arrow-wrapper\"><div class=\"et_pb_code_inner\"><a class=\"arrow-btn\" href=\"\/sv\/vuorovaikutus\/kohti-parempaa-vuorovaikutusta\/validaatiomenetelma\/\"><img decoding=\"async\" src=\"\/wp-content\/uploads\/2019\/03\/arrow.svg\" \/><\/a><\/div><\/div><\/div><\/div><\/div><div class=\"et_pb_section_2 et_pb_section et_section_regular et_block_section\"><div class=\"et_pb_row_4 et_pb_row et_pb_equal_columns et_pb_gutters1 et_block_row et_pb_row_fullwidth\"><div class=\"et_pb_column_6 et_pb_column et_pb_column_1_3 et_block_column et_pb_column_empty et_pb_css_mix_blend_mode_passthrough\"><\/div><div class=\"et_pb_column_7 et_pb_column et_pb_column_1_3 et_block_column et_pb_css_mix_blend_mode_passthrough\"><div class=\"et_pb_cta_0 et_pb_promo et_pb_bg_layout_dark et_pb_module et_block_module\"><div class=\"et_pb_promo_description\"><h2 class=\"et_pb_module_header\">Har du ny forskningsinformation eller utvecklingsid\u00e9er f\u00f6r webbplatsen?<\/h2><div class=\"et_pb_promo_content\"><\/div><\/div><div class=\"et_pb_button_wrapper\"><a class=\"et_pb_button et_pb_promo_button\" href=\"\/sv\/kouluttaudu-kanssamme\/#ota-yhteytta\">Kontakta oss<\/a><\/div><\/div><\/div><div class=\"et_pb_column_8 et_pb_column et_pb_column_1_3 et-last-child et_block_column et_pb_column_empty et_pb_css_mix_blend_mode_passthrough\"><\/div><\/div><div class=\"et_pb_row_5 et_pb_row et_pb_equal_columns et_pb_gutters1 et_block_row et_pb_row_fullwidth\"><div class=\"et_pb_column_9 et_pb_column et_pb_column_4_4 et-last-child et_block_column et_pb_css_mix_blend_mode_passthrough\"><div class=\"et_pb_cta_1 et_pb_promo et_pb_bg_layout_dark et_pb_module et_block_module\"><div class=\"et_pb_promo_description\"><h2 class=\"et_pb_module_header\">Har du ny forskningsinformation eller utvecklingsid\u00e9er f\u00f6r webbplatsen?<\/h2><div class=\"et_pb_promo_content\"><\/div><\/div><div class=\"et_pb_button_wrapper\"><a class=\"et_pb_button et_pb_promo_button\" href=\"\/sv\/kouluttaudu-kanssamme\/#ota-yhteytta\">Kontakta oss<\/a><\/div><\/div><\/div><\/div><\/div>","protected":false},"excerpt":{"rendered":"","protected":false},"author":4,"featured_media":0,"parent":352,"menu_order":2,"comment_status":"closed","ping_status":"closed","template":"","meta":{"_et_pb_use_builder":"on","_et_pb_old_content":"<!-- wp:paragraph -->\r\n<p>Miten vuorovaikutusta muistisairaan henkil\u00f6n kanssa voi kehitt\u00e4\u00e4 ja yll\u00e4pit\u00e4\u00e4? Pohdimme t\u00e4t\u00e4 yhdess\u00e4 omaisten kanssa. Tule lukemaan keskustelumme tuloksena syntyneit\u00e4 vinkkej\u00e4 ja keskustelemaan niist\u00e4.<\/p>\r\n<!-- \/wp:paragraph -->\r\n\r\n<!-- wp:list -->\r\n<ul><li>Anna l\u00e4heisellesi aikaa sopeutua sairauteen<\/li><li>Kohtele muistisairasta kuin aikuista<\/li><li>Vaali l\u00e4heisellesi merkityksellisi\u00e4 asioita<\/li><li>Kunnioita muistisairaan todellisuutta<\/li><li>Tue l\u00e4heisesi toimintakyky\u00e4<\/li><li>Kokeile, olisiko kuvista apua<\/li><\/ul>\r\n<!-- \/wp:list -->\r\n\r\n<!-- wp:list -->\r\n<ul><li><\/li><\/ul>\r\n<!-- \/wp:list -->","_et_gb_content_width":"","footnotes":""},"class_list":["post-836","page","type-page","status-publish","hentry"],"yoast_head":"<!-- This site is optimized with the Yoast SEO plugin v27.5 - https:\/\/yoast.com\/product\/yoast-seo-wordpress\/ -->\n<title>Kohti parempaa vuorovaikutusta \u2013 Memocate<\/title>\n<meta name=\"description\" content=\"Hyv\u00e4 vuorovaikutus muistisairautta sairastavan henkil\u00f6n kanssa vaatii ymm\u00e4rryst\u00e4 ja k\u00e4rsiv\u00e4llisyytt\u00e4. Lue k\u00e4yt\u00e4nn\u00f6n neuvoja arjen kohtaamisiin.\" \/>\n<meta name=\"robots\" content=\"index, follow, max-snippet:-1, max-image-preview:large, max-video-preview:-1\" \/>\n<link rel=\"canonical\" href=\"https:\/\/memocate.com\/sv\/vuorovaikutus\/kohti-parempaa-vuorovaikutusta\/\" \/>\n<meta property=\"og:locale\" content=\"sv_SE\" \/>\n<meta property=\"og:type\" content=\"article\" \/>\n<meta property=\"og:title\" content=\"Kohti parempaa vuorovaikutusta \u2013 Memocate\" \/>\n<meta property=\"og:description\" content=\"Hyv\u00e4 vuorovaikutus muistisairautta sairastavan henkil\u00f6n kanssa vaatii ymm\u00e4rryst\u00e4 ja k\u00e4rsiv\u00e4llisyytt\u00e4. Lue k\u00e4yt\u00e4nn\u00f6n neuvoja arjen kohtaamisiin.\" \/>\n<meta property=\"og:url\" content=\"https:\/\/memocate.com\/sv\/vuorovaikutus\/kohti-parempaa-vuorovaikutusta\/\" \/>\n<meta property=\"og:site_name\" content=\"Memocate\" \/>\n<meta property=\"article:modified_time\" content=\"2026-03-23T08:04:48+00:00\" \/>\n<meta property=\"og:image\" content=\"https:\/\/memocate.com\/wp-content\/uploads\/2026\/03\/memocate-og-image.png\" \/>\n\t<meta property=\"og:image:width\" content=\"1200\" \/>\n\t<meta property=\"og:image:height\" content=\"675\" \/>\n\t<meta property=\"og:image:type\" content=\"image\/png\" \/>\n<meta name=\"twitter:card\" content=\"summary_large_image\" \/>\n<meta name=\"twitter:label1\" content=\"Ber\u00e4knad l\u00e4stid\" \/>\n\t<meta name=\"twitter:data1\" content=\"3 minuter\" \/>\n<script type=\"application\/ld+json\" class=\"yoast-schema-graph\">{\"@context\":\"https:\\\/\\\/schema.org\",\"@graph\":[{\"@type\":\"WebPage\",\"@id\":\"https:\\\/\\\/memocate.com\\\/vuorovaikutus\\\/kohti-parempaa-vuorovaikutusta\\\/\",\"url\":\"https:\\\/\\\/memocate.com\\\/vuorovaikutus\\\/kohti-parempaa-vuorovaikutusta\\\/\",\"name\":\"Kohti parempaa vuorovaikutusta \u2013 Memocate\",\"isPartOf\":{\"@id\":\"https:\\\/\\\/memocate.com\\\/#website\"},\"datePublished\":\"2019-04-22T10:03:55+00:00\",\"dateModified\":\"2026-03-23T08:04:48+00:00\",\"description\":\"Hyv\u00e4 vuorovaikutus muistisairautta sairastavan henkil\u00f6n kanssa vaatii ymm\u00e4rryst\u00e4 ja k\u00e4rsiv\u00e4llisyytt\u00e4. Lue k\u00e4yt\u00e4nn\u00f6n neuvoja arjen kohtaamisiin.\",\"breadcrumb\":{\"@id\":\"https:\\\/\\\/memocate.com\\\/vuorovaikutus\\\/kohti-parempaa-vuorovaikutusta\\\/#breadcrumb\"},\"inLanguage\":\"sv-SE\",\"potentialAction\":[{\"@type\":\"ReadAction\",\"target\":[\"https:\\\/\\\/memocate.com\\\/vuorovaikutus\\\/kohti-parempaa-vuorovaikutusta\\\/\"]}]},{\"@type\":\"BreadcrumbList\",\"@id\":\"https:\\\/\\\/memocate.com\\\/vuorovaikutus\\\/kohti-parempaa-vuorovaikutusta\\\/#breadcrumb\",\"itemListElement\":[{\"@type\":\"ListItem\",\"position\":1,\"name\":\"Home\",\"item\":\"https:\\\/\\\/memocate.com\\\/\"},{\"@type\":\"ListItem\",\"position\":2,\"name\":\"Vuorovaikutus\",\"item\":\"https:\\\/\\\/memocate.com\\\/vuorovaikutus\\\/\"},{\"@type\":\"ListItem\",\"position\":3,\"name\":\"Kohti parempaa vuorovaikutusta\"}]},{\"@type\":\"WebSite\",\"@id\":\"https:\\\/\\\/memocate.com\\\/#website\",\"url\":\"https:\\\/\\\/memocate.com\\\/\",\"name\":\"Memocate\",\"description\":\"Muistisairaus, vuorovaikutus ja hyv\u00e4 kohtaaminen\",\"publisher\":{\"@id\":\"https:\\\/\\\/memocate.com\\\/#organization\"},\"potentialAction\":[{\"@type\":\"SearchAction\",\"target\":{\"@type\":\"EntryPoint\",\"urlTemplate\":\"https:\\\/\\\/memocate.com\\\/?s={search_term_string}\"},\"query-input\":{\"@type\":\"PropertyValueSpecification\",\"valueRequired\":true,\"valueName\":\"search_term_string\"}}],\"inLanguage\":\"sv-SE\"},{\"@type\":\"Organization\",\"@id\":\"https:\\\/\\\/memocate.com\\\/#organization\",\"name\":\"Memocate Oy\",\"url\":\"https:\\\/\\\/memocate.com\\\/\",\"logo\":{\"@type\":\"ImageObject\",\"inLanguage\":\"sv-SE\",\"@id\":\"https:\\\/\\\/memocate.com\\\/#\\\/schema\\\/logo\\\/image\\\/\",\"url\":\"https:\\\/\\\/memocate.com\\\/wp-content\\\/uploads\\\/2019\\\/07\\\/Memocate_horizontal_logo.svg\",\"contentUrl\":\"https:\\\/\\\/memocate.com\\\/wp-content\\\/uploads\\\/2019\\\/07\\\/Memocate_horizontal_logo.svg\",\"width\":213,\"height\":70,\"caption\":\"Memocate Oy\"},\"image\":{\"@id\":\"https:\\\/\\\/memocate.com\\\/#\\\/schema\\\/logo\\\/image\\\/\"}}]}<\/script>\n<!-- \/ Yoast SEO plugin. -->","yoast_head_json":{"title":"Kohti parempaa vuorovaikutusta \u2013 Memocate","description":"Hyv\u00e4 vuorovaikutus muistisairautta sairastavan henkil\u00f6n kanssa vaatii ymm\u00e4rryst\u00e4 ja k\u00e4rsiv\u00e4llisyytt\u00e4. Lue k\u00e4yt\u00e4nn\u00f6n neuvoja arjen kohtaamisiin.","robots":{"index":"index","follow":"follow","max-snippet":"max-snippet:-1","max-image-preview":"max-image-preview:large","max-video-preview":"max-video-preview:-1"},"canonical":"https:\/\/memocate.com\/sv\/vuorovaikutus\/kohti-parempaa-vuorovaikutusta\/","og_locale":"sv_SE","og_type":"article","og_title":"Kohti parempaa vuorovaikutusta \u2013 Memocate","og_description":"Hyv\u00e4 vuorovaikutus muistisairautta sairastavan henkil\u00f6n kanssa vaatii ymm\u00e4rryst\u00e4 ja k\u00e4rsiv\u00e4llisyytt\u00e4. Lue k\u00e4yt\u00e4nn\u00f6n neuvoja arjen kohtaamisiin.","og_url":"https:\/\/memocate.com\/sv\/vuorovaikutus\/kohti-parempaa-vuorovaikutusta\/","og_site_name":"Memocate","article_modified_time":"2026-03-23T08:04:48+00:00","og_image":[{"width":1200,"height":675,"url":"https:\/\/memocate.com\/wp-content\/uploads\/2026\/03\/memocate-og-image.png","type":"image\/png"}],"twitter_card":"summary_large_image","twitter_misc":{"Ber\u00e4knad l\u00e4stid":"3 minuter"},"schema":{"@context":"https:\/\/schema.org","@graph":[{"@type":"WebPage","@id":"https:\/\/memocate.com\/vuorovaikutus\/kohti-parempaa-vuorovaikutusta\/","url":"https:\/\/memocate.com\/vuorovaikutus\/kohti-parempaa-vuorovaikutusta\/","name":"Kohti parempaa vuorovaikutusta \u2013 Memocate","isPartOf":{"@id":"https:\/\/memocate.com\/#website"},"datePublished":"2019-04-22T10:03:55+00:00","dateModified":"2026-03-23T08:04:48+00:00","description":"Hyv\u00e4 vuorovaikutus muistisairautta sairastavan henkil\u00f6n kanssa vaatii ymm\u00e4rryst\u00e4 ja k\u00e4rsiv\u00e4llisyytt\u00e4. Lue k\u00e4yt\u00e4nn\u00f6n neuvoja arjen kohtaamisiin.","breadcrumb":{"@id":"https:\/\/memocate.com\/vuorovaikutus\/kohti-parempaa-vuorovaikutusta\/#breadcrumb"},"inLanguage":"sv-SE","potentialAction":[{"@type":"ReadAction","target":["https:\/\/memocate.com\/vuorovaikutus\/kohti-parempaa-vuorovaikutusta\/"]}]},{"@type":"BreadcrumbList","@id":"https:\/\/memocate.com\/vuorovaikutus\/kohti-parempaa-vuorovaikutusta\/#breadcrumb","itemListElement":[{"@type":"ListItem","position":1,"name":"Home","item":"https:\/\/memocate.com\/"},{"@type":"ListItem","position":2,"name":"Vuorovaikutus","item":"https:\/\/memocate.com\/vuorovaikutus\/"},{"@type":"ListItem","position":3,"name":"Kohti parempaa vuorovaikutusta"}]},{"@type":"WebSite","@id":"https:\/\/memocate.com\/#website","url":"https:\/\/memocate.com\/","name":"Memocate","description":"Muistisairaus, vuorovaikutus ja hyv\u00e4 kohtaaminen","publisher":{"@id":"https:\/\/memocate.com\/#organization"},"potentialAction":[{"@type":"SearchAction","target":{"@type":"EntryPoint","urlTemplate":"https:\/\/memocate.com\/?s={search_term_string}"},"query-input":{"@type":"PropertyValueSpecification","valueRequired":true,"valueName":"search_term_string"}}],"inLanguage":"sv-SE"},{"@type":"Organization","@id":"https:\/\/memocate.com\/#organization","name":"Memocate Oy","url":"https:\/\/memocate.com\/","logo":{"@type":"ImageObject","inLanguage":"sv-SE","@id":"https:\/\/memocate.com\/#\/schema\/logo\/image\/","url":"https:\/\/memocate.com\/wp-content\/uploads\/2019\/07\/Memocate_horizontal_logo.svg","contentUrl":"https:\/\/memocate.com\/wp-content\/uploads\/2019\/07\/Memocate_horizontal_logo.svg","width":213,"height":70,"caption":"Memocate Oy"},"image":{"@id":"https:\/\/memocate.com\/#\/schema\/logo\/image\/"}}]}},"_links":{"self":[{"href":"https:\/\/memocate.com\/sv\/wp-json\/wp\/v2\/pages\/836","targetHints":{"allow":["GET"]}}],"collection":[{"href":"https:\/\/memocate.com\/sv\/wp-json\/wp\/v2\/pages"}],"about":[{"href":"https:\/\/memocate.com\/sv\/wp-json\/wp\/v2\/types\/page"}],"author":[{"embeddable":true,"href":"https:\/\/memocate.com\/sv\/wp-json\/wp\/v2\/users\/4"}],"replies":[{"embeddable":true,"href":"https:\/\/memocate.com\/sv\/wp-json\/wp\/v2\/comments?post=836"}],"version-history":[{"count":13,"href":"https:\/\/memocate.com\/sv\/wp-json\/wp\/v2\/pages\/836\/revisions"}],"predecessor-version":[{"id":8922,"href":"https:\/\/memocate.com\/sv\/wp-json\/wp\/v2\/pages\/836\/revisions\/8922"}],"up":[{"embeddable":true,"href":"https:\/\/memocate.com\/sv\/wp-json\/wp\/v2\/pages\/352"}],"wp:attachment":[{"href":"https:\/\/memocate.com\/sv\/wp-json\/wp\/v2\/media?parent=836"}],"curies":[{"name":"wp","href":"https:\/\/api.w.org\/{rel}","templated":true}]}}