{"id":481,"date":"2019-01-09T14:42:55","date_gmt":"2019-01-09T12:42:55","guid":{"rendered":"http:\/\/localhost:8080\/?page_id=481"},"modified":"2026-03-29T10:39:45","modified_gmt":"2026-03-29T07:39:45","slug":"memocate-muistisairaiden-omaisille","status":"publish","type":"page","link":"https:\/\/memocate.com\/sv\/","title":{"rendered":"Muistisairaus, vuorovaikutus ja hyv\u00e4 hoito"},"content":{"rendered":"<div class=\"et_pb_section_0 et_pb_section et_section_regular et_block_section\">\n\n<div class=\"et_pb_row_0 et_pb_row et_block_row\">\n\n<div class=\"et_pb_column_0 et_pb_column et_pb_column_4_4 et-last-child et_block_column et_pb_css_mix_blend_mode_passthrough\">\n\n<div class=\"et_pb_text_0 et_pb_text et_pb_bg_layout_light et_pb_module et_block_module\"><div class=\"et_pb_text_inner\"><h1>Din guide till ett b\u00e4ttre bem\u00f6tande<br \/>\nav personer som lever med minnessjukdom<\/h1>\n<\/div><\/div><\/div><\/div>\n\n<div class=\"et_pb_row_1 et_pb_row et_block_row\">\n\n<div class=\"et_pb_column_1 et_pb_column et_pb_column_1_2 et_block_column et_pb_css_mix_blend_mode_passthrough\">\n\n<div class=\"et_pb_module et_pb_button_module_wrapper et_pb_button_0_wrapper\"><a class=\"et_pb_button_0 et_pb_button et_pb_bg_layout_light et_pb_module et_block_module\" href=\"https:\/\/memocate.com\/sv\/kouluttaudu-kanssamme\/\">Bekanta dig med v\u00e5ra utbildningar<\/a><\/div><\/div>\n\n<div class=\"et_pb_column_2 et_pb_column et_pb_column_1_2 et-last-child et_block_column et_pb_css_mix_blend_mode_passthrough\">\n\n<div class=\"et_pb_image_0 et_pb_image et_pb_image_sticky et_pb_module et_block_module\"><span class=\"et_pb_image_wrap\"><img loading=\"lazy\" decoding=\"async\" src=\"https:\/\/memocate.com\/wp-content\/uploads\/2019\/07\/memocate_stamp_orange.svg\" alt=\"Memocate \u2014 vuorovaikutuksen ratkaisuja\" width=\"328\" height=\"329\" srcset=\"https:\/\/memocate.com\/wp-content\/uploads\/2019\/07\/memocate_stamp_orange.svg 328w\" class=\"wp-image-3882\" \/><\/span><\/div><\/div><\/div>\n\n<div class=\"et_pb_row_2 et_pb_row et_block_row\">\n\n<div class=\"et_pb_column_3 et_pb_column et_pb_column_4_4 et-last-child et_block_column et_pb_css_mix_blend_mode_passthrough\">\n\n<div class=\"et_pb_text_1 et_pb_text et_pb_bg_layout_light et_pb_module et_block_module\"><div class=\"et_pb_text_inner\"><h2>Forskningsbaserad kunskap f\u00f6r en l\u00e4ttare vardag<\/h2>\n<\/div><\/div>\n\n<div class=\"et_pb_text_2 et_pb_text et_pb_bg_layout_light et_pb_module et_block_module\"><div class=\"et_pb_text_inner\"><style>.mc-wrap{position:relative;width:100%;max-width:660px;margin:0 auto;min-height:170px;overflow:hidden}.mc-wrap::before{content:'\\201C';display:block;text-align:center;font-size:60px;line-height:1;color:#1e2f4e;opacity:0.15;font-family:Georgia,serif;margin-bottom:-10px}.mc-q{position:absolute;top:50px;left:0;right:0;opacity:0;font-style:italic;color:#555;font-size:16px;line-height:1.8;text-align:center;padding:10px 30px;animation:mcFade 56s infinite}@keyframes mcFade{0%{opacity:0}2%{opacity:1}10.5%{opacity:1}12.5%{opacity:0}100%{opacity:0}}.mc-q:nth-child(1){animation-delay:0s}.mc-q:nth-child(2){animation-delay:7s}.mc-q:nth-child(3){animation-delay:14s}.mc-q:nth-child(4){animation-delay:21s}.mc-q:nth-child(5){animation-delay:28s}.mc-q:nth-child(6){animation-delay:35s}.mc-q:nth-child(7){animation-delay:42s}.mc-q:nth-child(8){animation-delay:49s}@media(max-width:767px){.mc-wrap{min-height:290px}.mc-q{padding:10px 15px}}<\/style>\n<div class=\"mc-wrap\">\n<div class=\"mc-q\">\"Utbildningen var v\u00e4lstrukturerad och v\u00e4l planerad. Modernt utseende (webbgenomf\u00f6rande m.m.) Jag tyckte att utbildningen var nyttig.\"<\/div>\n<div class=\"mc-q\">\"Bra utbildning som helhet. Saker har g\u00e5tts igenom med en positiv attityd, genom gemensam diskussion och \u00f6vning.\"<\/div>\n<div class=\"mc-q\">\"Bra inneh\u00e5ll och kunskap, trots att jag har arbetat 20 \u00e5r med personer med minnessjukdom.\"<\/div>\n<div class=\"mc-q\">\"\u00c5rets mest intressanta utbildning. Camillas f\u00f6rel\u00e4sningar var intressanta!\"<\/div>\n<div class=\"mc-q\">\"Bra sakinneh\u00e5ll och roligt genomf\u00f6rt. Ingen tr\u00e5kig f\u00f6rel\u00e4sning, utan levande, engagerande utbildning.\"<\/div>\n<div class=\"mc-q\">\"Utbildningen var m\u00e5ngsidig, de olika undervisningsmetoderna (sj\u00e4lvstudier, videor, exempel) har gjort \u00e4mnesbehandlingen levande. Tips f\u00f6r utveckling av arbetsgemenskapen har varit en bra sak.\"<\/div>\n<div class=\"mc-q\">\"En mycket bra utbildning, m\u00e5ngsidig och \u00f6gon\u00f6ppnande med nya perspektiv. Viktiga fr\u00e5gor behandlades ur den minnessjuka klientens synvinkel. Utbildaren har en trevlig personlighet och kan f\u00e5nga sin publik. Anv\u00e4nder fina bildspr\u00e5k och exempel. Trevlig att lyssna p\u00e5 och h\u00e5ller intresset uppe.\"<\/div>\n<div class=\"mc-q\">\"Numera f\u00f6rs\u00f6ker jag stanna upp och verkligen vara n\u00e4rvarande i bem\u00f6tandet.\"<\/div>\n<\/div>\n<\/div><\/div><\/div><\/div><\/div>\n\n<div class=\"et_pb_section_1 et_pb_section et_section_regular et_block_section\">\n\n<div class=\"et_pb_row_3 et_pb_row et-vb-row--no-module et_block_row\">\n\n<div class=\"et_pb_column_4 et_pb_column et_pb_column_4_4 et-last-child et_block_column et_pb_column_empty et_pb_css_mix_blend_mode_passthrough\"><\/div><\/div><\/div>\n\n<div class=\"et_pb_section_2 et_pb_section et_section_regular et_block_section\">\n\n<div class=\"et_pb_row_4 et_pb_row et_pb_equal_columns et_block_row\">\n\n<div class=\"et_pb_column_5 et_pb_column et_pb_column_2_3 et_block_column et_pb_css_mix_blend_mode_passthrough\">\n\n<div class=\"et_pb_code_0 et_pb_code et_pb_module\"><div class=\"et_pb_code_inner\"><strong style=\"font-weight: 900;\">1<\/strong>\r\n\r\n<hr style=\"display: inline-block; width: 120px; vertical-align: middle; border-color: #000; background-color: #000;\" \/>\r\n\r\n2<\/div><\/div>\n\n<div class=\"et_pb_cta_0 et_pb_promo et_pb_bg_layout_light et_pb_module et_block_module\"><div class=\"et_pb_promo_description\"><h2 class=\"et_pb_module_header\">F\u00f6rst\u00e5 din n\u00e4rst\u00e5ende med minnessjukdom b\u00e4ttre<\/h2><div class=\"et_pb_promo_content\"><p>Vi vill med dessa sidor bidra med m\u00e4nsklighet, gl\u00e4dje och v\u00e4lbefinnande i livet f\u00f6r alla som lever med minnessjukdom. L\u00e4r dig mer om minnessjukdomar, hitta nya perspektiv p\u00e5 v\u00e4xelverkan, l\u00e4s intervjuer med branschens b\u00e4sta experter samt f\u00e5 och dela kamratst\u00f6d.<\/p>\n<\/div><\/div><div class=\"et_pb_button_wrapper\"><a class=\"et_pb_button et_pb_promo_button\" href=\"\/sv\/vuorovaikutus\/\">Tips f\u00f6r v\u00e4xelverkan<\/a><\/div><\/div><\/div>\n\n<div class=\"et_pb_column_6 et_pb_column et_pb_column_1_3 et-last-child et_block_column et_pb_css_mix_blend_mode_passthrough\">\n\n<div class=\"et_pb_image_1 et_pb_image et_pb_module et_block_module\"><span class=\"et_pb_image_wrap\"><img loading=\"lazy\" decoding=\"async\" src=\"https:\/\/memocate.com\/wp-content\/uploads\/2019\/09\/landing_img1.jpg\" alt=\"Hoivakodin asukkaiden ja hoitajien vuorovaikutustilanne\" width=\"656\" height=\"880\" srcset=\"https:\/\/memocate.com\/wp-content\/uploads\/2019\/09\/landing_img1.jpg 656w, https:\/\/memocate.com\/wp-content\/uploads\/2019\/09\/landing_img1-480x644.jpg 480w\" sizes=\"(min-width: 0px) and (max-width: 480px) 480px, (min-width: 481px) 656px, 100vw\" class=\"wp-image-5145\" \/><\/span><\/div><\/div><\/div><\/div>\n\n<div class=\"et_pb_section_3 et_pb_section et_section_regular et_block_section\">\n\n<div class=\"et_pb_row_5 et_pb_row et_block_row\">\n\n<div class=\"et_pb_column_7 et_pb_column et_pb_column_4_4 et-last-child et_block_column et_pb_css_mix_blend_mode_passthrough\">\n\n<div class=\"et_pb_text_3 et_pb_text et_pb_bg_layout_light et_pb_module et_block_module\"><div class=\"et_pb_text_inner\"><h2>Erfarenheter. Expertis. Perspektiv.<\/h2>\n<\/div><\/div><\/div><\/div>\n\n<div class=\"et_pb_row_6 et_pb_row et_block_row\">\n\n<div class=\"et_pb_column_8 et_pb_column et_pb_column_4_4 et-last-child et_block_column et_pb_css_mix_blend_mode_passthrough\">\n\n<div class=\"et_pb_blog_0 et_pb_blog et_pb_bg_layout_light et_pb_text_align_center et_pb_posts et_pb_module custom_blog home\"><div class=\"et_pb_ajax_pagination_container\"><div class=\"et_pb_posts et_grid_module\"><article class=\"et_pb_post et_pb_post_id_8984 clearfix et_pb_blog_item_0_0 post-8984 post type-post status-publish format-standard has-post-thumbnail hentry category-tietoiskut tag-tutkimus tag-uutinen\"><div class=\"et_pb_image_container\"><a href=\"https:\/\/memocate.com\/sv\/tietoiskut-huhtikuu-2026-agitaatiolaake-kognitiivinen-stimulaatio-tekoalyseulonta-veridiagnostiikka\/\" class=\"entry-featured-image-url\"><img loading=\"lazy\" decoding=\"async\" src=\"https:\/\/memocate.com\/wp-content\/uploads\/2026\/03\/tietoiskut-header-v2.png\" width=\"400\" height=\"284\" alt=\"Tietoiskut - Ajankohtaista muistisairauksista\" class=\"\" srcset=\"https:\/\/memocate.com\/wp-content\/uploads\/2026\/03\/tietoiskut-header-v2.png 479w, https:\/\/memocate.com\/wp-content\/uploads\/2026\/03\/tietoiskut-header-v2-400x284.png 480w\" sizes=\"(max-width:479px) 479px, 100vw\" \/><span data-icon=\"\ue050\" class=\"et_overlay et_pb_inline_icon\"><\/span><\/a><\/div><h3 class=\"entry-title\"><a href=\"https:\/\/memocate.com\/sv\/tietoiskut-huhtikuu-2026-agitaatiolaake-kognitiivinen-stimulaatio-tekoalyseulonta-veridiagnostiikka\/\">Tietoiskut: Agitaatiol\u00e4\u00e4ke, kognitiivinen stimulaatio, teko\u00e4lyseulonta ja veridiagnostiikka<\/a><\/h3><p class=\"post-meta\"><\/p><div class=\"post-content\"><div class=\"post-content-inner\"><p>Viimeaikaista tutkimusta ja uutisia: AXS-05-agitaatiol\u00e4\u00e4ke FDA:ssa, ryhm\u00e4muotoinen kognitiivinen stimulaatio vahvin n\u00e4ytt\u00f6 el&hellip;<\/p>\n<\/div><a href=\"https:\/\/memocate.com\/sv\/tietoiskut-huhtikuu-2026-agitaatiolaake-kognitiivinen-stimulaatio-tekoalyseulonta-veridiagnostiikka\/\" class=\"more-link\">l\u00e4s mer...<\/a><\/div><\/article><article class=\"et_pb_post et_pb_post_id_8977 clearfix et_pb_blog_item_0_1 post-8977 post type-post status-publish format-standard has-post-thumbnail hentry category-tietoiskut tag-tutkimus tag-uutinen\"><div class=\"et_pb_image_container\"><a href=\"https:\/\/memocate.com\/sv\/tietoiskut-maaliskuu-2026-tekoalylasit-kuolemakytkin-liikunta-laakkeettomat\/\" class=\"entry-featured-image-url\"><img loading=\"lazy\" decoding=\"async\" src=\"https:\/\/memocate.com\/wp-content\/uploads\/2026\/03\/tietoiskut-header-v2.png\" width=\"400\" height=\"284\" alt=\"Tietoiskut - Ajankohtaista muistisairauksista\" class=\"\" srcset=\"https:\/\/memocate.com\/wp-content\/uploads\/2026\/03\/tietoiskut-header-v2.png 479w, https:\/\/memocate.com\/wp-content\/uploads\/2026\/03\/tietoiskut-header-v2-400x284.png 480w\" sizes=\"(max-width:479px) 479px, 100vw\" \/><span data-icon=\"\ue050\" class=\"et_overlay et_pb_inline_icon\"><\/span><\/a><\/div><h3 class=\"entry-title\"><a href=\"https:\/\/memocate.com\/sv\/tietoiskut-maaliskuu-2026-tekoalylasit-kuolemakytkin-liikunta-laakkeettomat\/\">Tietoiskut: Teko\u00e4lylasit, kuolemakytkin, liikunta ja l\u00e4\u00e4kkeett\u00f6m\u00e4t menetelm\u00e4t<\/a><\/h3><p class=\"post-meta\"><\/p><div class=\"post-content\"><div class=\"post-content-inner\"><p>Viimeaikaista tutkimusta ja uutisia: CrossSense-teko\u00e4lylasit muistisairauden kanssa el\u00e4vien tueksi, Alzheimerin kuolemakytkin, l&hellip;<\/p>\n<\/div><a href=\"https:\/\/memocate.com\/sv\/tietoiskut-maaliskuu-2026-tekoalylasit-kuolemakytkin-liikunta-laakkeettomat\/\" class=\"more-link\">l\u00e4s mer...<\/a><\/div><\/article><article class=\"et_pb_post et_pb_post_id_8872 clearfix et_pb_blog_item_0_2 post-8872 post type-post status-publish format-standard has-post-thumbnail hentry category-tietoiskut tag-tutkimus tag-uutinen\"><div class=\"et_pb_image_container\"><a href=\"https:\/\/memocate.com\/sv\/tietoiskut-viikko-13-2026-kuntoutusta-verikokeet-ja-aivoharjoittelua\/\" class=\"entry-featured-image-url\"><img loading=\"lazy\" decoding=\"async\" src=\"https:\/\/memocate.com\/wp-content\/uploads\/2026\/03\/tietoiskut-header-v2.png\" width=\"400\" height=\"284\" alt=\"Tietoiskut - Ajankohtaista muistisairauksista\" class=\"\" srcset=\"https:\/\/memocate.com\/wp-content\/uploads\/2026\/03\/tietoiskut-header-v2.png 479w, https:\/\/memocate.com\/wp-content\/uploads\/2026\/03\/tietoiskut-header-v2-400x284.png 480w\" sizes=\"(max-width:479px) 479px, 100vw\" \/><span data-icon=\"\ue050\" class=\"et_overlay et_pb_inline_icon\"><\/span><\/a><\/div><h3 class=\"entry-title\"><a href=\"https:\/\/memocate.com\/sv\/tietoiskut-viikko-13-2026-kuntoutusta-verikokeet-ja-aivoharjoittelua\/\">Kunskapsblixtar: Vecka 13\/2026 \u2014 Rehabilitering, blodprov och hj\u00e4rntr\u00e4ning<\/a><\/h3><p class=\"post-meta\"><\/p><div class=\"post-content\"><div class=\"post-content-inner\"><p>Kelan uusi kuntoutus ty\u00f6ik\u00e4isille muistisairautta sairastaville, p-tau217-verikoe Alzheimerin diagnostiikassa ja ACTIVE-aivoharj&hellip;<\/p>\n<\/div><a href=\"https:\/\/memocate.com\/sv\/tietoiskut-viikko-13-2026-kuntoutusta-verikokeet-ja-aivoharjoittelua\/\" class=\"more-link\">l\u00e4s mer...<\/a><\/div><\/article><\/div><\/div><\/div><\/div><\/div>\n\n<div class=\"et_pb_row_7 et_pb_row et_block_row\">\n\n<div class=\"et_pb_column_9 et_pb_column et_pb_column_4_4 et-last-child et_block_column et_pb_css_mix_blend_mode_passthrough\">\n\n<div class=\"et_pb_module et_pb_button_module_wrapper et_pb_button_1_wrapper\"><a class=\"et_pb_button_1 et_pb_button et_pb_bg_layout_light et_pb_module et_block_module\" href=\"\/sv\/vuorovaikutus\/\">L\u00e4s mer<\/a><\/div><\/div><\/div><\/div>\n\n<div class=\"et_pb_section_4 et_pb_section et_section_regular et_block_section\">\n\n<div class=\"et_pb_row_8 et_pb_row et_block_row\">\n\n<div class=\"et_pb_column_10 et_pb_column et_pb_column_4_4 et-last-child et_block_column et_pb_css_mix_blend_mode_passthrough\">\n\n<div class=\"et_pb_text_4 et_pb_text et_pb_bg_layout_light et_pb_module et_block_module\"><div class=\"et_pb_text_inner\"><h2>Tillsammans f\u00f6r mer medm\u00e4nsklighet i v\u00e5rden<\/h2>\n<\/div><\/div>\n\n<div class=\"et_pb_module et_pb_button_module_wrapper et_pb_button_2_wrapper\"><a class=\"et_pb_button_2 et_pb_button et_pb_bg_layout_light et_pb_module et_block_module\" href=\"\/sv\/kouluttaudu-kanssamme\/#ota-yhteytta\">Pyyd\u00e4 tarjous koulutukselle<\/a><\/div><\/div><\/div><\/div>","protected":false},"excerpt":{"rendered":"<p>Sivusto muistisairaiden henkil\u00f6iden omaisten ja hoitajien tueksi. Sivulta l\u00f6yd\u00e4t tietoa yleisimmist\u00e4 muistisairauksista ja vuorovaikutuksesta sek\u00e4 neuvoja hyv\u00e4\u00e4n kohtaamiseen. Jaa kokoemuksesi muiden kanssa.<\/p>","protected":false},"author":1,"featured_media":0,"parent":0,"menu_order":0,"comment_status":"closed","ping_status":"closed","template":"","meta":{"footnotes":""},"class_list":["post-481","page","type-page","status-publish","hentry"],"yoast_head":"<!-- This site is optimized with the Yoast SEO plugin v27.5 - https:\/\/yoast.com\/product\/yoast-seo-wordpress\/ -->\n<title>Memocate \u2013 Tietoa muistisairauksista ja hyv\u00e4st\u00e4 kohtaamisesta<\/title>\n<meta name=\"description\" content=\"Memocate tarjoaa tietoa muistisairauksista, vuorovaikutuksesta ja hyv\u00e4st\u00e4 kohtaamisesta hoitohenkil\u00f6kunnan ja omaisten tueksi.\" \/>\n<meta name=\"robots\" content=\"index, follow, max-snippet:-1, max-image-preview:large, max-video-preview:-1\" \/>\n<link rel=\"canonical\" href=\"https:\/\/memocate.com\/sv\/\" \/>\n<meta property=\"og:locale\" content=\"sv_SE\" \/>\n<meta property=\"og:type\" content=\"article\" \/>\n<meta property=\"og:title\" content=\"Memocate \u2013 Tietoa muistisairauksista ja hyv\u00e4st\u00e4 kohtaamisesta\" \/>\n<meta property=\"og:description\" content=\"Memocate tarjoaa tietoa muistisairauksista, vuorovaikutuksesta ja hyv\u00e4st\u00e4 kohtaamisesta hoitohenkil\u00f6kunnan ja omaisten tueksi.\" \/>\n<meta property=\"og:url\" content=\"https:\/\/memocate.com\/sv\/\" \/>\n<meta property=\"og:site_name\" content=\"Memocate\" \/>\n<meta property=\"article:modified_time\" content=\"2026-03-29T07:39:45+00:00\" \/>\n<meta property=\"og:image\" content=\"https:\/\/memocate.com\/wp-content\/uploads\/2026\/03\/memocate-og-image.png\" \/>\n\t<meta property=\"og:image:width\" content=\"1200\" \/>\n\t<meta property=\"og:image:height\" content=\"675\" \/>\n\t<meta property=\"og:image:type\" content=\"image\/png\" \/>\n<meta name=\"twitter:card\" content=\"summary_large_image\" \/>\n<script type=\"application\/ld+json\" class=\"yoast-schema-graph\">{\"@context\":\"https:\\\/\\\/schema.org\",\"@graph\":[{\"@type\":\"WebPage\",\"@id\":\"https:\\\/\\\/memocate.com\\\/\",\"url\":\"https:\\\/\\\/memocate.com\\\/\",\"name\":\"Memocate \u2013 Tietoa muistisairauksista ja hyv\u00e4st\u00e4 kohtaamisesta\",\"isPartOf\":{\"@id\":\"https:\\\/\\\/memocate.com\\\/#website\"},\"datePublished\":\"2019-01-09T12:42:55+00:00\",\"dateModified\":\"2026-03-29T07:39:45+00:00\",\"description\":\"Memocate tarjoaa tietoa muistisairauksista, vuorovaikutuksesta ja hyv\u00e4st\u00e4 kohtaamisesta hoitohenkil\u00f6kunnan ja omaisten tueksi.\",\"breadcrumb\":{\"@id\":\"https:\\\/\\\/memocate.com\\\/#breadcrumb\"},\"inLanguage\":\"sv-SE\",\"potentialAction\":[{\"@type\":\"ReadAction\",\"target\":[\"https:\\\/\\\/memocate.com\\\/\"]}]},{\"@type\":\"BreadcrumbList\",\"@id\":\"https:\\\/\\\/memocate.com\\\/#breadcrumb\",\"itemListElement\":[{\"@type\":\"ListItem\",\"position\":1,\"name\":\"Home\",\"item\":\"https:\\\/\\\/memocate.com\\\/\"},{\"@type\":\"ListItem\",\"position\":2,\"name\":\"Muistisairaus, vuorovaikutus ja hyv\u00e4 hoito\"}]},{\"@type\":\"WebSite\",\"@id\":\"https:\\\/\\\/memocate.com\\\/#website\",\"url\":\"https:\\\/\\\/memocate.com\\\/\",\"name\":\"Memocate\",\"description\":\"Muistisairaus, vuorovaikutus ja hyv\u00e4 kohtaaminen\",\"publisher\":{\"@id\":\"https:\\\/\\\/memocate.com\\\/#organization\"},\"potentialAction\":[{\"@type\":\"SearchAction\",\"target\":{\"@type\":\"EntryPoint\",\"urlTemplate\":\"https:\\\/\\\/memocate.com\\\/?s={search_term_string}\"},\"query-input\":{\"@type\":\"PropertyValueSpecification\",\"valueRequired\":true,\"valueName\":\"search_term_string\"}}],\"inLanguage\":\"sv-SE\"},{\"@type\":\"Organization\",\"@id\":\"https:\\\/\\\/memocate.com\\\/#organization\",\"name\":\"Memocate Oy\",\"url\":\"https:\\\/\\\/memocate.com\\\/\",\"logo\":{\"@type\":\"ImageObject\",\"inLanguage\":\"sv-SE\",\"@id\":\"https:\\\/\\\/memocate.com\\\/#\\\/schema\\\/logo\\\/image\\\/\",\"url\":\"https:\\\/\\\/memocate.com\\\/wp-content\\\/uploads\\\/2019\\\/07\\\/Memocate_horizontal_logo.svg\",\"contentUrl\":\"https:\\\/\\\/memocate.com\\\/wp-content\\\/uploads\\\/2019\\\/07\\\/Memocate_horizontal_logo.svg\",\"width\":213,\"height\":70,\"caption\":\"Memocate Oy\"},\"image\":{\"@id\":\"https:\\\/\\\/memocate.com\\\/#\\\/schema\\\/logo\\\/image\\\/\"}}]}<\/script>\n<!-- \/ Yoast SEO plugin. -->","yoast_head_json":{"title":"Memocate \u2013 Information om minnessjukdomar och gott bem\u00f6tande","description":"Memocate tarjoaa tietoa muistisairauksista, vuorovaikutuksesta ja hyv\u00e4st\u00e4 kohtaamisesta hoitohenkil\u00f6kunnan ja omaisten tueksi.","robots":{"index":"index","follow":"follow","max-snippet":"max-snippet:-1","max-image-preview":"max-image-preview:large","max-video-preview":"max-video-preview:-1"},"canonical":"https:\/\/memocate.com\/sv\/","og_locale":"sv_SE","og_type":"article","og_title":"Memocate \u2013 Tietoa muistisairauksista ja hyv\u00e4st\u00e4 kohtaamisesta","og_description":"Memocate tarjoaa tietoa muistisairauksista, vuorovaikutuksesta ja hyv\u00e4st\u00e4 kohtaamisesta hoitohenkil\u00f6kunnan ja omaisten tueksi.","og_url":"https:\/\/memocate.com\/sv\/","og_site_name":"Memocate","article_modified_time":"2026-03-29T07:39:45+00:00","og_image":[{"width":1200,"height":675,"url":"https:\/\/memocate.com\/wp-content\/uploads\/2026\/03\/memocate-og-image.png","type":"image\/png"}],"twitter_card":"summary_large_image","schema":{"@context":"https:\/\/schema.org","@graph":[{"@type":"WebPage","@id":"https:\/\/memocate.com\/","url":"https:\/\/memocate.com\/","name":"Memocate \u2013 Information om minnessjukdomar och gott bem\u00f6tande","isPartOf":{"@id":"https:\/\/memocate.com\/#website"},"datePublished":"2019-01-09T12:42:55+00:00","dateModified":"2026-03-29T07:39:45+00:00","description":"Memocate tarjoaa tietoa muistisairauksista, vuorovaikutuksesta ja hyv\u00e4st\u00e4 kohtaamisesta hoitohenkil\u00f6kunnan ja omaisten tueksi.","breadcrumb":{"@id":"https:\/\/memocate.com\/#breadcrumb"},"inLanguage":"sv-SE","potentialAction":[{"@type":"ReadAction","target":["https:\/\/memocate.com\/"]}]},{"@type":"BreadcrumbList","@id":"https:\/\/memocate.com\/#breadcrumb","itemListElement":[{"@type":"ListItem","position":1,"name":"Home","item":"https:\/\/memocate.com\/"},{"@type":"ListItem","position":2,"name":"Muistisairaus, vuorovaikutus ja hyv\u00e4 hoito"}]},{"@type":"WebSite","@id":"https:\/\/memocate.com\/#website","url":"https:\/\/memocate.com\/","name":"Memocate","description":"Muistisairaus, vuorovaikutus ja hyv\u00e4 kohtaaminen","publisher":{"@id":"https:\/\/memocate.com\/#organization"},"potentialAction":[{"@type":"SearchAction","target":{"@type":"EntryPoint","urlTemplate":"https:\/\/memocate.com\/?s={search_term_string}"},"query-input":{"@type":"PropertyValueSpecification","valueRequired":true,"valueName":"search_term_string"}}],"inLanguage":"sv-SE"},{"@type":"Organization","@id":"https:\/\/memocate.com\/#organization","name":"Memocate Oy","url":"https:\/\/memocate.com\/","logo":{"@type":"ImageObject","inLanguage":"sv-SE","@id":"https:\/\/memocate.com\/#\/schema\/logo\/image\/","url":"https:\/\/memocate.com\/wp-content\/uploads\/2019\/07\/Memocate_horizontal_logo.svg","contentUrl":"https:\/\/memocate.com\/wp-content\/uploads\/2019\/07\/Memocate_horizontal_logo.svg","width":213,"height":70,"caption":"Memocate Oy"},"image":{"@id":"https:\/\/memocate.com\/#\/schema\/logo\/image\/"}}]}},"_links":{"self":[{"href":"https:\/\/memocate.com\/sv\/wp-json\/wp\/v2\/pages\/481","targetHints":{"allow":["GET"]}}],"collection":[{"href":"https:\/\/memocate.com\/sv\/wp-json\/wp\/v2\/pages"}],"about":[{"href":"https:\/\/memocate.com\/sv\/wp-json\/wp\/v2\/types\/page"}],"author":[{"embeddable":true,"href":"https:\/\/memocate.com\/sv\/wp-json\/wp\/v2\/users\/1"}],"replies":[{"embeddable":true,"href":"https:\/\/memocate.com\/sv\/wp-json\/wp\/v2\/comments?post=481"}],"version-history":[{"count":37,"href":"https:\/\/memocate.com\/sv\/wp-json\/wp\/v2\/pages\/481\/revisions"}],"predecessor-version":[{"id":8974,"href":"https:\/\/memocate.com\/sv\/wp-json\/wp\/v2\/pages\/481\/revisions\/8974"}],"wp:attachment":[{"href":"https:\/\/memocate.com\/sv\/wp-json\/wp\/v2\/media?parent=481"}],"curies":[{"name":"wp","href":"https:\/\/api.w.org\/{rel}","templated":true}]}}