{"id":4376,"date":"2019-09-02T08:26:02","date_gmt":"2019-09-02T05:26:02","guid":{"rendered":"https:\/\/memocateomaishoitajille.gaselli.software\/?page_id=4376"},"modified":"2026-03-26T20:13:00","modified_gmt":"2026-03-26T18:13:00","slug":"vinkkeja-camilla-lindholmilta","status":"publish","type":"page","link":"https:\/\/memocate.com\/sv\/vuorovaikutus\/kohti-parempaa-vuorovaikutusta\/vinkkeja-camilla-lindholmilta\/","title":{"rendered":"Tips fr\u00e5n Camilla Lindholm"},"content":{"rendered":"<div class=\"et_pb_section_0 et_pb_section et_section_regular et_block_section\"><div class=\"et_pb_row_0 et_pb_row et_block_row\"><div class=\"et_pb_column_0 et_pb_column et_pb_column_4_4 et-last-child et_block_column et_pb_css_mix_blend_mode_passthrough\"><div class=\"et_pb_text_0 et_pb_text et_pb_bg_layout_light et_pb_module et_block_module et_pb_text_align_center\"><div class=\"et_pb_text_inner\"><h1>Tips fr\u00e5n Camilla Lindholm<\/h1>\n<\/div><\/div><div class=\"et_pb_text_1 et_pb_text et_pb_bg_layout_light et_pb_module et_block_module et_pb_text_align_center\"><div class=\"et_pb_text_inner\"><p>Professor Camilla Lindholm ger praktiska r\u00e5d om hur v\u00e4xelverkan med en person som lever med minnessjukdom lyckas b\u00e4st.<\/p>\n<\/div><\/div><\/div><\/div><div class=\"et_pb_row_1 et_pb_row et_block_row\"><div class=\"et_pb_column_1 et_pb_column et_pb_column_4_4 et-last-child et_block_column et_pb_css_mix_blend_mode_passthrough\"><div class=\"et_pb_text_2 et_pb_text et_pb_bg_layout_light et_pb_module et_block_module et_pb_text_align_center\"><div class=\"et_pb_text_inner\"><p>Se videorna<\/p>\n<\/div><\/div><div class=\"et_pb_blurb_0 et_pb_blurb et_pb_bg_layout_light et_pb_text_align_center et_pb_blurb_position_top et_animated et_pb_module et_block_module\"><div class=\"et_pb_blurb_content\"><div class=\"et_pb_main_blurb_image\"><a href=\"#article\"><span class=\"et_pb_image_wrap\"><span class=\"et-pb-icon et-waypoint et_pb_animation_top et_pb_animation_top_tablet et_pb_animation_top_phone\">&quot;<\/span><\/span><\/a><\/div><div class=\"et_pb_blurb_container\"><\/div><\/div><\/div><\/div><\/div><\/div><div class=\"et_pb_section_1 et_pb_section et_section_regular et_block_section\" id=\"article\"><div class=\"et_pb_row_2 et_pb_row et_block_row\"><div class=\"et_pb_column_2 et_pb_column et_pb_column_4_4 et-last-child et_block_column et_pb_css_mix_blend_mode_passthrough\"><div class=\"et_pb_text_3 et_pb_text et_pb_bg_layout_light et_pb_module et_block_module\"><div class=\"et_pb_text_inner\"><h2>F\u00f6rel\u00e4sning 1: Spr\u00e5kliga medel<\/h2>\n<p>Spr\u00e5kvetarens r\u00e5d om vilka samtalsvanor, meningar och ord som b\u00e4st hj\u00e4lper en person som lever med minnessjukdom att uttrycka sig och delta i dialogen.<\/p>\n<\/div><\/div><div class=\"et_pb_video_0 et_pb_video et_pb_module et_block_module\"><div class=\"et_pb_video_box\"><iframe loading=\"lazy\" title=\"Memocate luento 1\" src=\"https:\/\/player.vimeo.com\/video\/1175277121?dnt=1&amp;app_id=122963\" width=\"1080\" height=\"608\" frameborder=\"0\" allow=\"autoplay; fullscreen; picture-in-picture; clipboard-write; encrypted-media; web-share\" referrerpolicy=\"strict-origin-when-cross-origin\"><\/iframe><\/div><div class=\"et_pb_video_overlay\" style=\"background-image:url(https:\/\/memocate.com\/wp-content\/uploads\/2019\/09\/video-luento-1-1024x640.jpg)\"><div class=\"et_pb_video_overlay_hover\"><a class=\"et_pb_video_play\" href=\"#\"><\/a><\/div><\/div><\/div><\/div><\/div><\/div><div class=\"et_pb_section_2 et_pb_section et_section_regular et_block_section\" id=\"article\"><div class=\"et_pb_row_3 et_pb_row et_block_row\"><div class=\"et_pb_column_3 et_pb_column et_pb_column_4_4 et-last-child et_block_column et_pb_css_mix_blend_mode_passthrough\"><div class=\"et_pb_text_4 et_pb_text et_pb_bg_layout_light et_pb_module et_block_module\"><div class=\"et_pb_text_inner\"><h2>F\u00f6rel\u00e4sning 2: Icke-verbala medel<\/h2>\n<p>Till de icke-verbala medlen h\u00f6r till exempel ansiktsuttryck, gester, \u00f6gonkontakt och r\u00f6sttonfall. Camilla Lindholm ger r\u00e5d om hur man kan dra nytta av dessa.<\/p>\n<\/div><\/div><div class=\"et_pb_video_1 et_pb_video et_pb_module et_block_module\"><div class=\"et_pb_video_box\"><iframe loading=\"lazy\" title=\"Memocate f\u00f6rel\u00e4sning 2\" src=\"https:\/\/player.vimeo.com\/video\/1175277418?dnt=1&amp;app_id=122963\" width=\"1080\" height=\"608\" frameborder=\"0\" allow=\"autoplay; fullscreen; picture-in-picture; clipboard-write; encrypted-media; web-share\" referrerpolicy=\"strict-origin-when-cross-origin\"><\/iframe><\/div><div class=\"et_pb_video_overlay\" style=\"background-image:url(https:\/\/memocate.com\/wp-content\/uploads\/2019\/09\/video-luento-2-1024x640.jpg)\"><div class=\"et_pb_video_overlay_hover\"><a class=\"et_pb_video_play\" href=\"#\"><\/a><\/div><\/div><\/div><\/div><\/div><\/div><div class=\"et_pb_section_3 et_pb_section et_section_regular et_block_section\" id=\"article\"><div class=\"et_pb_row_4 et_pb_row et_block_row\"><div class=\"et_pb_column_4 et_pb_column et_pb_column_4_4 et-last-child et_block_column et_pb_css_mix_blend_mode_passthrough\"><div class=\"et_pb_text_5 et_pb_text et_pb_bg_layout_light et_pb_module et_block_module\"><div class=\"et_pb_text_inner\"><h2>F\u00f6rel\u00e4sning 3: Milj\u00f6relaterade faktorer<\/h2>\n<p>Till de milj\u00f6relaterade faktorerna h\u00f6r den fysiska milj\u00f6n samt personerna runt omkring och deras agerande. Camilla Lindholm ber\u00e4ttar hur man kan f\u00f6rb\u00e4ttra v\u00e4xelverkan genom att anpassa milj\u00f6n.<\/p>\n<\/div><\/div><div class=\"et_pb_video_2 et_pb_video et_pb_module et_block_module\"><div class=\"et_pb_video_box\"><iframe loading=\"lazy\" title=\"Memocate f\u00f6rel\u00e4sning 3\" src=\"https:\/\/player.vimeo.com\/video\/1175277731?dnt=1&amp;app_id=122963\" width=\"1080\" height=\"608\" frameborder=\"0\" allow=\"autoplay; fullscreen; picture-in-picture; clipboard-write; encrypted-media; web-share\" referrerpolicy=\"strict-origin-when-cross-origin\"><\/iframe><\/div><div class=\"et_pb_video_overlay\" style=\"background-image:url(https:\/\/memocate.com\/wp-content\/uploads\/2019\/09\/video-luento-3.jpg)\"><div class=\"et_pb_video_overlay_hover\"><a class=\"et_pb_video_play\" href=\"#\"><\/a><\/div><\/div><\/div><\/div><\/div><\/div><div class=\"et_pb_section_4 et_pb_section et_section_regular et_block_section\"><div class=\"et_pb_row_5 et_pb_row et_pb_gutters2 et_block_row\"><div class=\"et_pb_column_5 et_pb_column et_pb_column_1_3 et_block_column et_pb_css_mix_blend_mode_passthrough\"><div class=\"et_pb_blurb_1 et_pb_blurb et_pb_bg_layout_dark et_pb_blurb_position_left et_clickable et_pb_module et_block_module ftr-blrb\"><div class=\"et_pb_blurb_content\"><div class=\"et_pb_main_blurb_image\"><a href=\"\/sv\/vuorovaikutus\/miten-muistisairaus-vaikuttaa-vuorovaikutukseen\/\"><span class=\"et_pb_image_wrap et_pb_only_image_mode_wrap\"><img loading=\"lazy\" decoding=\"async\" src=\"https:\/\/memocate.com\/wp-content\/uploads\/2019\/03\/cloud_3.svg\" width=\"82\" height=\"66\" srcset=\"https:\/\/memocate.com\/wp-content\/uploads\/2019\/03\/cloud_3.svg 82w\" sizes=\"(max-width: 82px) 100vw, 82px\" class=\"et-waypoint et_pb_animation_top et_pb_animation_top_tablet et_pb_animation_top_phone wp-image-1156\" \/><\/span><\/a><\/div><div class=\"et_pb_blurb_container\"><h4 class=\"et_pb_module_header\"><a href=\"\/sv\/vuorovaikutus\/miten-muistisairaus-vaikuttaa-vuorovaikutukseen\/\">V\u00e4xelverkan<\/a><\/h4><div class=\"et_pb_blurb_description\"><h3>Hur p\u00e5verkar minnessjukdom v\u00e4xelverkan?<\/h3>\n<p><a class=\"read-more\" href=\"\/sv\/vuorovaikutus\/miten-muistisairaus-vaikuttaa-vuorovaikutukseen\/\">L\u00e4s mer <img decoding=\"async\" src=\"\/wp-content\/uploads\/2019\/03\/arrow_right-green.svg\"><\/a><\/p>\n<\/div><\/div><\/div><\/div><\/div><div class=\"et_pb_column_6 et_pb_column et_pb_column_1_3 et_block_column et_pb_css_mix_blend_mode_passthrough\"><div class=\"et_pb_blurb_2 et_pb_blurb et_pb_bg_layout_dark et_pb_blurb_position_left et_clickable et_pb_module et_block_module ftr-blrb\"><div class=\"et_pb_blurb_content\"><div class=\"et_pb_main_blurb_image\"><a href=\"\/sv\/vuorovaikutus\/kohti-parempaa-vuorovaikutusta\/muistisairaan-ja-omaishoitajan-valinen-suhde\/\"><span class=\"et_pb_image_wrap et_pb_only_image_mode_wrap\"><img loading=\"lazy\" decoding=\"async\" src=\"https:\/\/memocate.com\/wp-content\/uploads\/2019\/03\/cloud_2.svg\" width=\"82\" height=\"61\" srcset=\"https:\/\/memocate.com\/wp-content\/uploads\/2019\/03\/cloud_2.svg 82w\" sizes=\"(max-width: 82px) 100vw, 82px\" class=\"et-waypoint et_pb_animation_top et_pb_animation_top_tablet et_pb_animation_top_phone wp-image-1155\" \/><\/span><\/a><\/div><div class=\"et_pb_blurb_container\"><h4 class=\"et_pb_module_header\"><a href=\"\/sv\/vuorovaikutus\/kohti-parempaa-vuorovaikutusta\/muistisairaan-ja-omaishoitajan-valinen-suhde\/\">V\u00e4xelverkan<\/a><\/h4><div class=\"et_pb_blurb_description\"><h3>Relationen mellan personen med minnessjukdom och n\u00e4rst\u00e5endev\u00e5rdaren<\/h3>\n<p><a class=\"read-more\" href=\"\/sv\/vuorovaikutus\/kohti-parempaa-vuorovaikutusta\/muistisairaan-ja-omaishoitajan-valinen-suhde\/\">L\u00e4s mer <img decoding=\"async\" src=\"\/wp-content\/uploads\/2019\/03\/arrow_right-green.svg\"><\/a><\/p>\n<\/div><\/div><\/div><\/div><\/div><div class=\"et_pb_column_7 et_pb_column et_pb_column_1_3 et-last-child et_block_column et_pb_css_mix_blend_mode_passthrough\"><div class=\"et_pb_blurb_3 et_pb_blurb et_pb_bg_layout_dark et_pb_blurb_position_left et_clickable et_pb_module et_block_module ftr-blrb\"><div class=\"et_pb_blurb_content\"><div class=\"et_pb_main_blurb_image\"><a href=\"\/sv\/tutkimus-kuuluu-kayttoon\/\"><span class=\"et_pb_image_wrap et_pb_only_image_mode_wrap\"><img loading=\"lazy\" decoding=\"async\" src=\"https:\/\/memocate.com\/wp-content\/uploads\/2019\/03\/cloud_1.svg\" width=\"77\" height=\"66\" srcset=\"https:\/\/memocate.com\/wp-content\/uploads\/2019\/03\/cloud_1.svg 77w\" sizes=\"(max-width: 77px) 100vw, 77px\" class=\"et-waypoint et_pb_animation_top et_pb_animation_top_tablet et_pb_animation_top_phone wp-image-1154\" \/><\/span><\/a><\/div><div class=\"et_pb_blurb_container\"><h4 class=\"et_pb_module_header\"><a href=\"\/sv\/tutkimus-kuuluu-kayttoon\/\">Aktuellt<\/a><\/h4><div class=\"et_pb_blurb_description\"><h3>Forskning h\u00f6r till praktiken<\/h3>\n<p><a class=\"read-more\" href=\"\/sv\/tutkimus-kuuluu-kayttoon\/\">L\u00e4s mer <img decoding=\"async\" src=\"\/wp-content\/uploads\/2019\/03\/arrow_right-green.svg\"><\/a><\/p>\n<\/div><\/div><\/div><\/div><\/div><\/div><\/div><div class=\"et_pb_section_5 et_pb_section et_section_regular et_block_section\"><div class=\"et_pb_row_6 et_pb_row et_pb_equal_columns et_pb_gutters1 et_block_row et_pb_row_fullwidth\"><div class=\"et_pb_column_8 et_pb_column et_pb_column_1_3 et_block_column et_pb_column_empty et_pb_css_mix_blend_mode_passthrough\"><\/div><div class=\"et_pb_column_9 et_pb_column et_pb_column_1_3 et_block_column et_pb_css_mix_blend_mode_passthrough\"><div class=\"et_pb_cta_0 et_pb_promo et_pb_bg_layout_dark et_pb_module et_block_module\"><div class=\"et_pb_promo_description\"><h2 class=\"et_pb_module_header\">Har du ny forskningsinformation eller utvecklingsid\u00e9er f\u00f6r webbplatsen?<\/h2><\/div><div class=\"et_pb_button_wrapper\"><a class=\"et_pb_button et_pb_promo_button\" href=\"\/sv\/ota-yhteytta\/\">Kontakta oss<\/a><\/div><\/div><\/div><div class=\"et_pb_column_10 et_pb_column et_pb_column_1_3 et-last-child et_block_column et_pb_column_empty et_pb_css_mix_blend_mode_passthrough\"><\/div><\/div><\/div>","protected":false},"excerpt":{"rendered":"","protected":false},"author":7,"featured_media":5694,"parent":836,"menu_order":0,"comment_status":"closed","ping_status":"closed","template":"","meta":{"footnotes":""},"class_list":["post-4376","page","type-page","status-publish","has-post-thumbnail","hentry"],"yoast_head":"<!-- This site is optimized with the Yoast SEO plugin v27.5 - https:\/\/yoast.com\/product\/yoast-seo-wordpress\/ -->\n<title>Vinkkej\u00e4 Camilla Lindholmilta - Memocate<\/title>\n<meta name=\"description\" content=\"Tutkija Camilla Lindholmin k\u00e4yt\u00e4nn\u00f6n vinkkej\u00e4 muistisairaan kohtaamiseen ja vuorovaikutukseen. Tutkimukseen perustuvia neuvoja arkeen.\" \/>\n<meta name=\"robots\" content=\"index, follow, max-snippet:-1, max-image-preview:large, max-video-preview:-1\" \/>\n<link rel=\"canonical\" href=\"https:\/\/memocate.com\/sv\/vuorovaikutus\/kohti-parempaa-vuorovaikutusta\/vinkkeja-camilla-lindholmilta\/\" \/>\n<meta property=\"og:locale\" content=\"sv_SE\" \/>\n<meta property=\"og:type\" content=\"article\" \/>\n<meta property=\"og:title\" content=\"Vinkkej\u00e4 Camilla Lindholmilta - Memocate\" \/>\n<meta property=\"og:description\" content=\"Tutkija Camilla Lindholmin k\u00e4yt\u00e4nn\u00f6n vinkkej\u00e4 muistisairaan kohtaamiseen ja vuorovaikutukseen. Tutkimukseen perustuvia neuvoja arkeen.\" \/>\n<meta property=\"og:url\" content=\"https:\/\/memocate.com\/sv\/vuorovaikutus\/kohti-parempaa-vuorovaikutusta\/vinkkeja-camilla-lindholmilta\/\" \/>\n<meta property=\"og:site_name\" content=\"Memocate\" \/>\n<meta property=\"article:modified_time\" content=\"2026-03-26T18:13:00+00:00\" \/>\n<meta property=\"og:image\" content=\"https:\/\/memocate.com\/wp-content\/uploads\/2019\/09\/Camilla_lectures-memocate.com_.jpg\" \/>\n\t<meta property=\"og:image:width\" content=\"1700\" \/>\n\t<meta property=\"og:image:height\" content=\"952\" \/>\n\t<meta property=\"og:image:type\" content=\"image\/jpeg\" \/>\n<meta name=\"twitter:card\" content=\"summary_large_image\" \/>\n<script type=\"application\/ld+json\" class=\"yoast-schema-graph\">{\"@context\":\"https:\\\/\\\/schema.org\",\"@graph\":[{\"@type\":\"WebPage\",\"@id\":\"https:\\\/\\\/memocate.com\\\/vuorovaikutus\\\/kohti-parempaa-vuorovaikutusta\\\/vinkkeja-camilla-lindholmilta\\\/\",\"url\":\"https:\\\/\\\/memocate.com\\\/vuorovaikutus\\\/kohti-parempaa-vuorovaikutusta\\\/vinkkeja-camilla-lindholmilta\\\/\",\"name\":\"Vinkkej\u00e4 Camilla Lindholmilta - Memocate\",\"isPartOf\":{\"@id\":\"https:\\\/\\\/memocate.com\\\/#website\"},\"primaryImageOfPage\":{\"@id\":\"https:\\\/\\\/memocate.com\\\/vuorovaikutus\\\/kohti-parempaa-vuorovaikutusta\\\/vinkkeja-camilla-lindholmilta\\\/#primaryimage\"},\"image\":{\"@id\":\"https:\\\/\\\/memocate.com\\\/vuorovaikutus\\\/kohti-parempaa-vuorovaikutusta\\\/vinkkeja-camilla-lindholmilta\\\/#primaryimage\"},\"thumbnailUrl\":\"https:\\\/\\\/memocate.com\\\/wp-content\\\/uploads\\\/2019\\\/09\\\/Camilla_lectures-memocate.com_.jpg\",\"datePublished\":\"2019-09-02T05:26:02+00:00\",\"dateModified\":\"2026-03-26T18:13:00+00:00\",\"description\":\"Tutkija Camilla Lindholmin k\u00e4yt\u00e4nn\u00f6n vinkkej\u00e4 muistisairaan kohtaamiseen ja vuorovaikutukseen. Tutkimukseen perustuvia neuvoja arkeen.\",\"breadcrumb\":{\"@id\":\"https:\\\/\\\/memocate.com\\\/vuorovaikutus\\\/kohti-parempaa-vuorovaikutusta\\\/vinkkeja-camilla-lindholmilta\\\/#breadcrumb\"},\"inLanguage\":\"sv-SE\",\"potentialAction\":[{\"@type\":\"ReadAction\",\"target\":[\"https:\\\/\\\/memocate.com\\\/vuorovaikutus\\\/kohti-parempaa-vuorovaikutusta\\\/vinkkeja-camilla-lindholmilta\\\/\"]}]},{\"@type\":\"ImageObject\",\"inLanguage\":\"sv-SE\",\"@id\":\"https:\\\/\\\/memocate.com\\\/vuorovaikutus\\\/kohti-parempaa-vuorovaikutusta\\\/vinkkeja-camilla-lindholmilta\\\/#primaryimage\",\"url\":\"https:\\\/\\\/memocate.com\\\/wp-content\\\/uploads\\\/2019\\\/09\\\/Camilla_lectures-memocate.com_.jpg\",\"contentUrl\":\"https:\\\/\\\/memocate.com\\\/wp-content\\\/uploads\\\/2019\\\/09\\\/Camilla_lectures-memocate.com_.jpg\",\"width\":1700,\"height\":952},{\"@type\":\"BreadcrumbList\",\"@id\":\"https:\\\/\\\/memocate.com\\\/vuorovaikutus\\\/kohti-parempaa-vuorovaikutusta\\\/vinkkeja-camilla-lindholmilta\\\/#breadcrumb\",\"itemListElement\":[{\"@type\":\"ListItem\",\"position\":1,\"name\":\"Home\",\"item\":\"https:\\\/\\\/memocate.com\\\/\"},{\"@type\":\"ListItem\",\"position\":2,\"name\":\"Vuorovaikutus\",\"item\":\"https:\\\/\\\/memocate.com\\\/vuorovaikutus\\\/\"},{\"@type\":\"ListItem\",\"position\":3,\"name\":\"Kohti parempaa vuorovaikutusta\",\"item\":\"https:\\\/\\\/memocate.com\\\/vuorovaikutus\\\/kohti-parempaa-vuorovaikutusta\\\/\"},{\"@type\":\"ListItem\",\"position\":4,\"name\":\"Vinkkej\u00e4 Camilla Lindholmilta\"}]},{\"@type\":\"WebSite\",\"@id\":\"https:\\\/\\\/memocate.com\\\/#website\",\"url\":\"https:\\\/\\\/memocate.com\\\/\",\"name\":\"Memocate\",\"description\":\"Muistisairaus, vuorovaikutus ja hyv\u00e4 kohtaaminen\",\"publisher\":{\"@id\":\"https:\\\/\\\/memocate.com\\\/#organization\"},\"potentialAction\":[{\"@type\":\"SearchAction\",\"target\":{\"@type\":\"EntryPoint\",\"urlTemplate\":\"https:\\\/\\\/memocate.com\\\/?s={search_term_string}\"},\"query-input\":{\"@type\":\"PropertyValueSpecification\",\"valueRequired\":true,\"valueName\":\"search_term_string\"}}],\"inLanguage\":\"sv-SE\"},{\"@type\":\"Organization\",\"@id\":\"https:\\\/\\\/memocate.com\\\/#organization\",\"name\":\"Memocate Oy\",\"url\":\"https:\\\/\\\/memocate.com\\\/\",\"logo\":{\"@type\":\"ImageObject\",\"inLanguage\":\"sv-SE\",\"@id\":\"https:\\\/\\\/memocate.com\\\/#\\\/schema\\\/logo\\\/image\\\/\",\"url\":\"https:\\\/\\\/memocate.com\\\/wp-content\\\/uploads\\\/2019\\\/07\\\/Memocate_horizontal_logo.svg\",\"contentUrl\":\"https:\\\/\\\/memocate.com\\\/wp-content\\\/uploads\\\/2019\\\/07\\\/Memocate_horizontal_logo.svg\",\"width\":213,\"height\":70,\"caption\":\"Memocate Oy\"},\"image\":{\"@id\":\"https:\\\/\\\/memocate.com\\\/#\\\/schema\\\/logo\\\/image\\\/\"}}]}<\/script>\n<!-- \/ Yoast SEO plugin. -->","yoast_head_json":{"title":"Vinkkej\u00e4 Camilla Lindholmilta - Memocate","description":"Tutkija Camilla Lindholmin k\u00e4yt\u00e4nn\u00f6n vinkkej\u00e4 muistisairaan kohtaamiseen ja vuorovaikutukseen. Tutkimukseen perustuvia neuvoja arkeen.","robots":{"index":"index","follow":"follow","max-snippet":"max-snippet:-1","max-image-preview":"max-image-preview:large","max-video-preview":"max-video-preview:-1"},"canonical":"https:\/\/memocate.com\/sv\/vuorovaikutus\/kohti-parempaa-vuorovaikutusta\/vinkkeja-camilla-lindholmilta\/","og_locale":"sv_SE","og_type":"article","og_title":"Vinkkej\u00e4 Camilla Lindholmilta - Memocate","og_description":"Tutkija Camilla Lindholmin k\u00e4yt\u00e4nn\u00f6n vinkkej\u00e4 muistisairaan kohtaamiseen ja vuorovaikutukseen. Tutkimukseen perustuvia neuvoja arkeen.","og_url":"https:\/\/memocate.com\/sv\/vuorovaikutus\/kohti-parempaa-vuorovaikutusta\/vinkkeja-camilla-lindholmilta\/","og_site_name":"Memocate","article_modified_time":"2026-03-26T18:13:00+00:00","og_image":[{"width":1700,"height":952,"url":"https:\/\/memocate.com\/wp-content\/uploads\/2019\/09\/Camilla_lectures-memocate.com_.jpg","type":"image\/jpeg"}],"twitter_card":"summary_large_image","schema":{"@context":"https:\/\/schema.org","@graph":[{"@type":"WebPage","@id":"https:\/\/memocate.com\/vuorovaikutus\/kohti-parempaa-vuorovaikutusta\/vinkkeja-camilla-lindholmilta\/","url":"https:\/\/memocate.com\/vuorovaikutus\/kohti-parempaa-vuorovaikutusta\/vinkkeja-camilla-lindholmilta\/","name":"Vinkkej\u00e4 Camilla Lindholmilta - Memocate","isPartOf":{"@id":"https:\/\/memocate.com\/#website"},"primaryImageOfPage":{"@id":"https:\/\/memocate.com\/vuorovaikutus\/kohti-parempaa-vuorovaikutusta\/vinkkeja-camilla-lindholmilta\/#primaryimage"},"image":{"@id":"https:\/\/memocate.com\/vuorovaikutus\/kohti-parempaa-vuorovaikutusta\/vinkkeja-camilla-lindholmilta\/#primaryimage"},"thumbnailUrl":"https:\/\/memocate.com\/wp-content\/uploads\/2019\/09\/Camilla_lectures-memocate.com_.jpg","datePublished":"2019-09-02T05:26:02+00:00","dateModified":"2026-03-26T18:13:00+00:00","description":"Tutkija Camilla Lindholmin k\u00e4yt\u00e4nn\u00f6n vinkkej\u00e4 muistisairaan kohtaamiseen ja vuorovaikutukseen. Tutkimukseen perustuvia neuvoja arkeen.","breadcrumb":{"@id":"https:\/\/memocate.com\/vuorovaikutus\/kohti-parempaa-vuorovaikutusta\/vinkkeja-camilla-lindholmilta\/#breadcrumb"},"inLanguage":"sv-SE","potentialAction":[{"@type":"ReadAction","target":["https:\/\/memocate.com\/vuorovaikutus\/kohti-parempaa-vuorovaikutusta\/vinkkeja-camilla-lindholmilta\/"]}]},{"@type":"ImageObject","inLanguage":"sv-SE","@id":"https:\/\/memocate.com\/vuorovaikutus\/kohti-parempaa-vuorovaikutusta\/vinkkeja-camilla-lindholmilta\/#primaryimage","url":"https:\/\/memocate.com\/wp-content\/uploads\/2019\/09\/Camilla_lectures-memocate.com_.jpg","contentUrl":"https:\/\/memocate.com\/wp-content\/uploads\/2019\/09\/Camilla_lectures-memocate.com_.jpg","width":1700,"height":952},{"@type":"BreadcrumbList","@id":"https:\/\/memocate.com\/vuorovaikutus\/kohti-parempaa-vuorovaikutusta\/vinkkeja-camilla-lindholmilta\/#breadcrumb","itemListElement":[{"@type":"ListItem","position":1,"name":"Home","item":"https:\/\/memocate.com\/"},{"@type":"ListItem","position":2,"name":"Vuorovaikutus","item":"https:\/\/memocate.com\/vuorovaikutus\/"},{"@type":"ListItem","position":3,"name":"Kohti parempaa vuorovaikutusta","item":"https:\/\/memocate.com\/vuorovaikutus\/kohti-parempaa-vuorovaikutusta\/"},{"@type":"ListItem","position":4,"name":"Vinkkej\u00e4 Camilla Lindholmilta"}]},{"@type":"WebSite","@id":"https:\/\/memocate.com\/#website","url":"https:\/\/memocate.com\/","name":"Memocate","description":"Muistisairaus, vuorovaikutus ja hyv\u00e4 kohtaaminen","publisher":{"@id":"https:\/\/memocate.com\/#organization"},"potentialAction":[{"@type":"SearchAction","target":{"@type":"EntryPoint","urlTemplate":"https:\/\/memocate.com\/?s={search_term_string}"},"query-input":{"@type":"PropertyValueSpecification","valueRequired":true,"valueName":"search_term_string"}}],"inLanguage":"sv-SE"},{"@type":"Organization","@id":"https:\/\/memocate.com\/#organization","name":"Memocate Oy","url":"https:\/\/memocate.com\/","logo":{"@type":"ImageObject","inLanguage":"sv-SE","@id":"https:\/\/memocate.com\/#\/schema\/logo\/image\/","url":"https:\/\/memocate.com\/wp-content\/uploads\/2019\/07\/Memocate_horizontal_logo.svg","contentUrl":"https:\/\/memocate.com\/wp-content\/uploads\/2019\/07\/Memocate_horizontal_logo.svg","width":213,"height":70,"caption":"Memocate Oy"},"image":{"@id":"https:\/\/memocate.com\/#\/schema\/logo\/image\/"}}]}},"_links":{"self":[{"href":"https:\/\/memocate.com\/sv\/wp-json\/wp\/v2\/pages\/4376","targetHints":{"allow":["GET"]}}],"collection":[{"href":"https:\/\/memocate.com\/sv\/wp-json\/wp\/v2\/pages"}],"about":[{"href":"https:\/\/memocate.com\/sv\/wp-json\/wp\/v2\/types\/page"}],"author":[{"embeddable":true,"href":"https:\/\/memocate.com\/sv\/wp-json\/wp\/v2\/users\/7"}],"replies":[{"embeddable":true,"href":"https:\/\/memocate.com\/sv\/wp-json\/wp\/v2\/comments?post=4376"}],"version-history":[{"count":8,"href":"https:\/\/memocate.com\/sv\/wp-json\/wp\/v2\/pages\/4376\/revisions"}],"predecessor-version":[{"id":8781,"href":"https:\/\/memocate.com\/sv\/wp-json\/wp\/v2\/pages\/4376\/revisions\/8781"}],"up":[{"embeddable":true,"href":"https:\/\/memocate.com\/sv\/wp-json\/wp\/v2\/pages\/836"}],"wp:featuredmedia":[{"embeddable":true,"href":"https:\/\/memocate.com\/sv\/wp-json\/wp\/v2\/media\/5694"}],"wp:attachment":[{"href":"https:\/\/memocate.com\/sv\/wp-json\/wp\/v2\/media?parent=4376"}],"curies":[{"name":"wp","href":"https:\/\/api.w.org\/{rel}","templated":true}]}}