{"id":352,"date":"2018-11-17T19:58:47","date_gmt":"2018-11-17T17:58:47","guid":{"rendered":"https:\/\/memocateomaishoitajille.gaselli.software\/?page_id=352"},"modified":"2026-03-27T21:10:55","modified_gmt":"2026-03-27T19:10:55","slug":"vuorovaikutus","status":"publish","type":"page","link":"https:\/\/memocate.com\/sv\/vuorovaikutus\/","title":{"rendered":"V\u00e4xelverkan"},"content":{"rendered":"<div class=\"et_pb_section_0 et_pb_section et_section_regular et_block_section\"><div class=\"et_pb_row_0 et_pb_row et_block_row\"><div class=\"et_pb_column_0 et_pb_column et_pb_column_4_4 et-last-child et_block_column et_pb_css_mix_blend_mode_passthrough\"><div class=\"et_pb_text_0 et_pb_text et_pb_bg_layout_light et_pb_module et_block_module et_pb_text_align_center\"><div class=\"et_pb_text_inner\"><h1>V\u00e4xelverkan<\/h1>\n<\/div><\/div><div class=\"et_pb_text_1 et_pb_text et_pb_bg_layout_light et_pb_module et_block_module et_pb_text_align_center\"><div class=\"et_pb_text_inner\"><p>V\u00e4xelverkan sker i m\u00f6ten mellan m\u00e4nniskor och kan vara antingen verbal eller icke-verbal. Ett av v\u00e5ra grundl\u00e4ggande behov \u00e4r att vara i kontakt med andra m\u00e4nniskor. Att f\u00f6rb\u00e4ttra v\u00e4xelverkan h\u00f6jer livskvaliteten f\u00f6r b\u00e5da parter.<\/p>\n<p>Minnessjukdom f\u00f6r\u00e4ndrar s\u00e4ttet p\u00e5 vilket en person uttrycker sig och f\u00f6rst\u00e5r sin omgivning. Orden kan f\u00f6rsvinna, men behovet av att bli h\u00f6rd och bem\u00f6tt kvarst\u00e5r till sjukdomens slut. God v\u00e4xelverkan med en person som lever med minnessjukdom kr\u00e4ver ingen specialutbildning \u2014 men det kr\u00e4ver kunskap om vad som f\u00f6r\u00e4ndras och varf\u00f6r.<\/p>\n<p>Betydelsen av icke-verbal kommunikation v\u00e4xer i takt med att sjukdomen framskrider. \u00d6gonkontakt, ber\u00f6ring, tonfall och kroppsspr\u00e5k f\u00f6rmedlar trygghet \u00e4ven n\u00e4r orden inte l\u00e4ngre f\u00f6rst\u00e5s. Forskning visar att en person som lever med minnessjukdom uppfattar det emotionella klimatet i bem\u00f6tandet noggrant, \u00e4ven om samtalets inneh\u00e5ll inte l\u00e4ngre kan struktureras.<\/p>\n<p>Gott bem\u00f6tande \u00e4r en f\u00e4rdighet som kan l\u00e4ras. P\u00e5 sidorna i detta avsnitt behandlar vi konkreta metoder f\u00f6r att uppr\u00e4tth\u00e5lla och utveckla v\u00e4xelverkan \u2014 b\u00e5de f\u00f6r yrkespersoner och n\u00e4rst\u00e5ende.<\/p>\n<\/div><\/div><\/div><\/div><\/div><div class=\"et_pb_section_1 et_pb_section et_section_regular et_block_section\"><div class=\"et_pb_row_1 et_pb_row et_block_row\"><div class=\"et_pb_column_1 et_pb_column et_pb_column_1_2 et_block_column et_pb_css_mix_blend_mode_passthrough\"><div class=\"et_pb_blurb_0 et_pb_blurb et_pb_bg_layout_light et_pb_text_align_center et_pb_blurb_position_top et_clickable et_pb_module et_block_module card-box-v3\"><div class=\"et_pb_blurb_content\"><div class=\"et_pb_main_blurb_image\"><a href=\"\/sv\/vuorovaikutus\/miten-muistisairaus-vaikuttaa-vuorovaikutukseen\/\"><span class=\"et_pb_image_wrap et_pb_only_image_mode_wrap\"><img loading=\"lazy\" decoding=\"async\" src=\"https:\/\/memocate.com\/wp-content\/uploads\/2019\/08\/vuorovaikutus_osa1-e1567180242396.png\" alt=\"Muistisairaan kohtaamisen haasteet vuorovaikutuksessa\" width=\"400\" height=\"400\" srcset=\"https:\/\/memocate.com\/wp-content\/uploads\/2019\/08\/vuorovaikutus_osa1-e1567180242396.png 400w\" class=\"et-waypoint et_pb_animation_bottom et_pb_animation_bottom_tablet et_pb_animation_bottom_phone wp-image-3797\" \/><\/span><\/a><\/div><div class=\"et_pb_blurb_container\"><div class=\"et_pb_blurb_description\"><h2>Hur p\u00e5verkar minnessjukdom v\u00e4xelverkan?<\/h2>\n<p>L\u00e4s om hur f\u00f6rm\u00e5gan att uttrycka sig, f\u00f6rst\u00e5 andra och delta i samtal kan f\u00f6r\u00e4ndras i och med sjukdomen.<\/p>\n<\/div><\/div><\/div><\/div><div class=\"et_pb_code_0 et_pb_code et_pb_text_align_center et_pb_module arrow-wrapper\"><div class=\"et_pb_code_inner\"><a class=\"arrow-btn\" href=\"\/sv\/vuorovaikutus\/miten-muistisairaus-vaikuttaa-vuorovaikutukseen\/\"><img decoding=\"async\" src=\"\/wp-content\/uploads\/2019\/03\/arrow.svg\" alt=\"\" \/><\/a><\/div><\/div><\/div><div class=\"et_pb_column_2 et_pb_column et_pb_column_1_2 et-last-child et_block_column et_pb_css_mix_blend_mode_passthrough\"><div class=\"et_pb_blurb_1 et_pb_blurb et_pb_bg_layout_light et_pb_text_align_center et_pb_blurb_position_top et_clickable et_pb_module et_block_module card-box-v3\"><div class=\"et_pb_blurb_content\"><div class=\"et_pb_main_blurb_image\"><a href=\"\/sv\/vuorovaikutus\/kohti-parempaa-vuorovaikutusta\/\"><span class=\"et_pb_image_wrap et_pb_only_image_mode_wrap\"><img loading=\"lazy\" decoding=\"async\" src=\"https:\/\/memocate.com\/wp-content\/uploads\/2019\/08\/vuorovaikutus_osa2-e1567407265377.png\" alt=\"K\u00e4yt\u00e4nn\u00f6n keinoja muistisairaan hyv\u00e4\u00e4n vuorovaikutukseen\" width=\"400\" height=\"400\" srcset=\"https:\/\/memocate.com\/wp-content\/uploads\/2019\/08\/vuorovaikutus_osa2-e1567407265377.png 400w\" class=\"et-waypoint et_pb_animation_bottom et_pb_animation_bottom_tablet et_pb_animation_bottom_phone wp-image-3798\" \/><\/span><\/a><\/div><div class=\"et_pb_blurb_container\"><div class=\"et_pb_blurb_description\"><h2>Mot b\u00e4ttre v\u00e4xelverkan<\/h2>\n<p>Olika perspektiv p\u00e5 att f\u00f6rb\u00e4ttra och uppr\u00e4tth\u00e5lla v\u00e4xelverkan<\/p>\n<\/div><\/div><\/div><\/div><div class=\"et_pb_code_1 et_pb_code et_pb_text_align_center et_pb_module arrow-wrapper\"><div class=\"et_pb_code_inner\"><a class=\"arrow-btn\" href=\"\/sv\/vuorovaikutus\/kohti-parempaa-vuorovaikutusta\/\"><img decoding=\"async\" src=\"\/wp-content\/uploads\/2019\/03\/arrow.svg\" alt=\"\" \/><\/a><\/div><\/div><\/div><\/div><\/div><div class=\"et_pb_section_2 et_pb_section et_section_regular et_block_section\"><div class=\"et_pb_row_2 et_pb_row et_block_row\"><div class=\"et_pb_column_3 et_pb_column et_pb_column_4_4 et-last-child et_block_column et_pb_css_mix_blend_mode_passthrough\"><div class=\"et_pb_text_2 et_pb_text et_pb_bg_layout_light et_pb_module et_block_module\"><div class=\"et_pb_text_inner\"><h2 style=\"text-align: center; color: #1a3a5c;\">Utmanande situationer och erfarenheter<\/h2>\n<p style=\"text-align: center;\">Minnessjukdom medf\u00f6r m\u00e5nga olika vardagssituationer. L\u00e4s om erfarenheter och l\u00f6sningar f\u00f6r utmanande stunder.<\/p>\n<ul>\n<li><a href=\"\/sv\/en-lahde\/\">Jag g\u00e5r inte!<\/a><\/li>\n<li><a href=\"\/sv\/lypsylle\/\">Till mj\u00f6lkningen<\/a><\/li>\n<li><a href=\"\/sv\/lopen-uupunut\/\">Helt utmattad<\/a><\/li>\n<li><a href=\"\/sv\/valimatka\/\">Avst\u00e5ndet<\/a><\/li>\n<li><a href=\"\/sv\/mekkovaras\/\">Kl\u00e4dtjuven<\/a><\/li>\n<li><a href=\"\/sv\/vieras-nainen\/\">En fr\u00e4mmande kvinna<\/a><\/li>\n<\/ul>\n<\/div><\/div><\/div><\/div><\/div><div class=\"et_pb_section_3 et_pb_section et_section_regular et_block_section\"><div class=\"et_pb_row_3 et_pb_row et_pb_equal_columns et_pb_gutters1 et_block_row et_pb_row_fullwidth\"><div class=\"et_pb_column_4 et_pb_column et_pb_column_1_3 et_block_column et_pb_column_empty et_pb_css_mix_blend_mode_passthrough\"><\/div><div class=\"et_pb_column_5 et_pb_column et_pb_column_1_3 et_block_column et_pb_css_mix_blend_mode_passthrough\"><div class=\"et_pb_cta_0 et_pb_promo et_pb_bg_layout_dark et_pb_module et_block_module\"><div class=\"et_pb_promo_description\"><h2 class=\"et_pb_module_header\">Har du ny forskningsinformation eller utvecklingsid\u00e9er f\u00f6r webbplatsen?<\/h2><\/div><div class=\"et_pb_button_wrapper\"><a class=\"et_pb_button et_pb_promo_button\" href=\"\/sv\/kouluttaudu-kanssamme\/\">Kontakta oss<\/a><\/div><\/div><\/div><div class=\"et_pb_column_6 et_pb_column et_pb_column_1_3 et-last-child et_block_column et_pb_column_empty et_pb_css_mix_blend_mode_passthrough\"><\/div><\/div><div class=\"et_pb_row_4 et_pb_row et_pb_equal_columns et_pb_gutters1 et_block_row et_pb_row_fullwidth\"><div class=\"et_pb_column_7 et_pb_column et_pb_column_4_4 et-last-child et_block_column et_pb_css_mix_blend_mode_passthrough\"><div class=\"et_pb_cta_1 et_pb_promo et_pb_bg_layout_dark et_pb_module et_block_module\"><div class=\"et_pb_promo_description\"><h2 class=\"et_pb_module_header\">Har du ny forskningsinformation eller utvecklingsid\u00e9er f\u00f6r webbplatsen?<\/h2><\/div><div class=\"et_pb_button_wrapper\"><a class=\"et_pb_button et_pb_promo_button\" href=\"\/sv\/kouluttaudu-kanssamme\/#ota-yhteytta\">Kontakta oss<\/a><\/div><\/div><\/div><\/div><\/div>","protected":false},"excerpt":{"rendered":"","protected":false},"author":4,"featured_media":0,"parent":0,"menu_order":0,"comment_status":"closed","ping_status":"closed","template":"","meta":{"footnotes":""},"class_list":["post-352","page","type-page","status-publish","hentry"],"yoast_head":"<!-- This site is optimized with the Yoast SEO plugin v27.5 - https:\/\/yoast.com\/product\/yoast-seo-wordpress\/ -->\n<title>Muistisairaan hyv\u00e4 kohtaaminen \u2013 k\u00e4yt\u00e4nn\u00f6n vinkit | Memocate<\/title>\n<meta name=\"description\" content=\"Miten kohdata muistisairautta sairastava ihminen arvostavasti arjessa? Konkreettisia keinoja turvalliseen vuorovaikutukseen hoivaty\u00f6ss\u00e4 ja kotona.\" \/>\n<meta name=\"robots\" content=\"index, follow, max-snippet:-1, max-image-preview:large, max-video-preview:-1\" \/>\n<link rel=\"canonical\" href=\"https:\/\/memocate.com\/sv\/vuorovaikutus\/\" \/>\n<meta property=\"og:locale\" content=\"sv_SE\" \/>\n<meta property=\"og:type\" content=\"article\" \/>\n<meta property=\"og:title\" content=\"Muistisairaan hyv\u00e4 kohtaaminen \u2013 k\u00e4yt\u00e4nn\u00f6n vinkit | Memocate\" \/>\n<meta property=\"og:description\" content=\"Miten kohdata muistisairautta sairastava ihminen arvostavasti arjessa? Konkreettisia keinoja turvalliseen vuorovaikutukseen hoivaty\u00f6ss\u00e4 ja kotona.\" \/>\n<meta property=\"og:url\" content=\"https:\/\/memocate.com\/sv\/vuorovaikutus\/\" \/>\n<meta property=\"og:site_name\" content=\"Memocate\" \/>\n<meta property=\"article:modified_time\" content=\"2026-03-27T19:10:55+00:00\" \/>\n<meta property=\"og:image\" content=\"https:\/\/memocate.com\/wp-content\/uploads\/2026\/03\/memocate-og-image.png\" \/>\n\t<meta property=\"og:image:width\" content=\"1200\" \/>\n\t<meta property=\"og:image:height\" content=\"675\" \/>\n\t<meta property=\"og:image:type\" content=\"image\/png\" \/>\n<meta name=\"twitter:card\" content=\"summary_large_image\" \/>\n<meta name=\"twitter:label1\" content=\"Ber\u00e4knad l\u00e4stid\" \/>\n\t<meta name=\"twitter:data1\" content=\"2 minuter\" \/>\n<script type=\"application\/ld+json\" class=\"yoast-schema-graph\">{\"@context\":\"https:\\\/\\\/schema.org\",\"@graph\":[{\"@type\":\"WebPage\",\"@id\":\"https:\\\/\\\/memocate.com\\\/vuorovaikutus\\\/\",\"url\":\"https:\\\/\\\/memocate.com\\\/vuorovaikutus\\\/\",\"name\":\"Muistisairaan hyv\u00e4 kohtaaminen \u2013 k\u00e4yt\u00e4nn\u00f6n vinkit | Memocate\",\"isPartOf\":{\"@id\":\"https:\\\/\\\/memocate.com\\\/#website\"},\"datePublished\":\"2018-11-17T17:58:47+00:00\",\"dateModified\":\"2026-03-27T19:10:55+00:00\",\"description\":\"Miten kohdata muistisairautta sairastava ihminen arvostavasti arjessa? Konkreettisia keinoja turvalliseen vuorovaikutukseen hoivaty\u00f6ss\u00e4 ja kotona.\",\"breadcrumb\":{\"@id\":\"https:\\\/\\\/memocate.com\\\/vuorovaikutus\\\/#breadcrumb\"},\"inLanguage\":\"sv-SE\",\"potentialAction\":[{\"@type\":\"ReadAction\",\"target\":[\"https:\\\/\\\/memocate.com\\\/vuorovaikutus\\\/\"]}]},{\"@type\":\"BreadcrumbList\",\"@id\":\"https:\\\/\\\/memocate.com\\\/vuorovaikutus\\\/#breadcrumb\",\"itemListElement\":[{\"@type\":\"ListItem\",\"position\":1,\"name\":\"Home\",\"item\":\"https:\\\/\\\/memocate.com\\\/\"},{\"@type\":\"ListItem\",\"position\":2,\"name\":\"Vuorovaikutus\"}]},{\"@type\":\"WebSite\",\"@id\":\"https:\\\/\\\/memocate.com\\\/#website\",\"url\":\"https:\\\/\\\/memocate.com\\\/\",\"name\":\"Memocate\",\"description\":\"Muistisairaus, vuorovaikutus ja hyv\u00e4 kohtaaminen\",\"publisher\":{\"@id\":\"https:\\\/\\\/memocate.com\\\/#organization\"},\"potentialAction\":[{\"@type\":\"SearchAction\",\"target\":{\"@type\":\"EntryPoint\",\"urlTemplate\":\"https:\\\/\\\/memocate.com\\\/?s={search_term_string}\"},\"query-input\":{\"@type\":\"PropertyValueSpecification\",\"valueRequired\":true,\"valueName\":\"search_term_string\"}}],\"inLanguage\":\"sv-SE\"},{\"@type\":\"Organization\",\"@id\":\"https:\\\/\\\/memocate.com\\\/#organization\",\"name\":\"Memocate Oy\",\"url\":\"https:\\\/\\\/memocate.com\\\/\",\"logo\":{\"@type\":\"ImageObject\",\"inLanguage\":\"sv-SE\",\"@id\":\"https:\\\/\\\/memocate.com\\\/#\\\/schema\\\/logo\\\/image\\\/\",\"url\":\"https:\\\/\\\/memocate.com\\\/wp-content\\\/uploads\\\/2019\\\/07\\\/Memocate_horizontal_logo.svg\",\"contentUrl\":\"https:\\\/\\\/memocate.com\\\/wp-content\\\/uploads\\\/2019\\\/07\\\/Memocate_horizontal_logo.svg\",\"width\":213,\"height\":70,\"caption\":\"Memocate Oy\"},\"image\":{\"@id\":\"https:\\\/\\\/memocate.com\\\/#\\\/schema\\\/logo\\\/image\\\/\"}}]}<\/script>\n<!-- \/ Yoast SEO plugin. -->","yoast_head_json":{"title":"Muistisairaan hyv\u00e4 kohtaaminen \u2013 k\u00e4yt\u00e4nn\u00f6n vinkit | Memocate","description":"Miten kohdata muistisairautta sairastava ihminen arvostavasti arjessa? Konkreettisia keinoja turvalliseen vuorovaikutukseen hoivaty\u00f6ss\u00e4 ja kotona.","robots":{"index":"index","follow":"follow","max-snippet":"max-snippet:-1","max-image-preview":"max-image-preview:large","max-video-preview":"max-video-preview:-1"},"canonical":"https:\/\/memocate.com\/sv\/vuorovaikutus\/","og_locale":"sv_SE","og_type":"article","og_title":"Muistisairaan hyv\u00e4 kohtaaminen \u2013 k\u00e4yt\u00e4nn\u00f6n vinkit | Memocate","og_description":"Miten kohdata muistisairautta sairastava ihminen arvostavasti arjessa? Konkreettisia keinoja turvalliseen vuorovaikutukseen hoivaty\u00f6ss\u00e4 ja kotona.","og_url":"https:\/\/memocate.com\/sv\/vuorovaikutus\/","og_site_name":"Memocate","article_modified_time":"2026-03-27T19:10:55+00:00","og_image":[{"width":1200,"height":675,"url":"https:\/\/memocate.com\/wp-content\/uploads\/2026\/03\/memocate-og-image.png","type":"image\/png"}],"twitter_card":"summary_large_image","twitter_misc":{"Ber\u00e4knad l\u00e4stid":"2 minuter"},"schema":{"@context":"https:\/\/schema.org","@graph":[{"@type":"WebPage","@id":"https:\/\/memocate.com\/vuorovaikutus\/","url":"https:\/\/memocate.com\/vuorovaikutus\/","name":"Muistisairaan hyv\u00e4 kohtaaminen \u2013 k\u00e4yt\u00e4nn\u00f6n vinkit | Memocate","isPartOf":{"@id":"https:\/\/memocate.com\/#website"},"datePublished":"2018-11-17T17:58:47+00:00","dateModified":"2026-03-27T19:10:55+00:00","description":"Miten kohdata muistisairautta sairastava ihminen arvostavasti arjessa? Konkreettisia keinoja turvalliseen vuorovaikutukseen hoivaty\u00f6ss\u00e4 ja kotona.","breadcrumb":{"@id":"https:\/\/memocate.com\/vuorovaikutus\/#breadcrumb"},"inLanguage":"sv-SE","potentialAction":[{"@type":"ReadAction","target":["https:\/\/memocate.com\/vuorovaikutus\/"]}]},{"@type":"BreadcrumbList","@id":"https:\/\/memocate.com\/vuorovaikutus\/#breadcrumb","itemListElement":[{"@type":"ListItem","position":1,"name":"Home","item":"https:\/\/memocate.com\/"},{"@type":"ListItem","position":2,"name":"Vuorovaikutus"}]},{"@type":"WebSite","@id":"https:\/\/memocate.com\/#website","url":"https:\/\/memocate.com\/","name":"Memocate","description":"Muistisairaus, vuorovaikutus ja hyv\u00e4 kohtaaminen","publisher":{"@id":"https:\/\/memocate.com\/#organization"},"potentialAction":[{"@type":"SearchAction","target":{"@type":"EntryPoint","urlTemplate":"https:\/\/memocate.com\/?s={search_term_string}"},"query-input":{"@type":"PropertyValueSpecification","valueRequired":true,"valueName":"search_term_string"}}],"inLanguage":"sv-SE"},{"@type":"Organization","@id":"https:\/\/memocate.com\/#organization","name":"Memocate Oy","url":"https:\/\/memocate.com\/","logo":{"@type":"ImageObject","inLanguage":"sv-SE","@id":"https:\/\/memocate.com\/#\/schema\/logo\/image\/","url":"https:\/\/memocate.com\/wp-content\/uploads\/2019\/07\/Memocate_horizontal_logo.svg","contentUrl":"https:\/\/memocate.com\/wp-content\/uploads\/2019\/07\/Memocate_horizontal_logo.svg","width":213,"height":70,"caption":"Memocate Oy"},"image":{"@id":"https:\/\/memocate.com\/#\/schema\/logo\/image\/"}}]}},"_links":{"self":[{"href":"https:\/\/memocate.com\/sv\/wp-json\/wp\/v2\/pages\/352","targetHints":{"allow":["GET"]}}],"collection":[{"href":"https:\/\/memocate.com\/sv\/wp-json\/wp\/v2\/pages"}],"about":[{"href":"https:\/\/memocate.com\/sv\/wp-json\/wp\/v2\/types\/page"}],"author":[{"embeddable":true,"href":"https:\/\/memocate.com\/sv\/wp-json\/wp\/v2\/users\/4"}],"replies":[{"embeddable":true,"href":"https:\/\/memocate.com\/sv\/wp-json\/wp\/v2\/comments?post=352"}],"version-history":[{"count":27,"href":"https:\/\/memocate.com\/sv\/wp-json\/wp\/v2\/pages\/352\/revisions"}],"predecessor-version":[{"id":8948,"href":"https:\/\/memocate.com\/sv\/wp-json\/wp\/v2\/pages\/352\/revisions\/8948"}],"wp:attachment":[{"href":"https:\/\/memocate.com\/sv\/wp-json\/wp\/v2\/media?parent=352"}],"curies":[{"name":"wp","href":"https:\/\/api.w.org\/{rel}","templated":true}]}}