{"id":336,"date":"2018-11-16T16:13:10","date_gmt":"2018-11-16T14:13:10","guid":{"rendered":"https:\/\/memocateomaishoitajille.gaselli.software\/?page_id=336"},"modified":"2026-03-28T12:36:25","modified_gmt":"2026-03-28T10:36:25","slug":"valimatka","status":"publish","type":"page","link":"https:\/\/memocate.com\/sv\/vuorovaikutus\/valimatka\/","title":{"rendered":"Avst\u00e5ndet"},"content":{"rendered":"<div class=\"et_pb_section_0 et_pb_section et_section_regular et_block_section\"><div class=\"et_pb_row_0 et_pb_row et_block_row\"><div class=\"et_pb_column_0 et_pb_column et_pb_column_4_4 et-last-child et_block_column et_pb_css_mix_blend_mode_passthrough\"><div class=\"et_pb_module et_pb_button_module_wrapper et_pb_button_0_wrapper\"><a class=\"et_pb_button_0 et_pb_button et_pb_bg_layout_light et_pb_module et_block_module\" href=\"\/sv\/onko-sinullekin-kaynyt-nain\/\" data-icon=\"4\">Tillbaka<\/a><\/div><div class=\"et_pb_text_0 et_pb_text et_pb_bg_layout_light et_pb_module et_block_module\"><div class=\"et_pb_text_inner\"><h1>Avst\u00e5ndet<\/h1>\n<\/div><\/div><\/div><\/div><div class=\"et_pb_row_1 et_pb_row et_block_row\"><div class=\"et_pb_column_1 et_pb_column et_pb_column_4_4 et-last-child et_block_column et_pb_css_mix_blend_mode_passthrough\"><div class=\"et_pb_text_1 et_pb_text et_pb_bg_layout_light et_pb_module et_block_module et_pb_text_align_center\"><div class=\"et_pb_text_inner\"><p>Jos maantieteellist\u00e4 v\u00e4limatkaa omaisen ja muistisairaan v\u00e4lill\u00e4 on paljon, eiv\u00e4t kasvokkain tapaamiset yleens\u00e4 ole mahdollisia niin usein kuin kumpikin osapuoli toivoisi. T\u00e4ll\u00f6in joudutaan miettim\u00e4\u00e4n vaihtoehtoisia tapoja pit\u00e4\u00e4 yhteytt\u00e4. Puhelinkontakti voi tuntua riitt\u00e4m\u00e4tt\u00f6m\u00e4lt\u00e4 n\u00e4k\u00f6yhteyden puuttumisen vuoksi. Toisaalta muistisairaan voi olla vaikea opetella esimerkiksi videopuhelusovellusten k\u00e4ytt\u00e4mist\u00e4.<\/p>\n<\/div><\/div><\/div><\/div><div class=\"et_pb_row_2 et_pb_row et_block_row\"><div class=\"et_pb_column_2 et_pb_column et_pb_column_4_4 et-last-child et_block_column et_pb_css_mix_blend_mode_passthrough\"><div class=\"et_pb_image_0 et_pb_image et_pb_module et_block_module\"><span class=\"et_pb_image_wrap\"><img loading=\"lazy\" decoding=\"async\" src=\"https:\/\/memocate.com\/wp-content\/uploads\/2019\/09\/web_comic-6_frame@2x.png\" alt=\"Sarjakuva: V\u00e4limatka \u2014 muistisairaan ja omaisen v\u00e4linen et\u00e4isyys\" title=\"web_comic-6_frame@2x\" width=\"1212\" height=\"460\" srcset=\"https:\/\/memocate.com\/wp-content\/uploads\/2019\/09\/web_comic-6_frame@2x.png 1212w, https:\/\/memocate.com\/wp-content\/uploads\/2019\/09\/web_comic-6_frame@2x-980x372.png 980w, https:\/\/memocate.com\/wp-content\/uploads\/2019\/09\/web_comic-6_frame@2x-480x182.png 480w\" sizes=\"(min-width: 0px) and (max-width: 480px) 480px, (min-width: 481px) and (max-width: 980px) 980px, (min-width: 981px) 1212px, 100vw\" class=\"wp-image-5469\" \/><\/span><\/div><\/div><\/div><\/div><div class=\"memocate-full-comic\"><img decoding=\"async\" src=\"https:\/\/memocate.com\/wp-content\/uploads\/2018\/12\/hcg-comic-6-valimatka-large.png\" alt=\"Sarjakuva: V\u00e4limatka \u2014 tarina muistisairaan ja omaisen v\u00e4lisest\u00e4 et\u00e4isyydest\u00e4\" loading=\"lazy\" \/><\/div><div class=\"et_pb_section_1 et_pb_section et_section_regular et_block_section\"><div class=\"et_pb_row_3 et_pb_row et_block_row\"><div class=\"et_pb_column_3 et_pb_column et_pb_column_4_4 et-last-child et_block_column et_pb_css_mix_blend_mode_passthrough\"><div class=\"et_pb_text_2 et_pb_text et_pb_bg_layout_light et_pb_module et_block_module\"><div class=\"et_pb_text_inner\"><h2>Mit\u00e4 ongelmia olet kokenut pit\u00e4ess\u00e4si yhteytt\u00e4 toisella paikkakunnalla asuvaan muistisairaaseen l\u00e4heiseesi?<\/h2>\n<h4>Mink\u00e4laiset yhteydenpidon muodot ja tavat ovat edist\u00e4neet vuorovaikutustanne? Kirjoita omista kokemuksistasi alle.<\/h4>\n<\/div><\/div><div class=\"et_pb_comments_0 et_pb_comments_module et_pb_no_avatar et_pb_no_reply_button et_pb_no_comments_count et_pb_bg_layout_light et_pb_module et_block_module\" data-icon=\"\" data-icon-tablet=\"\" data-icon-phone=\"\"><\/div><\/div><\/div><\/div><div class=\"et_pb_section_2 et_pb_section et_section_regular et_block_section\"><div class=\"et_pb_row_4 et_pb_row et_pb_equal_columns et_pb_gutters1 et_block_row et_pb_row_fullwidth\"><div class=\"et_pb_column_4 et_pb_column et_pb_column_1_3 et_block_column et_pb_css_mix_blend_mode_passthrough\"><div class=\"et_pb_divider_0 et_pb_divider_hidden et_pb_space et_pb_divider_position_top et_pb_module\"><div class=\"et_pb_divider_internal\"><\/div><\/div><\/div><div class=\"et_pb_column_5 et_pb_column et_pb_column_1_3 et_block_column et_pb_css_mix_blend_mode_passthrough\"><div class=\"et_pb_cta_0 et_pb_promo et_pb_bg_layout_dark et_pb_module et_block_module\"><div class=\"et_pb_promo_description\"><h2 class=\"et_pb_module_header\">Vilken situation ska vi fundera p\u00e5 h\u00e4rn\u00e4st?<\/h2><\/div><div class=\"et_pb_button_wrapper\"><a class=\"et_pb_button et_pb_promo_button\" href=\"\/sv\/ota-yhteytta\/\">F\u00d6RESL\u00c5 ETT \u00c4MNE<\/a><\/div><\/div><\/div><div class=\"et_pb_column_6 et_pb_column et_pb_column_1_3 et-last-child et_block_column et_pb_css_mix_blend_mode_passthrough\"><div class=\"et_pb_divider_1 et_pb_divider_hidden et_pb_space et_pb_divider_position_top et_pb_module\"><div class=\"et_pb_divider_internal\"><\/div><\/div><\/div><\/div><\/div>","protected":false},"excerpt":{"rendered":"","protected":false},"author":4,"featured_media":5469,"parent":352,"menu_order":6,"comment_status":"open","ping_status":"open","template":"","meta":{"footnotes":""},"class_list":["post-336","page","type-page","status-publish","has-post-thumbnail","hentry"],"yoast_head":"<!-- This site is optimized with the Yoast SEO plugin v27.6 - https:\/\/yoast.com\/product\/yoast-seo-wordpress\/ -->\n<title>V\u00e4limatka - Memocate<\/title>\n<meta name=\"robots\" content=\"index, follow, max-snippet:-1, max-image-preview:large, max-video-preview:-1\" \/>\n<link rel=\"canonical\" href=\"https:\/\/memocate.com\/sv\/vuorovaikutus\/valimatka\/\" \/>\n<meta property=\"og:locale\" content=\"sv_SE\" \/>\n<meta property=\"og:type\" content=\"article\" \/>\n<meta property=\"og:title\" content=\"V\u00e4limatka - Memocate\" \/>\n<meta property=\"og:url\" content=\"https:\/\/memocate.com\/sv\/vuorovaikutus\/valimatka\/\" \/>\n<meta property=\"og:site_name\" content=\"Memocate\" \/>\n<meta property=\"article:modified_time\" content=\"2026-03-28T10:36:25+00:00\" \/>\n<meta property=\"og:image\" content=\"https:\/\/memocate.com\/wp-content\/uploads\/2026\/03\/memocate-og-image.png\" \/>\n\t<meta property=\"og:image:width\" content=\"1200\" \/>\n\t<meta property=\"og:image:height\" content=\"675\" \/>\n\t<meta property=\"og:image:type\" content=\"image\/png\" \/>\n<meta name=\"twitter:card\" content=\"summary_large_image\" \/>\n<script type=\"application\/ld+json\" class=\"yoast-schema-graph\">{\"@context\":\"https:\\\/\\\/schema.org\",\"@graph\":[{\"@type\":\"WebPage\",\"@id\":\"https:\\\/\\\/memocate.com\\\/vuorovaikutus\\\/valimatka\\\/\",\"url\":\"https:\\\/\\\/memocate.com\\\/vuorovaikutus\\\/valimatka\\\/\",\"name\":\"V\u00e4limatka - Memocate\",\"isPartOf\":{\"@id\":\"https:\\\/\\\/memocate.com\\\/#website\"},\"primaryImageOfPage\":{\"@id\":\"https:\\\/\\\/memocate.com\\\/vuorovaikutus\\\/valimatka\\\/#primaryimage\"},\"image\":{\"@id\":\"https:\\\/\\\/memocate.com\\\/vuorovaikutus\\\/valimatka\\\/#primaryimage\"},\"thumbnailUrl\":\"https:\\\/\\\/memocate.com\\\/wp-content\\\/uploads\\\/2019\\\/09\\\/web_comic-6_frame@2x.png\",\"datePublished\":\"2018-11-16T14:13:10+00:00\",\"dateModified\":\"2026-03-28T10:36:25+00:00\",\"breadcrumb\":{\"@id\":\"https:\\\/\\\/memocate.com\\\/vuorovaikutus\\\/valimatka\\\/#breadcrumb\"},\"inLanguage\":\"sv-SE\",\"potentialAction\":[{\"@type\":\"ReadAction\",\"target\":[\"https:\\\/\\\/memocate.com\\\/vuorovaikutus\\\/valimatka\\\/\"]}]},{\"@type\":\"ImageObject\",\"inLanguage\":\"sv-SE\",\"@id\":\"https:\\\/\\\/memocate.com\\\/vuorovaikutus\\\/valimatka\\\/#primaryimage\",\"url\":\"https:\\\/\\\/memocate.com\\\/wp-content\\\/uploads\\\/2019\\\/09\\\/web_comic-6_frame@2x.png\",\"contentUrl\":\"https:\\\/\\\/memocate.com\\\/wp-content\\\/uploads\\\/2019\\\/09\\\/web_comic-6_frame@2x.png\",\"width\":1212,\"height\":460,\"caption\":\"Sarjakuva: V\u00e4limatka \u2014 muistisairaan ja omaisen v\u00e4linen et\u00e4isyys\"},{\"@type\":\"BreadcrumbList\",\"@id\":\"https:\\\/\\\/memocate.com\\\/vuorovaikutus\\\/valimatka\\\/#breadcrumb\",\"itemListElement\":[{\"@type\":\"ListItem\",\"position\":1,\"name\":\"Home\",\"item\":\"https:\\\/\\\/memocate.com\\\/\"},{\"@type\":\"ListItem\",\"position\":2,\"name\":\"Vuorovaikutus\",\"item\":\"https:\\\/\\\/memocate.com\\\/vuorovaikutus\\\/\"},{\"@type\":\"ListItem\",\"position\":3,\"name\":\"V\u00e4limatka\"}]},{\"@type\":\"WebSite\",\"@id\":\"https:\\\/\\\/memocate.com\\\/#website\",\"url\":\"https:\\\/\\\/memocate.com\\\/\",\"name\":\"Memocate\",\"description\":\"Muistisairaus, vuorovaikutus ja hyv\u00e4 kohtaaminen\",\"publisher\":{\"@id\":\"https:\\\/\\\/memocate.com\\\/#organization\"},\"potentialAction\":[{\"@type\":\"SearchAction\",\"target\":{\"@type\":\"EntryPoint\",\"urlTemplate\":\"https:\\\/\\\/memocate.com\\\/?s={search_term_string}\"},\"query-input\":{\"@type\":\"PropertyValueSpecification\",\"valueRequired\":true,\"valueName\":\"search_term_string\"}}],\"inLanguage\":\"sv-SE\"},{\"@type\":\"Organization\",\"@id\":\"https:\\\/\\\/memocate.com\\\/#organization\",\"name\":\"Memocate Oy\",\"url\":\"https:\\\/\\\/memocate.com\\\/\",\"logo\":{\"@type\":\"ImageObject\",\"inLanguage\":\"sv-SE\",\"@id\":\"https:\\\/\\\/memocate.com\\\/#\\\/schema\\\/logo\\\/image\\\/\",\"url\":\"https:\\\/\\\/memocate.com\\\/wp-content\\\/uploads\\\/2019\\\/07\\\/Memocate_horizontal_logo.svg\",\"contentUrl\":\"https:\\\/\\\/memocate.com\\\/wp-content\\\/uploads\\\/2019\\\/07\\\/Memocate_horizontal_logo.svg\",\"width\":213,\"height\":70,\"caption\":\"Memocate Oy\"},\"image\":{\"@id\":\"https:\\\/\\\/memocate.com\\\/#\\\/schema\\\/logo\\\/image\\\/\"}}]}<\/script>\n<!-- \/ Yoast SEO plugin. -->","yoast_head_json":{"title":"V\u00e4limatka - Memocate","robots":{"index":"index","follow":"follow","max-snippet":"max-snippet:-1","max-image-preview":"max-image-preview:large","max-video-preview":"max-video-preview:-1"},"canonical":"https:\/\/memocate.com\/sv\/vuorovaikutus\/valimatka\/","og_locale":"sv_SE","og_type":"article","og_title":"V\u00e4limatka - Memocate","og_url":"https:\/\/memocate.com\/sv\/vuorovaikutus\/valimatka\/","og_site_name":"Memocate","article_modified_time":"2026-03-28T10:36:25+00:00","og_image":[{"width":1200,"height":675,"url":"https:\/\/memocate.com\/wp-content\/uploads\/2026\/03\/memocate-og-image.png","type":"image\/png"}],"twitter_card":"summary_large_image","schema":{"@context":"https:\/\/schema.org","@graph":[{"@type":"WebPage","@id":"https:\/\/memocate.com\/vuorovaikutus\/valimatka\/","url":"https:\/\/memocate.com\/vuorovaikutus\/valimatka\/","name":"V\u00e4limatka - Memocate","isPartOf":{"@id":"https:\/\/memocate.com\/#website"},"primaryImageOfPage":{"@id":"https:\/\/memocate.com\/vuorovaikutus\/valimatka\/#primaryimage"},"image":{"@id":"https:\/\/memocate.com\/vuorovaikutus\/valimatka\/#primaryimage"},"thumbnailUrl":"https:\/\/memocate.com\/wp-content\/uploads\/2019\/09\/web_comic-6_frame@2x.png","datePublished":"2018-11-16T14:13:10+00:00","dateModified":"2026-03-28T10:36:25+00:00","breadcrumb":{"@id":"https:\/\/memocate.com\/vuorovaikutus\/valimatka\/#breadcrumb"},"inLanguage":"sv-SE","potentialAction":[{"@type":"ReadAction","target":["https:\/\/memocate.com\/vuorovaikutus\/valimatka\/"]}]},{"@type":"ImageObject","inLanguage":"sv-SE","@id":"https:\/\/memocate.com\/vuorovaikutus\/valimatka\/#primaryimage","url":"https:\/\/memocate.com\/wp-content\/uploads\/2019\/09\/web_comic-6_frame@2x.png","contentUrl":"https:\/\/memocate.com\/wp-content\/uploads\/2019\/09\/web_comic-6_frame@2x.png","width":1212,"height":460,"caption":"Sarjakuva: V\u00e4limatka \u2014 muistisairaan ja omaisen v\u00e4linen et\u00e4isyys"},{"@type":"BreadcrumbList","@id":"https:\/\/memocate.com\/vuorovaikutus\/valimatka\/#breadcrumb","itemListElement":[{"@type":"ListItem","position":1,"name":"Home","item":"https:\/\/memocate.com\/"},{"@type":"ListItem","position":2,"name":"Vuorovaikutus","item":"https:\/\/memocate.com\/vuorovaikutus\/"},{"@type":"ListItem","position":3,"name":"V\u00e4limatka"}]},{"@type":"WebSite","@id":"https:\/\/memocate.com\/#website","url":"https:\/\/memocate.com\/","name":"Memocate","description":"Muistisairaus, vuorovaikutus ja hyv\u00e4 kohtaaminen","publisher":{"@id":"https:\/\/memocate.com\/#organization"},"potentialAction":[{"@type":"SearchAction","target":{"@type":"EntryPoint","urlTemplate":"https:\/\/memocate.com\/?s={search_term_string}"},"query-input":{"@type":"PropertyValueSpecification","valueRequired":true,"valueName":"search_term_string"}}],"inLanguage":"sv-SE"},{"@type":"Organization","@id":"https:\/\/memocate.com\/#organization","name":"Memocate Oy","url":"https:\/\/memocate.com\/","logo":{"@type":"ImageObject","inLanguage":"sv-SE","@id":"https:\/\/memocate.com\/#\/schema\/logo\/image\/","url":"https:\/\/memocate.com\/wp-content\/uploads\/2019\/07\/Memocate_horizontal_logo.svg","contentUrl":"https:\/\/memocate.com\/wp-content\/uploads\/2019\/07\/Memocate_horizontal_logo.svg","width":213,"height":70,"caption":"Memocate Oy"},"image":{"@id":"https:\/\/memocate.com\/#\/schema\/logo\/image\/"}}]}},"_links":{"self":[{"href":"https:\/\/memocate.com\/sv\/wp-json\/wp\/v2\/pages\/336","targetHints":{"allow":["GET"]}}],"collection":[{"href":"https:\/\/memocate.com\/sv\/wp-json\/wp\/v2\/pages"}],"about":[{"href":"https:\/\/memocate.com\/sv\/wp-json\/wp\/v2\/types\/page"}],"author":[{"embeddable":true,"href":"https:\/\/memocate.com\/sv\/wp-json\/wp\/v2\/users\/4"}],"replies":[{"embeddable":true,"href":"https:\/\/memocate.com\/sv\/wp-json\/wp\/v2\/comments?post=336"}],"version-history":[{"count":12,"href":"https:\/\/memocate.com\/sv\/wp-json\/wp\/v2\/pages\/336\/revisions"}],"predecessor-version":[{"id":8953,"href":"https:\/\/memocate.com\/sv\/wp-json\/wp\/v2\/pages\/336\/revisions\/8953"}],"up":[{"embeddable":true,"href":"https:\/\/memocate.com\/sv\/wp-json\/wp\/v2\/pages\/352"}],"wp:featuredmedia":[{"embeddable":true,"href":"https:\/\/memocate.com\/sv\/wp-json\/wp\/v2\/media\/5469"}],"wp:attachment":[{"href":"https:\/\/memocate.com\/sv\/wp-json\/wp\/v2\/media?parent=336"}],"curies":[{"name":"wp","href":"https:\/\/api.w.org\/{rel}","templated":true}]}}