{"id":233,"date":"2018-10-31T19:52:20","date_gmt":"2018-10-31T17:52:20","guid":{"rendered":"https:\/\/memocateomaishoitajille.gaselli.software\/?page_id=233"},"modified":"2026-03-23T10:04:33","modified_gmt":"2026-03-23T08:04:33","slug":"semanttinen-dementia","status":"publish","type":"page","link":"https:\/\/memocate.com\/sv\/mita-ovat-yleisimmat-muistisairaudet\/otsa-ohimolohkorappeumat\/semanttinen-dementia\/","title":{"rendered":"Semantisk demens"},"content":{"rendered":"<div class=\"et_pb_section_0 et_pb_section et_section_regular et_block_section\"><div class=\"et_pb_row_0 et_pb_row et_block_row\"><div class=\"et_pb_column_0 et_pb_column et_pb_column_4_4 et-last-child et_block_column et_pb_css_mix_blend_mode_passthrough\"><div class=\"et_pb_text_0 et_pb_text et_pb_bg_layout_light et_pb_module et_block_module et_pb_text_align_center\"><div class=\"et_pb_text_inner\"><h6>OSA 7 \/ 7<\/p>\n<h6>\n<h1> Semantisk demens <\/h1>\n<\/div><\/div><\/div><\/div><div class=\"et_pb_row_1 et_pb_row et_block_row\"><div class=\"et_pb_column_1 et_pb_column et_pb_column_1_3 et_block_column et_pb_css_mix_blend_mode_passthrough\"><div class=\"et_pb_blurb_0 et_pb_blurb et_pb_bg_layout_light et_pb_text_align_center et_pb_blurb_position_top et_pb_module et_block_module\"><div class=\"et_pb_blurb_content\"><div class=\"et_pb_main_blurb_image\"><span class=\"et_pb_image_wrap et_pb_only_image_mode_wrap\"><img loading=\"lazy\" decoding=\"async\" src=\"https:\/\/memocate.com\/wp-content\/uploads\/2019\/08\/n1.png\" width=\"151\" height=\"151\" srcset=\"https:\/\/memocate.com\/wp-content\/uploads\/2019\/08\/n1.png 151w, https:\/\/memocate.com\/wp-content\/uploads\/2019\/08\/n1-150x150.png 150w\" sizes=\"(max-width: 151px) 100vw, 151px\" class=\"et-waypoint et_pb_animation_off et_pb_animation_off_tablet et_pb_animation_off_phone wp-image-3098\" \/><\/span><\/div><div class=\"et_pb_blurb_container\"><h3 class=\"et_pb_module_header\">Inneb\u00e4r sv\u00e5righeter att f\u00f6rst\u00e5 vad ord betyder<\/h3><\/div><\/div><\/div><\/div><div class=\"et_pb_column_2 et_pb_column et_pb_column_1_3 et_block_column et_pb_css_mix_blend_mode_passthrough\"><div class=\"et_pb_blurb_1 et_pb_blurb et_pb_bg_layout_light et_pb_text_align_center et_pb_blurb_position_top et_pb_module et_block_module\"><div class=\"et_pb_blurb_content\"><div class=\"et_pb_main_blurb_image\"><span class=\"et_pb_image_wrap et_pb_only_image_mode_wrap\"><img loading=\"lazy\" decoding=\"async\" src=\"https:\/\/memocate.com\/wp-content\/uploads\/2019\/08\/n2.png\" width=\"151\" height=\"151\" srcset=\"https:\/\/memocate.com\/wp-content\/uploads\/2019\/08\/n2.png 151w, https:\/\/memocate.com\/wp-content\/uploads\/2019\/08\/n2-150x150.png 150w\" sizes=\"(max-width: 151px) 100vw, 151px\" class=\"et-waypoint et_pb_animation_off et_pb_animation_off_tablet et_pb_animation_off_phone wp-image-3102\" \/><\/span><\/div><div class=\"et_pb_blurb_container\"><h3 class=\"et_pb_module_header\">Oireena on my\u00f6s vaikeus nimet\u00e4 asioita<\/h3><\/div><\/div><\/div><\/div><div class=\"et_pb_column_3 et_pb_column et_pb_column_1_3 et-last-child et_block_column et_pb_css_mix_blend_mode_passthrough\"><div class=\"et_pb_blurb_2 et_pb_blurb et_pb_bg_layout_light et_pb_text_align_center et_pb_blurb_position_top et_pb_module et_block_module\"><div class=\"et_pb_blurb_content\"><div class=\"et_pb_main_blurb_image\"><span class=\"et_pb_image_wrap et_pb_only_image_mode_wrap\"><img loading=\"lazy\" decoding=\"async\" src=\"https:\/\/memocate.com\/wp-content\/uploads\/2019\/08\/n3.png\" width=\"151\" height=\"151\" srcset=\"https:\/\/memocate.com\/wp-content\/uploads\/2019\/08\/n3.png 151w, https:\/\/memocate.com\/wp-content\/uploads\/2019\/08\/n3-150x150.png 150w\" sizes=\"(max-width: 151px) 100vw, 151px\" class=\"et-waypoint et_pb_animation_off et_pb_animation_off_tablet et_pb_animation_off_phone wp-image-3103\" \/><\/span><\/div><div class=\"et_pb_blurb_container\"><h3 class=\"et_pb_module_header\">Puhe voi kuulostaa pinnallisesti sujuvalta, mutta olla merkitykselt\u00e4\u00e4n tyhj\u00e4\u00e4<\/h3><\/div><\/div><\/div><\/div><\/div><div class=\"et_pb_row_2 et_pb_row et_block_row\"><div class=\"et_pb_column_4 et_pb_column et_pb_column_4_4 et-last-child et_block_column et_pb_css_mix_blend_mode_passthrough\"><div class=\"et_pb_text_1 et_pb_text et_pb_bg_layout_light et_pb_module et_block_module et_pb_text_align_center\"><div class=\"et_pb_text_inner\"><p>Forts\u00e4tt l\u00e4sa nedan<\/p>\n<\/div><\/div><div class=\"et_pb_blurb_3 et_pb_blurb et_pb_bg_layout_light et_pb_text_align_center et_pb_blurb_position_top et_animated et_pb_module et_block_module\"><div class=\"et_pb_blurb_content\"><div class=\"et_pb_main_blurb_image\"><a href=\"#article\"><span class=\"et_pb_image_wrap\"><span class=\"et-pb-icon et-waypoint et_pb_animation_top et_pb_animation_top_tablet et_pb_animation_top_phone\">&quot;<\/span><\/span><\/a><\/div><div class=\"et_pb_blurb_container\"><\/div><\/div><\/div><\/div><\/div><\/div><div class=\"et_pb_section_1 et_pb_section et_section_regular et_block_section\" id=\"article\"><div class=\"et_pb_row_3 et_pb_row et_block_row\"><div class=\"et_pb_column_5 et_pb_column et_pb_column_4_4 et-last-child et_block_column et_pb_css_mix_blend_mode_passthrough\"><div class=\"et_pb_text_2 et_pb_text et_pb_bg_layout_light et_pb_module et_block_module\"><div class=\"et_pb_text_inner\"><p>Semanttiselle dementialle ominaista on sanojen ja asioiden merkityssis\u00e4lt\u00f6jen katoaminen. Selvimmin t\u00e4m\u00e4 tulee ilmi siten, ett\u00e4 henkil\u00f6 ei ymm\u00e4rr\u00e4, mit\u00e4 sanat tarkoittavat ja asioiden nime\u00e4minen ei aina onnistu. H\u00e4nen puheensa voi kuulostaa pinnallisesti sujuvalta, mutta olla merkitykselt\u00e4\u00e4n tyhj\u00e4\u00e4. Henkil\u00f6 voi kuitenkin kyet\u00e4 lukemaan \u00e4\u00e4neen sek\u00e4 kirjoittamaan sanelusta vaikka h\u00e4n ei ymm\u00e4rt\u00e4isik\u00e4\u00e4n tekstin sis\u00e4lt\u00f6\u00e4.<\/p>\n<p>Merkitysten h\u00e4vi\u00e4minen ulottuu usein kielellisi\u00e4 toimintoja laajemmalle. Sairastuneella voi olla ongelmia n\u00e4\u00f6nvaraisessa hahmottamisessa sek\u00e4 kasvojen ja esineiden tunnistamisessa. My\u00f6s empatiakyky voi heikenty\u00e4 sek\u00e4 tulla poikkeavaa kiinnostusta rahaan ja s\u00e4\u00e4st\u00e4miseen.<\/p>\n<p>Semaattisesta dementiasta tunnistetaan nyky\u00e4\u00e4n paremmin my\u00f6s niin kutsuttu oikeanpuoleinen variantti, jossa vaurio painottuu oikeaan ohimolohkoon. Toisin kuin tyypillisess\u00e4 vasemmanpuoleisessa muodossa, oireet eiv\u00e4t ala sanojen merkitysten katoamisella, vaan vaikeuksilla tunnistaa kasvoja ja ymm\u00e4rt\u00e4\u00e4 sosiaalisia tilanteita. T\u00e4m\u00e4 variantti voi olla erityisen h\u00e4mment\u00e4v\u00e4 l\u00e4heisille, koska potilas saattaa vaikuttaa kielellisesti normaalilta mutta k\u00e4ytt\u00e4ytyy sosiaalisesti poikkeavasti.<\/p>\n<\/div><\/div><\/div><\/div><\/div><div class=\"et_pb_section_2 et_pb_section et_section_regular et_block_section\"><div class=\"et_pb_row_4 et_pb_row et_block_row quote_row\"><div class=\"et_pb_column_6 et_pb_column et_pb_column_4_4 et-last-child et_block_column et_pb_css_mix_blend_mode_passthrough\"><div class=\"et_pb_text_3 et_pb_text et_pb_bg_layout_light et_pb_module et_block_module\"><div class=\"et_pb_text_inner\"><h2>L\u00e4himuistiongelmia tuli vasta my\u00f6hemmin<\/h2>\n<\/div><\/div><div class=\"et_pb_text_4 et_pb_text et_pb_bg_layout_light et_pb_module et_block_module\"><div class=\"et_pb_text_inner\"><p>Minulla on usein vaikeuksia ilmaista itse\u00e4ni. Tuntuu, ett\u00e4 kakistelen ja kakistelen, mutta tavoittelemani sana ei tule ulos. V\u00e4lill\u00e4 on ihan selke\u00e4 olo, mutta esimerkiksi ryhm\u00e4tilanteissa en oikein uskalla en\u00e4\u00e4 puhua.<\/p>\n<p>Sain diagnoosin vuosi sitten toukokuussa, mutta jo vuosikausia olen tuntenut, ett\u00e4 jotain on vialla ja yritt\u00e4nyt selvitt\u00e4\u00e4, mist\u00e4 on kyse. Kuvittelin, ett\u00e4 p\u00e4\u00e4ss\u00e4ni olisi kasvain tai jotain muuta erikoista. En osannut ajatella, ett\u00e4 kyse olisi muistisairaudesta, koska ne ensimm\u00e4iset oireet eiv\u00e4t liittyneet muistamiseen. L\u00e4himuistiongelmia tuli vasta my\u00f6hemmin.<\/p>\n<p>Oireet olivat ep\u00e4m\u00e4\u00e4r\u00e4isi\u00e4, mutta sitten tuli yksi selke\u00e4 tapahtuma, jonka j\u00e4lkeen p\u00e4\u00e4tin hakeutua neurologisiin tutkimuksiin. Siit\u00e4 on jo yli kymmenen vuotta. El\u00e4kkeelle j\u00e4\u00e4misen j\u00e4lkeen tein vapaaehtoisty\u00f6t\u00e4 lasten parissa. Olin yhden lapsiryhm\u00e4n kanssa mets\u00e4ss\u00e4 ja minulle tuli ihan kummallinen olo. Koko n\u00e4k\u00f6kentt\u00e4 muuttui ensin punaiseksi, ja sen j\u00e4lkeen tuli sellainen pys\u00e4htynyt ja poissaoleva tunne.<\/p>\n<p>P\u00e4rj\u00e4sin CERAD-tutkimuksissa (kognitiivinen teht\u00e4v\u00e4sarja) ihan hyvin, ja sen vuoksi minulle aina sanottiin, ett\u00e4 mit\u00e4\u00e4n vikaa ei ole. Turhauduin siihen, ett\u00e4 aina kun yritin hakea apua, tehtiin vain CERAD-tutkimus. Lopulta sanoin, ett\u00e4 en en\u00e4\u00e4 halua sit\u00e4, koska se ei johda mihink\u00e4\u00e4n.<\/p>\n<p>Aloin kompastelemaan ja kaatuilemaan ja kerran kaaduin niin pahasti, ett\u00e4 minut vietiin sairaalaan. Siell\u00e4 otettiin tomografia ja huomattiin rappeumaa vasemmassa ohimolohkossa ja sain l\u00e4hetteen geriatrian poliklinikalle. Silloin diagnosoitiin semanttinen dementia. Olin siit\u00e4 diagnoosista hirve\u00e4n iloinen, joka varmaankin tuntui muista hassulta. Minulle se diagnoosi oli kuitenkin helpotus. Rauhotuin kun ei en\u00e4\u00e4 tarvinnut mietti\u00e4, mik\u00e4 minua uhkaa. Ajattelin, ett\u00e4 kun ne oireet ovat jo niin kauan olleet ja olen t\u00e4m\u00e4n ik\u00e4inenkin, niin tuskin se sairaus kovin pahaksi ehtii.<\/p>\n<p>Kyll\u00e4 min\u00e4 ihan hyvin p\u00e4rj\u00e4\u00e4n. Laitan ruokaa itse ja k\u00e4yn l\u00e4hikaupassa. Asun yksin ja aika paljon olen siell\u00e4 kotona. Minulla on ollut paljon harrastuksia, mutta nyt ei oikein kiinnosta en\u00e4\u00e4 l\u00e4hte\u00e4 mihink\u00e4\u00e4n. Toisaalta en oikein uskallakaan l\u00e4hte\u00e4 pidemm\u00e4lle. V\u00e4syn my\u00f6s aika helposti. P\u00e4\u00e4 tuntuu raskaalta.<\/p>\n<p>Onhan minulla kuitenkin ik\u00e4\u00e4kin. Ei se kaikki johdu t\u00e4st\u00e4 sairaudesta, vaan osa johtuu ihan vanhuudestakin. V\u00e4lill\u00e4 on yksin\u00e4isyyden hetki\u00e4, mutta en kuitenkaan koe olevani mitenk\u00e4\u00e4n masentunut. Geriatrisen poliklinikan kautta minulla olisi mahdollisuus k\u00e4yd\u00e4 psykiatrin tai psykologin luona, mutta en min\u00e4 en\u00e4\u00e4 halua penkoa omia asioitani. En koe, ett\u00e4 se t\u00e4ss\u00e4 i\u00e4ss\u00e4 on en\u00e4\u00e4 v\u00e4ltt\u00e4m\u00e4t\u00f6nt\u00e4k\u00e4\u00e4n. El\u00e4m\u00e4st\u00e4 l\u00f6ytyy my\u00f6s asioita, jotka tuottavat iloa. Tykk\u00e4\u00e4n esimerkiksi seurata luontoa.<\/p>\n<p>Omaiset eiv\u00e4t huomanneet voinnissani mit\u00e4\u00e4n poikkeavaa ennen kuin itse diagnoosin saatuani kerroin. Nytk\u00e4\u00e4n siihen ei kukaan erityisesti kiinnit\u00e4 mit\u00e4\u00e4n huomiota. V\u00e4lill\u00e4 jopa toivoisin, ett\u00e4 v\u00e4h\u00e4n enemm\u00e4n kyselt\u00e4isiin vaikka vointia. On siin\u00e4 tietysti hyvi\u00e4kin puolia, ett\u00e4 kaikki kohtelevat minua ihan samalla tavalla kuin ennenkin.<\/p>\n<p>~Nainen, 88 vuotta<\/p>\n<\/div><\/div><\/div><\/div><\/div><div class=\"et_pb_section_3 et_pb_section et_section_regular et_block_section\"><div class=\"et_pb_row_5 et_pb_row et_pb_gutters2 et_block_row\"><div class=\"et_pb_column_7 et_pb_column et_pb_column_1_3 et_block_column et_pb_css_mix_blend_mode_passthrough\"><div class=\"et_pb_blurb_4 et_pb_blurb et_pb_bg_layout_dark et_pb_blurb_position_left et_clickable et_pb_module et_block_module ftr-blrb\"><div class=\"et_pb_blurb_content\"><div class=\"et_pb_main_blurb_image\"><a href=\"\/sv\/mita-ovat-yleisimmat-muistisairaudet\/otsa-ohimolohkorappeumat\/otsalohkodementia\/\"><span class=\"et_pb_image_wrap et_pb_only_image_mode_wrap\"><img loading=\"lazy\" decoding=\"async\" src=\"https:\/\/memocate.com\/wp-content\/uploads\/2019\/03\/cloud_3.svg\" width=\"82\" height=\"66\" srcset=\"https:\/\/memocate.com\/wp-content\/uploads\/2019\/03\/cloud_3.svg 82w\" sizes=\"(max-width: 82px) 100vw, 82px\" class=\"et-waypoint et_pb_animation_top et_pb_animation_top_tablet et_pb_animation_top_phone wp-image-1156\" \/><\/span><\/a><\/div><div class=\"et_pb_blurb_container\"><h4 class=\"et_pb_module_header\"><a href=\"\/sv\/mita-ovat-yleisimmat-muistisairaudet\/otsa-ohimolohkorappeumat\/otsalohkodementia\/\">Minnessjukdomar<\/a><\/h4><div class=\"et_pb_blurb_description\"><h3>Frontallobsdemens<\/h3>\n<p><a class=\"read-more\" href=\"\/sv\/mita-ovat-yleisimmat-muistisairaudet\/otsa-ohimolohkorappeumat\/otsalohkodementia\/\">L\u00e4s mer <img decoding=\"async\" src=\"\/wp-content\/uploads\/2019\/03\/arrow_right-green.svg\"><\/a><\/p>\n<\/div><\/div><\/div><\/div><\/div><div class=\"et_pb_column_8 et_pb_column et_pb_column_1_3 et_block_column et_pb_css_mix_blend_mode_passthrough\"><div class=\"et_pb_blurb_5 et_pb_blurb et_pb_bg_layout_dark et_pb_blurb_position_left et_clickable et_pb_module et_block_module ftr-blrb\"><div class=\"et_pb_blurb_content\"><div class=\"et_pb_main_blurb_image\"><a href=\"\/sv\/mita-ovat-yleisimmat-muistisairaudet\/otsa-ohimolohkorappeumat\/eteneva-sujumaton-afasia\/\"><span class=\"et_pb_image_wrap et_pb_only_image_mode_wrap\"><img loading=\"lazy\" decoding=\"async\" src=\"https:\/\/memocate.com\/wp-content\/uploads\/2019\/03\/cloud_2.svg\" width=\"82\" height=\"61\" srcset=\"https:\/\/memocate.com\/wp-content\/uploads\/2019\/03\/cloud_2.svg 82w\" sizes=\"(max-width: 82px) 100vw, 82px\" class=\"et-waypoint et_pb_animation_top et_pb_animation_top_tablet et_pb_animation_top_phone wp-image-1155\" \/><\/span><\/a><\/div><div class=\"et_pb_blurb_container\"><h4 class=\"et_pb_module_header\"><a href=\"\/sv\/mita-ovat-yleisimmat-muistisairaudet\/otsa-ohimolohkorappeumat\/eteneva-sujumaton-afasia\/\">Minnessjukdomar<\/a><\/h4><div class=\"et_pb_blurb_description\"><h3>Progressiv icke-flytande afasi<\/h3>\n<p><a class=\"read-more\" href=\"\/sv\/mita-ovat-yleisimmat-muistisairaudet\/otsa-ohimolohkorappeumat\/eteneva-sujumaton-afasia\/\">L\u00e4s mer <img decoding=\"async\" src=\"\/wp-content\/uploads\/2019\/03\/arrow_right-green.svg\"><\/a><\/p>\n<\/div><\/div><\/div><\/div><\/div><div class=\"et_pb_column_9 et_pb_column et_pb_column_1_3 et-last-child et_block_column et_pb_css_mix_blend_mode_passthrough\"><div class=\"et_pb_blurb_6 et_pb_blurb et_pb_bg_layout_dark et_pb_blurb_position_left et_clickable et_pb_module et_block_module ftr-blrb\"><div class=\"et_pb_blurb_content\"><div class=\"et_pb_main_blurb_image\"><a href=\"\/sv\/vuorovaikutus\/kohti-parempaa-vuorovaikutusta\/neuvoja-omaiselta-omaiselle\/\"><span class=\"et_pb_image_wrap et_pb_only_image_mode_wrap\"><img loading=\"lazy\" decoding=\"async\" src=\"https:\/\/memocate.com\/wp-content\/uploads\/2019\/03\/cloud_1.svg\" width=\"77\" height=\"66\" srcset=\"https:\/\/memocate.com\/wp-content\/uploads\/2019\/03\/cloud_1.svg 77w\" sizes=\"(max-width: 77px) 100vw, 77px\" class=\"et-waypoint et_pb_animation_top et_pb_animation_top_tablet et_pb_animation_top_phone wp-image-1154\" \/><\/span><\/a><\/div><div class=\"et_pb_blurb_container\"><h4 class=\"et_pb_module_header\"><a href=\"\/sv\/vuorovaikutus\/kohti-parempaa-vuorovaikutusta\/neuvoja-omaiselta-omaiselle\/\"> V\u00e4xelverkan<\/a><\/h4><div class=\"et_pb_blurb_description\"><h3>R\u00e5d fr\u00e5n anh\u00f6rig till anh\u00f6rig<\/h3>\n<p><a class=\"read-more\" href=\"\/sv\/vuorovaikutus\/kohti-parempaa-vuorovaikutusta\/neuvoja-omaiselta-omaiselle\/\">L\u00e4s mer <img decoding=\"async\" src=\"\/wp-content\/uploads\/2019\/03\/arrow_right-green.svg\"><\/a><\/p>\n<\/div><\/div><\/div><\/div><\/div><\/div><\/div><div class=\"et_pb_section_4 et_pb_section et_section_regular et_block_section\"><div class=\"et_pb_row_6 et_pb_row et_pb_equal_columns et_pb_gutters1 et_block_row et_pb_row_fullwidth\"><div class=\"et_pb_column_10 et_pb_column et_pb_column_1_3 et_block_column et_pb_column_empty et_pb_css_mix_blend_mode_passthrough\"><\/div><div class=\"et_pb_column_11 et_pb_column et_pb_column_1_3 et_block_column et_pb_css_mix_blend_mode_passthrough\"><div class=\"et_pb_cta_0 et_pb_promo et_pb_bg_layout_dark et_pb_module et_block_module\"><div class=\"et_pb_promo_description\"><h2 class=\"et_pb_module_header\">Har du ny forskningsinformation eller utvecklingsid\u00e9er f\u00f6r webbplatsen?<\/h2><\/div><div class=\"et_pb_button_wrapper\"><a class=\"et_pb_button et_pb_promo_button\" href=\"\/sv\/kouluttaudu-kanssamme\/#ota-yhteytta\">Kontakta oss<\/a><\/div><\/div><\/div><div class=\"et_pb_column_12 et_pb_column et_pb_column_1_3 et-last-child et_block_column et_pb_column_empty et_pb_css_mix_blend_mode_passthrough\"><\/div><\/div><div class=\"et_pb_row_7 et_pb_row et_pb_equal_columns et_pb_gutters1 et_block_row et_pb_row_fullwidth\"><div class=\"et_pb_column_13 et_pb_column et_pb_column_4_4 et-last-child et_block_column et_pb_css_mix_blend_mode_passthrough\"><div class=\"et_pb_cta_1 et_pb_promo et_pb_bg_layout_dark et_pb_module et_block_module\"><div class=\"et_pb_promo_description\"><h2 class=\"et_pb_module_header\">Har du ny forskningsinformation eller utvecklingsid\u00e9er f\u00f6r webbplatsen?<\/h2><\/div><div class=\"et_pb_button_wrapper\"><a class=\"et_pb_button et_pb_promo_button\" href=\"\/sv\/kouluttaudu-kanssamme\/#ota-yhteytta\">Kontakta oss<\/a><\/div><\/div><\/div><\/div><\/div>","protected":false},"excerpt":{"rendered":"","protected":false},"author":4,"featured_media":0,"parent":217,"menu_order":3,"comment_status":"closed","ping_status":"closed","template":"","meta":{"footnotes":""},"class_list":["post-233","page","type-page","status-publish","hentry"],"yoast_head":"<!-- This site is optimized with the Yoast SEO plugin v27.5 - https:\/\/yoast.com\/product\/yoast-seo-wordpress\/ -->\n<title>Semanttinen dementia \u2013 Memocate<\/title>\n<meta name=\"description\" content=\"Semanttinen dementia vaikuttaa sanojen ja k\u00e4sitteiden merkitysten ymm\u00e4rt\u00e4miseen. Lue oireista ja kommunikaation tukemisesta.\" \/>\n<meta name=\"robots\" content=\"index, follow, max-snippet:-1, max-image-preview:large, max-video-preview:-1\" \/>\n<link rel=\"canonical\" href=\"https:\/\/memocate.com\/sv\/mita-ovat-yleisimmat-muistisairaudet\/otsa-ohimolohkorappeumat\/semanttinen-dementia\/\" \/>\n<meta property=\"og:locale\" content=\"sv_SE\" \/>\n<meta property=\"og:type\" content=\"article\" \/>\n<meta property=\"og:title\" content=\"Semanttinen dementia \u2013 Memocate\" \/>\n<meta property=\"og:description\" content=\"Semanttinen dementia vaikuttaa sanojen ja k\u00e4sitteiden merkitysten ymm\u00e4rt\u00e4miseen. Lue oireista ja kommunikaation tukemisesta.\" \/>\n<meta property=\"og:url\" content=\"https:\/\/memocate.com\/sv\/mita-ovat-yleisimmat-muistisairaudet\/otsa-ohimolohkorappeumat\/semanttinen-dementia\/\" \/>\n<meta property=\"og:site_name\" content=\"Memocate\" \/>\n<meta property=\"article:modified_time\" content=\"2026-03-23T08:04:33+00:00\" \/>\n<meta property=\"og:image\" content=\"https:\/\/memocate.com\/wp-content\/uploads\/2026\/03\/memocate-og-image.png\" \/>\n\t<meta property=\"og:image:width\" content=\"1200\" \/>\n\t<meta property=\"og:image:height\" content=\"675\" \/>\n\t<meta property=\"og:image:type\" content=\"image\/png\" \/>\n<meta name=\"twitter:card\" content=\"summary_large_image\" \/>\n<meta name=\"twitter:label1\" content=\"Ber\u00e4knad l\u00e4stid\" \/>\n\t<meta name=\"twitter:data1\" content=\"6 minuter\" \/>\n<script type=\"application\/ld+json\" class=\"yoast-schema-graph\">{\"@context\":\"https:\\\/\\\/schema.org\",\"@graph\":[{\"@type\":\"WebPage\",\"@id\":\"https:\\\/\\\/memocate.com\\\/mita-ovat-yleisimmat-muistisairaudet\\\/otsa-ohimolohkorappeumat\\\/semanttinen-dementia\\\/\",\"url\":\"https:\\\/\\\/memocate.com\\\/mita-ovat-yleisimmat-muistisairaudet\\\/otsa-ohimolohkorappeumat\\\/semanttinen-dementia\\\/\",\"name\":\"Semanttinen dementia \u2013 Memocate\",\"isPartOf\":{\"@id\":\"https:\\\/\\\/memocate.com\\\/#website\"},\"datePublished\":\"2018-10-31T17:52:20+00:00\",\"dateModified\":\"2026-03-23T08:04:33+00:00\",\"description\":\"Semanttinen dementia vaikuttaa sanojen ja k\u00e4sitteiden merkitysten ymm\u00e4rt\u00e4miseen. Lue oireista ja kommunikaation tukemisesta.\",\"breadcrumb\":{\"@id\":\"https:\\\/\\\/memocate.com\\\/mita-ovat-yleisimmat-muistisairaudet\\\/otsa-ohimolohkorappeumat\\\/semanttinen-dementia\\\/#breadcrumb\"},\"inLanguage\":\"sv-SE\",\"potentialAction\":[{\"@type\":\"ReadAction\",\"target\":[\"https:\\\/\\\/memocate.com\\\/mita-ovat-yleisimmat-muistisairaudet\\\/otsa-ohimolohkorappeumat\\\/semanttinen-dementia\\\/\"]}]},{\"@type\":\"BreadcrumbList\",\"@id\":\"https:\\\/\\\/memocate.com\\\/mita-ovat-yleisimmat-muistisairaudet\\\/otsa-ohimolohkorappeumat\\\/semanttinen-dementia\\\/#breadcrumb\",\"itemListElement\":[{\"@type\":\"ListItem\",\"position\":1,\"name\":\"Home\",\"item\":\"https:\\\/\\\/memocate.com\\\/\"},{\"@type\":\"ListItem\",\"position\":2,\"name\":\"Muistisairaudet\",\"item\":\"https:\\\/\\\/memocate.com\\\/mita-ovat-yleisimmat-muistisairaudet\\\/\"},{\"@type\":\"ListItem\",\"position\":3,\"name\":\"Otsa-ohimolohkorappeumat\",\"item\":\"https:\\\/\\\/memocate.com\\\/mita-ovat-yleisimmat-muistisairaudet\\\/otsa-ohimolohkorappeumat\\\/\"},{\"@type\":\"ListItem\",\"position\":4,\"name\":\"Semanttinen dementia\"}]},{\"@type\":\"WebSite\",\"@id\":\"https:\\\/\\\/memocate.com\\\/#website\",\"url\":\"https:\\\/\\\/memocate.com\\\/\",\"name\":\"Memocate\",\"description\":\"Muistisairaus, vuorovaikutus ja hyv\u00e4 kohtaaminen\",\"publisher\":{\"@id\":\"https:\\\/\\\/memocate.com\\\/#organization\"},\"potentialAction\":[{\"@type\":\"SearchAction\",\"target\":{\"@type\":\"EntryPoint\",\"urlTemplate\":\"https:\\\/\\\/memocate.com\\\/?s={search_term_string}\"},\"query-input\":{\"@type\":\"PropertyValueSpecification\",\"valueRequired\":true,\"valueName\":\"search_term_string\"}}],\"inLanguage\":\"sv-SE\"},{\"@type\":\"Organization\",\"@id\":\"https:\\\/\\\/memocate.com\\\/#organization\",\"name\":\"Memocate Oy\",\"url\":\"https:\\\/\\\/memocate.com\\\/\",\"logo\":{\"@type\":\"ImageObject\",\"inLanguage\":\"sv-SE\",\"@id\":\"https:\\\/\\\/memocate.com\\\/#\\\/schema\\\/logo\\\/image\\\/\",\"url\":\"https:\\\/\\\/memocate.com\\\/wp-content\\\/uploads\\\/2019\\\/07\\\/Memocate_horizontal_logo.svg\",\"contentUrl\":\"https:\\\/\\\/memocate.com\\\/wp-content\\\/uploads\\\/2019\\\/07\\\/Memocate_horizontal_logo.svg\",\"width\":213,\"height\":70,\"caption\":\"Memocate Oy\"},\"image\":{\"@id\":\"https:\\\/\\\/memocate.com\\\/#\\\/schema\\\/logo\\\/image\\\/\"}}]}<\/script>\n<!-- \/ Yoast SEO plugin. -->","yoast_head_json":{"title":"Semanttinen dementia \u2013 Memocate","description":"Semanttinen dementia vaikuttaa sanojen ja k\u00e4sitteiden merkitysten ymm\u00e4rt\u00e4miseen. Lue oireista ja kommunikaation tukemisesta.","robots":{"index":"index","follow":"follow","max-snippet":"max-snippet:-1","max-image-preview":"max-image-preview:large","max-video-preview":"max-video-preview:-1"},"canonical":"https:\/\/memocate.com\/sv\/mita-ovat-yleisimmat-muistisairaudet\/otsa-ohimolohkorappeumat\/semanttinen-dementia\/","og_locale":"sv_SE","og_type":"article","og_title":"Semanttinen dementia \u2013 Memocate","og_description":"Semanttinen dementia vaikuttaa sanojen ja k\u00e4sitteiden merkitysten ymm\u00e4rt\u00e4miseen. Lue oireista ja kommunikaation tukemisesta.","og_url":"https:\/\/memocate.com\/sv\/mita-ovat-yleisimmat-muistisairaudet\/otsa-ohimolohkorappeumat\/semanttinen-dementia\/","og_site_name":"Memocate","article_modified_time":"2026-03-23T08:04:33+00:00","og_image":[{"width":1200,"height":675,"url":"https:\/\/memocate.com\/wp-content\/uploads\/2026\/03\/memocate-og-image.png","type":"image\/png"}],"twitter_card":"summary_large_image","twitter_misc":{"Ber\u00e4knad l\u00e4stid":"6 minuter"},"schema":{"@context":"https:\/\/schema.org","@graph":[{"@type":"WebPage","@id":"https:\/\/memocate.com\/mita-ovat-yleisimmat-muistisairaudet\/otsa-ohimolohkorappeumat\/semanttinen-dementia\/","url":"https:\/\/memocate.com\/mita-ovat-yleisimmat-muistisairaudet\/otsa-ohimolohkorappeumat\/semanttinen-dementia\/","name":"Semanttinen dementia \u2013 Memocate","isPartOf":{"@id":"https:\/\/memocate.com\/#website"},"datePublished":"2018-10-31T17:52:20+00:00","dateModified":"2026-03-23T08:04:33+00:00","description":"Semanttinen dementia vaikuttaa sanojen ja k\u00e4sitteiden merkitysten ymm\u00e4rt\u00e4miseen. Lue oireista ja kommunikaation tukemisesta.","breadcrumb":{"@id":"https:\/\/memocate.com\/mita-ovat-yleisimmat-muistisairaudet\/otsa-ohimolohkorappeumat\/semanttinen-dementia\/#breadcrumb"},"inLanguage":"sv-SE","potentialAction":[{"@type":"ReadAction","target":["https:\/\/memocate.com\/mita-ovat-yleisimmat-muistisairaudet\/otsa-ohimolohkorappeumat\/semanttinen-dementia\/"]}]},{"@type":"BreadcrumbList","@id":"https:\/\/memocate.com\/mita-ovat-yleisimmat-muistisairaudet\/otsa-ohimolohkorappeumat\/semanttinen-dementia\/#breadcrumb","itemListElement":[{"@type":"ListItem","position":1,"name":"Home","item":"https:\/\/memocate.com\/"},{"@type":"ListItem","position":2,"name":"Muistisairaudet","item":"https:\/\/memocate.com\/mita-ovat-yleisimmat-muistisairaudet\/"},{"@type":"ListItem","position":3,"name":"Otsa-ohimolohkorappeumat","item":"https:\/\/memocate.com\/mita-ovat-yleisimmat-muistisairaudet\/otsa-ohimolohkorappeumat\/"},{"@type":"ListItem","position":4,"name":"Semanttinen dementia"}]},{"@type":"WebSite","@id":"https:\/\/memocate.com\/#website","url":"https:\/\/memocate.com\/","name":"Memocate","description":"Muistisairaus, vuorovaikutus ja hyv\u00e4 kohtaaminen","publisher":{"@id":"https:\/\/memocate.com\/#organization"},"potentialAction":[{"@type":"SearchAction","target":{"@type":"EntryPoint","urlTemplate":"https:\/\/memocate.com\/?s={search_term_string}"},"query-input":{"@type":"PropertyValueSpecification","valueRequired":true,"valueName":"search_term_string"}}],"inLanguage":"sv-SE"},{"@type":"Organization","@id":"https:\/\/memocate.com\/#organization","name":"Memocate Oy","url":"https:\/\/memocate.com\/","logo":{"@type":"ImageObject","inLanguage":"sv-SE","@id":"https:\/\/memocate.com\/#\/schema\/logo\/image\/","url":"https:\/\/memocate.com\/wp-content\/uploads\/2019\/07\/Memocate_horizontal_logo.svg","contentUrl":"https:\/\/memocate.com\/wp-content\/uploads\/2019\/07\/Memocate_horizontal_logo.svg","width":213,"height":70,"caption":"Memocate Oy"},"image":{"@id":"https:\/\/memocate.com\/#\/schema\/logo\/image\/"}}]}},"_links":{"self":[{"href":"https:\/\/memocate.com\/sv\/wp-json\/wp\/v2\/pages\/233","targetHints":{"allow":["GET"]}}],"collection":[{"href":"https:\/\/memocate.com\/sv\/wp-json\/wp\/v2\/pages"}],"about":[{"href":"https:\/\/memocate.com\/sv\/wp-json\/wp\/v2\/types\/page"}],"author":[{"embeddable":true,"href":"https:\/\/memocate.com\/sv\/wp-json\/wp\/v2\/users\/4"}],"replies":[{"embeddable":true,"href":"https:\/\/memocate.com\/sv\/wp-json\/wp\/v2\/comments?post=233"}],"version-history":[{"count":16,"href":"https:\/\/memocate.com\/sv\/wp-json\/wp\/v2\/pages\/233\/revisions"}],"predecessor-version":[{"id":8764,"href":"https:\/\/memocate.com\/sv\/wp-json\/wp\/v2\/pages\/233\/revisions\/8764"}],"up":[{"embeddable":true,"href":"https:\/\/memocate.com\/sv\/wp-json\/wp\/v2\/pages\/217"}],"wp:attachment":[{"href":"https:\/\/memocate.com\/sv\/wp-json\/wp\/v2\/media?parent=233"}],"curies":[{"name":"wp","href":"https:\/\/api.w.org\/{rel}","templated":true}]}}