{"id":226,"date":"2018-10-31T19:47:18","date_gmt":"2018-10-31T17:47:18","guid":{"rendered":"https:\/\/memocateomaishoitajille.gaselli.software\/?page_id=226"},"modified":"2026-03-23T10:04:31","modified_gmt":"2026-03-23T08:04:31","slug":"eteneva-sujumaton-afasia","status":"publish","type":"page","link":"https:\/\/memocate.com\/sv\/mita-ovat-yleisimmat-muistisairaudet\/otsa-ohimolohkorappeumat\/eteneva-sujumaton-afasia\/","title":{"rendered":"Progressiv icke-flytande afasi"},"content":{"rendered":"<div class=\"et_pb_section_0 et_pb_section et_section_regular et_block_section\"><div class=\"et_pb_row_0 et_pb_row et_block_row\"><div class=\"et_pb_column_0 et_pb_column et_pb_column_4_4 et-last-child et_block_column et_pb_css_mix_blend_mode_passthrough\"><div class=\"et_pb_text_0 et_pb_text et_pb_bg_layout_light et_pb_module et_block_module et_pb_text_align_center\"><div class=\"et_pb_text_inner\"><h6>OSA 6 \/ 7<\/h6>\n<h1> Progressiv icke-flytande afasi <\/h1>\n<\/div><\/div><\/div><\/div><div class=\"et_pb_row_1 et_pb_row et_block_row\"><div class=\"et_pb_column_1 et_pb_column et_pb_column_1_3 et_block_column et_pb_css_mix_blend_mode_passthrough\"><div class=\"et_pb_blurb_0 et_pb_blurb et_pb_bg_layout_light et_pb_text_align_center et_pb_blurb_position_top et_pb_module et_block_module\"><div class=\"et_pb_blurb_content\"><div class=\"et_pb_main_blurb_image\"><span class=\"et_pb_image_wrap et_pb_only_image_mode_wrap\"><img loading=\"lazy\" decoding=\"async\" src=\"https:\/\/memocate.com\/wp-content\/uploads\/2019\/08\/n1.png\" width=\"151\" height=\"151\" srcset=\"https:\/\/memocate.com\/wp-content\/uploads\/2019\/08\/n1.png 151w, https:\/\/memocate.com\/wp-content\/uploads\/2019\/08\/n1-150x150.png 150w\" sizes=\"(max-width: 151px) 100vw, 151px\" class=\"et-waypoint et_pb_animation_off et_pb_animation_off_tablet et_pb_animation_off_phone wp-image-3098\" \/><\/span><\/div><div class=\"et_pb_blurb_container\"><h3 class=\"et_pb_module_header\">Keskeist\u00e4 on puheen tuottamisen h\u00e4iri\u00f6t<\/h3><\/div><\/div><\/div><\/div><div class=\"et_pb_column_2 et_pb_column et_pb_column_1_3 et_block_column et_pb_css_mix_blend_mode_passthrough\"><div class=\"et_pb_blurb_1 et_pb_blurb et_pb_bg_layout_light et_pb_text_align_center et_pb_blurb_position_top et_pb_module et_block_module\"><div class=\"et_pb_blurb_content\"><div class=\"et_pb_main_blurb_image\"><span class=\"et_pb_image_wrap et_pb_only_image_mode_wrap\"><img loading=\"lazy\" decoding=\"async\" src=\"https:\/\/memocate.com\/wp-content\/uploads\/2019\/08\/n2.png\" width=\"151\" height=\"151\" srcset=\"https:\/\/memocate.com\/wp-content\/uploads\/2019\/08\/n2.png 151w, https:\/\/memocate.com\/wp-content\/uploads\/2019\/08\/n2-150x150.png 150w\" sizes=\"(max-width: 151px) 100vw, 151px\" class=\"et-waypoint et_pb_animation_off et_pb_animation_off_tablet et_pb_animation_off_phone wp-image-3102\" \/><\/span><\/div><div class=\"et_pb_blurb_container\"><h3 class=\"et_pb_module_header\">My\u00f6s kirjoittamisessa ja lukemisessa voi olla h\u00e4iri\u00f6it\u00e4<\/h3><\/div><\/div><\/div><\/div><div class=\"et_pb_column_3 et_pb_column et_pb_column_1_3 et-last-child et_block_column et_pb_css_mix_blend_mode_passthrough\"><div class=\"et_pb_blurb_2 et_pb_blurb et_pb_bg_layout_light et_pb_text_align_center et_pb_blurb_position_top et_pb_module et_block_module\"><div class=\"et_pb_blurb_content\"><div class=\"et_pb_main_blurb_image\"><span class=\"et_pb_image_wrap et_pb_only_image_mode_wrap\"><img loading=\"lazy\" decoding=\"async\" src=\"https:\/\/memocate.com\/wp-content\/uploads\/2019\/08\/n3.png\" width=\"151\" height=\"151\" srcset=\"https:\/\/memocate.com\/wp-content\/uploads\/2019\/08\/n3.png 151w, https:\/\/memocate.com\/wp-content\/uploads\/2019\/08\/n3-150x150.png 150w\" sizes=\"(max-width: 151px) 100vw, 151px\" class=\"et-waypoint et_pb_animation_off et_pb_animation_off_tablet et_pb_animation_off_phone wp-image-3103\" \/><\/span><\/div><div class=\"et_pb_blurb_container\"><h3 class=\"et_pb_module_header\">Puheen ymm\u00e4rt\u00e4minen ei yleens\u00e4 vahingoitu<\/h3><\/div><\/div><\/div><\/div><\/div><div class=\"et_pb_row_2 et_pb_row et_block_row\"><div class=\"et_pb_column_4 et_pb_column et_pb_column_4_4 et-last-child et_block_column et_pb_css_mix_blend_mode_passthrough\"><div class=\"et_pb_text_1 et_pb_text et_pb_bg_layout_light et_pb_module et_block_module et_pb_text_align_center\"><div class=\"et_pb_text_inner\"><p>Forts\u00e4tt l\u00e4sa nedan<\/p>\n<\/div><\/div><div class=\"et_pb_blurb_3 et_pb_blurb et_pb_bg_layout_light et_pb_text_align_center et_pb_blurb_position_top et_animated et_pb_module et_block_module\"><div class=\"et_pb_blurb_content\"><div class=\"et_pb_main_blurb_image\"><a href=\"#article\"><span class=\"et_pb_image_wrap\"><span class=\"et-pb-icon et-waypoint et_pb_animation_top et_pb_animation_top_tablet et_pb_animation_top_phone\">&quot;<\/span><\/span><\/a><\/div><div class=\"et_pb_blurb_container\"><\/div><\/div><\/div><\/div><\/div><\/div><div class=\"et_pb_section_1 et_pb_section et_section_regular et_block_section\" id=\"article\"><div class=\"et_pb_row_3 et_pb_row et_block_row\"><div class=\"et_pb_column_5 et_pb_column et_pb_column_4_4 et-last-child et_block_column et_pb_css_mix_blend_mode_passthrough\"><div class=\"et_pb_text_2 et_pb_text et_pb_bg_layout_light et_pb_module et_block_module\"><div class=\"et_pb_text_inner\"><p>Etenev\u00e4ss\u00e4 sujumattomassa afasiassa keskeist\u00e4 on puheen tuottamisen h\u00e4iri\u00f6. Sairastuneen puhe muuttuu hitaaksi ja vaivalloiseksi ja sis\u00e4lt\u00e4\u00e4 paljon kielioppi- ja \u00e4\u00e4nnevirheit\u00e4. Sairastuneen on usein hankala l\u00f6yt\u00e4\u00e4 oikeita sanoja. Kirjoittamisessa ja lukemisessa voi olla ongelmia. Puhutun kielen ymm\u00e4rt\u00e4minen s\u00e4ilyy usein hyvin. <\/p>\n<p>Etenev\u00e4n sujumattoman afasian tutkimuksessa on tarkentunut k\u00e4sitys taudin etenemisen vaiheista. Kielellinen heikkeneminen etenee tyypillisesti ennustettavissa olevissa vaiheissa: alkuvaiheessa puheen tuottaminen hidastuu ja kielioppivirheet lis\u00e4\u00e4ntyv\u00e4t, my\u00f6hemmin ymm\u00e4rt\u00e4minenkin vaikeutuu. Vaihemallien tuntemus auttaa hoitohenkil\u00f6kuntaa ja omaisia suunnittelemaan kommunikaation tukikeinoja oikea-aikaisesti.<\/p>\n<\/div><\/div><\/div><\/div><\/div><div class=\"et_pb_section_2 et_pb_section et_section_regular et_block_section\"><div class=\"et_pb_row_4 et_pb_row et_pb_gutters2 et_block_row\"><div class=\"et_pb_column_6 et_pb_column et_pb_column_1_3 et_block_column et_pb_css_mix_blend_mode_passthrough\"><div class=\"et_pb_blurb_4 et_pb_blurb et_pb_bg_layout_dark et_pb_blurb_position_left et_clickable et_pb_module et_block_module ftr-blrb\"><div class=\"et_pb_blurb_content\"><div class=\"et_pb_main_blurb_image\"><a href=\"\/sv\/mita-ovat-yleisimmat-muistisairaudet\/otsa-ohimolohkorappeumat\/semanttinen-dementia\/\"><span class=\"et_pb_image_wrap et_pb_only_image_mode_wrap\"><img loading=\"lazy\" decoding=\"async\" src=\"https:\/\/memocate.com\/wp-content\/uploads\/2019\/03\/cloud_3.svg\" width=\"82\" height=\"66\" srcset=\"https:\/\/memocate.com\/wp-content\/uploads\/2019\/03\/cloud_3.svg 82w\" sizes=\"(max-width: 82px) 100vw, 82px\" class=\"et-waypoint et_pb_animation_top et_pb_animation_top_tablet et_pb_animation_top_phone wp-image-1156\" \/><\/span><\/a><\/div><div class=\"et_pb_blurb_container\"><h4 class=\"et_pb_module_header\"><a href=\"\/sv\/mita-ovat-yleisimmat-muistisairaudet\/otsa-ohimolohkorappeumat\/semanttinen-dementia\/\">Minnessjukdomar<\/a><\/h4><div class=\"et_pb_blurb_description\"><h3>Semantisk demens<\/h3>\n<p><a class=\"read-more\" href=\"\/sv\/mita-ovat-yleisimmat-muistisairaudet\/otsa-ohimolohkorappeumat\/semanttinen-dementia\/\">L\u00e4s mer <img decoding=\"async\" src=\"\/wp-content\/uploads\/2019\/03\/arrow_right-green.svg\"><\/a><\/p>\n<\/div><\/div><\/div><\/div><\/div><div class=\"et_pb_column_7 et_pb_column et_pb_column_1_3 et_block_column et_pb_css_mix_blend_mode_passthrough\"><div class=\"et_pb_blurb_5 et_pb_blurb et_pb_bg_layout_dark et_pb_blurb_position_left et_clickable et_pb_module et_block_module ftr-blrb\"><div class=\"et_pb_blurb_content\"><div class=\"et_pb_main_blurb_image\"><a href=\"\/sv\/vuorovaikutus\/miten-muistisairaus-vaikuttaa-vuorovaikutukseen\/\"><span class=\"et_pb_image_wrap et_pb_only_image_mode_wrap\"><img loading=\"lazy\" decoding=\"async\" src=\"https:\/\/memocate.com\/wp-content\/uploads\/2019\/03\/cloud_2.svg\" width=\"82\" height=\"61\" srcset=\"https:\/\/memocate.com\/wp-content\/uploads\/2019\/03\/cloud_2.svg 82w\" sizes=\"(max-width: 82px) 100vw, 82px\" class=\"et-waypoint et_pb_animation_top et_pb_animation_top_tablet et_pb_animation_top_phone wp-image-1155\" \/><\/span><\/a><\/div><div class=\"et_pb_blurb_container\"><h4 class=\"et_pb_module_header\"><a href=\"\/sv\/vuorovaikutus\/miten-muistisairaus-vaikuttaa-vuorovaikutukseen\/\">V\u00e4xelverkan<\/a><\/h4><div class=\"et_pb_blurb_description\"><h3>Hur p\u00e5verkar minnessjukdom v\u00e4xelverkan?<\/h3>\n<p><a class=\"read-more\" href=\"\/sv\/vuorovaikutus\/miten-muistisairaus-vaikuttaa-vuorovaikutukseen\/\">L\u00e4s mer <img decoding=\"async\" src=\"\/wp-content\/uploads\/2019\/03\/arrow_right-green.svg\"><\/a><\/p>\n<\/div><\/div><\/div><\/div><\/div><div class=\"et_pb_column_8 et_pb_column et_pb_column_1_3 et-last-child et_block_column et_pb_css_mix_blend_mode_passthrough\"><div class=\"et_pb_blurb_6 et_pb_blurb et_pb_bg_layout_dark et_pb_blurb_position_left et_clickable et_pb_module et_block_module ftr-blrb\"><div class=\"et_pb_blurb_content\"><div class=\"et_pb_main_blurb_image\"><a href=\"\/sv\/vuorovaikutus\/kohti-parempaa-vuorovaikutusta\/neuvoja-omaiselta-omaiselle\/kokeile-olisiko-kuvista-apua\/\"><span class=\"et_pb_image_wrap et_pb_only_image_mode_wrap\"><img loading=\"lazy\" decoding=\"async\" src=\"https:\/\/memocate.com\/wp-content\/uploads\/2019\/03\/cloud_1.svg\" width=\"77\" height=\"66\" srcset=\"https:\/\/memocate.com\/wp-content\/uploads\/2019\/03\/cloud_1.svg 77w\" sizes=\"(max-width: 77px) 100vw, 77px\" class=\"et-waypoint et_pb_animation_top et_pb_animation_top_tablet et_pb_animation_top_phone wp-image-1154\" \/><\/span><\/a><\/div><div class=\"et_pb_blurb_container\"><h4 class=\"et_pb_module_header\"><a href=\"\/sv\/vuorovaikutus\/kohti-parempaa-vuorovaikutusta\/neuvoja-omaiselta-omaiselle\/kokeile-olisiko-kuvista-apua\/\"> V\u00e4xelverkan<\/a><\/h4><div class=\"et_pb_blurb_description\"><h3>Prova om bilder kan vara till hj\u00e4lp<\/h3>\n<p><a class=\"read-more\" href=\"\/sv\/vuorovaikutus\/kohti-parempaa-vuorovaikutusta\/neuvoja-omaiselta-omaiselle\/kokeile-olisiko-kuvista-apua\/\">L\u00e4s mer <img decoding=\"async\" src=\"\/wp-content\/uploads\/2019\/03\/arrow_right-green.svg\"><\/a><\/p>\n<\/div><\/div><\/div><\/div><\/div><\/div><\/div><div class=\"et_pb_section_3 et_pb_section et_section_regular et_block_section\"><div class=\"et_pb_row_5 et_pb_row et_pb_equal_columns et_pb_gutters1 et_block_row et_pb_row_fullwidth\"><div class=\"et_pb_column_9 et_pb_column et_pb_column_1_3 et_block_column et_pb_column_empty et_pb_css_mix_blend_mode_passthrough\"><\/div><div class=\"et_pb_column_10 et_pb_column et_pb_column_1_3 et_block_column et_pb_css_mix_blend_mode_passthrough\"><div class=\"et_pb_cta_0 et_pb_promo et_pb_bg_layout_dark et_pb_module et_block_module\"><div class=\"et_pb_promo_description\"><h2 class=\"et_pb_module_header\">Har du ny forskningsinformation eller utvecklingsid\u00e9er f\u00f6r webbplatsen?<\/h2><\/div><div class=\"et_pb_button_wrapper\"><a class=\"et_pb_button et_pb_promo_button\" href=\"\/sv\/kouluttaudu-kanssamme\/#ota-yhteytta\">Kontakta oss<\/a><\/div><\/div><\/div><div class=\"et_pb_column_11 et_pb_column et_pb_column_1_3 et-last-child et_block_column et_pb_column_empty et_pb_css_mix_blend_mode_passthrough\"><\/div><\/div><div class=\"et_pb_row_6 et_pb_row et_pb_equal_columns et_pb_gutters1 et_block_row et_pb_row_fullwidth\"><div class=\"et_pb_column_12 et_pb_column et_pb_column_4_4 et-last-child et_block_column et_pb_css_mix_blend_mode_passthrough\"><div class=\"et_pb_cta_1 et_pb_promo et_pb_bg_layout_dark et_pb_module et_block_module\"><div class=\"et_pb_promo_description\"><h2 class=\"et_pb_module_header\">Har du ny forskningsinformation eller utvecklingsid\u00e9er f\u00f6r webbplatsen?<\/h2><\/div><div class=\"et_pb_button_wrapper\"><a class=\"et_pb_button et_pb_promo_button\" href=\"\/sv\/kouluttaudu-kanssamme\/#ota-yhteytta\">Kontakta oss<\/a><\/div><\/div><\/div><\/div><\/div>","protected":false},"excerpt":{"rendered":"","protected":false},"author":4,"featured_media":0,"parent":217,"menu_order":2,"comment_status":"closed","ping_status":"closed","template":"","meta":{"footnotes":""},"class_list":["post-226","page","type-page","status-publish","hentry"],"yoast_head":"<!-- This site is optimized with the Yoast SEO plugin v27.5 - https:\/\/yoast.com\/product\/yoast-seo-wordpress\/ -->\n<title>Etenev\u00e4 sujumaton afasia \u2013 Memocate<\/title>\n<meta name=\"description\" content=\"Etenev\u00e4 sujumaton afasia heikent\u00e4\u00e4 puheen tuottamista ja kielellist\u00e4 ilmaisua. Lue oireista ja vuorovaikutuksen tukemisesta.\" \/>\n<meta name=\"robots\" content=\"index, follow, max-snippet:-1, max-image-preview:large, max-video-preview:-1\" \/>\n<link rel=\"canonical\" href=\"https:\/\/memocate.com\/sv\/mita-ovat-yleisimmat-muistisairaudet\/otsa-ohimolohkorappeumat\/eteneva-sujumaton-afasia\/\" \/>\n<meta property=\"og:locale\" content=\"sv_SE\" \/>\n<meta property=\"og:type\" content=\"article\" \/>\n<meta property=\"og:title\" content=\"Etenev\u00e4 sujumaton afasia \u2013 Memocate\" \/>\n<meta property=\"og:description\" content=\"Etenev\u00e4 sujumaton afasia heikent\u00e4\u00e4 puheen tuottamista ja kielellist\u00e4 ilmaisua. Lue oireista ja vuorovaikutuksen tukemisesta.\" \/>\n<meta property=\"og:url\" content=\"https:\/\/memocate.com\/sv\/mita-ovat-yleisimmat-muistisairaudet\/otsa-ohimolohkorappeumat\/eteneva-sujumaton-afasia\/\" \/>\n<meta property=\"og:site_name\" content=\"Memocate\" \/>\n<meta property=\"article:modified_time\" content=\"2026-03-23T08:04:31+00:00\" \/>\n<meta property=\"og:image\" content=\"https:\/\/memocate.com\/wp-content\/uploads\/2026\/03\/memocate-og-image.png\" \/>\n\t<meta property=\"og:image:width\" content=\"1200\" \/>\n\t<meta property=\"og:image:height\" content=\"675\" \/>\n\t<meta property=\"og:image:type\" content=\"image\/png\" \/>\n<meta name=\"twitter:card\" content=\"summary_large_image\" \/>\n<meta name=\"twitter:label1\" content=\"Ber\u00e4knad l\u00e4stid\" \/>\n\t<meta name=\"twitter:data1\" content=\"3 minuter\" \/>\n<script type=\"application\/ld+json\" class=\"yoast-schema-graph\">{\"@context\":\"https:\\\/\\\/schema.org\",\"@graph\":[{\"@type\":\"WebPage\",\"@id\":\"https:\\\/\\\/memocate.com\\\/mita-ovat-yleisimmat-muistisairaudet\\\/otsa-ohimolohkorappeumat\\\/eteneva-sujumaton-afasia\\\/\",\"url\":\"https:\\\/\\\/memocate.com\\\/mita-ovat-yleisimmat-muistisairaudet\\\/otsa-ohimolohkorappeumat\\\/eteneva-sujumaton-afasia\\\/\",\"name\":\"Etenev\u00e4 sujumaton afasia \u2013 Memocate\",\"isPartOf\":{\"@id\":\"https:\\\/\\\/memocate.com\\\/#website\"},\"datePublished\":\"2018-10-31T17:47:18+00:00\",\"dateModified\":\"2026-03-23T08:04:31+00:00\",\"description\":\"Etenev\u00e4 sujumaton afasia heikent\u00e4\u00e4 puheen tuottamista ja kielellist\u00e4 ilmaisua. Lue oireista ja vuorovaikutuksen tukemisesta.\",\"breadcrumb\":{\"@id\":\"https:\\\/\\\/memocate.com\\\/mita-ovat-yleisimmat-muistisairaudet\\\/otsa-ohimolohkorappeumat\\\/eteneva-sujumaton-afasia\\\/#breadcrumb\"},\"inLanguage\":\"sv-SE\",\"potentialAction\":[{\"@type\":\"ReadAction\",\"target\":[\"https:\\\/\\\/memocate.com\\\/mita-ovat-yleisimmat-muistisairaudet\\\/otsa-ohimolohkorappeumat\\\/eteneva-sujumaton-afasia\\\/\"]}]},{\"@type\":\"BreadcrumbList\",\"@id\":\"https:\\\/\\\/memocate.com\\\/mita-ovat-yleisimmat-muistisairaudet\\\/otsa-ohimolohkorappeumat\\\/eteneva-sujumaton-afasia\\\/#breadcrumb\",\"itemListElement\":[{\"@type\":\"ListItem\",\"position\":1,\"name\":\"Home\",\"item\":\"https:\\\/\\\/memocate.com\\\/\"},{\"@type\":\"ListItem\",\"position\":2,\"name\":\"Muistisairaudet\",\"item\":\"https:\\\/\\\/memocate.com\\\/mita-ovat-yleisimmat-muistisairaudet\\\/\"},{\"@type\":\"ListItem\",\"position\":3,\"name\":\"Otsa-ohimolohkorappeumat\",\"item\":\"https:\\\/\\\/memocate.com\\\/mita-ovat-yleisimmat-muistisairaudet\\\/otsa-ohimolohkorappeumat\\\/\"},{\"@type\":\"ListItem\",\"position\":4,\"name\":\"Etenev\u00e4 sujumaton afasia\"}]},{\"@type\":\"WebSite\",\"@id\":\"https:\\\/\\\/memocate.com\\\/#website\",\"url\":\"https:\\\/\\\/memocate.com\\\/\",\"name\":\"Memocate\",\"description\":\"Muistisairaus, vuorovaikutus ja hyv\u00e4 kohtaaminen\",\"publisher\":{\"@id\":\"https:\\\/\\\/memocate.com\\\/#organization\"},\"potentialAction\":[{\"@type\":\"SearchAction\",\"target\":{\"@type\":\"EntryPoint\",\"urlTemplate\":\"https:\\\/\\\/memocate.com\\\/?s={search_term_string}\"},\"query-input\":{\"@type\":\"PropertyValueSpecification\",\"valueRequired\":true,\"valueName\":\"search_term_string\"}}],\"inLanguage\":\"sv-SE\"},{\"@type\":\"Organization\",\"@id\":\"https:\\\/\\\/memocate.com\\\/#organization\",\"name\":\"Memocate Oy\",\"url\":\"https:\\\/\\\/memocate.com\\\/\",\"logo\":{\"@type\":\"ImageObject\",\"inLanguage\":\"sv-SE\",\"@id\":\"https:\\\/\\\/memocate.com\\\/#\\\/schema\\\/logo\\\/image\\\/\",\"url\":\"https:\\\/\\\/memocate.com\\\/wp-content\\\/uploads\\\/2019\\\/07\\\/Memocate_horizontal_logo.svg\",\"contentUrl\":\"https:\\\/\\\/memocate.com\\\/wp-content\\\/uploads\\\/2019\\\/07\\\/Memocate_horizontal_logo.svg\",\"width\":213,\"height\":70,\"caption\":\"Memocate Oy\"},\"image\":{\"@id\":\"https:\\\/\\\/memocate.com\\\/#\\\/schema\\\/logo\\\/image\\\/\"}}]}<\/script>\n<!-- \/ Yoast SEO plugin. -->","yoast_head_json":{"title":"Etenev\u00e4 sujumaton afasia \u2013 Memocate","description":"Etenev\u00e4 sujumaton afasia heikent\u00e4\u00e4 puheen tuottamista ja kielellist\u00e4 ilmaisua. Lue oireista ja vuorovaikutuksen tukemisesta.","robots":{"index":"index","follow":"follow","max-snippet":"max-snippet:-1","max-image-preview":"max-image-preview:large","max-video-preview":"max-video-preview:-1"},"canonical":"https:\/\/memocate.com\/sv\/mita-ovat-yleisimmat-muistisairaudet\/otsa-ohimolohkorappeumat\/eteneva-sujumaton-afasia\/","og_locale":"sv_SE","og_type":"article","og_title":"Etenev\u00e4 sujumaton afasia \u2013 Memocate","og_description":"Etenev\u00e4 sujumaton afasia heikent\u00e4\u00e4 puheen tuottamista ja kielellist\u00e4 ilmaisua. Lue oireista ja vuorovaikutuksen tukemisesta.","og_url":"https:\/\/memocate.com\/sv\/mita-ovat-yleisimmat-muistisairaudet\/otsa-ohimolohkorappeumat\/eteneva-sujumaton-afasia\/","og_site_name":"Memocate","article_modified_time":"2026-03-23T08:04:31+00:00","og_image":[{"width":1200,"height":675,"url":"https:\/\/memocate.com\/wp-content\/uploads\/2026\/03\/memocate-og-image.png","type":"image\/png"}],"twitter_card":"summary_large_image","twitter_misc":{"Ber\u00e4knad l\u00e4stid":"3 minuter"},"schema":{"@context":"https:\/\/schema.org","@graph":[{"@type":"WebPage","@id":"https:\/\/memocate.com\/mita-ovat-yleisimmat-muistisairaudet\/otsa-ohimolohkorappeumat\/eteneva-sujumaton-afasia\/","url":"https:\/\/memocate.com\/mita-ovat-yleisimmat-muistisairaudet\/otsa-ohimolohkorappeumat\/eteneva-sujumaton-afasia\/","name":"Etenev\u00e4 sujumaton afasia \u2013 Memocate","isPartOf":{"@id":"https:\/\/memocate.com\/#website"},"datePublished":"2018-10-31T17:47:18+00:00","dateModified":"2026-03-23T08:04:31+00:00","description":"Etenev\u00e4 sujumaton afasia heikent\u00e4\u00e4 puheen tuottamista ja kielellist\u00e4 ilmaisua. Lue oireista ja vuorovaikutuksen tukemisesta.","breadcrumb":{"@id":"https:\/\/memocate.com\/mita-ovat-yleisimmat-muistisairaudet\/otsa-ohimolohkorappeumat\/eteneva-sujumaton-afasia\/#breadcrumb"},"inLanguage":"sv-SE","potentialAction":[{"@type":"ReadAction","target":["https:\/\/memocate.com\/mita-ovat-yleisimmat-muistisairaudet\/otsa-ohimolohkorappeumat\/eteneva-sujumaton-afasia\/"]}]},{"@type":"BreadcrumbList","@id":"https:\/\/memocate.com\/mita-ovat-yleisimmat-muistisairaudet\/otsa-ohimolohkorappeumat\/eteneva-sujumaton-afasia\/#breadcrumb","itemListElement":[{"@type":"ListItem","position":1,"name":"Home","item":"https:\/\/memocate.com\/"},{"@type":"ListItem","position":2,"name":"Muistisairaudet","item":"https:\/\/memocate.com\/mita-ovat-yleisimmat-muistisairaudet\/"},{"@type":"ListItem","position":3,"name":"Otsa-ohimolohkorappeumat","item":"https:\/\/memocate.com\/mita-ovat-yleisimmat-muistisairaudet\/otsa-ohimolohkorappeumat\/"},{"@type":"ListItem","position":4,"name":"Etenev\u00e4 sujumaton afasia"}]},{"@type":"WebSite","@id":"https:\/\/memocate.com\/#website","url":"https:\/\/memocate.com\/","name":"Memocate","description":"Muistisairaus, vuorovaikutus ja hyv\u00e4 kohtaaminen","publisher":{"@id":"https:\/\/memocate.com\/#organization"},"potentialAction":[{"@type":"SearchAction","target":{"@type":"EntryPoint","urlTemplate":"https:\/\/memocate.com\/?s={search_term_string}"},"query-input":{"@type":"PropertyValueSpecification","valueRequired":true,"valueName":"search_term_string"}}],"inLanguage":"sv-SE"},{"@type":"Organization","@id":"https:\/\/memocate.com\/#organization","name":"Memocate Oy","url":"https:\/\/memocate.com\/","logo":{"@type":"ImageObject","inLanguage":"sv-SE","@id":"https:\/\/memocate.com\/#\/schema\/logo\/image\/","url":"https:\/\/memocate.com\/wp-content\/uploads\/2019\/07\/Memocate_horizontal_logo.svg","contentUrl":"https:\/\/memocate.com\/wp-content\/uploads\/2019\/07\/Memocate_horizontal_logo.svg","width":213,"height":70,"caption":"Memocate Oy"},"image":{"@id":"https:\/\/memocate.com\/#\/schema\/logo\/image\/"}}]}},"_links":{"self":[{"href":"https:\/\/memocate.com\/sv\/wp-json\/wp\/v2\/pages\/226","targetHints":{"allow":["GET"]}}],"collection":[{"href":"https:\/\/memocate.com\/sv\/wp-json\/wp\/v2\/pages"}],"about":[{"href":"https:\/\/memocate.com\/sv\/wp-json\/wp\/v2\/types\/page"}],"author":[{"embeddable":true,"href":"https:\/\/memocate.com\/sv\/wp-json\/wp\/v2\/users\/4"}],"replies":[{"embeddable":true,"href":"https:\/\/memocate.com\/sv\/wp-json\/wp\/v2\/comments?post=226"}],"version-history":[{"count":5,"href":"https:\/\/memocate.com\/sv\/wp-json\/wp\/v2\/pages\/226\/revisions"}],"predecessor-version":[{"id":8763,"href":"https:\/\/memocate.com\/sv\/wp-json\/wp\/v2\/pages\/226\/revisions\/8763"}],"up":[{"embeddable":true,"href":"https:\/\/memocate.com\/sv\/wp-json\/wp\/v2\/pages\/217"}],"wp:attachment":[{"href":"https:\/\/memocate.com\/sv\/wp-json\/wp\/v2\/media?parent=226"}],"curies":[{"name":"wp","href":"https:\/\/api.w.org\/{rel}","templated":true}]}}