{"id":221,"date":"2018-10-31T19:45:18","date_gmt":"2018-10-31T17:45:18","guid":{"rendered":"https:\/\/memocateomaishoitajille.gaselli.software\/?page_id=221"},"modified":"2026-03-23T10:04:29","modified_gmt":"2026-03-23T08:04:29","slug":"otsalohkodementia","status":"publish","type":"page","link":"https:\/\/memocate.com\/sv\/mita-ovat-yleisimmat-muistisairaudet\/otsa-ohimolohkorappeumat\/otsalohkodementia\/","title":{"rendered":"Frontallobsdemens"},"content":{"rendered":"<div class=\"et_pb_section_0 et_pb_section et_section_regular et_block_section\"><div class=\"et_pb_row_0 et_pb_row et_block_row\"><div class=\"et_pb_column_0 et_pb_column et_pb_column_4_4 et-last-child et_block_column et_pb_css_mix_blend_mode_passthrough\"><div class=\"et_pb_text_0 et_pb_text et_pb_bg_layout_light et_pb_module et_block_module et_pb_text_align_center\"><div class=\"et_pb_text_inner\"><h4>Del 5 \/ 7<\/p>\n<h4>\n<h1> Frontallobsdemens <\/h1>\n<\/div><\/div><\/div><\/div><div class=\"et_pb_row_1 et_pb_row et_block_row\"><div class=\"et_pb_column_1 et_pb_column et_pb_column_1_3 et_block_column et_pb_css_mix_blend_mode_passthrough\"><div class=\"et_pb_blurb_0 et_pb_blurb et_pb_bg_layout_light et_pb_text_align_center et_pb_blurb_position_top et_pb_module et_block_module\"><div class=\"et_pb_blurb_content\"><div class=\"et_pb_main_blurb_image\"><span class=\"et_pb_image_wrap et_pb_only_image_mode_wrap\"><img loading=\"lazy\" decoding=\"async\" src=\"https:\/\/memocate.com\/wp-content\/uploads\/2019\/08\/n1.png\" width=\"151\" height=\"151\" srcset=\"https:\/\/memocate.com\/wp-content\/uploads\/2019\/08\/n1.png 151w, https:\/\/memocate.com\/wp-content\/uploads\/2019\/08\/n1-150x150.png 150w\" sizes=\"(max-width: 151px) 100vw, 151px\" class=\"et-waypoint et_pb_animation_off et_pb_animation_off_tablet et_pb_animation_off_phone wp-image-3098\" \/><\/span><\/div><div class=\"et_pb_blurb_container\"><h3 class=\"et_pb_module_header\">Yleisin otsa-ohimolohkorappeuman muoto<\/h3><\/div><\/div><\/div><\/div><div class=\"et_pb_column_2 et_pb_column et_pb_column_1_3 et_block_column et_pb_css_mix_blend_mode_passthrough\"><div class=\"et_pb_blurb_1 et_pb_blurb et_pb_bg_layout_light et_pb_text_align_center et_pb_blurb_position_top et_pb_module et_block_module\"><div class=\"et_pb_blurb_content\"><div class=\"et_pb_main_blurb_image\"><span class=\"et_pb_image_wrap et_pb_only_image_mode_wrap\"><img loading=\"lazy\" decoding=\"async\" src=\"https:\/\/memocate.com\/wp-content\/uploads\/2019\/08\/n2.png\" width=\"151\" height=\"151\" srcset=\"https:\/\/memocate.com\/wp-content\/uploads\/2019\/08\/n2.png 151w, https:\/\/memocate.com\/wp-content\/uploads\/2019\/08\/n2-150x150.png 150w\" sizes=\"(max-width: 151px) 100vw, 151px\" class=\"et-waypoint et_pb_animation_off et_pb_animation_off_tablet et_pb_animation_off_phone wp-image-3102\" \/><\/span><\/div><div class=\"et_pb_blurb_container\"><h3 class=\"et_pb_module_header\">Estottomuus ja arvostelukyvytt\u00f6myys voivat lis\u00e4\u00e4nty\u00e4<\/h3><\/div><\/div><\/div><\/div><div class=\"et_pb_column_3 et_pb_column et_pb_column_1_3 et-last-child et_block_column et_pb_css_mix_blend_mode_passthrough\"><div class=\"et_pb_blurb_2 et_pb_blurb et_pb_bg_layout_light et_pb_text_align_center et_pb_blurb_position_top et_pb_module et_block_module\"><div class=\"et_pb_blurb_content\"><div class=\"et_pb_main_blurb_image\"><span class=\"et_pb_image_wrap et_pb_only_image_mode_wrap\"><img loading=\"lazy\" decoding=\"async\" src=\"https:\/\/memocate.com\/wp-content\/uploads\/2019\/08\/n3.png\" width=\"151\" height=\"151\" srcset=\"https:\/\/memocate.com\/wp-content\/uploads\/2019\/08\/n3.png 151w, https:\/\/memocate.com\/wp-content\/uploads\/2019\/08\/n3-150x150.png 150w\" sizes=\"(max-width: 151px) 100vw, 151px\" class=\"et-waypoint et_pb_animation_off et_pb_animation_off_tablet et_pb_animation_off_phone wp-image-3103\" \/><\/span><\/div><div class=\"et_pb_blurb_container\"><h3 class=\"et_pb_module_header\">Henkil\u00f6 ei usein itse koe olevansa sairas<\/h3><\/div><\/div><\/div><\/div><\/div><div class=\"et_pb_row_2 et_pb_row et_block_row\"><div class=\"et_pb_column_4 et_pb_column et_pb_column_4_4 et-last-child et_block_column et_pb_css_mix_blend_mode_passthrough\"><div class=\"et_pb_text_1 et_pb_text et_pb_bg_layout_light et_pb_module et_block_module et_pb_text_align_center\"><div class=\"et_pb_text_inner\"><p>Forts\u00e4tt l\u00e4sa nedan<\/p>\n<\/div><\/div><div class=\"et_pb_blurb_3 et_pb_blurb et_pb_bg_layout_light et_pb_text_align_center et_pb_blurb_position_top et_animated et_pb_module et_block_module\"><div class=\"et_pb_blurb_content\"><div class=\"et_pb_main_blurb_image\"><a href=\"#article\"><span class=\"et_pb_image_wrap\"><span class=\"et-pb-icon et-waypoint et_pb_animation_top et_pb_animation_top_tablet et_pb_animation_top_phone\">&quot;<\/span><\/span><\/a><\/div><div class=\"et_pb_blurb_container\"><\/div><\/div><\/div><\/div><\/div><\/div><div class=\"et_pb_section_1 et_pb_section et_section_regular et_block_section\" id=\"article\"><div class=\"et_pb_row_3 et_pb_row et_block_row\"><div class=\"et_pb_column_5 et_pb_column et_pb_column_4_4 et-last-child et_block_column et_pb_css_mix_blend_mode_passthrough\"><div class=\"et_pb_text_2 et_pb_text et_pb_bg_layout_light et_pb_module et_block_module\"><div class=\"et_pb_text_inner\"><p>Otsalohkodementia on selke\u00e4sti yleisin otsa-ohimolohkorappeuman muoto. Keskeisi\u00e4 oireita ovat persoonallisuuden ja k\u00e4ytt\u00e4ytymisen muutokset. Estottomuus, tahdittomuus, arvostelukyvytt\u00f6myys ja huolettomuus saattavat lis\u00e4\u00e4nty\u00e4.<\/p>\n<p>Estottomuus voi ilmet\u00e4 siten, ett\u00e4 sairastunut sanoo tai tekee asioita, joita h\u00e4n ei aiemmin olisi sanonut tai tehnyt. H\u00e4n voi esimerkiksi tehd\u00e4 sopimattomia ehdotuksia tai puhua runsaasti seksuaaliss\u00e4vytteisi\u00e4 asioita. Empatiakyky voi olla heikentynyt. Henkil\u00f6 ei usein itse koe olevansa sairas.<\/p>\n<p>Yleisiin oireisiin kuuluu my\u00f6s aloitekyvytt\u00f6myys, apaattisuus ja keskittymiskyvyn puute. Ilman ulkopuolisia \u00e4rsykkeit\u00e4 sairastunut saattaa vain istua tekem\u00e4tt\u00e4 mit\u00e4\u00e4n. Toisaalta h\u00e4nen toimintansa voi olla my\u00f6s hyvin impulsiivista, jolloin h\u00e4n toimii eteen tulevien \u00e4rsykkeiden mukaan riippumatta siit\u00e4, onko se mielek\u00e4st\u00e4. H\u00e4n saattaa esimerkiksi tyhjent\u00e4\u00e4 p\u00f6yd\u00e4ll\u00e4 olevan lasin v\u00e4litt\u00f6m\u00e4sti vaikka se kuuluisi toiselle henkil\u00f6lle.<\/p>\n<p>Tyypillisi\u00e4 oireita ovat my\u00f6s tiedonk\u00e4sittelyn hitaus sek\u00e4 asioihin ja tekemisiin juuttuminen. My\u00f6s puheen tuottamisessa on usein vaikeuksia. Sairastunut saattaa toistaa samaa sanaa, tavua tai fraasia. My\u00f6s puheenaiheet voivat olla jatkuvasti samoja ja lopulta puhe loppua kokonaan. My\u00f6hemmin saattaa kehitty\u00e4 my\u00f6s kehollisia oireita, kuten k\u00e4velyvaikeuksia, hidasliikkeisyytt\u00e4 ja j\u00e4ykkyytt\u00e4.<\/p>\n<\/div><\/div><\/div><\/div><\/div><div class=\"et_pb_section_2 et_pb_section et_section_regular et_block_section\"><div class=\"et_pb_row_4 et_pb_row et_pb_gutters2 et_block_row\"><div class=\"et_pb_column_6 et_pb_column et_pb_column_1_3 et_block_column et_pb_css_mix_blend_mode_passthrough\"><div class=\"et_pb_blurb_4 et_pb_blurb et_pb_bg_layout_dark et_pb_blurb_position_left et_clickable et_pb_module et_block_module ftr-blrb\"><div class=\"et_pb_blurb_content\"><div class=\"et_pb_main_blurb_image\"><a href=\"\/sv\/mita-ovat-yleisimmat-muistisairaudet\/otsa-ohimolohkorappeumat\/eteneva-sujumaton-afasia\/\"><span class=\"et_pb_image_wrap et_pb_only_image_mode_wrap\"><img loading=\"lazy\" decoding=\"async\" src=\"https:\/\/memocate.com\/wp-content\/uploads\/2019\/03\/cloud_3.svg\" width=\"82\" height=\"66\" srcset=\"https:\/\/memocate.com\/wp-content\/uploads\/2019\/03\/cloud_3.svg 82w\" sizes=\"(max-width: 82px) 100vw, 82px\" class=\"et-waypoint et_pb_animation_top et_pb_animation_top_tablet et_pb_animation_top_phone wp-image-1156\" \/><\/span><\/a><\/div><div class=\"et_pb_blurb_container\"><h4 class=\"et_pb_module_header\"><a href=\"\/sv\/mita-ovat-yleisimmat-muistisairaudet\/otsa-ohimolohkorappeumat\/eteneva-sujumaton-afasia\/\">Minnessjukdomar<\/a><\/h4><div class=\"et_pb_blurb_description\"><h3>Progressiv icke-flytande afasi<\/h3>\n<p><a class=\"read-more\" href=\"\/sv\/mita-ovat-yleisimmat-muistisairaudet\/otsa-ohimolohkorappeumat\/eteneva-sujumaton-afasia\/\">L\u00e4s mer <img decoding=\"async\" src=\"\/wp-content\/uploads\/2019\/03\/arrow_right-green.svg\"><\/a><\/p>\n<\/div><\/div><\/div><\/div><\/div><div class=\"et_pb_column_7 et_pb_column et_pb_column_1_3 et_block_column et_pb_css_mix_blend_mode_passthrough\"><div class=\"et_pb_blurb_5 et_pb_blurb et_pb_bg_layout_dark et_pb_blurb_position_left et_clickable et_pb_module et_block_module ftr-blrb\"><div class=\"et_pb_blurb_content\"><div class=\"et_pb_main_blurb_image\"><a href=\"\/sv\/vuorovaikutus\/kohti-parempaa-vuorovaikutusta\/muistisairauden%20kanssa%20el\u00e4v\u00e4n%20ihmisen-ja-omaishoitajan-valinen-suhde\/\"><span class=\"et_pb_image_wrap et_pb_only_image_mode_wrap\"><img loading=\"lazy\" decoding=\"async\" src=\"https:\/\/memocate.com\/wp-content\/uploads\/2019\/03\/cloud_2.svg\" width=\"82\" height=\"61\" srcset=\"https:\/\/memocate.com\/wp-content\/uploads\/2019\/03\/cloud_2.svg 82w\" sizes=\"(max-width: 82px) 100vw, 82px\" class=\"et-waypoint et_pb_animation_top et_pb_animation_top_tablet et_pb_animation_top_phone wp-image-1155\" \/><\/span><\/a><\/div><div class=\"et_pb_blurb_container\"><h4 class=\"et_pb_module_header\"><a href=\"\/sv\/vuorovaikutus\/kohti-parempaa-vuorovaikutusta\/muistisairauden%20kanssa%20el\u00e4v\u00e4n%20ihmisen-ja-omaishoitajan-valinen-suhde\/\">V\u00e4xelverkan<\/a><\/h4><div class=\"et_pb_blurb_description\"><h3>Relationen mellan personen med minnessjukdom och n\u00e4rst\u00e5endev\u00e5rdaren<\/h3>\n<p><a class=\"read-more\" href=\"\/sv\/vuorovaikutus\/kohti-parempaa-vuorovaikutusta\/muistisairauden kanssa el\u00e4v\u00e4n henkil\u00f6n-ja-omaishoitajan-valinen-suhde\/\">L\u00e4s mer <img decoding=\"async\" src=\"\/wp-content\/uploads\/2019\/03\/arrow_right-green.svg\"><\/a><\/p>\n<\/div><\/div><\/div><\/div><\/div><div class=\"et_pb_column_8 et_pb_column et_pb_column_1_3 et-last-child et_block_column et_pb_css_mix_blend_mode_passthrough\"><div class=\"et_pb_blurb_6 et_pb_blurb et_pb_bg_layout_dark et_pb_blurb_position_left et_clickable et_pb_module et_block_module ftr-blrb\"><div class=\"et_pb_blurb_content\"><div class=\"et_pb_main_blurb_image\"><a href=\"\/sv\/vuorovaikutus\/kohti-parempaa-vuorovaikutusta\/vinkkeja-camilla-lindholmilta\/\"><span class=\"et_pb_image_wrap et_pb_only_image_mode_wrap\"><img loading=\"lazy\" decoding=\"async\" src=\"https:\/\/memocate.com\/wp-content\/uploads\/2019\/03\/cloud_1.svg\" width=\"77\" height=\"66\" srcset=\"https:\/\/memocate.com\/wp-content\/uploads\/2019\/03\/cloud_1.svg 77w\" sizes=\"(max-width: 77px) 100vw, 77px\" class=\"et-waypoint et_pb_animation_top et_pb_animation_top_tablet et_pb_animation_top_phone wp-image-1154\" \/><\/span><\/a><\/div><div class=\"et_pb_blurb_container\"><h4 class=\"et_pb_module_header\"><a href=\"\/sv\/vuorovaikutus\/kohti-parempaa-vuorovaikutusta\/vinkkeja-camilla-lindholmilta\/\">V\u00e4xelverkan <\/a><\/h4><div class=\"et_pb_blurb_description\"><h3>Tips fr\u00e5n Camilla Lindholm<\/h3>\n<p><a class=\"read-more\" href=\"\/sv\/vuorovaikutus\/kohti-parempaa-vuorovaikutusta\/vinkkeja-camilla-lindholmilta\/\">L\u00e4s mer <img decoding=\"async\" src=\"\/wp-content\/uploads\/2019\/03\/arrow_right-green.svg\"><\/a><\/p>\n<\/div><\/div><\/div><\/div><\/div><\/div><\/div><div class=\"et_pb_section_3 et_pb_section et_section_regular et_block_section\"><div class=\"et_pb_row_5 et_pb_row et_pb_equal_columns et_pb_gutters1 et_block_row et_pb_row_fullwidth\"><div class=\"et_pb_column_9 et_pb_column et_pb_column_1_3 et_block_column et_pb_column_empty et_pb_css_mix_blend_mode_passthrough\"><\/div><div class=\"et_pb_column_10 et_pb_column et_pb_column_1_3 et_block_column et_pb_css_mix_blend_mode_passthrough\"><div class=\"et_pb_cta_0 et_pb_promo et_pb_bg_layout_dark et_pb_module et_block_module\"><div class=\"et_pb_promo_description\"><h2 class=\"et_pb_module_header\">Har du ny forskningsinformation eller utvecklingsid\u00e9er f\u00f6r webbplatsen?<\/h2><\/div><div class=\"et_pb_button_wrapper\"><a class=\"et_pb_button et_pb_promo_button\" href=\"\/sv\/kouluttaudu-kanssamme\/#ota-yhteytta\">Kontakta oss<\/a><\/div><\/div><\/div><div class=\"et_pb_column_11 et_pb_column et_pb_column_1_3 et-last-child et_block_column et_pb_column_empty et_pb_css_mix_blend_mode_passthrough\"><\/div><\/div><div class=\"et_pb_row_6 et_pb_row et_pb_equal_columns et_pb_gutters1 et_block_row et_pb_row_fullwidth\"><div class=\"et_pb_column_12 et_pb_column et_pb_column_4_4 et-last-child et_block_column et_pb_css_mix_blend_mode_passthrough\"><div class=\"et_pb_cta_1 et_pb_promo et_pb_bg_layout_dark et_pb_module et_block_module\"><div class=\"et_pb_promo_description\"><h2 class=\"et_pb_module_header\">Har du ny forskningsinformation eller utvecklingsid\u00e9er f\u00f6r webbplatsen?<\/h2><\/div><div class=\"et_pb_button_wrapper\"><a class=\"et_pb_button et_pb_promo_button\" href=\"\/sv\/kouluttaudu-kanssamme\/#ota-yhteytta\">Kontakta oss<\/a><\/div><\/div><\/div><\/div><\/div>","protected":false},"excerpt":{"rendered":"","protected":false},"author":4,"featured_media":0,"parent":217,"menu_order":1,"comment_status":"closed","ping_status":"closed","template":"","meta":{"footnotes":""},"class_list":["post-221","page","type-page","status-publish","hentry"],"yoast_head":"<!-- This site is optimized with the Yoast SEO plugin v27.5 - https:\/\/yoast.com\/product\/yoast-seo-wordpress\/ -->\n<title>Otsalohkodementia \u2013 oireet, k\u00e4ytt\u00e4ytymismuutokset ja hoito | Memocate<\/title>\n<meta name=\"description\" content=\"Otsalohkodementia muuttaa persoonallisuutta ja k\u00e4ytt\u00e4ytymist\u00e4 usein jo ennen muistiongelmia. Lue tyypillisist\u00e4 oireista, diagnostiikasta ja arjen tukikeinoista.\" \/>\n<meta name=\"robots\" content=\"index, follow, max-snippet:-1, max-image-preview:large, max-video-preview:-1\" \/>\n<link rel=\"canonical\" href=\"https:\/\/memocate.com\/sv\/mita-ovat-yleisimmat-muistisairaudet\/otsa-ohimolohkorappeumat\/otsalohkodementia\/\" \/>\n<meta property=\"og:locale\" content=\"sv_SE\" \/>\n<meta property=\"og:type\" content=\"article\" \/>\n<meta property=\"og:title\" content=\"Otsalohkodementia \u2013 oireet, k\u00e4ytt\u00e4ytymismuutokset ja hoito | Memocate\" \/>\n<meta property=\"og:description\" content=\"Otsalohkodementia muuttaa persoonallisuutta ja k\u00e4ytt\u00e4ytymist\u00e4 usein jo ennen muistiongelmia. Lue tyypillisist\u00e4 oireista, diagnostiikasta ja arjen tukikeinoista.\" \/>\n<meta property=\"og:url\" content=\"https:\/\/memocate.com\/sv\/mita-ovat-yleisimmat-muistisairaudet\/otsa-ohimolohkorappeumat\/otsalohkodementia\/\" \/>\n<meta property=\"og:site_name\" content=\"Memocate\" \/>\n<meta property=\"article:modified_time\" content=\"2026-03-23T08:04:29+00:00\" \/>\n<meta property=\"og:image\" content=\"https:\/\/memocate.com\/wp-content\/uploads\/2026\/03\/memocate-og-image.png\" \/>\n\t<meta property=\"og:image:width\" content=\"1200\" \/>\n\t<meta property=\"og:image:height\" content=\"675\" \/>\n\t<meta property=\"og:image:type\" content=\"image\/png\" \/>\n<meta name=\"twitter:card\" content=\"summary_large_image\" \/>\n<meta name=\"twitter:label1\" content=\"Ber\u00e4knad l\u00e4stid\" \/>\n\t<meta name=\"twitter:data1\" content=\"4 minuter\" \/>\n<script type=\"application\/ld+json\" class=\"yoast-schema-graph\">{\"@context\":\"https:\\\/\\\/schema.org\",\"@graph\":[{\"@type\":\"WebPage\",\"@id\":\"https:\\\/\\\/memocate.com\\\/mita-ovat-yleisimmat-muistisairaudet\\\/otsa-ohimolohkorappeumat\\\/otsalohkodementia\\\/\",\"url\":\"https:\\\/\\\/memocate.com\\\/mita-ovat-yleisimmat-muistisairaudet\\\/otsa-ohimolohkorappeumat\\\/otsalohkodementia\\\/\",\"name\":\"Otsalohkodementia \u2013 oireet, k\u00e4ytt\u00e4ytymismuutokset ja hoito | Memocate\",\"isPartOf\":{\"@id\":\"https:\\\/\\\/memocate.com\\\/#website\"},\"datePublished\":\"2018-10-31T17:45:18+00:00\",\"dateModified\":\"2026-03-23T08:04:29+00:00\",\"description\":\"Otsalohkodementia muuttaa persoonallisuutta ja k\u00e4ytt\u00e4ytymist\u00e4 usein jo ennen muistiongelmia. Lue tyypillisist\u00e4 oireista, diagnostiikasta ja arjen tukikeinoista.\",\"breadcrumb\":{\"@id\":\"https:\\\/\\\/memocate.com\\\/mita-ovat-yleisimmat-muistisairaudet\\\/otsa-ohimolohkorappeumat\\\/otsalohkodementia\\\/#breadcrumb\"},\"inLanguage\":\"sv-SE\",\"potentialAction\":[{\"@type\":\"ReadAction\",\"target\":[\"https:\\\/\\\/memocate.com\\\/mita-ovat-yleisimmat-muistisairaudet\\\/otsa-ohimolohkorappeumat\\\/otsalohkodementia\\\/\"]}]},{\"@type\":\"BreadcrumbList\",\"@id\":\"https:\\\/\\\/memocate.com\\\/mita-ovat-yleisimmat-muistisairaudet\\\/otsa-ohimolohkorappeumat\\\/otsalohkodementia\\\/#breadcrumb\",\"itemListElement\":[{\"@type\":\"ListItem\",\"position\":1,\"name\":\"Home\",\"item\":\"https:\\\/\\\/memocate.com\\\/\"},{\"@type\":\"ListItem\",\"position\":2,\"name\":\"Muistisairaudet\",\"item\":\"https:\\\/\\\/memocate.com\\\/mita-ovat-yleisimmat-muistisairaudet\\\/\"},{\"@type\":\"ListItem\",\"position\":3,\"name\":\"Otsa-ohimolohkorappeumat\",\"item\":\"https:\\\/\\\/memocate.com\\\/mita-ovat-yleisimmat-muistisairaudet\\\/otsa-ohimolohkorappeumat\\\/\"},{\"@type\":\"ListItem\",\"position\":4,\"name\":\"Otsalohkodementia\"}]},{\"@type\":\"WebSite\",\"@id\":\"https:\\\/\\\/memocate.com\\\/#website\",\"url\":\"https:\\\/\\\/memocate.com\\\/\",\"name\":\"Memocate\",\"description\":\"Muistisairaus, vuorovaikutus ja hyv\u00e4 kohtaaminen\",\"publisher\":{\"@id\":\"https:\\\/\\\/memocate.com\\\/#organization\"},\"potentialAction\":[{\"@type\":\"SearchAction\",\"target\":{\"@type\":\"EntryPoint\",\"urlTemplate\":\"https:\\\/\\\/memocate.com\\\/?s={search_term_string}\"},\"query-input\":{\"@type\":\"PropertyValueSpecification\",\"valueRequired\":true,\"valueName\":\"search_term_string\"}}],\"inLanguage\":\"sv-SE\"},{\"@type\":\"Organization\",\"@id\":\"https:\\\/\\\/memocate.com\\\/#organization\",\"name\":\"Memocate Oy\",\"url\":\"https:\\\/\\\/memocate.com\\\/\",\"logo\":{\"@type\":\"ImageObject\",\"inLanguage\":\"sv-SE\",\"@id\":\"https:\\\/\\\/memocate.com\\\/#\\\/schema\\\/logo\\\/image\\\/\",\"url\":\"https:\\\/\\\/memocate.com\\\/wp-content\\\/uploads\\\/2019\\\/07\\\/Memocate_horizontal_logo.svg\",\"contentUrl\":\"https:\\\/\\\/memocate.com\\\/wp-content\\\/uploads\\\/2019\\\/07\\\/Memocate_horizontal_logo.svg\",\"width\":213,\"height\":70,\"caption\":\"Memocate Oy\"},\"image\":{\"@id\":\"https:\\\/\\\/memocate.com\\\/#\\\/schema\\\/logo\\\/image\\\/\"}}]}<\/script>\n<!-- \/ Yoast SEO plugin. -->","yoast_head_json":{"title":"Otsalohkodementia \u2013 oireet, k\u00e4ytt\u00e4ytymismuutokset ja hoito | Memocate","description":"Otsalohkodementia muuttaa persoonallisuutta ja k\u00e4ytt\u00e4ytymist\u00e4 usein jo ennen muistiongelmia. Lue tyypillisist\u00e4 oireista, diagnostiikasta ja arjen tukikeinoista.","robots":{"index":"index","follow":"follow","max-snippet":"max-snippet:-1","max-image-preview":"max-image-preview:large","max-video-preview":"max-video-preview:-1"},"canonical":"https:\/\/memocate.com\/sv\/mita-ovat-yleisimmat-muistisairaudet\/otsa-ohimolohkorappeumat\/otsalohkodementia\/","og_locale":"sv_SE","og_type":"article","og_title":"Otsalohkodementia \u2013 oireet, k\u00e4ytt\u00e4ytymismuutokset ja hoito | Memocate","og_description":"Otsalohkodementia muuttaa persoonallisuutta ja k\u00e4ytt\u00e4ytymist\u00e4 usein jo ennen muistiongelmia. Lue tyypillisist\u00e4 oireista, diagnostiikasta ja arjen tukikeinoista.","og_url":"https:\/\/memocate.com\/sv\/mita-ovat-yleisimmat-muistisairaudet\/otsa-ohimolohkorappeumat\/otsalohkodementia\/","og_site_name":"Memocate","article_modified_time":"2026-03-23T08:04:29+00:00","og_image":[{"width":1200,"height":675,"url":"https:\/\/memocate.com\/wp-content\/uploads\/2026\/03\/memocate-og-image.png","type":"image\/png"}],"twitter_card":"summary_large_image","twitter_misc":{"Ber\u00e4knad l\u00e4stid":"4 minuter"},"schema":{"@context":"https:\/\/schema.org","@graph":[{"@type":"WebPage","@id":"https:\/\/memocate.com\/mita-ovat-yleisimmat-muistisairaudet\/otsa-ohimolohkorappeumat\/otsalohkodementia\/","url":"https:\/\/memocate.com\/mita-ovat-yleisimmat-muistisairaudet\/otsa-ohimolohkorappeumat\/otsalohkodementia\/","name":"Otsalohkodementia \u2013 oireet, k\u00e4ytt\u00e4ytymismuutokset ja hoito | Memocate","isPartOf":{"@id":"https:\/\/memocate.com\/#website"},"datePublished":"2018-10-31T17:45:18+00:00","dateModified":"2026-03-23T08:04:29+00:00","description":"Otsalohkodementia muuttaa persoonallisuutta ja k\u00e4ytt\u00e4ytymist\u00e4 usein jo ennen muistiongelmia. Lue tyypillisist\u00e4 oireista, diagnostiikasta ja arjen tukikeinoista.","breadcrumb":{"@id":"https:\/\/memocate.com\/mita-ovat-yleisimmat-muistisairaudet\/otsa-ohimolohkorappeumat\/otsalohkodementia\/#breadcrumb"},"inLanguage":"sv-SE","potentialAction":[{"@type":"ReadAction","target":["https:\/\/memocate.com\/mita-ovat-yleisimmat-muistisairaudet\/otsa-ohimolohkorappeumat\/otsalohkodementia\/"]}]},{"@type":"BreadcrumbList","@id":"https:\/\/memocate.com\/mita-ovat-yleisimmat-muistisairaudet\/otsa-ohimolohkorappeumat\/otsalohkodementia\/#breadcrumb","itemListElement":[{"@type":"ListItem","position":1,"name":"Home","item":"https:\/\/memocate.com\/"},{"@type":"ListItem","position":2,"name":"Muistisairaudet","item":"https:\/\/memocate.com\/mita-ovat-yleisimmat-muistisairaudet\/"},{"@type":"ListItem","position":3,"name":"Otsa-ohimolohkorappeumat","item":"https:\/\/memocate.com\/mita-ovat-yleisimmat-muistisairaudet\/otsa-ohimolohkorappeumat\/"},{"@type":"ListItem","position":4,"name":"Otsalohkodementia"}]},{"@type":"WebSite","@id":"https:\/\/memocate.com\/#website","url":"https:\/\/memocate.com\/","name":"Memocate","description":"Muistisairaus, vuorovaikutus ja hyv\u00e4 kohtaaminen","publisher":{"@id":"https:\/\/memocate.com\/#organization"},"potentialAction":[{"@type":"SearchAction","target":{"@type":"EntryPoint","urlTemplate":"https:\/\/memocate.com\/?s={search_term_string}"},"query-input":{"@type":"PropertyValueSpecification","valueRequired":true,"valueName":"search_term_string"}}],"inLanguage":"sv-SE"},{"@type":"Organization","@id":"https:\/\/memocate.com\/#organization","name":"Memocate Oy","url":"https:\/\/memocate.com\/","logo":{"@type":"ImageObject","inLanguage":"sv-SE","@id":"https:\/\/memocate.com\/#\/schema\/logo\/image\/","url":"https:\/\/memocate.com\/wp-content\/uploads\/2019\/07\/Memocate_horizontal_logo.svg","contentUrl":"https:\/\/memocate.com\/wp-content\/uploads\/2019\/07\/Memocate_horizontal_logo.svg","width":213,"height":70,"caption":"Memocate Oy"},"image":{"@id":"https:\/\/memocate.com\/#\/schema\/logo\/image\/"}}]}},"_links":{"self":[{"href":"https:\/\/memocate.com\/sv\/wp-json\/wp\/v2\/pages\/221","targetHints":{"allow":["GET"]}}],"collection":[{"href":"https:\/\/memocate.com\/sv\/wp-json\/wp\/v2\/pages"}],"about":[{"href":"https:\/\/memocate.com\/sv\/wp-json\/wp\/v2\/types\/page"}],"author":[{"embeddable":true,"href":"https:\/\/memocate.com\/sv\/wp-json\/wp\/v2\/users\/4"}],"replies":[{"embeddable":true,"href":"https:\/\/memocate.com\/sv\/wp-json\/wp\/v2\/comments?post=221"}],"version-history":[{"count":7,"href":"https:\/\/memocate.com\/sv\/wp-json\/wp\/v2\/pages\/221\/revisions"}],"predecessor-version":[{"id":8762,"href":"https:\/\/memocate.com\/sv\/wp-json\/wp\/v2\/pages\/221\/revisions\/8762"}],"up":[{"embeddable":true,"href":"https:\/\/memocate.com\/sv\/wp-json\/wp\/v2\/pages\/217"}],"wp:attachment":[{"href":"https:\/\/memocate.com\/sv\/wp-json\/wp\/v2\/media?parent=221"}],"curies":[{"name":"wp","href":"https:\/\/api.w.org\/{rel}","templated":true}]}}