{"id":217,"date":"2018-10-31T19:36:32","date_gmt":"2018-10-31T17:36:32","guid":{"rendered":"https:\/\/memocateomaishoitajille.gaselli.software\/?page_id=217"},"modified":"2026-03-23T10:04:28","modified_gmt":"2026-03-23T08:04:28","slug":"otsa-ohimolohkorappeumat","status":"publish","type":"page","link":"https:\/\/memocate.com\/sv\/mita-ovat-yleisimmat-muistisairaudet\/otsa-ohimolohkorappeumat\/","title":{"rendered":"Frontotemporal degeneration"},"content":{"rendered":"<div class=\"et_pb_section_0 et_pb_section et_section_regular et_block_section\"><div class=\"et_pb_row_0 et_pb_row et_block_row\"><div class=\"et_pb_column_0 et_pb_column et_pb_column_4_4 et-last-child et_block_column et_pb_css_mix_blend_mode_passthrough\"><div class=\"et_pb_text_0 et_pb_text et_pb_bg_layout_light et_pb_module et_block_module\"><div class=\"et_pb_text_inner\"><h1>Frontotemporal degeneration<\/h1>\n<\/div><\/div><\/div><\/div><\/div><div class=\"et_pb_section_1 et_pb_section et_section_regular et_block_section\"><div class=\"et_pb_row_1 et_pb_row et_block_row\"><div class=\"et_pb_column_1 et_pb_column et_pb_column_4_4 et-last-child et_block_column et_pb_css_mix_blend_mode_passthrough\"><div class=\"et_pb_text_1 et_pb_text et_pb_bg_layout_light et_pb_module et_block_module\"><div class=\"et_pb_text_inner\"><p>Frontotemporala degenerationer \u00e4r en grupp progressiva sjukdomar som s\u00e4rskilt skadar hj\u00e4rnans frontallober. De debuterar ofta mellan 45 och 64 \u00e5rs \u00e5lder, allts\u00e5 tidigare \u00e4n andra minnessjukdomar. I Finland finns det f\u00e4rre \u00e4n tusen personer med frontotemporala degenerationer. De exakta orsakerna till insjuknande \u00e4r inte k\u00e4nda, men \u00e4rftlighet och relaterade genmutationer har sannolikt en central betydelse.<\/p>\n<p>Frontotemporala degenerationer delas in i tre typer:<\/p>\n<\/div><\/div><div class=\"et_pb_text_2 et_pb_text et_pb_bg_layout_light et_pb_module et_block_module blue_list\"><div class=\"et_pb_text_inner\"><ul>\n<li>Frontallobsdemens<\/li>\n<li>Progressiv icke-flytande afasi<\/li>\n<li>Semantisk demens<\/li>\n<\/ul>\n<\/div><\/div><div class=\"et_pb_text_3 et_pb_text et_pb_bg_layout_light et_pb_module et_block_module\"><div class=\"et_pb_text_inner\"><p>Trots att frontotemporala degenerationer h\u00f6r till minnessjukdomarna utvecklas minnessv\u00e5righeter ofta f\u00f6rst i ett senare skede. I b\u00f6rjan dominerar, beroende p\u00e5 undertyp, antingen f\u00f6r\u00e4ndringar i beteende och personlighet eller spr\u00e5kliga sv\u00e5righeter.<\/p>\n<p>Den genetiska bakgrunden till frontotemporala degenerationer \u00e4r numera b\u00e4ttre k\u00e4nd: upp till 30\u201340 procent av fallen \u00e4r \u00e4rftliga. De viktigaste k\u00e4nda genmutationerna \u00e4r C9orf72, MAPT och granulin. Genetisk testning \u00e4r s\u00e4rskilt viktig vid familj\u00e4r f\u00f6rekomst och kan m\u00f6jligg\u00f6ra uppf\u00f6ljning av familjemedlemmar som l\u00f6per risk.<\/p>\n<p>Inom l\u00e4kemedelsutvecklingen har antisense-oligonukleotid (ASO)-behandlingar f\u00f6r frontotemporala degenerationer kopplade till C9orf72-genmutationen avancerat till kliniska pr\u00f6vningar, \u00e4ven om forskningen fortfarande befinner sig i ett tidigt skede.<\/p>\n<p>Vid frontallobsdemens \u00e4r de f\u00f6rsta symtomen ofta beteenderelaterade: impulsivitet, oh\u00e4mmat beteende, minskad empati eller apati. De spr\u00e5kliga formerna delas in i tv\u00e5 huvudtyper. Vid progressiv icke-flytande afasi blir talproduktionen m\u00f6dosam och grammatikfelen \u00f6kar. Vid semantisk demens f\u00f6rsvinner ordens betydelser trots att talet i sig f\u00f6rblir flytande. Att f\u00f6rst\u00e5 dessa skillnader hj\u00e4lper till att identifiera sjukdomen korrekt och planera st\u00f6d\u00e5tg\u00e4rder i ett tidigt skede.<\/p>\n<\/div><\/div><\/div><\/div><\/div><div class=\"et_pb_section_2 et_pb_section et_section_regular et_block_section\"><div class=\"et_pb_row_2 et_pb_row et_pb_gutters2 et_block_row\"><div class=\"et_pb_column_2 et_pb_column et_pb_column_1_3 et_block_column et_pb_css_mix_blend_mode_passthrough\"><div class=\"et_pb_blurb_0 et_pb_blurb et_pb_bg_layout_dark et_pb_blurb_position_left et_clickable et_pb_module et_block_module ftr-blrb\"><div class=\"et_pb_blurb_content\"><div class=\"et_pb_main_blurb_image\"><a href=\"\/sv\/mita-ovat-yleisimmat-muistisairaudet\/otsa-ohimolohkorappeumat\/otsalohkodementia\/\"><span class=\"et_pb_image_wrap et_pb_only_image_mode_wrap\"><img loading=\"lazy\" decoding=\"async\" src=\"https:\/\/memocate.com\/wp-content\/uploads\/2019\/03\/cloud_3.svg\" width=\"82\" height=\"66\" srcset=\"https:\/\/memocate.com\/wp-content\/uploads\/2019\/03\/cloud_3.svg 82w\" sizes=\"(max-width: 82px) 100vw, 82px\" class=\"et-waypoint et_pb_animation_top et_pb_animation_top_tablet et_pb_animation_top_phone wp-image-1156\" \/><\/span><\/a><\/div><div class=\"et_pb_blurb_container\"><h4 class=\"et_pb_module_header\"><a href=\"\/sv\/mita-ovat-yleisimmat-muistisairaudet\/otsa-ohimolohkorappeumat\/otsalohkodementia\/\">Minnessjukdomar<\/a><\/h4><div class=\"et_pb_blurb_description\"><h3>Frontallobsdemens<\/h3>\n<p><a class=\"read-more\" href=\"\/sv\/mita-ovat-yleisimmat-muistisairaudet\/otsa-ohimolohkorappeumat\/otsalohkodementia\/\">L\u00e4s mer <img decoding=\"async\" src=\"\/wp-content\/uploads\/2019\/03\/arrow_right-green.svg\"><\/a><\/p>\n<\/div><\/div><\/div><\/div><\/div><div class=\"et_pb_column_3 et_pb_column et_pb_column_1_3 et_block_column et_pb_css_mix_blend_mode_passthrough\"><div class=\"et_pb_blurb_1 et_pb_blurb et_pb_bg_layout_dark et_pb_blurb_position_left et_clickable et_pb_module et_block_module ftr-blrb\"><div class=\"et_pb_blurb_content\"><div class=\"et_pb_main_blurb_image\"><a href=\"\/sv\/mita-ovat-yleisimmat-muistisairaudet\/otsa-ohimolohkorappeumat\/eteneva-sujumaton-afasia\/\"><span class=\"et_pb_image_wrap et_pb_only_image_mode_wrap\"><img loading=\"lazy\" decoding=\"async\" src=\"https:\/\/memocate.com\/wp-content\/uploads\/2019\/03\/cloud_2.svg\" width=\"82\" height=\"61\" srcset=\"https:\/\/memocate.com\/wp-content\/uploads\/2019\/03\/cloud_2.svg 82w\" sizes=\"(max-width: 82px) 100vw, 82px\" class=\"et-waypoint et_pb_animation_top et_pb_animation_top_tablet et_pb_animation_top_phone wp-image-1155\" \/><\/span><\/a><\/div><div class=\"et_pb_blurb_container\"><h4 class=\"et_pb_module_header\"><a href=\"\/sv\/mita-ovat-yleisimmat-muistisairaudet\/otsa-ohimolohkorappeumat\/eteneva-sujumaton-afasia\/\">Minnessjukdomar<\/a><\/h4><div class=\"et_pb_blurb_description\"><h3>Progressiv icke-flytande afasi<\/h3>\n<p><a class=\"read-more\" href=\"\/sv\/mita-ovat-yleisimmat-muistisairaudet\/otsa-ohimolohkorappeumat\/eteneva-sujumaton-afasia\/\">L\u00e4s mer <img decoding=\"async\" src=\"\/wp-content\/uploads\/2019\/03\/arrow_right-green.svg\"><\/a><\/p>\n<\/div><\/div><\/div><\/div><\/div><div class=\"et_pb_column_4 et_pb_column et_pb_column_1_3 et-last-child et_block_column et_pb_css_mix_blend_mode_passthrough\"><div class=\"et_pb_blurb_2 et_pb_blurb et_pb_bg_layout_dark et_pb_blurb_position_left et_clickable et_pb_module et_block_module ftr-blrb\"><div class=\"et_pb_blurb_content\"><div class=\"et_pb_main_blurb_image\"><a href=\"\/sv\/mita-ovat-yleisimmat-muistisairaudet\/otsa-ohimolohkorappeumat\/semanttinen-dementia\/\"><span class=\"et_pb_image_wrap et_pb_only_image_mode_wrap\"><img loading=\"lazy\" decoding=\"async\" src=\"https:\/\/memocate.com\/wp-content\/uploads\/2019\/03\/cloud_1.svg\" width=\"77\" height=\"66\" srcset=\"https:\/\/memocate.com\/wp-content\/uploads\/2019\/03\/cloud_1.svg 77w\" sizes=\"(max-width: 77px) 100vw, 77px\" class=\"et-waypoint et_pb_animation_top et_pb_animation_top_tablet et_pb_animation_top_phone wp-image-1154\" \/><\/span><\/a><\/div><div class=\"et_pb_blurb_container\"><h4 class=\"et_pb_module_header\"><a href=\"\/sv\/mita-ovat-yleisimmat-muistisairaudet\/otsa-ohimolohkorappeumat\/semanttinen-dementia\/\"> Minnessjukdomar<\/a><\/h4><div class=\"et_pb_blurb_description\"><h3>Semantisk demens<\/h3>\n<p><a class=\"read-more\" href=\"\/sv\/mita-ovat-yleisimmat-muistisairaudet\/otsa-ohimolohkorappeumat\/semanttinen-dementia\/\">L\u00e4s mer <img decoding=\"async\" src=\"\/wp-content\/uploads\/2019\/03\/arrow_right-green.svg\"><\/a><\/p>\n<\/div><\/div><\/div><\/div><\/div><\/div><\/div><div class=\"et_pb_section_3 et_pb_section et_section_regular et_block_section\"><div class=\"et_pb_row_3 et_pb_row et_pb_equal_columns et_pb_gutters1 et_block_row et_pb_row_fullwidth\"><div class=\"et_pb_column_5 et_pb_column et_pb_column_1_3 et_block_column et_pb_column_empty et_pb_css_mix_blend_mode_passthrough\"><\/div><div class=\"et_pb_column_6 et_pb_column et_pb_column_1_3 et_block_column et_pb_css_mix_blend_mode_passthrough\"><div class=\"et_pb_cta_0 et_pb_promo et_pb_bg_layout_dark et_pb_module et_block_module\"><div class=\"et_pb_promo_description\"><h2 class=\"et_pb_module_header\">Har du ny forskningsinformation eller utvecklingsid\u00e9er f\u00f6r webbplatsen?<\/h2><\/div><div class=\"et_pb_button_wrapper\"><a class=\"et_pb_button et_pb_promo_button\" href=\"\/sv\/kouluttaudu-kanssamme\/#ota-yhteytta\">Kontakta oss<\/a><\/div><\/div><\/div><div class=\"et_pb_column_7 et_pb_column et_pb_column_1_3 et-last-child et_block_column et_pb_column_empty et_pb_css_mix_blend_mode_passthrough\"><\/div><\/div><div class=\"et_pb_row_4 et_pb_row et_pb_equal_columns et_pb_gutters1 et_block_row et_pb_row_fullwidth\"><div class=\"et_pb_column_8 et_pb_column et_pb_column_4_4 et-last-child et_block_column et_pb_css_mix_blend_mode_passthrough\"><div class=\"et_pb_cta_1 et_pb_promo et_pb_bg_layout_dark et_pb_module et_block_module\"><div class=\"et_pb_promo_description\"><h2 class=\"et_pb_module_header\">Har du ny forskningsinformation eller utvecklingsid\u00e9er f\u00f6r webbplatsen?<\/h2><\/div><div class=\"et_pb_button_wrapper\"><a class=\"et_pb_button et_pb_promo_button\" href=\"\/sv\/kouluttaudu-kanssamme\/#ota-yhteytta\">Kontakta oss<\/a><\/div><\/div><\/div><\/div><\/div>","protected":false},"excerpt":{"rendered":"","protected":false},"author":4,"featured_media":0,"parent":25,"menu_order":4,"comment_status":"closed","ping_status":"closed","template":"","meta":{"footnotes":""},"class_list":["post-217","page","type-page","status-publish","hentry"],"yoast_head":"<!-- This site is optimized with the Yoast SEO plugin v27.5 - https:\/\/yoast.com\/product\/yoast-seo-wordpress\/ -->\n<title>Otsa-ohimolohkorappeumat \u2013 Memocate<\/title>\n<meta name=\"description\" content=\"Otsa-ohimolohkorappeumat ovat ryhm\u00e4 sairauksia, jotka vaikuttavat erityisesti persoonallisuuteen, k\u00e4ytt\u00e4ytymiseen ja kielellisiin toimintoihin.\" \/>\n<meta name=\"robots\" content=\"index, follow, max-snippet:-1, max-image-preview:large, max-video-preview:-1\" \/>\n<link rel=\"canonical\" href=\"https:\/\/memocate.com\/sv\/mita-ovat-yleisimmat-muistisairaudet\/otsa-ohimolohkorappeumat\/\" \/>\n<meta property=\"og:locale\" content=\"sv_SE\" \/>\n<meta property=\"og:type\" content=\"article\" \/>\n<meta property=\"og:title\" content=\"Otsa-ohimolohkorappeumat \u2013 Memocate\" \/>\n<meta property=\"og:description\" content=\"Otsa-ohimolohkorappeumat ovat ryhm\u00e4 sairauksia, jotka vaikuttavat erityisesti persoonallisuuteen, k\u00e4ytt\u00e4ytymiseen ja kielellisiin toimintoihin.\" \/>\n<meta property=\"og:url\" content=\"https:\/\/memocate.com\/sv\/mita-ovat-yleisimmat-muistisairaudet\/otsa-ohimolohkorappeumat\/\" \/>\n<meta property=\"og:site_name\" content=\"Memocate\" \/>\n<meta property=\"article:modified_time\" content=\"2026-03-23T08:04:28+00:00\" \/>\n<meta property=\"og:image\" content=\"https:\/\/memocate.com\/wp-content\/uploads\/2026\/03\/memocate-og-image.png\" \/>\n\t<meta property=\"og:image:width\" content=\"1200\" \/>\n\t<meta property=\"og:image:height\" content=\"675\" \/>\n\t<meta property=\"og:image:type\" content=\"image\/png\" \/>\n<meta name=\"twitter:card\" content=\"summary_large_image\" \/>\n<meta name=\"twitter:label1\" content=\"Ber\u00e4knad l\u00e4stid\" \/>\n\t<meta name=\"twitter:data1\" content=\"2 minuter\" \/>\n<script type=\"application\/ld+json\" class=\"yoast-schema-graph\">{\"@context\":\"https:\\\/\\\/schema.org\",\"@graph\":[{\"@type\":\"WebPage\",\"@id\":\"https:\\\/\\\/memocate.com\\\/mita-ovat-yleisimmat-muistisairaudet\\\/otsa-ohimolohkorappeumat\\\/\",\"url\":\"https:\\\/\\\/memocate.com\\\/mita-ovat-yleisimmat-muistisairaudet\\\/otsa-ohimolohkorappeumat\\\/\",\"name\":\"Otsa-ohimolohkorappeumat \u2013 Memocate\",\"isPartOf\":{\"@id\":\"https:\\\/\\\/memocate.com\\\/#website\"},\"datePublished\":\"2018-10-31T17:36:32+00:00\",\"dateModified\":\"2026-03-23T08:04:28+00:00\",\"description\":\"Otsa-ohimolohkorappeumat ovat ryhm\u00e4 sairauksia, jotka vaikuttavat erityisesti persoonallisuuteen, k\u00e4ytt\u00e4ytymiseen ja kielellisiin toimintoihin.\",\"breadcrumb\":{\"@id\":\"https:\\\/\\\/memocate.com\\\/mita-ovat-yleisimmat-muistisairaudet\\\/otsa-ohimolohkorappeumat\\\/#breadcrumb\"},\"inLanguage\":\"sv-SE\",\"potentialAction\":[{\"@type\":\"ReadAction\",\"target\":[\"https:\\\/\\\/memocate.com\\\/mita-ovat-yleisimmat-muistisairaudet\\\/otsa-ohimolohkorappeumat\\\/\"]}]},{\"@type\":\"BreadcrumbList\",\"@id\":\"https:\\\/\\\/memocate.com\\\/mita-ovat-yleisimmat-muistisairaudet\\\/otsa-ohimolohkorappeumat\\\/#breadcrumb\",\"itemListElement\":[{\"@type\":\"ListItem\",\"position\":1,\"name\":\"Home\",\"item\":\"https:\\\/\\\/memocate.com\\\/\"},{\"@type\":\"ListItem\",\"position\":2,\"name\":\"Muistisairaudet\",\"item\":\"https:\\\/\\\/memocate.com\\\/mita-ovat-yleisimmat-muistisairaudet\\\/\"},{\"@type\":\"ListItem\",\"position\":3,\"name\":\"Otsa-ohimolohkorappeumat\"}]},{\"@type\":\"WebSite\",\"@id\":\"https:\\\/\\\/memocate.com\\\/#website\",\"url\":\"https:\\\/\\\/memocate.com\\\/\",\"name\":\"Memocate\",\"description\":\"Muistisairaus, vuorovaikutus ja hyv\u00e4 kohtaaminen\",\"publisher\":{\"@id\":\"https:\\\/\\\/memocate.com\\\/#organization\"},\"potentialAction\":[{\"@type\":\"SearchAction\",\"target\":{\"@type\":\"EntryPoint\",\"urlTemplate\":\"https:\\\/\\\/memocate.com\\\/?s={search_term_string}\"},\"query-input\":{\"@type\":\"PropertyValueSpecification\",\"valueRequired\":true,\"valueName\":\"search_term_string\"}}],\"inLanguage\":\"sv-SE\"},{\"@type\":\"Organization\",\"@id\":\"https:\\\/\\\/memocate.com\\\/#organization\",\"name\":\"Memocate Oy\",\"url\":\"https:\\\/\\\/memocate.com\\\/\",\"logo\":{\"@type\":\"ImageObject\",\"inLanguage\":\"sv-SE\",\"@id\":\"https:\\\/\\\/memocate.com\\\/#\\\/schema\\\/logo\\\/image\\\/\",\"url\":\"https:\\\/\\\/memocate.com\\\/wp-content\\\/uploads\\\/2019\\\/07\\\/Memocate_horizontal_logo.svg\",\"contentUrl\":\"https:\\\/\\\/memocate.com\\\/wp-content\\\/uploads\\\/2019\\\/07\\\/Memocate_horizontal_logo.svg\",\"width\":213,\"height\":70,\"caption\":\"Memocate Oy\"},\"image\":{\"@id\":\"https:\\\/\\\/memocate.com\\\/#\\\/schema\\\/logo\\\/image\\\/\"}}]}<\/script>\n<!-- \/ Yoast SEO plugin. -->","yoast_head_json":{"title":"Otsa-ohimolohkorappeumat \u2013 Memocate","description":"Otsa-ohimolohkorappeumat ovat ryhm\u00e4 sairauksia, jotka vaikuttavat erityisesti persoonallisuuteen, k\u00e4ytt\u00e4ytymiseen ja kielellisiin toimintoihin.","robots":{"index":"index","follow":"follow","max-snippet":"max-snippet:-1","max-image-preview":"max-image-preview:large","max-video-preview":"max-video-preview:-1"},"canonical":"https:\/\/memocate.com\/sv\/mita-ovat-yleisimmat-muistisairaudet\/otsa-ohimolohkorappeumat\/","og_locale":"sv_SE","og_type":"article","og_title":"Otsa-ohimolohkorappeumat \u2013 Memocate","og_description":"Otsa-ohimolohkorappeumat ovat ryhm\u00e4 sairauksia, jotka vaikuttavat erityisesti persoonallisuuteen, k\u00e4ytt\u00e4ytymiseen ja kielellisiin toimintoihin.","og_url":"https:\/\/memocate.com\/sv\/mita-ovat-yleisimmat-muistisairaudet\/otsa-ohimolohkorappeumat\/","og_site_name":"Memocate","article_modified_time":"2026-03-23T08:04:28+00:00","og_image":[{"width":1200,"height":675,"url":"https:\/\/memocate.com\/wp-content\/uploads\/2026\/03\/memocate-og-image.png","type":"image\/png"}],"twitter_card":"summary_large_image","twitter_misc":{"Ber\u00e4knad l\u00e4stid":"2 minuter"},"schema":{"@context":"https:\/\/schema.org","@graph":[{"@type":"WebPage","@id":"https:\/\/memocate.com\/mita-ovat-yleisimmat-muistisairaudet\/otsa-ohimolohkorappeumat\/","url":"https:\/\/memocate.com\/mita-ovat-yleisimmat-muistisairaudet\/otsa-ohimolohkorappeumat\/","name":"Otsa-ohimolohkorappeumat \u2013 Memocate","isPartOf":{"@id":"https:\/\/memocate.com\/#website"},"datePublished":"2018-10-31T17:36:32+00:00","dateModified":"2026-03-23T08:04:28+00:00","description":"Otsa-ohimolohkorappeumat ovat ryhm\u00e4 sairauksia, jotka vaikuttavat erityisesti persoonallisuuteen, k\u00e4ytt\u00e4ytymiseen ja kielellisiin toimintoihin.","breadcrumb":{"@id":"https:\/\/memocate.com\/mita-ovat-yleisimmat-muistisairaudet\/otsa-ohimolohkorappeumat\/#breadcrumb"},"inLanguage":"sv-SE","potentialAction":[{"@type":"ReadAction","target":["https:\/\/memocate.com\/mita-ovat-yleisimmat-muistisairaudet\/otsa-ohimolohkorappeumat\/"]}]},{"@type":"BreadcrumbList","@id":"https:\/\/memocate.com\/mita-ovat-yleisimmat-muistisairaudet\/otsa-ohimolohkorappeumat\/#breadcrumb","itemListElement":[{"@type":"ListItem","position":1,"name":"Home","item":"https:\/\/memocate.com\/"},{"@type":"ListItem","position":2,"name":"Muistisairaudet","item":"https:\/\/memocate.com\/mita-ovat-yleisimmat-muistisairaudet\/"},{"@type":"ListItem","position":3,"name":"Otsa-ohimolohkorappeumat"}]},{"@type":"WebSite","@id":"https:\/\/memocate.com\/#website","url":"https:\/\/memocate.com\/","name":"Memocate","description":"Muistisairaus, vuorovaikutus ja hyv\u00e4 kohtaaminen","publisher":{"@id":"https:\/\/memocate.com\/#organization"},"potentialAction":[{"@type":"SearchAction","target":{"@type":"EntryPoint","urlTemplate":"https:\/\/memocate.com\/?s={search_term_string}"},"query-input":{"@type":"PropertyValueSpecification","valueRequired":true,"valueName":"search_term_string"}}],"inLanguage":"sv-SE"},{"@type":"Organization","@id":"https:\/\/memocate.com\/#organization","name":"Memocate Oy","url":"https:\/\/memocate.com\/","logo":{"@type":"ImageObject","inLanguage":"sv-SE","@id":"https:\/\/memocate.com\/#\/schema\/logo\/image\/","url":"https:\/\/memocate.com\/wp-content\/uploads\/2019\/07\/Memocate_horizontal_logo.svg","contentUrl":"https:\/\/memocate.com\/wp-content\/uploads\/2019\/07\/Memocate_horizontal_logo.svg","width":213,"height":70,"caption":"Memocate Oy"},"image":{"@id":"https:\/\/memocate.com\/#\/schema\/logo\/image\/"}}]}},"_links":{"self":[{"href":"https:\/\/memocate.com\/sv\/wp-json\/wp\/v2\/pages\/217","targetHints":{"allow":["GET"]}}],"collection":[{"href":"https:\/\/memocate.com\/sv\/wp-json\/wp\/v2\/pages"}],"about":[{"href":"https:\/\/memocate.com\/sv\/wp-json\/wp\/v2\/types\/page"}],"author":[{"embeddable":true,"href":"https:\/\/memocate.com\/sv\/wp-json\/wp\/v2\/users\/4"}],"replies":[{"embeddable":true,"href":"https:\/\/memocate.com\/sv\/wp-json\/wp\/v2\/comments?post=217"}],"version-history":[{"count":6,"href":"https:\/\/memocate.com\/sv\/wp-json\/wp\/v2\/pages\/217\/revisions"}],"predecessor-version":[{"id":8761,"href":"https:\/\/memocate.com\/sv\/wp-json\/wp\/v2\/pages\/217\/revisions\/8761"}],"up":[{"embeddable":true,"href":"https:\/\/memocate.com\/sv\/wp-json\/wp\/v2\/pages\/25"}],"wp:attachment":[{"href":"https:\/\/memocate.com\/sv\/wp-json\/wp\/v2\/media?parent=217"}],"curies":[{"name":"wp","href":"https:\/\/api.w.org\/{rel}","templated":true}]}}