{"id":2133,"date":"2019-07-19T23:47:27","date_gmt":"2019-07-19T20:47:27","guid":{"rendered":"https:\/\/memocateomaishoitajille.gaselli.software\/?page_id=2133"},"modified":"2026-03-23T10:05:04","modified_gmt":"2026-03-23T08:05:04","slug":"neuvoja-omaiselta-omaiselle","status":"publish","type":"page","link":"https:\/\/memocate.com\/sv\/vuorovaikutus\/kohti-parempaa-vuorovaikutusta\/neuvoja-omaiselta-omaiselle\/","title":{"rendered":"R\u00e5d fr\u00e5n anh\u00f6rig till anh\u00f6rig"},"content":{"rendered":"<div class=\"et_pb_section_0 et_pb_section et_section_regular et_block_section\"><div class=\"et_pb_row_0 et_pb_row et_block_row\"><div class=\"et_pb_column_0 et_pb_column et_pb_column_4_4 et-last-child et_block_column et_pb_css_mix_blend_mode_passthrough\"><div class=\"et_pb_text_0 et_pb_text et_pb_bg_layout_light et_pb_module et_block_module et_pb_text_align_center\"><div class=\"et_pb_text_inner\"><h1>R\u00e5d fr\u00e5n anh\u00f6rig till anh\u00f6rig<\/h1>\n<p>Hur kan man utveckla och uppr\u00e4tth\u00e5lla v\u00e4xelverkan med en person som har minnessjukdom? Vi reflekterade \u00f6ver detta tillsammans med anh\u00f6riga. Kom och l\u00e4s tipsen som uppstod i v\u00e5ra samtal och diskutera dem.<\/p>\n<p>N\u00e4r minnessjukdomen framskrider f\u00f6r\u00e4ndras vardagen stegvis. Bekanta roller mellan n\u00e4rst\u00e5ende omformas och n\u00e4rst\u00e5endev\u00e5rdaren m\u00e5ste ofta balansera mellan omsorgen, sorgen och sin egen ork. Erfarenhetskunskap fr\u00e5n andra anh\u00f6riga \u00e4r i denna situation s\u00e4rskilt v\u00e4rdefull, eftersom den kommer fr\u00e5n m\u00e4nniskor som f\u00f6rst\u00e5r situationen inifr\u00e5n.<\/p>\n<p>Vi har samlat praktiska r\u00e5d p\u00e5 denna webbplats som har uppst\u00e5tt i samtal med anh\u00f6riga till personer med minnessjukdom. De \u00e4r inte professionella anvisningar, utan vardagliga insikter om vad som har hj\u00e4lpt till att bevara kontakten med den n\u00e4rst\u00e5ende och st\u00f6dja hens v\u00e4lbefinnande.<\/p>\n<\/div><\/div><\/div><\/div><div class=\"et_pb_row_1 et_pb_row et_block_row\"><div class=\"et_pb_column_1 et_pb_column et_pb_column_4_4 et-last-child et_block_column et_pb_css_mix_blend_mode_passthrough\"><div class=\"et_pb_text_1 et_pb_text et_pb_bg_layout_light et_pb_module et_block_module et_pb_text_align_center\"><div class=\"et_pb_text_inner\"><p>Forts\u00e4tt l\u00e4sa nedan<\/p>\n<\/div><\/div><div class=\"et_pb_module et_d4_element et_pb_blurb et_pb_blurb_6 et_animated  et_pb_text_align_center  et_pb_blurb_position_top et_block_module et_pb_bg_layout_light\">\n\t\t\t\t\n\t\t\t\t\n\t\t\t\t\n\t\t\t\t\n\t\t\t\t<div class=\"et_pb_blurb_content\">\n\t\t\t\t\t\n\t\t\t\t\t<div class=\"et_pb_blurb_container\">\n\t\t\t\t\t\t\n\t\t\t\t\t\t\n\t\t\t\t\t<\/div>\n\t\t\t\t<\/div>\n\t\t\t<\/div><\/div><\/div><\/div><div class=\"et_pb_section_1 et_pb_section et_section_regular et_block_section\"><div class=\"et_pb_row_2 et_pb_row et_block_row\"><div class=\"et_pb_column_2 et_pb_column et_pb_column_1_2 et_block_column et_pb_css_mix_blend_mode_passthrough\"><div class=\"et_pb_blurb_0 et_pb_blurb et_pb_bg_layout_light et_pb_text_align_center et_pb_blurb_position_top et_clickable et_pb_module et_block_module card-box-v4\"><div class=\"et_pb_blurb_content\"><div class=\"et_pb_blurb_container\"><div class=\"et_pb_blurb_description\"><h2>Ge din n\u00e4rst\u00e5ende tid att anpassa sig till sjukdomen<\/h2>\n<\/div><\/div><\/div><\/div><div class=\"et_pb_code_0 et_pb_code et_pb_text_align_center et_pb_module arrow-wrapper\"><div class=\"et_pb_code_inner\"><a class=\"arrow-btn\" href=\"\/sv\/vuorovaikutus\/kohti-parempaa-vuorovaikutusta\/neuvoja-omaiselta-omaiselle\/anna-laheisellesi-aikaa-sopeutua-sairauteen\/\"><img decoding=\"async\" src=\"\/wp-content\/uploads\/2019\/03\/arrow.svg\" \/><\/a><\/div><\/div><\/div><div class=\"et_pb_column_3 et_pb_column et_pb_column_1_2 et-last-child et_block_column et_pb_css_mix_blend_mode_passthrough\"><div class=\"et_pb_blurb_1 et_pb_blurb et_pb_bg_layout_light et_pb_text_align_center et_pb_blurb_position_top et_clickable et_pb_module et_block_module card-box-v4\"><div class=\"et_pb_blurb_content\"><div class=\"et_pb_blurb_container\"><div class=\"et_pb_blurb_description\"><h2>Bem\u00f6t personen som lever med minnessjukdom som en vuxen<\/h2>\n<\/div><\/div><\/div><\/div><div class=\"et_pb_code_1 et_pb_code et_pb_text_align_center et_pb_module arrow-wrapper\"><div class=\"et_pb_code_inner\"><a class=\"arrow-btn\" href=\"\/sv\/vuorovaikutus\/kohti-parempaa-vuorovaikutusta\/neuvoja-omaiselta-omaiselle\/kohtele-muistisairauden kanssa el\u00e4v\u00e4\u00e4-kuin-aikuista\/\"><img decoding=\"async\" src=\"\/wp-content\/uploads\/2019\/03\/arrow.svg\" \/><\/a><\/div><\/div><\/div><\/div><div class=\"et_pb_row_3 et_pb_row et_block_row\"><div class=\"et_pb_column_4 et_pb_column et_pb_column_1_2 et_block_column et_pb_css_mix_blend_mode_passthrough\"><div class=\"et_pb_blurb_2 et_pb_blurb et_pb_bg_layout_light et_pb_text_align_center et_pb_blurb_position_top et_clickable et_pb_module et_block_module card-box-v4\"><div class=\"et_pb_blurb_content\"><div class=\"et_pb_blurb_container\"><div class=\"et_pb_blurb_description\"><h2>V\u00e5rda saker som \u00e4r meningsfulla f\u00f6r din n\u00e4rst\u00e5ende<\/h2>\n<\/div><\/div><\/div><\/div><div class=\"et_pb_code_2 et_pb_code et_pb_text_align_center et_pb_module arrow-wrapper\"><div class=\"et_pb_code_inner\"><a class=\"arrow-btn\" href=\"\/sv\/vuorovaikutus\/kohti-parempaa-vuorovaikutusta\/neuvoja-omaiselta-omaiselle\/vaali-laheisellesi-merkityksellisia-asioita\/\"><img decoding=\"async\" src=\"\/wp-content\/uploads\/2019\/03\/arrow.svg\" \/><\/a><\/div><\/div><\/div><div class=\"et_pb_column_5 et_pb_column et_pb_column_1_2 et-last-child et_block_column et_pb_css_mix_blend_mode_passthrough\"><div class=\"et_pb_blurb_3 et_pb_blurb et_pb_bg_layout_light et_pb_text_align_center et_pb_blurb_position_top et_clickable et_pb_module et_block_module card-box-v4\"><div class=\"et_pb_blurb_content\"><div class=\"et_pb_blurb_container\"><div class=\"et_pb_blurb_description\"><h2>Respektera verkligheten f\u00f6r personen med minnessjukdom<\/h2>\n<\/div><\/div><\/div><\/div><div class=\"et_pb_code_3 et_pb_code et_pb_text_align_center et_pb_module arrow-wrapper\"><div class=\"et_pb_code_inner\"><a class=\"arrow-btn\" href=\"\/sv\/vuorovaikutus\/kohti-parempaa-vuorovaikutusta\/neuvoja-omaiselta-omaiselle\/kunnioita-muistisairaan-todellisuutta\/\"><img decoding=\"async\" src=\"\/wp-content\/uploads\/2019\/03\/arrow.svg\" \/><\/a><\/div><\/div><\/div><\/div><div class=\"et_pb_row_4 et_pb_row et_block_row\"><div class=\"et_pb_column_6 et_pb_column et_pb_column_1_2 et_block_column et_pb_css_mix_blend_mode_passthrough\"><div class=\"et_pb_blurb_4 et_pb_blurb et_pb_bg_layout_light et_pb_text_align_center et_pb_blurb_position_top et_clickable et_pb_module et_block_module card-box-v4\"><div class=\"et_pb_blurb_content\"><div class=\"et_pb_blurb_container\"><div class=\"et_pb_blurb_description\"><h2>St\u00f6d din n\u00e4rst\u00e5endes funktionsf\u00f6rm\u00e5ga<\/h2>\n<\/div><\/div><\/div><\/div><div class=\"et_pb_code_4 et_pb_code et_pb_text_align_center et_pb_module arrow-wrapper\"><div class=\"et_pb_code_inner\"><a class=\"arrow-btn\" href=\"\/sv\/vuorovaikutus\/kohti-parempaa-vuorovaikutusta\/neuvoja-omaiselta-omaiselle\/tue-laheisesi-toimintakykya\/\"><img decoding=\"async\" src=\"\/wp-content\/uploads\/2019\/03\/arrow.svg\" \/><\/a><\/div><\/div><\/div><div class=\"et_pb_column_7 et_pb_column et_pb_column_1_2 et-last-child et_block_column et_pb_css_mix_blend_mode_passthrough\"><div class=\"et_pb_blurb_5 et_pb_blurb et_pb_bg_layout_light et_pb_text_align_center et_pb_blurb_position_top et_clickable et_pb_module et_block_module card-box-v4\"><div class=\"et_pb_blurb_content\"><div class=\"et_pb_blurb_container\"><div class=\"et_pb_blurb_description\"><h2>Prova om bilder kan vara till hj\u00e4lp<\/h2>\n<\/div><\/div><\/div><\/div><div class=\"et_pb_code_5 et_pb_code et_pb_text_align_center et_pb_module arrow-wrapper\"><div class=\"et_pb_code_inner\"><a class=\"arrow-btn\" href=\"\/sv\/vuorovaikutus\/kohti-parempaa-vuorovaikutusta\/neuvoja-omaiselta-omaiselle\/kokeile-olisiko-kuvista-apua\/\"><img decoding=\"async\" src=\"\/wp-content\/uploads\/2019\/03\/arrow.svg\" \/><\/a><\/div><\/div><\/div><\/div><\/div><div class=\"et_pb_section_2 et_pb_section et_section_regular et_block_section\"><div class=\"et_pb_row_5 et_pb_row et_pb_equal_columns et_pb_gutters1 et_block_row et_pb_row_fullwidth\"><div class=\"et_pb_column_8 et_pb_column et_pb_column_1_3 et_block_column et_pb_column_empty et_pb_css_mix_blend_mode_passthrough\"><\/div><div class=\"et_pb_column_9 et_pb_column et_pb_column_1_3 et_block_column et_pb_css_mix_blend_mode_passthrough\"><div class=\"et_pb_cta_0 et_pb_promo et_pb_bg_layout_dark et_pb_module et_block_module\"><div class=\"et_pb_promo_description\"><h2 class=\"et_pb_module_header\">Har du ny forskningsinformation eller utvecklingsid\u00e9er f\u00f6r webbplatsen?<\/h2><\/div><div class=\"et_pb_button_wrapper\"><a class=\"et_pb_button et_pb_promo_button\" href=\"\/sv\/kouluttaudu-kanssamme\/#ota-yhteytta\">Kontakta oss<\/a><\/div><\/div><\/div><div class=\"et_pb_column_10 et_pb_column et_pb_column_1_3 et-last-child et_block_column et_pb_column_empty et_pb_css_mix_blend_mode_passthrough\"><\/div><\/div><div class=\"et_pb_row_6 et_pb_row et_pb_equal_columns et_pb_gutters1 et_block_row et_pb_row_fullwidth\"><div class=\"et_pb_column_11 et_pb_column et_pb_column_4_4 et-last-child et_block_column et_pb_css_mix_blend_mode_passthrough\"><div class=\"et_pb_cta_1 et_pb_promo et_pb_bg_layout_dark et_pb_module et_block_module\"><div class=\"et_pb_promo_description\"><h2 class=\"et_pb_module_header\">Har du ny forskningsinformation eller utvecklingsid\u00e9er f\u00f6r webbplatsen?<\/h2><\/div><div class=\"et_pb_button_wrapper\"><a class=\"et_pb_button et_pb_promo_button\" href=\"\/sv\/kouluttaudu-kanssamme\/#ota-yhteytta\">Kontakta oss<\/a><\/div><\/div><\/div><\/div><\/div>","protected":false},"excerpt":{"rendered":"","protected":false},"author":4,"featured_media":0,"parent":836,"menu_order":2,"comment_status":"closed","ping_status":"closed","template":"","meta":{"_et_pb_use_builder":"on","_et_pb_old_content":"Miten vuorovaikutusta muistisairaan henkil\u00f6n kanssa voi kehitt\u00e4\u00e4 ja yll\u00e4pit\u00e4\u00e4? Pohdimme t\u00e4t\u00e4 yhdess\u00e4 omaisten kanssa. Tule lukemaan keskustelumme tuloksena syntyneit\u00e4 vinkkej\u00e4 ja keskustelemaan niist\u00e4.\r\n<ul>\r\n \t<li style=\"list-style-type: none;\">\r\n<ul>\r\n \t<li>Anna l\u00e4heisellesi aikaa sopeutua sairauteen ADD LINK TO THIS PAGE<\/li>\r\n \t<li>Kohtele muistisairasta kuin aikuista ADD LINK TO THIS PAGE<\/li>\r\n \t<li>Vaali l\u00e4heisellesi merkityksellisi\u00e4 asioita ADD LINK TO THIS PAGE<\/li>\r\n \t<li>Kunnioita muistisairaan todellisuutta ADD LINK TO THIS PAGE<\/li>\r\n \t<li>Tue l\u00e4heisesi toimintakyky\u00e4 ADD LINK TO THIS PAGE<\/li>\r\n \t<li>Kokeile, olisiko kuvista apua ADD LINK TO THIS PAGE<\/li>\r\n<\/ul>\r\n<\/li>\r\n<\/ul>","_et_gb_content_width":"","footnotes":""},"class_list":["post-2133","page","type-page","status-publish","hentry"],"yoast_head":"<!-- This site is optimized with the Yoast SEO plugin v27.5 - https:\/\/yoast.com\/product\/yoast-seo-wordpress\/ -->\n<title>Neuvoja omaiselta omaiselle \u2013 Memocate<\/title>\n<meta name=\"description\" content=\"Muistisairautta sairastavien henkil\u00f6iden omaisten kokemuksia ja k\u00e4yt\u00e4nn\u00f6n neuvoja arkeen. Vertaistukea ja vinkkej\u00e4 hyv\u00e4\u00e4n kohtaamiseen.\" \/>\n<meta name=\"robots\" content=\"index, follow, max-snippet:-1, max-image-preview:large, max-video-preview:-1\" \/>\n<link rel=\"canonical\" href=\"https:\/\/memocate.com\/sv\/vuorovaikutus\/kohti-parempaa-vuorovaikutusta\/neuvoja-omaiselta-omaiselle\/\" \/>\n<meta property=\"og:locale\" content=\"sv_SE\" \/>\n<meta property=\"og:type\" content=\"article\" \/>\n<meta property=\"og:title\" content=\"Neuvoja omaiselta omaiselle \u2013 Memocate\" \/>\n<meta property=\"og:description\" content=\"Muistisairautta sairastavien henkil\u00f6iden omaisten kokemuksia ja k\u00e4yt\u00e4nn\u00f6n neuvoja arkeen. Vertaistukea ja vinkkej\u00e4 hyv\u00e4\u00e4n kohtaamiseen.\" \/>\n<meta property=\"og:url\" content=\"https:\/\/memocate.com\/sv\/vuorovaikutus\/kohti-parempaa-vuorovaikutusta\/neuvoja-omaiselta-omaiselle\/\" \/>\n<meta property=\"og:site_name\" content=\"Memocate\" \/>\n<meta property=\"article:modified_time\" content=\"2026-03-23T08:05:04+00:00\" \/>\n<meta property=\"og:image\" content=\"https:\/\/memocate.com\/wp-content\/uploads\/2026\/03\/memocate-og-image.png\" \/>\n\t<meta property=\"og:image:width\" content=\"1200\" \/>\n\t<meta property=\"og:image:height\" content=\"675\" \/>\n\t<meta property=\"og:image:type\" content=\"image\/png\" \/>\n<meta name=\"twitter:card\" content=\"summary_large_image\" \/>\n<meta name=\"twitter:label1\" content=\"Ber\u00e4knad l\u00e4stid\" \/>\n\t<meta name=\"twitter:data1\" content=\"2 minuter\" \/>\n<script type=\"application\/ld+json\" class=\"yoast-schema-graph\">{\"@context\":\"https:\\\/\\\/schema.org\",\"@graph\":[{\"@type\":\"WebPage\",\"@id\":\"https:\\\/\\\/memocate.com\\\/vuorovaikutus\\\/kohti-parempaa-vuorovaikutusta\\\/neuvoja-omaiselta-omaiselle\\\/\",\"url\":\"https:\\\/\\\/memocate.com\\\/vuorovaikutus\\\/kohti-parempaa-vuorovaikutusta\\\/neuvoja-omaiselta-omaiselle\\\/\",\"name\":\"Neuvoja omaiselta omaiselle \u2013 Memocate\",\"isPartOf\":{\"@id\":\"https:\\\/\\\/memocate.com\\\/#website\"},\"datePublished\":\"2019-07-19T20:47:27+00:00\",\"dateModified\":\"2026-03-23T08:05:04+00:00\",\"description\":\"Muistisairautta sairastavien henkil\u00f6iden omaisten kokemuksia ja k\u00e4yt\u00e4nn\u00f6n neuvoja arkeen. Vertaistukea ja vinkkej\u00e4 hyv\u00e4\u00e4n kohtaamiseen.\",\"breadcrumb\":{\"@id\":\"https:\\\/\\\/memocate.com\\\/vuorovaikutus\\\/kohti-parempaa-vuorovaikutusta\\\/neuvoja-omaiselta-omaiselle\\\/#breadcrumb\"},\"inLanguage\":\"sv-SE\",\"potentialAction\":[{\"@type\":\"ReadAction\",\"target\":[\"https:\\\/\\\/memocate.com\\\/vuorovaikutus\\\/kohti-parempaa-vuorovaikutusta\\\/neuvoja-omaiselta-omaiselle\\\/\"]}]},{\"@type\":\"BreadcrumbList\",\"@id\":\"https:\\\/\\\/memocate.com\\\/vuorovaikutus\\\/kohti-parempaa-vuorovaikutusta\\\/neuvoja-omaiselta-omaiselle\\\/#breadcrumb\",\"itemListElement\":[{\"@type\":\"ListItem\",\"position\":1,\"name\":\"Home\",\"item\":\"https:\\\/\\\/memocate.com\\\/\"},{\"@type\":\"ListItem\",\"position\":2,\"name\":\"Vuorovaikutus\",\"item\":\"https:\\\/\\\/memocate.com\\\/vuorovaikutus\\\/\"},{\"@type\":\"ListItem\",\"position\":3,\"name\":\"Kohti parempaa vuorovaikutusta\",\"item\":\"https:\\\/\\\/memocate.com\\\/vuorovaikutus\\\/kohti-parempaa-vuorovaikutusta\\\/\"},{\"@type\":\"ListItem\",\"position\":4,\"name\":\"Neuvoja omaiselta omaiselle\"}]},{\"@type\":\"WebSite\",\"@id\":\"https:\\\/\\\/memocate.com\\\/#website\",\"url\":\"https:\\\/\\\/memocate.com\\\/\",\"name\":\"Memocate\",\"description\":\"Muistisairaus, vuorovaikutus ja hyv\u00e4 kohtaaminen\",\"publisher\":{\"@id\":\"https:\\\/\\\/memocate.com\\\/#organization\"},\"potentialAction\":[{\"@type\":\"SearchAction\",\"target\":{\"@type\":\"EntryPoint\",\"urlTemplate\":\"https:\\\/\\\/memocate.com\\\/?s={search_term_string}\"},\"query-input\":{\"@type\":\"PropertyValueSpecification\",\"valueRequired\":true,\"valueName\":\"search_term_string\"}}],\"inLanguage\":\"sv-SE\"},{\"@type\":\"Organization\",\"@id\":\"https:\\\/\\\/memocate.com\\\/#organization\",\"name\":\"Memocate Oy\",\"url\":\"https:\\\/\\\/memocate.com\\\/\",\"logo\":{\"@type\":\"ImageObject\",\"inLanguage\":\"sv-SE\",\"@id\":\"https:\\\/\\\/memocate.com\\\/#\\\/schema\\\/logo\\\/image\\\/\",\"url\":\"https:\\\/\\\/memocate.com\\\/wp-content\\\/uploads\\\/2019\\\/07\\\/Memocate_horizontal_logo.svg\",\"contentUrl\":\"https:\\\/\\\/memocate.com\\\/wp-content\\\/uploads\\\/2019\\\/07\\\/Memocate_horizontal_logo.svg\",\"width\":213,\"height\":70,\"caption\":\"Memocate Oy\"},\"image\":{\"@id\":\"https:\\\/\\\/memocate.com\\\/#\\\/schema\\\/logo\\\/image\\\/\"}}]}<\/script>\n<!-- \/ Yoast SEO plugin. -->","yoast_head_json":{"title":"Neuvoja omaiselta omaiselle \u2013 Memocate","description":"Muistisairautta sairastavien henkil\u00f6iden omaisten kokemuksia ja k\u00e4yt\u00e4nn\u00f6n neuvoja arkeen. Vertaistukea ja vinkkej\u00e4 hyv\u00e4\u00e4n kohtaamiseen.","robots":{"index":"index","follow":"follow","max-snippet":"max-snippet:-1","max-image-preview":"max-image-preview:large","max-video-preview":"max-video-preview:-1"},"canonical":"https:\/\/memocate.com\/sv\/vuorovaikutus\/kohti-parempaa-vuorovaikutusta\/neuvoja-omaiselta-omaiselle\/","og_locale":"sv_SE","og_type":"article","og_title":"Neuvoja omaiselta omaiselle \u2013 Memocate","og_description":"Muistisairautta sairastavien henkil\u00f6iden omaisten kokemuksia ja k\u00e4yt\u00e4nn\u00f6n neuvoja arkeen. Vertaistukea ja vinkkej\u00e4 hyv\u00e4\u00e4n kohtaamiseen.","og_url":"https:\/\/memocate.com\/sv\/vuorovaikutus\/kohti-parempaa-vuorovaikutusta\/neuvoja-omaiselta-omaiselle\/","og_site_name":"Memocate","article_modified_time":"2026-03-23T08:05:04+00:00","og_image":[{"width":1200,"height":675,"url":"https:\/\/memocate.com\/wp-content\/uploads\/2026\/03\/memocate-og-image.png","type":"image\/png"}],"twitter_card":"summary_large_image","twitter_misc":{"Ber\u00e4knad l\u00e4stid":"2 minuter"},"schema":{"@context":"https:\/\/schema.org","@graph":[{"@type":"WebPage","@id":"https:\/\/memocate.com\/vuorovaikutus\/kohti-parempaa-vuorovaikutusta\/neuvoja-omaiselta-omaiselle\/","url":"https:\/\/memocate.com\/vuorovaikutus\/kohti-parempaa-vuorovaikutusta\/neuvoja-omaiselta-omaiselle\/","name":"Neuvoja omaiselta omaiselle \u2013 Memocate","isPartOf":{"@id":"https:\/\/memocate.com\/#website"},"datePublished":"2019-07-19T20:47:27+00:00","dateModified":"2026-03-23T08:05:04+00:00","description":"Muistisairautta sairastavien henkil\u00f6iden omaisten kokemuksia ja k\u00e4yt\u00e4nn\u00f6n neuvoja arkeen. Vertaistukea ja vinkkej\u00e4 hyv\u00e4\u00e4n kohtaamiseen.","breadcrumb":{"@id":"https:\/\/memocate.com\/vuorovaikutus\/kohti-parempaa-vuorovaikutusta\/neuvoja-omaiselta-omaiselle\/#breadcrumb"},"inLanguage":"sv-SE","potentialAction":[{"@type":"ReadAction","target":["https:\/\/memocate.com\/vuorovaikutus\/kohti-parempaa-vuorovaikutusta\/neuvoja-omaiselta-omaiselle\/"]}]},{"@type":"BreadcrumbList","@id":"https:\/\/memocate.com\/vuorovaikutus\/kohti-parempaa-vuorovaikutusta\/neuvoja-omaiselta-omaiselle\/#breadcrumb","itemListElement":[{"@type":"ListItem","position":1,"name":"Home","item":"https:\/\/memocate.com\/"},{"@type":"ListItem","position":2,"name":"Vuorovaikutus","item":"https:\/\/memocate.com\/vuorovaikutus\/"},{"@type":"ListItem","position":3,"name":"Kohti parempaa vuorovaikutusta","item":"https:\/\/memocate.com\/vuorovaikutus\/kohti-parempaa-vuorovaikutusta\/"},{"@type":"ListItem","position":4,"name":"Neuvoja omaiselta omaiselle"}]},{"@type":"WebSite","@id":"https:\/\/memocate.com\/#website","url":"https:\/\/memocate.com\/","name":"Memocate","description":"Muistisairaus, vuorovaikutus ja hyv\u00e4 kohtaaminen","publisher":{"@id":"https:\/\/memocate.com\/#organization"},"potentialAction":[{"@type":"SearchAction","target":{"@type":"EntryPoint","urlTemplate":"https:\/\/memocate.com\/?s={search_term_string}"},"query-input":{"@type":"PropertyValueSpecification","valueRequired":true,"valueName":"search_term_string"}}],"inLanguage":"sv-SE"},{"@type":"Organization","@id":"https:\/\/memocate.com\/#organization","name":"Memocate Oy","url":"https:\/\/memocate.com\/","logo":{"@type":"ImageObject","inLanguage":"sv-SE","@id":"https:\/\/memocate.com\/#\/schema\/logo\/image\/","url":"https:\/\/memocate.com\/wp-content\/uploads\/2019\/07\/Memocate_horizontal_logo.svg","contentUrl":"https:\/\/memocate.com\/wp-content\/uploads\/2019\/07\/Memocate_horizontal_logo.svg","width":213,"height":70,"caption":"Memocate Oy"},"image":{"@id":"https:\/\/memocate.com\/#\/schema\/logo\/image\/"}}]}},"_links":{"self":[{"href":"https:\/\/memocate.com\/sv\/wp-json\/wp\/v2\/pages\/2133","targetHints":{"allow":["GET"]}}],"collection":[{"href":"https:\/\/memocate.com\/sv\/wp-json\/wp\/v2\/pages"}],"about":[{"href":"https:\/\/memocate.com\/sv\/wp-json\/wp\/v2\/types\/page"}],"author":[{"embeddable":true,"href":"https:\/\/memocate.com\/sv\/wp-json\/wp\/v2\/users\/4"}],"replies":[{"embeddable":true,"href":"https:\/\/memocate.com\/sv\/wp-json\/wp\/v2\/comments?post=2133"}],"version-history":[{"count":11,"href":"https:\/\/memocate.com\/sv\/wp-json\/wp\/v2\/pages\/2133\/revisions"}],"predecessor-version":[{"id":8780,"href":"https:\/\/memocate.com\/sv\/wp-json\/wp\/v2\/pages\/2133\/revisions\/8780"}],"up":[{"embeddable":true,"href":"https:\/\/memocate.com\/sv\/wp-json\/wp\/v2\/pages\/836"}],"wp:attachment":[{"href":"https:\/\/memocate.com\/sv\/wp-json\/wp\/v2\/media?parent=2133"}],"curies":[{"name":"wp","href":"https:\/\/api.w.org\/{rel}","templated":true}]}}