{"id":210,"date":"2018-10-31T18:49:07","date_gmt":"2018-10-31T16:49:07","guid":{"rendered":"https:\/\/memocateomaishoitajille.gaselli.software\/?page_id=210"},"modified":"2026-03-23T10:04:24","modified_gmt":"2026-03-23T08:04:24","slug":"aivoverenkiertosairauden-muistisairaus","status":"publish","type":"page","link":"https:\/\/memocate.com\/sv\/mita-ovat-yleisimmat-muistisairaudet\/aivoverenkiertosairauden-muistisairaus\/","title":{"rendered":"Vaskul\u00e4r minnessjukdom"},"content":{"rendered":"<div class=\"et_pb_section_0 et_pb_section et_section_regular et_block_section\"><div class=\"et_pb_row_0 et_pb_row et_block_row\"><div class=\"et_pb_column_0 et_pb_column et_pb_column_4_4 et-last-child et_block_column et_pb_css_mix_blend_mode_passthrough\"><div class=\"et_pb_text_0 et_pb_text et_pb_bg_layout_light et_pb_module et_block_module et_pb_text_align_center\"><div class=\"et_pb_text_inner\"><h6>DEL 2 \/ 7<\/h6>\n<h1>Vaskul\u00e4r minnessjukdom<\/h1>\n<\/div><\/div><\/div><\/div><div class=\"et_pb_row_1 et_pb_row et_block_row\"><div class=\"et_pb_column_1 et_pb_column et_pb_column_1_3 et_block_column et_pb_css_mix_blend_mode_passthrough\"><div class=\"et_pb_blurb_0 et_pb_blurb et_pb_bg_layout_light et_pb_text_align_center et_pb_blurb_position_top et_pb_module et_block_module\"><div class=\"et_pb_blurb_content\"><div class=\"et_pb_main_blurb_image\"><span class=\"et_pb_image_wrap et_pb_only_image_mode_wrap\"><img loading=\"lazy\" decoding=\"async\" src=\"https:\/\/memocate.com\/wp-content\/uploads\/2019\/08\/n1.png\" width=\"151\" height=\"151\" srcset=\"https:\/\/memocate.com\/wp-content\/uploads\/2019\/08\/n1.png 151w, https:\/\/memocate.com\/wp-content\/uploads\/2019\/08\/n1-150x150.png 150w\" sizes=\"(max-width: 151px) 100vw, 151px\" class=\"et-waypoint et_pb_animation_off et_pb_animation_off_tablet et_pb_animation_off_phone wp-image-3098\" \/><\/span><\/div><div class=\"et_pb_blurb_container\"><h3 class=\"et_pb_module_header\">F\u00f6rekommer ofta tillsammans med Alzheimers sjukdom<\/h3><\/div><\/div><\/div><\/div><div class=\"et_pb_column_2 et_pb_column et_pb_column_1_3 et_block_column et_pb_css_mix_blend_mode_passthrough\"><div class=\"et_pb_blurb_1 et_pb_blurb et_pb_bg_layout_light et_pb_text_align_center et_pb_blurb_position_top et_pb_module et_block_module\"><div class=\"et_pb_blurb_content\"><div class=\"et_pb_main_blurb_image\"><span class=\"et_pb_image_wrap et_pb_only_image_mode_wrap\"><img loading=\"lazy\" decoding=\"async\" src=\"https:\/\/memocate.com\/wp-content\/uploads\/2019\/08\/n2.png\" width=\"151\" height=\"151\" srcset=\"https:\/\/memocate.com\/wp-content\/uploads\/2019\/08\/n2.png 151w, https:\/\/memocate.com\/wp-content\/uploads\/2019\/08\/n2-150x150.png 150w\" sizes=\"(max-width: 151px) 100vw, 151px\" class=\"et-waypoint et_pb_animation_off et_pb_animation_off_tablet et_pb_animation_off_phone wp-image-3102\" \/><\/span><\/div><div class=\"et_pb_blurb_container\"><h3 class=\"et_pb_module_header\">De centrala undertyperna: sm\u00e5k\u00e4rlssjukdom, stork\u00e4rlssjukdom och tillst\u00e5nd efter infarkter<\/h3><\/div><\/div><\/div><\/div><div class=\"et_pb_column_3 et_pb_column et_pb_column_1_3 et-last-child et_block_column et_pb_css_mix_blend_mode_passthrough\"><div class=\"et_pb_blurb_2 et_pb_blurb et_pb_bg_layout_light et_pb_text_align_center et_pb_blurb_position_top et_pb_module et_block_module\"><div class=\"et_pb_blurb_content\"><div class=\"et_pb_main_blurb_image\"><span class=\"et_pb_image_wrap et_pb_only_image_mode_wrap\"><img loading=\"lazy\" decoding=\"async\" src=\"https:\/\/memocate.com\/wp-content\/uploads\/2019\/08\/n3.png\" width=\"151\" height=\"151\" srcset=\"https:\/\/memocate.com\/wp-content\/uploads\/2019\/08\/n3.png 151w, https:\/\/memocate.com\/wp-content\/uploads\/2019\/08\/n3-150x150.png 150w\" sizes=\"(max-width: 151px) 100vw, 151px\" class=\"et-waypoint et_pb_animation_off et_pb_animation_off_tablet et_pb_animation_off_phone wp-image-3103\" \/><\/span><\/div><div class=\"et_pb_blurb_container\"><h3 class=\"et_pb_module_header\">Yhdistyy usein Alzheimerin tautiin<\/h3><\/div><\/div><\/div><\/div><\/div><div class=\"et_pb_row_2 et_pb_row et_block_row\"><div class=\"et_pb_column_4 et_pb_column et_pb_column_4_4 et-last-child et_block_column et_pb_css_mix_blend_mode_passthrough\"><div class=\"et_pb_text_1 et_pb_text et_pb_bg_layout_light et_pb_module et_block_module et_pb_text_align_center\"><div class=\"et_pb_text_inner\"><p>Forts\u00e4tt l\u00e4sa nedan<\/p>\n<\/div><\/div><div class=\"et_pb_blurb_3 et_pb_blurb et_pb_bg_layout_light et_pb_text_align_center et_pb_blurb_position_top et_animated et_pb_module et_block_module\"><div class=\"et_pb_blurb_content\"><div class=\"et_pb_main_blurb_image\"><a href=\"#article\"><span class=\"et_pb_image_wrap\"><span class=\"et-pb-icon et-waypoint et_pb_animation_top et_pb_animation_top_tablet et_pb_animation_top_phone\">&quot;<\/span><\/span><\/a><\/div><div class=\"et_pb_blurb_container\"><\/div><\/div><\/div><\/div><\/div><\/div><div class=\"et_pb_section_1 et_pb_section et_section_regular et_block_section\" id=\"article\"><div class=\"et_pb_row_3 et_pb_row et_block_row\"><div class=\"et_pb_column_5 et_pb_column et_pb_column_4_4 et-last-child et_block_column et_pb_css_mix_blend_mode_passthrough\"><div class=\"et_pb_text_2 et_pb_text et_pb_bg_layout_light et_pb_module et_block_module\"><div class=\"et_pb_text_inner\"><h2>M\u00e5nga sinsemellan mycket olika tillst\u00e5nd<\/h2>\n<p>Som vaskul\u00e4ra minnessjukdomar r\u00e4knas m\u00e5nga sinsemellan mycket olika tillst\u00e5nd. En del av dem inneb\u00e4r begr\u00e4nsade symtom inom vissa omr\u00e5den av informationsbearbetning, medan andra har en omfattande symtombild och \u00e4r progressiva tillst\u00e5nd som leder till sv\u00e5r minnessjukdom.<\/p>\n<p>De centrala undertyperna \u00e4r:<\/p>\n<\/div><\/div><div class=\"et_pb_text_3 et_pb_text et_pb_bg_layout_light et_pb_module et_block_module blue_list\"><div class=\"et_pb_text_inner\"><ul>\n<li>Sm\u00e5k\u00e4rlssjukdom<\/li>\n<li>Stork\u00e4rlssjukdom<\/li>\n<li>Tillst\u00e5nd orsakade av infarkter i omr\u00e5den som \u00e4r viktiga f\u00f6r informationsbearbetning<\/li>\n<\/ul>\n<\/div><\/div><div class=\"et_pb_text_4 et_pb_text et_pb_bg_layout_light et_pb_module et_block_module\"><div class=\"et_pb_text_inner\"><h2>Yhdistyy usein Alzheimerin tautiin<\/h2>\n<p>Att vaskul\u00e4r minnessjukdom f\u00f6rekommer tillsammans med Alzheimers sjukdom \u00e4r vanligt, s\u00e4rskilt hos \u00e4ldre personer. Detta beror p\u00e5 att sjukdomarna har m\u00e5nga gemensamma riskfaktorer, s\u00e5som h\u00f6gt blodtryck, h\u00f6gt kolesterol, diabetes och \u00e5ldrande. Minst varannan person \u00f6ver 80 \u00e5r med Alzheimers sjukdom har \u00e4ven en cerebrovaskul\u00e4r sjukdom.<\/p>\n<p>Betydelsen av f\u00f6rebyggande av vaskul\u00e4r minnessjukdom understryks ytterligare av den senaste forskningen. Lancet-kommissionens rapport fr\u00e5n 2024 bekr\u00e4ftar att kontroll av blodtryck, diabetes och r\u00f6kning \u00e4r de viktigaste \u00e5tg\u00e4rderna f\u00f6r att minska risken f\u00f6r minnessjukdom kopplad till cerebrovaskul\u00e4ra sjukdomar. Dessutom identifierades h\u00f6gt LDL-kolesterol som en ny oberoende riskfaktor.<\/p>\n<\/div><\/div><\/div><\/div><\/div><div class=\"et_pb_section_2 et_pb_section et_pb_fullwidth_section et_section_regular et_block_section\"><div class=\"et_pb_fullwidth_image_0 et_pb_fullwidth_image et_pb_module\"><img loading=\"lazy\" decoding=\"async\" src=\"https:\/\/memocate.com\/wp-content\/uploads\/2020\/01\/aivoverenkierto-mies-2@2x.png\" width=\"3840\" height=\"1000\" srcset=\"https:\/\/memocate.com\/wp-content\/uploads\/2020\/01\/aivoverenkierto-mies-2@2x.png 3840w, https:\/\/memocate.com\/wp-content\/uploads\/2020\/01\/aivoverenkierto-mies-2@2x-1280x333.png 1280w, https:\/\/memocate.com\/wp-content\/uploads\/2020\/01\/aivoverenkierto-mies-2@2x-980x255.png 980w, https:\/\/memocate.com\/wp-content\/uploads\/2020\/01\/aivoverenkierto-mies-2@2x-480x125.png 480w\" sizes=\"(min-width: 0px) and (max-width: 480px) 480px, (min-width: 481px) and (max-width: 980px) 980px, (min-width: 981px) and (max-width: 1280px) 1280px, (min-width: 1281px) 3840px, 100vw\" class=\"wp-image-7679\" \/><\/div><\/div><div class=\"et_pb_section_3 et_pb_section et_section_regular et_block_section\"><div class=\"et_pb_row_4 et_pb_row et_block_row quote_row\"><div class=\"et_pb_column_6 et_pb_column et_pb_column_4_4 et-last-child et_block_column et_pb_css_mix_blend_mode_passthrough\"><div class=\"et_pb_text_5 et_pb_text et_pb_bg_layout_light et_pb_module et_block_module\"><div class=\"et_pb_text_inner\"><h1>Nu \u00e4r n\u00e5got allvarligt fel i huvudet<\/h1>\n<\/div><\/div><div class=\"et_pb_text_6 et_pb_text et_pb_bg_layout_light et_pb_module et_block_module\"><div class=\"et_pb_text_inner\"><p>F\u00f6r tv\u00e5 \u00e5r sedan fick jag en hj\u00e4rninfarkt. Vi var p\u00e5 stugan med sv\u00e4rmor och jag sa att nu har vi br\u00e5ttom. Att packa ihop grejerna och snabbt hem. Det \u00e4r enda g\u00e5ngen sv\u00e4rmor trodde p\u00e5 mig. Jag sa att nu \u00e4r n\u00e5got allvarligt fel i huvudet. B\u00f6rjan av resan minns jag, men sedan blev det svart. Tre m\u00e5nader var jag medvetsl\u00f6s. Numera kan man inte komma \u00f6verens om n\u00e5got l\u00e5ngt i f\u00f6rv\u00e4g, f\u00f6r minnet \u00e4r s\u00e5 kort. Jobbet tog slut p\u00e5 en g\u00e5ng, f\u00f6r jag minns ju inte vad jag h\u00e5ller p\u00e5 med. Men det h\u00e4r \u00e4r livet, inget mer. Man m\u00e5ste f\u00f6rs\u00f6ka vara modig.<\/p>\n<p>F\u00f6rut var jag ute mycket, men numera tillbringar jag mer tid inomhus. Idrott f\u00f6ljer jag fortfarande p\u00e5 tv, allt m\u00f6jligt. Nog vet jag att om frun \u00e4r l\u00e4nge p\u00e5 jobbet, m\u00e5ste jag \u00e5ka till sv\u00e4rmor f\u00f6r att bli omh\u00e4ndertagen. Sedan borde man dessutom komma ih\u00e5g att \u00e5ka till sv\u00e4rmor. Hemma finns lyckligtvis en lapp som p\u00e5minner. Minneslappar \u00e4r ett m\u00e5ste, annars minns man ingenting. Men de h\u00e4r situationerna m\u00e5ste man bara uth\u00e4rda, det finns inget att g\u00f6ra \u00e5t det. Frisk blir man ju inte.<\/p>\n<p>~Man, 47 \u00e5r<\/p>\n<\/div><\/div><\/div><\/div><\/div><div class=\"et_pb_section_4 et_pb_section et_section_regular et_block_section\"><div class=\"et_pb_row_5 et_pb_row et_pb_gutters2 et_block_row\"><div class=\"et_pb_column_7 et_pb_column et_pb_column_1_3 et_block_column et_pb_css_mix_blend_mode_passthrough\"><div class=\"et_pb_blurb_4 et_pb_blurb et_pb_bg_layout_dark et_pb_blurb_position_left et_clickable et_pb_module et_block_module ftr-blrb\"><div class=\"et_pb_blurb_content\"><div class=\"et_pb_main_blurb_image\"><a href=\"\/sv\/mita-ovat-yleisimmat-muistisairaudet\/alzheimerin-tauti\/\"><span class=\"et_pb_image_wrap et_pb_only_image_mode_wrap\"><img loading=\"lazy\" decoding=\"async\" src=\"https:\/\/memocate.com\/wp-content\/uploads\/2019\/03\/cloud_3.svg\" width=\"82\" height=\"66\" srcset=\"https:\/\/memocate.com\/wp-content\/uploads\/2019\/03\/cloud_3.svg 82w\" sizes=\"(max-width: 82px) 100vw, 82px\" class=\"et-waypoint et_pb_animation_top et_pb_animation_top_tablet et_pb_animation_top_phone wp-image-1156\" \/><\/span><\/a><\/div><div class=\"et_pb_blurb_container\"><h4 class=\"et_pb_module_header\"><a href=\"\/sv\/mita-ovat-yleisimmat-muistisairaudet\/alzheimerin-tauti\/\">Minnessjukdomar<\/a><\/h4><div class=\"et_pb_blurb_description\"><h3>Alzheimers sjukdom<\/h3>\n<p><a class=\"read-more\" href=\"\/sv\/mita-ovat-yleisimmat-muistisairaudet\/alzheimerin-tauti\/\">L\u00e4s mer <img decoding=\"async\" src=\"\/wp-content\/uploads\/2019\/03\/arrow_right-green.svg\"><\/a><\/p>\n<\/div><\/div><\/div><\/div><\/div><div class=\"et_pb_column_8 et_pb_column et_pb_column_1_3 et_block_column et_pb_css_mix_blend_mode_passthrough\"><div class=\"et_pb_blurb_5 et_pb_blurb et_pb_bg_layout_dark et_pb_blurb_position_left et_clickable et_pb_module et_block_module ftr-blrb\"><div class=\"et_pb_blurb_content\"><div class=\"et_pb_main_blurb_image\"><a href=\"\/sv\/mita-ovat-yleisimmat-muistisairaudet\/otsa-ohimolohkorappeumat\/\"><span class=\"et_pb_image_wrap et_pb_only_image_mode_wrap\"><img loading=\"lazy\" decoding=\"async\" src=\"https:\/\/memocate.com\/wp-content\/uploads\/2019\/03\/cloud_2.svg\" width=\"82\" height=\"61\" srcset=\"https:\/\/memocate.com\/wp-content\/uploads\/2019\/03\/cloud_2.svg 82w\" sizes=\"(max-width: 82px) 100vw, 82px\" class=\"et-waypoint et_pb_animation_top et_pb_animation_top_tablet et_pb_animation_top_phone wp-image-1155\" \/><\/span><\/a><\/div><div class=\"et_pb_blurb_container\"><h4 class=\"et_pb_module_header\"><a href=\"\/sv\/mita-ovat-yleisimmat-muistisairaudet\/otsa-ohimolohkorappeumat\/\">Minnessjukdomar<\/a><\/h4><div class=\"et_pb_blurb_description\"><h3>Frontotemporal degeneration<\/h3>\n<p><a class=\"read-more\" href=\"\/sv\/mita-ovat-yleisimmat-muistisairaudet\/otsa-ohimolohkorappeumat\/\">L\u00e4s mer <img decoding=\"async\" src=\"\/wp-content\/uploads\/2019\/03\/arrow_right-green.svg\"><\/a><\/p>\n<\/div><\/div><\/div><\/div><\/div><div class=\"et_pb_column_9 et_pb_column et_pb_column_1_3 et-last-child et_block_column et_pb_css_mix_blend_mode_passthrough\"><div class=\"et_pb_blurb_6 et_pb_blurb et_pb_bg_layout_dark et_pb_blurb_position_left et_clickable et_pb_module et_block_module ftr-blrb\"><div class=\"et_pb_blurb_content\"><div class=\"et_pb_main_blurb_image\"><a href=\"\/sv\/muistisairas-isovanhempi-ei-ole-morko\/\"><span class=\"et_pb_image_wrap et_pb_only_image_mode_wrap\"><img loading=\"lazy\" decoding=\"async\" src=\"https:\/\/memocate.com\/wp-content\/uploads\/2019\/03\/cloud_1.svg\" width=\"77\" height=\"66\" srcset=\"https:\/\/memocate.com\/wp-content\/uploads\/2019\/03\/cloud_1.svg 77w\" sizes=\"(max-width: 77px) 100vw, 77px\" class=\"et-waypoint et_pb_animation_top et_pb_animation_top_tablet et_pb_animation_top_phone wp-image-1154\" \/><\/span><\/a><\/div><div class=\"et_pb_blurb_container\"><h4 class=\"et_pb_module_header\"><a href=\"\/sv\/muistisairas-isovanhempi-ei-ole-morko\/\"> <\/a><\/h4><div class=\"et_pb_blurb_description\"><h3>En far- eller morf\u00f6r\u00e4lder med minnessjukdom \u00e4r inget skr\u00e4ckv\u00e4sen<\/h3>\n<p><a class=\"read-more\" href=\"\/sv\/muistisairas-isovanhempi-ei-ole-morko\/\">L\u00e4s mer <img decoding=\"async\" src=\"\/wp-content\/uploads\/2019\/03\/arrow_right-green.svg\"><\/a><\/p>\n<\/div><\/div><\/div><\/div><\/div><\/div><\/div><div class=\"et_pb_section_5 et_pb_section et_section_regular et_block_section\"><div class=\"et_pb_row_6 et_pb_row et_pb_equal_columns et_pb_gutters1 et_block_row et_pb_row_fullwidth\"><div class=\"et_pb_column_10 et_pb_column et_pb_column_1_3 et_block_column et_pb_column_empty et_pb_css_mix_blend_mode_passthrough\"><\/div><div class=\"et_pb_column_11 et_pb_column et_pb_column_1_3 et_block_column et_pb_css_mix_blend_mode_passthrough\"><div class=\"et_pb_cta_0 et_pb_promo et_pb_bg_layout_dark et_pb_module et_block_module\"><div class=\"et_pb_promo_description\"><h2 class=\"et_pb_module_header\">Har du ny forskningsinformation eller utvecklingsid\u00e9er f\u00f6r webbplatsen?<\/h2><\/div><div class=\"et_pb_button_wrapper\"><a class=\"et_pb_button et_pb_promo_button\" href=\"\/sv\/kouluttaudu-kanssamme\/#ota-yhteytta\">Kontakta oss<\/a><\/div><\/div><\/div><div class=\"et_pb_column_12 et_pb_column et_pb_column_1_3 et-last-child et_block_column et_pb_column_empty et_pb_css_mix_blend_mode_passthrough\"><\/div><\/div><div class=\"et_pb_row_7 et_pb_row et_pb_equal_columns et_pb_gutters1 et_block_row et_pb_row_fullwidth\"><div class=\"et_pb_column_13 et_pb_column et_pb_column_4_4 et-last-child et_block_column et_pb_css_mix_blend_mode_passthrough\"><div class=\"et_pb_cta_1 et_pb_promo et_pb_bg_layout_dark et_pb_module et_block_module\"><div class=\"et_pb_promo_description\"><h2 class=\"et_pb_module_header\">Har du ny forskningsinformation eller utvecklingsid\u00e9er f\u00f6r webbplatsen?<\/h2><\/div><div class=\"et_pb_button_wrapper\"><a class=\"et_pb_button et_pb_promo_button\" href=\"\/sv\/kouluttaudu-kanssamme\/#ota-yhteytta\">Kontakta oss<\/a><\/div><\/div><\/div><\/div><\/div>","protected":false},"excerpt":{"rendered":"","protected":false},"author":4,"featured_media":0,"parent":25,"menu_order":2,"comment_status":"closed","ping_status":"closed","template":"","meta":{"footnotes":""},"class_list":["post-210","page","type-page","status-publish","hentry"],"yoast_head":"<!-- This site is optimized with the Yoast SEO plugin v27.5 - https:\/\/yoast.com\/product\/yoast-seo-wordpress\/ -->\n<title>Aivoverenkiertosairauden muistisairaus \u2013 Memocate<\/title>\n<meta name=\"description\" content=\"Aivoverenkiertosairauden aiheuttama muistisairaus johtuu aivojen verenkiertoh\u00e4iri\u00f6ist\u00e4. Lue oireista, riskitekij\u00f6ist\u00e4 ja ennaltaehk\u00e4isyst\u00e4.\" \/>\n<meta name=\"robots\" content=\"index, follow, max-snippet:-1, max-image-preview:large, max-video-preview:-1\" \/>\n<link rel=\"canonical\" href=\"https:\/\/memocate.com\/sv\/mita-ovat-yleisimmat-muistisairaudet\/aivoverenkiertosairauden-muistisairaus\/\" \/>\n<meta property=\"og:locale\" content=\"sv_SE\" \/>\n<meta property=\"og:type\" content=\"article\" \/>\n<meta property=\"og:title\" content=\"Aivoverenkiertosairauden muistisairaus \u2013 Memocate\" \/>\n<meta property=\"og:description\" content=\"Aivoverenkiertosairauden aiheuttama muistisairaus johtuu aivojen verenkiertoh\u00e4iri\u00f6ist\u00e4. Lue oireista, riskitekij\u00f6ist\u00e4 ja ennaltaehk\u00e4isyst\u00e4.\" \/>\n<meta property=\"og:url\" content=\"https:\/\/memocate.com\/sv\/mita-ovat-yleisimmat-muistisairaudet\/aivoverenkiertosairauden-muistisairaus\/\" \/>\n<meta property=\"og:site_name\" content=\"Memocate\" \/>\n<meta property=\"article:modified_time\" content=\"2026-03-23T08:04:24+00:00\" \/>\n<meta property=\"og:image\" content=\"https:\/\/memocate.com\/wp-content\/uploads\/2026\/03\/memocate-og-image.png\" \/>\n\t<meta property=\"og:image:width\" content=\"1200\" \/>\n\t<meta property=\"og:image:height\" content=\"675\" \/>\n\t<meta property=\"og:image:type\" content=\"image\/png\" \/>\n<meta name=\"twitter:card\" content=\"summary_large_image\" \/>\n<meta name=\"twitter:label1\" content=\"Ber\u00e4knad l\u00e4stid\" \/>\n\t<meta name=\"twitter:data1\" content=\"4 minuter\" \/>\n<script type=\"application\/ld+json\" class=\"yoast-schema-graph\">{\"@context\":\"https:\\\/\\\/schema.org\",\"@graph\":[{\"@type\":\"WebPage\",\"@id\":\"https:\\\/\\\/memocate.com\\\/mita-ovat-yleisimmat-muistisairaudet\\\/aivoverenkiertosairauden-muistisairaus\\\/\",\"url\":\"https:\\\/\\\/memocate.com\\\/mita-ovat-yleisimmat-muistisairaudet\\\/aivoverenkiertosairauden-muistisairaus\\\/\",\"name\":\"Aivoverenkiertosairauden muistisairaus \u2013 Memocate\",\"isPartOf\":{\"@id\":\"https:\\\/\\\/memocate.com\\\/#website\"},\"datePublished\":\"2018-10-31T16:49:07+00:00\",\"dateModified\":\"2026-03-23T08:04:24+00:00\",\"description\":\"Aivoverenkiertosairauden aiheuttama muistisairaus johtuu aivojen verenkiertoh\u00e4iri\u00f6ist\u00e4. Lue oireista, riskitekij\u00f6ist\u00e4 ja ennaltaehk\u00e4isyst\u00e4.\",\"breadcrumb\":{\"@id\":\"https:\\\/\\\/memocate.com\\\/mita-ovat-yleisimmat-muistisairaudet\\\/aivoverenkiertosairauden-muistisairaus\\\/#breadcrumb\"},\"inLanguage\":\"sv-SE\",\"potentialAction\":[{\"@type\":\"ReadAction\",\"target\":[\"https:\\\/\\\/memocate.com\\\/mita-ovat-yleisimmat-muistisairaudet\\\/aivoverenkiertosairauden-muistisairaus\\\/\"]}]},{\"@type\":\"BreadcrumbList\",\"@id\":\"https:\\\/\\\/memocate.com\\\/mita-ovat-yleisimmat-muistisairaudet\\\/aivoverenkiertosairauden-muistisairaus\\\/#breadcrumb\",\"itemListElement\":[{\"@type\":\"ListItem\",\"position\":1,\"name\":\"Home\",\"item\":\"https:\\\/\\\/memocate.com\\\/\"},{\"@type\":\"ListItem\",\"position\":2,\"name\":\"Muistisairaudet\",\"item\":\"https:\\\/\\\/memocate.com\\\/mita-ovat-yleisimmat-muistisairaudet\\\/\"},{\"@type\":\"ListItem\",\"position\":3,\"name\":\"Aivoverenkiertosairauden muistisairaus\"}]},{\"@type\":\"WebSite\",\"@id\":\"https:\\\/\\\/memocate.com\\\/#website\",\"url\":\"https:\\\/\\\/memocate.com\\\/\",\"name\":\"Memocate\",\"description\":\"Muistisairaus, vuorovaikutus ja hyv\u00e4 kohtaaminen\",\"publisher\":{\"@id\":\"https:\\\/\\\/memocate.com\\\/#organization\"},\"potentialAction\":[{\"@type\":\"SearchAction\",\"target\":{\"@type\":\"EntryPoint\",\"urlTemplate\":\"https:\\\/\\\/memocate.com\\\/?s={search_term_string}\"},\"query-input\":{\"@type\":\"PropertyValueSpecification\",\"valueRequired\":true,\"valueName\":\"search_term_string\"}}],\"inLanguage\":\"sv-SE\"},{\"@type\":\"Organization\",\"@id\":\"https:\\\/\\\/memocate.com\\\/#organization\",\"name\":\"Memocate Oy\",\"url\":\"https:\\\/\\\/memocate.com\\\/\",\"logo\":{\"@type\":\"ImageObject\",\"inLanguage\":\"sv-SE\",\"@id\":\"https:\\\/\\\/memocate.com\\\/#\\\/schema\\\/logo\\\/image\\\/\",\"url\":\"https:\\\/\\\/memocate.com\\\/wp-content\\\/uploads\\\/2019\\\/07\\\/Memocate_horizontal_logo.svg\",\"contentUrl\":\"https:\\\/\\\/memocate.com\\\/wp-content\\\/uploads\\\/2019\\\/07\\\/Memocate_horizontal_logo.svg\",\"width\":213,\"height\":70,\"caption\":\"Memocate Oy\"},\"image\":{\"@id\":\"https:\\\/\\\/memocate.com\\\/#\\\/schema\\\/logo\\\/image\\\/\"}}]}<\/script>\n<!-- \/ Yoast SEO plugin. -->","yoast_head_json":{"title":"Aivoverenkiertosairauden muistisairaus \u2013 Memocate","description":"Aivoverenkiertosairauden aiheuttama muistisairaus johtuu aivojen verenkiertoh\u00e4iri\u00f6ist\u00e4. Lue oireista, riskitekij\u00f6ist\u00e4 ja ennaltaehk\u00e4isyst\u00e4.","robots":{"index":"index","follow":"follow","max-snippet":"max-snippet:-1","max-image-preview":"max-image-preview:large","max-video-preview":"max-video-preview:-1"},"canonical":"https:\/\/memocate.com\/sv\/mita-ovat-yleisimmat-muistisairaudet\/aivoverenkiertosairauden-muistisairaus\/","og_locale":"sv_SE","og_type":"article","og_title":"Aivoverenkiertosairauden muistisairaus \u2013 Memocate","og_description":"Aivoverenkiertosairauden aiheuttama muistisairaus johtuu aivojen verenkiertoh\u00e4iri\u00f6ist\u00e4. Lue oireista, riskitekij\u00f6ist\u00e4 ja ennaltaehk\u00e4isyst\u00e4.","og_url":"https:\/\/memocate.com\/sv\/mita-ovat-yleisimmat-muistisairaudet\/aivoverenkiertosairauden-muistisairaus\/","og_site_name":"Memocate","article_modified_time":"2026-03-23T08:04:24+00:00","og_image":[{"width":1200,"height":675,"url":"https:\/\/memocate.com\/wp-content\/uploads\/2026\/03\/memocate-og-image.png","type":"image\/png"}],"twitter_card":"summary_large_image","twitter_misc":{"Ber\u00e4knad l\u00e4stid":"4 minuter"},"schema":{"@context":"https:\/\/schema.org","@graph":[{"@type":"WebPage","@id":"https:\/\/memocate.com\/mita-ovat-yleisimmat-muistisairaudet\/aivoverenkiertosairauden-muistisairaus\/","url":"https:\/\/memocate.com\/mita-ovat-yleisimmat-muistisairaudet\/aivoverenkiertosairauden-muistisairaus\/","name":"Aivoverenkiertosairauden muistisairaus \u2013 Memocate","isPartOf":{"@id":"https:\/\/memocate.com\/#website"},"datePublished":"2018-10-31T16:49:07+00:00","dateModified":"2026-03-23T08:04:24+00:00","description":"Aivoverenkiertosairauden aiheuttama muistisairaus johtuu aivojen verenkiertoh\u00e4iri\u00f6ist\u00e4. Lue oireista, riskitekij\u00f6ist\u00e4 ja ennaltaehk\u00e4isyst\u00e4.","breadcrumb":{"@id":"https:\/\/memocate.com\/mita-ovat-yleisimmat-muistisairaudet\/aivoverenkiertosairauden-muistisairaus\/#breadcrumb"},"inLanguage":"sv-SE","potentialAction":[{"@type":"ReadAction","target":["https:\/\/memocate.com\/mita-ovat-yleisimmat-muistisairaudet\/aivoverenkiertosairauden-muistisairaus\/"]}]},{"@type":"BreadcrumbList","@id":"https:\/\/memocate.com\/mita-ovat-yleisimmat-muistisairaudet\/aivoverenkiertosairauden-muistisairaus\/#breadcrumb","itemListElement":[{"@type":"ListItem","position":1,"name":"Home","item":"https:\/\/memocate.com\/"},{"@type":"ListItem","position":2,"name":"Muistisairaudet","item":"https:\/\/memocate.com\/mita-ovat-yleisimmat-muistisairaudet\/"},{"@type":"ListItem","position":3,"name":"Aivoverenkiertosairauden muistisairaus"}]},{"@type":"WebSite","@id":"https:\/\/memocate.com\/#website","url":"https:\/\/memocate.com\/","name":"Memocate","description":"Muistisairaus, vuorovaikutus ja hyv\u00e4 kohtaaminen","publisher":{"@id":"https:\/\/memocate.com\/#organization"},"potentialAction":[{"@type":"SearchAction","target":{"@type":"EntryPoint","urlTemplate":"https:\/\/memocate.com\/?s={search_term_string}"},"query-input":{"@type":"PropertyValueSpecification","valueRequired":true,"valueName":"search_term_string"}}],"inLanguage":"sv-SE"},{"@type":"Organization","@id":"https:\/\/memocate.com\/#organization","name":"Memocate Oy","url":"https:\/\/memocate.com\/","logo":{"@type":"ImageObject","inLanguage":"sv-SE","@id":"https:\/\/memocate.com\/#\/schema\/logo\/image\/","url":"https:\/\/memocate.com\/wp-content\/uploads\/2019\/07\/Memocate_horizontal_logo.svg","contentUrl":"https:\/\/memocate.com\/wp-content\/uploads\/2019\/07\/Memocate_horizontal_logo.svg","width":213,"height":70,"caption":"Memocate Oy"},"image":{"@id":"https:\/\/memocate.com\/#\/schema\/logo\/image\/"}}]}},"_links":{"self":[{"href":"https:\/\/memocate.com\/sv\/wp-json\/wp\/v2\/pages\/210","targetHints":{"allow":["GET"]}}],"collection":[{"href":"https:\/\/memocate.com\/sv\/wp-json\/wp\/v2\/pages"}],"about":[{"href":"https:\/\/memocate.com\/sv\/wp-json\/wp\/v2\/types\/page"}],"author":[{"embeddable":true,"href":"https:\/\/memocate.com\/sv\/wp-json\/wp\/v2\/users\/4"}],"replies":[{"embeddable":true,"href":"https:\/\/memocate.com\/sv\/wp-json\/wp\/v2\/comments?post=210"}],"version-history":[{"count":7,"href":"https:\/\/memocate.com\/sv\/wp-json\/wp\/v2\/pages\/210\/revisions"}],"predecessor-version":[{"id":8759,"href":"https:\/\/memocate.com\/sv\/wp-json\/wp\/v2\/pages\/210\/revisions\/8759"}],"up":[{"embeddable":true,"href":"https:\/\/memocate.com\/sv\/wp-json\/wp\/v2\/pages\/25"}],"wp:attachment":[{"href":"https:\/\/memocate.com\/sv\/wp-json\/wp\/v2\/media?parent=210"}],"curies":[{"name":"wp","href":"https:\/\/api.w.org\/{rel}","templated":true}]}}