{"id":1763,"date":"2019-05-25T11:40:24","date_gmt":"2019-05-25T08:40:24","guid":{"rendered":"https:\/\/memocateomaishoitajille.gaselli.software\/?page_id=1763"},"modified":"2026-03-28T23:01:15","modified_gmt":"2026-03-28T21:01:15","slug":"meista","status":"publish","type":"page","link":"https:\/\/memocate.com\/sv\/meista\/","title":{"rendered":"Om oss"},"content":{"rendered":"<div class=\"et_pb_section_0 et_pb_section et_section_regular et_block_section\"><\/div><div class=\"et_pb_section_1 et_pb_section et_section_regular et_block_section\"><div class=\"et_pb_row_0 et_pb_row et_block_row\"><div class=\"et_pb_column_0 et_pb_column et_pb_column_4_4 et-last-child et_block_column et_pb_css_mix_blend_mode_passthrough\"><div class=\"et_pb_text_0 et_pb_text et_pb_bg_layout_light et_pb_module et_block_module et_pb_text_align_center\"><div class=\"et_pb_text_inner\"><p>F\u00f6lj med p\u00e5 resan<\/p>\n<\/div><\/div><div class=\"et_pb_text_1 et_pb_text et_pb_bg_layout_light et_pb_module et_block_module\"><div class=\"et_pb_text_inner\"><h1>Mot ett m\u00e4nniskov\u00e4rdigt v\u00e5rdarbete<\/h1>\n<\/div><\/div><div class=\"et_pb_text_2 et_pb_text et_pb_bg_layout_light et_pb_module et_block_module et_pb_text_align_center\"><div class=\"et_pb_text_inner\"><p>Vi vill att varje m\u00e4nniska ska bli h\u00f6rd, sedd och f\u00f6rst\u00e5dd. Ocks\u00e5 d\u00e5 orden blir f\u00e4rre och minnena bleknar.<\/p>\n<\/div><\/div><\/div><\/div><\/div><div class=\"et_pb_section_2 et_pb_section et_pb_fullwidth_section et_section_regular et_block_section\"><div class=\"et_pb_fullwidth_menu_0 et_pb_fullwidth_menu et_pb_fullwidth_menu--without-logo et_pb_fullwidth_menu--style-left_aligned et_pb_fullwidth_menu_fullwidth et_dropdown_animation_fade et_pb_bg_layout_light et_pb_text_align_center et_pb_text_align_right-tablet et_pb_text_align_right-phone et_pb_module\"><div class=\"et_pb_row\"><div class=\"et_pb_menu__wrap\"><div class=\"et_pb_menu__menu\"><nav class=\"et-menu-nav fullwidth-menu-nav\"><ul id=\"menu-meista-page-menu\" class=\"et-menu fullwidth-menu nav downwards\"><li id=\"menu-item-2751\" class=\"et_pb_menu_page_id-2751 menu-item menu-item-type-custom menu-item-object-custom menu-item-2751\"><a href=\"#yritys\">F\u00f6retaget<\/a><\/li>\n<li id=\"menu-item-2752\" class=\"et_pb_menu_page_id-2752 menu-item menu-item-type-custom menu-item-object-custom menu-item-2752\"><a href=\"#tehtava\">Uppdrag<\/a><\/li>\n<li id=\"menu-item-2753\" class=\"et_pb_menu_page_id-2753 menu-item menu-item-type-custom menu-item-object-custom menu-item-2753\"><a href=\"#tiimi\">Team<\/a><\/li>\n<li id=\"menu-item-2754\" class=\"et_pb_menu_page_id-2754 menu-item menu-item-type-custom menu-item-object-custom menu-item-2754\"><a href=\"#ota-yhteytt\u00e4\">Kontakta oss<\/a><\/li>\n<\/ul><\/nav><\/div><div class=\"et_mobile_nav_menu\"><div class=\"mobile_nav closed\"><span class=\"mobile_menu_bar\"><\/span><\/div><\/div><\/div><\/div><\/div><\/div><div class=\"et_pb_section_3 et_pb_section et_section_regular et_block_section\"><div class=\"et_pb_row_1 et_pb_row et_pb_equal_columns et_block_row custom_parallax\"><div class=\"et_pb_column_1 et_pb_column et_pb_column_1_2 et_block_column et_pb_css_mix_blend_mode_passthrough\"><div class=\"et_pb_text_3 et_pb_text et_pb_bg_layout_light et_pb_module et_block_module\"><div class=\"et_pb_text_inner\"><h3>Forskningskunskap som underl\u00e4ttar vardagen<\/h3>\n<\/div><\/div><div class=\"et_pb_text_4 et_pb_text et_pb_bg_layout_light et_pb_module et_block_module\"><div class=\"et_pb_text_inner\"><p>Vi omvandlar Camilla Lindholms omfattande forskningskunskap till l\u00e4ttf\u00f6rst\u00e5elig och praktisk form. Vi tror att v\u00e4xelverkan \u00e4r nyckeln till ett gott bem\u00f6tande av personer som lever med minnessjukdom.<\/p>\n<\/div><\/div><\/div><div class=\"et_pb_column_2 et_pb_column et_pb_column_1_2 et-last-child et_block_column et_pb_css_mix_blend_mode_passthrough et_pb_section_parallax\"><span class=\"et-pb-parallax-wrapper\"><span class=\"et-pb-parallax-background et-pb-parallax-background-module--divi-column-2\" style=\"background-image:url(https:\/\/memocate.com\/wp-content\/uploads\/2019\/05\/drop_orange-30.svg)\"><\/span><\/span><div class=\"et_pb_image_0 et_pb_image et_pb_module et_block_module\"><span class=\"et_pb_image_wrap\"><img loading=\"lazy\" decoding=\"async\" src=\"https:\/\/memocate.com\/wp-content\/uploads\/2019\/08\/about_2.jpg\" alt=\"Memocaten perustaja Heikki Hauskaviita\" width=\"442\" height=\"595\" srcset=\"https:\/\/memocate.com\/wp-content\/uploads\/2019\/08\/about_2.jpg 442w, https:\/\/memocate.com\/wp-content\/uploads\/2019\/08\/about_2-223x300.jpg 223w\" sizes=\"(max-width: 442px) 100vw, 442px\" class=\"wp-image-2737\" \/><\/span><\/div><\/div><\/div><\/div><div class=\"et_pb_section_4 et_pb_section et_section_regular et_block_section\"><div class=\"et_pb_row_2 et_pb_row et_block_row\"><div class=\"et_pb_column_3 et_pb_column et_pb_column_4_4 et-last-child et_block_column et_pb_css_mix_blend_mode_passthrough\"><div class=\"et_pb_text_5 et_pb_text et_pb_bg_layout_light et_pb_module et_block_module\"><div class=\"et_pb_text_inner\"><h2>Ett litet f\u00f6retag med stor inverkan<\/h2>\n<\/div><\/div><\/div><\/div><div class=\"et_pb_row_3 et_pb_row et_pb_row_5col et_pb_gutters2 et_block_row et_block_row_5col\"><div class=\"et_pb_column_4 et_pb_column et_pb_column_1_5 et_block_column et_pb_css_mix_blend_mode_passthrough\"><div class=\"et_pb_blurb_0 et_pb_blurb et_pb_bg_layout_light et_pb_blurb_position_top et_pb_module et_block_module chronology\" id=\"twenty_seventeen\"><div class=\"et_pb_blurb_content\"><div class=\"et_pb_main_blurb_image\"><span class=\"et_pb_image_wrap et_pb_only_image_mode_wrap\"><img loading=\"lazy\" decoding=\"async\" src=\"https:\/\/memocate.com\/wp-content\/uploads\/2019\/03\/cloud_2.svg\" alt=\"Aikajanan koristeikoni\" width=\"82\" height=\"61\" srcset=\"https:\/\/memocate.com\/wp-content\/uploads\/2019\/03\/cloud_2.svg 82w\" sizes=\"(max-width: 82px) 100vw, 82px\" class=\"et-waypoint et_pb_animation_off et_pb_animation_off_tablet et_pb_animation_off_phone wp-image-1155\" \/><\/span><\/div><div class=\"et_pb_blurb_container\"><h3 class=\"et_pb_module_header\">2017<\/h3><div class=\"et_pb_blurb_description\"><div class=\"chronology_line\"><\/div>\n<\/div><\/div><\/div><\/div><div class=\"et_pb_text_6 et_pb_text et_pb_bg_layout_light et_pb_module et_block_module\"><div class=\"et_pb_text_inner\"><h3>Grundandet<\/h3>\n<p>Memocate grundas i maj 2017<\/p>\n<\/div><\/div><div class=\"et_pb_text_7 et_pb_text et_pb_bg_layout_light et_pb_module et_block_module\"><div class=\"et_pb_text_inner\"><h3>Startfinansiering<\/h3>\n<p>Fr\u00e5n Helsingfors universitets fonder<\/p>\n<\/div><\/div><div class=\"et_pb_text_8 et_pb_text et_pb_bg_layout_light et_pb_module et_block_module\"><div class=\"et_pb_text_inner\"><h3>F\u00f6rsta kundpiloterna<\/h3>\n<p>Kontukoti och Villa Tapiola<\/p>\n<\/div><\/div><\/div><div class=\"et_pb_column_5 et_pb_column et_pb_column_1_5 et_block_column et_pb_css_mix_blend_mode_passthrough\"><div class=\"et_pb_blurb_1 et_pb_blurb et_pb_bg_layout_light et_pb_blurb_position_top et_pb_module et_block_module chronology\" id=\"twenty_eighteen\"><div class=\"et_pb_blurb_content\"><div class=\"et_pb_main_blurb_image\"><span class=\"et_pb_image_wrap et_pb_only_image_mode_wrap\"><img loading=\"lazy\" decoding=\"async\" src=\"https:\/\/memocate.com\/wp-content\/uploads\/2019\/03\/cloud_1.svg\" alt=\"Aikajanan koristeikoni\" width=\"77\" height=\"66\" srcset=\"https:\/\/memocate.com\/wp-content\/uploads\/2019\/03\/cloud_1.svg 77w\" sizes=\"(max-width: 77px) 100vw, 77px\" class=\"et-waypoint et_pb_animation_off et_pb_animation_off_tablet et_pb_animation_off_phone wp-image-1154\" \/><\/span><\/div><div class=\"et_pb_blurb_container\"><h3 class=\"et_pb_module_header\">2018\u20132019<\/h3><div class=\"et_pb_blurb_description\"><div class=\"chronology_line\"><\/div>\n<\/div><\/div><\/div><\/div><div class=\"et_pb_text_9 et_pb_text et_pb_bg_layout_light et_pb_module et_block_module\"><div class=\"et_pb_text_inner\"><h3>Tj\u00e4nsteutveckling<\/h3>\n<p>Utveckling av utbildningsplattform, workshoppar och studiematerial<\/p>\n<\/div><\/div><div class=\"et_pb_text_10 et_pb_text et_pb_bg_layout_light et_pb_module et_block_module\"><div class=\"et_pb_text_inner\"><h3>Fler nya kunder<\/h3>\n<p>Sibbo kommun, Helsingin Diakonissalaitoksen Hoiva Oy och Pihlajalinna Oy<\/p>\n<\/div><\/div><\/div><div class=\"et_pb_column_6 et_pb_column et_pb_column_1_5 et_block_column et_pb_css_mix_blend_mode_passthrough\"><div class=\"et_pb_blurb_2 et_pb_blurb et_pb_bg_layout_light et_pb_blurb_position_top et_pb_module et_block_module chronology\" id=\"tanaan\"><div class=\"et_pb_blurb_content\"><div class=\"et_pb_main_blurb_image\"><span class=\"et_pb_image_wrap et_pb_only_image_mode_wrap\"><img loading=\"lazy\" decoding=\"async\" src=\"https:\/\/memocate.com\/wp-content\/uploads\/2019\/03\/cloud_3.svg\" alt=\"Aikajanan koristeikoni\" width=\"82\" height=\"66\" srcset=\"https:\/\/memocate.com\/wp-content\/uploads\/2019\/03\/cloud_3.svg 82w\" sizes=\"(max-width: 82px) 100vw, 82px\" class=\"et-waypoint et_pb_animation_off et_pb_animation_off_tablet et_pb_animation_off_phone wp-image-1156\" \/><\/span><\/div><div class=\"et_pb_blurb_container\"><h3 class=\"et_pb_module_header\">2019\u20132020<\/h3><div class=\"et_pb_blurb_description\"><div class=\"chronology_line\"><\/div>\n<\/div><\/div><\/div><\/div><div class=\"et_pb_text_11 et_pb_text et_pb_bg_layout_light et_pb_module et_block_module\"><div class=\"et_pb_text_inner\"><h3>Tillv\u00e4xt p\u00e5 hemmaplan<\/h3>\n<p>Utbildningar f\u00f6r v\u00e5rdhem och kommuner runt om i Finland.<\/p>\n<\/div><\/div><div class=\"et_pb_text_12 et_pb_text et_pb_bg_layout_light et_pb_module et_block_module\"><div class=\"et_pb_text_inner\"><h3>Utbildning f\u00f6r Tammerfors stad<\/h3>\n<p>Den hittills st\u00f6rsta utbildningen som Memocate ordnat f\u00f6r sjuksk\u00f6tare och h\u00e4lsov\u00e5rdare<\/p>\n<\/div><\/div><\/div><div class=\"et_pb_column_7 et_pb_column et_pb_column_1_5 et_block_column et_pb_css_mix_blend_mode_passthrough\"><div class=\"et_pb_blurb_3 et_pb_blurb et_pb_bg_layout_light et_pb_blurb_position_top et_pb_module et_block_module chronology\" id=\"twenty_twentyfive\"><div class=\"et_pb_blurb_content\"><div class=\"et_pb_main_blurb_image\"><span class=\"et_pb_image_wrap et_pb_only_image_mode_wrap\"><img loading=\"lazy\" decoding=\"async\" src=\"https:\/\/memocate.com\/wp-content\/uploads\/2019\/03\/cloud_2.svg\" alt=\"Aikajanan koristeikoni\" width=\"82\" height=\"61\" srcset=\"https:\/\/memocate.com\/wp-content\/uploads\/2019\/03\/cloud_2.svg 82w\" sizes=\"(max-width: 82px) 100vw, 82px\" class=\"et-waypoint et_pb_animation_off et_pb_animation_off_tablet et_pb_animation_off_phone wp-image-1155\" \/><\/span><\/div><div class=\"et_pb_blurb_container\"><h3 class=\"et_pb_module_header\">2025<\/h3><div class=\"et_pb_blurb_description\"><div class=\"chronology_line\"><\/div>\n<\/div><\/div><\/div><\/div><div class=\"et_pb_text_13 et_pb_text et_pb_bg_layout_light et_pb_module et_block_module\"><div class=\"et_pb_text_inner\"><h3>Omstart<\/h3>\n<p>En ny start f\u00f6r utbildningsverksamheten med Folkh\u00e4lsans utbildning.<\/p>\n<\/div><\/div><div class=\"et_pb_text_14 et_pb_text et_pb_bg_layout_light et_pb_module et_block_module\"><div class=\"et_pb_text_inner\"><h3>Uppdaterade utbildningar<\/h3>\n<p>Utbildningarnas inneh\u00e5ll har f\u00f6rnyats f\u00f6r att motsvara dagens behov.<\/p>\n<\/div><\/div><\/div><div class=\"et_pb_column_8 et_pb_column et_pb_column_1_5 et-last-child et_block_column et_pb_css_mix_blend_mode_passthrough\"><div class=\"et_pb_blurb_4 et_pb_blurb et_pb_bg_layout_light et_pb_blurb_position_top et_pb_module et_block_module chronology\" id=\"twenty_thirty\"><div class=\"et_pb_blurb_content\"><div class=\"et_pb_main_blurb_image\"><span class=\"et_pb_image_wrap et_pb_only_image_mode_wrap\"><img loading=\"lazy\" decoding=\"async\" src=\"https:\/\/memocate.com\/wp-content\/uploads\/2019\/03\/cloud_1.svg\" alt=\"Aikajanan koristeikoni\" width=\"77\" height=\"66\" srcset=\"https:\/\/memocate.com\/wp-content\/uploads\/2019\/03\/cloud_1.svg 77w\" sizes=\"(max-width: 77px) 100vw, 77px\" class=\"et-waypoint et_pb_animation_off et_pb_animation_off_tablet et_pb_animation_off_phone wp-image-1154\" \/><\/span><\/div><div class=\"et_pb_blurb_container\"><h3 class=\"et_pb_module_header\">FRAMTIDEN<\/h3><div class=\"et_pb_blurb_description\"><div class=\"chronology_line\"><\/div>\n<\/div><\/div><\/div><\/div><div class=\"et_pb_text_15 et_pb_text et_pb_bg_layout_light et_pb_module et_block_module\"><div class=\"et_pb_text_inner\"><h3>Nya teman och m\u00e5lgrupper<\/h3>\n<p>Minnesv\u00e4nlig organisation, m\u00e5ngkulturalitet och l\u00e4ttl\u00e4st spr\u00e5k.<\/p>\n<\/div><\/div><\/div><\/div><\/div><div class=\"et_pb_section_5 et_pb_section et_section_regular et_block_section\"><div class=\"et_pb_row_4 et_pb_row et_block_row\"><div class=\"et_pb_column_9 et_pb_column et_pb_column_4_4 et-last-child et_block_column et_pb_css_mix_blend_mode_passthrough\"><div class=\"et_pb_text_16 et_pb_text et_pb_bg_layout_light et_pb_module et_block_module\"><div class=\"et_pb_text_inner\"><h2>V\u00e5r passion \u00e4r att \u00f6ka f\u00f6rst\u00e5elsen f\u00f6r den upplevelsev\u00e4rld som personer med minnessjukdom lever i<\/h2>\n<\/div><\/div><\/div><\/div><div class=\"et_pb_row_5 et_pb_row et_block_row\"><div class=\"et_pb_column_10 et_pb_column et_pb_column_1_3 et_block_column et_pb_css_mix_blend_mode_passthrough\"><div class=\"et_pb_blurb_5 et_pb_blurb et_pb_bg_layout_light et_pb_blurb_position_left et_pb_module et_block_module custom_blurb_shapes\"><div class=\"et_pb_blurb_content\"><div class=\"et_pb_main_blurb_image\"><span class=\"et_pb_image_wrap et_pb_only_image_mode_wrap\"><img loading=\"lazy\" decoding=\"async\" src=\"https:\/\/memocate.com\/wp-content\/uploads\/2019\/08\/oval-1-creamy.svg\" alt=\"Koristeellinen muoto\" width=\"83\" height=\"66\" srcset=\"https:\/\/memocate.com\/wp-content\/uploads\/2019\/08\/oval-1-creamy.svg 83w\" class=\"et-waypoint et_pb_animation_top et_pb_animation_top_tablet et_pb_animation_top_phone wp-image-3339\" \/><\/span><\/div><div class=\"et_pb_blurb_container\"><h3 class=\"et_pb_module_header\">Socialt ansvar<\/h3><div class=\"et_pb_blurb_description\"><p>Vi erbjuder nya perspektiv p\u00e5 v\u00e5rdarbetet med personer som lever med minnessjukdom.<\/p>\n<\/div><\/div><\/div><\/div><\/div><div class=\"et_pb_column_11 et_pb_column et_pb_column_1_3 et_block_column et_pb_css_mix_blend_mode_passthrough\"><div class=\"et_pb_blurb_6 et_pb_blurb et_pb_bg_layout_light et_pb_blurb_position_left et_pb_module et_block_module custom_blurb_shapes\"><div class=\"et_pb_blurb_content\"><div class=\"et_pb_main_blurb_image\"><span class=\"et_pb_image_wrap et_pb_only_image_mode_wrap\"><img loading=\"lazy\" decoding=\"async\" src=\"https:\/\/memocate.com\/wp-content\/uploads\/2019\/08\/oval-2-creamy.svg\" alt=\"Koristeellinen muoto\" width=\"83\" height=\"66\" srcset=\"https:\/\/memocate.com\/wp-content\/uploads\/2019\/08\/oval-2-creamy.svg 83w\" class=\"et-waypoint et_pb_animation_top et_pb_animation_top_tablet et_pb_animation_top_phone wp-image-3340\" \/><\/span><\/div><div class=\"et_pb_blurb_container\"><h3 class=\"et_pb_module_header\">Sj\u00e4lvstyrning<\/h3><div class=\"et_pb_blurb_description\"><p>Memocates verksamhet bygger p\u00e5 ett sj\u00e4lvst\u00e4ndigt och ansvarsfullt arbetss\u00e4tt samt respekt f\u00f6r samarbetspartner.<\/p>\n<\/div><\/div><\/div><\/div><\/div><div class=\"et_pb_column_12 et_pb_column et_pb_column_1_3 et-last-child et_block_column et_pb_css_mix_blend_mode_passthrough\"><div class=\"et_pb_blurb_7 et_pb_blurb et_pb_bg_layout_light et_pb_blurb_position_left et_pb_module et_block_module custom_blurb_shapes\"><div class=\"et_pb_blurb_content\"><div class=\"et_pb_main_blurb_image\"><span class=\"et_pb_image_wrap et_pb_only_image_mode_wrap\"><img loading=\"lazy\" decoding=\"async\" src=\"https:\/\/memocate.com\/wp-content\/uploads\/2019\/08\/oval-3-creamy.svg\" alt=\"Koristeellinen muoto\" width=\"83\" height=\"66\" srcset=\"https:\/\/memocate.com\/wp-content\/uploads\/2019\/08\/oval-3-creamy.svg 83w\" class=\"et-waypoint et_pb_animation_top et_pb_animation_top_tablet et_pb_animation_top_phone wp-image-3341\" \/><\/span><\/div><div class=\"et_pb_blurb_container\"><h3 class=\"et_pb_module_header\">\u00d6ppenhet<\/h3><div class=\"et_pb_blurb_description\"><p>Vi diskuterar g\u00e4rna med m\u00e4nniskor som delar v\u00e5ra m\u00e5l. Ta kontakt s\u00e5 bjuder vi dig p\u00e5 kaffe!<\/p>\n<\/div><\/div><\/div><\/div><\/div><\/div><\/div>","protected":false},"excerpt":{"rendered":"","protected":false},"author":4,"featured_media":0,"parent":0,"menu_order":0,"comment_status":"closed","ping_status":"closed","template":"","meta":{"footnotes":""},"class_list":["post-1763","page","type-page","status-publish","hentry"],"yoast_head":"<!-- This site is optimized with the Yoast SEO plugin v27.5 - https:\/\/yoast.com\/product\/yoast-seo-wordpress\/ -->\n<title>Tietoa Memocatesta \u2013 tutkimuspohjaista muistisairauskoulutusta<\/title>\n<meta name=\"description\" content=\"Memocate on Helsingin yliopistosta l\u00e4htenyt yritys, joka kouluttaa hoivahenkil\u00f6st\u00f6\u00e4 kohtaamaan muistisairaan arvostavasti. Tutustu taustatutkimukseen.\" \/>\n<meta name=\"robots\" content=\"index, follow, max-snippet:-1, max-image-preview:large, max-video-preview:-1\" \/>\n<link rel=\"canonical\" href=\"https:\/\/memocate.com\/sv\/meista\/\" \/>\n<meta property=\"og:locale\" content=\"sv_SE\" \/>\n<meta property=\"og:type\" content=\"article\" \/>\n<meta property=\"og:title\" content=\"Tietoa Memocatesta \u2013 tutkimuspohjaista muistisairauskoulutusta\" \/>\n<meta property=\"og:description\" content=\"Memocate on Helsingin yliopistosta l\u00e4htenyt yritys, joka kouluttaa hoivahenkil\u00f6st\u00f6\u00e4 kohtaamaan muistisairaan arvostavasti. Tutustu taustatutkimukseen.\" \/>\n<meta property=\"og:url\" content=\"https:\/\/memocate.com\/sv\/meista\/\" \/>\n<meta property=\"og:site_name\" content=\"Memocate\" \/>\n<meta property=\"article:modified_time\" content=\"2026-03-28T21:01:15+00:00\" \/>\n<meta property=\"og:image\" content=\"https:\/\/memocate.com\/wp-content\/uploads\/2026\/03\/memocate-og-image.png\" \/>\n\t<meta property=\"og:image:width\" content=\"1200\" \/>\n\t<meta property=\"og:image:height\" content=\"675\" \/>\n\t<meta property=\"og:image:type\" content=\"image\/png\" \/>\n<meta name=\"twitter:card\" content=\"summary_large_image\" \/>\n<meta name=\"twitter:label1\" content=\"Ber\u00e4knad l\u00e4stid\" \/>\n\t<meta name=\"twitter:data1\" content=\"3 minuter\" \/>\n<script type=\"application\/ld+json\" class=\"yoast-schema-graph\">{\"@context\":\"https:\\\/\\\/schema.org\",\"@graph\":[{\"@type\":\"WebPage\",\"@id\":\"https:\\\/\\\/memocate.com\\\/meista\\\/\",\"url\":\"https:\\\/\\\/memocate.com\\\/meista\\\/\",\"name\":\"Tietoa Memocatesta \u2013 tutkimuspohjaista muistisairauskoulutusta\",\"isPartOf\":{\"@id\":\"https:\\\/\\\/memocate.com\\\/#website\"},\"datePublished\":\"2019-05-25T08:40:24+00:00\",\"dateModified\":\"2026-03-28T21:01:15+00:00\",\"description\":\"Memocate on Helsingin yliopistosta l\u00e4htenyt yritys, joka kouluttaa hoivahenkil\u00f6st\u00f6\u00e4 kohtaamaan muistisairaan arvostavasti. Tutustu taustatutkimukseen.\",\"breadcrumb\":{\"@id\":\"https:\\\/\\\/memocate.com\\\/meista\\\/#breadcrumb\"},\"inLanguage\":\"sv-SE\",\"potentialAction\":[{\"@type\":\"ReadAction\",\"target\":[\"https:\\\/\\\/memocate.com\\\/meista\\\/\"]}]},{\"@type\":\"BreadcrumbList\",\"@id\":\"https:\\\/\\\/memocate.com\\\/meista\\\/#breadcrumb\",\"itemListElement\":[{\"@type\":\"ListItem\",\"position\":1,\"name\":\"Home\",\"item\":\"https:\\\/\\\/memocate.com\\\/\"},{\"@type\":\"ListItem\",\"position\":2,\"name\":\"Meist\u00e4\"}]},{\"@type\":\"WebSite\",\"@id\":\"https:\\\/\\\/memocate.com\\\/#website\",\"url\":\"https:\\\/\\\/memocate.com\\\/\",\"name\":\"Memocate\",\"description\":\"Muistisairaus, vuorovaikutus ja hyv\u00e4 kohtaaminen\",\"publisher\":{\"@id\":\"https:\\\/\\\/memocate.com\\\/#organization\"},\"potentialAction\":[{\"@type\":\"SearchAction\",\"target\":{\"@type\":\"EntryPoint\",\"urlTemplate\":\"https:\\\/\\\/memocate.com\\\/?s={search_term_string}\"},\"query-input\":{\"@type\":\"PropertyValueSpecification\",\"valueRequired\":true,\"valueName\":\"search_term_string\"}}],\"inLanguage\":\"sv-SE\"},{\"@type\":\"Organization\",\"@id\":\"https:\\\/\\\/memocate.com\\\/#organization\",\"name\":\"Memocate Oy\",\"url\":\"https:\\\/\\\/memocate.com\\\/\",\"logo\":{\"@type\":\"ImageObject\",\"inLanguage\":\"sv-SE\",\"@id\":\"https:\\\/\\\/memocate.com\\\/#\\\/schema\\\/logo\\\/image\\\/\",\"url\":\"https:\\\/\\\/memocate.com\\\/wp-content\\\/uploads\\\/2019\\\/07\\\/Memocate_horizontal_logo.svg\",\"contentUrl\":\"https:\\\/\\\/memocate.com\\\/wp-content\\\/uploads\\\/2019\\\/07\\\/Memocate_horizontal_logo.svg\",\"width\":213,\"height\":70,\"caption\":\"Memocate Oy\"},\"image\":{\"@id\":\"https:\\\/\\\/memocate.com\\\/#\\\/schema\\\/logo\\\/image\\\/\"}}]}<\/script>\n<!-- \/ Yoast SEO plugin. -->","yoast_head_json":{"title":"Om Memocate \u2013 forskningsbaserad utbildning om minnessjukdomar","description":"Memocate on Helsingin yliopistosta l\u00e4htenyt yritys, joka kouluttaa hoivahenkil\u00f6st\u00f6\u00e4 kohtaamaan muistisairaan arvostavasti. Tutustu taustatutkimukseen.","robots":{"index":"index","follow":"follow","max-snippet":"max-snippet:-1","max-image-preview":"max-image-preview:large","max-video-preview":"max-video-preview:-1"},"canonical":"https:\/\/memocate.com\/sv\/meista\/","og_locale":"sv_SE","og_type":"article","og_title":"Tietoa Memocatesta \u2013 tutkimuspohjaista muistisairauskoulutusta","og_description":"Memocate on Helsingin yliopistosta l\u00e4htenyt yritys, joka kouluttaa hoivahenkil\u00f6st\u00f6\u00e4 kohtaamaan muistisairaan arvostavasti. Tutustu taustatutkimukseen.","og_url":"https:\/\/memocate.com\/sv\/meista\/","og_site_name":"Memocate","article_modified_time":"2026-03-28T21:01:15+00:00","og_image":[{"width":1200,"height":675,"url":"https:\/\/memocate.com\/wp-content\/uploads\/2026\/03\/memocate-og-image.png","type":"image\/png"}],"twitter_card":"summary_large_image","twitter_misc":{"Ber\u00e4knad l\u00e4stid":"3 minuter"},"schema":{"@context":"https:\/\/schema.org","@graph":[{"@type":"WebPage","@id":"https:\/\/memocate.com\/meista\/","url":"https:\/\/memocate.com\/meista\/","name":"Om Memocate \u2013 forskningsbaserad utbildning om minnessjukdomar","isPartOf":{"@id":"https:\/\/memocate.com\/#website"},"datePublished":"2019-05-25T08:40:24+00:00","dateModified":"2026-03-28T21:01:15+00:00","description":"Memocate on Helsingin yliopistosta l\u00e4htenyt yritys, joka kouluttaa hoivahenkil\u00f6st\u00f6\u00e4 kohtaamaan muistisairaan arvostavasti. Tutustu taustatutkimukseen.","breadcrumb":{"@id":"https:\/\/memocate.com\/meista\/#breadcrumb"},"inLanguage":"sv-SE","potentialAction":[{"@type":"ReadAction","target":["https:\/\/memocate.com\/meista\/"]}]},{"@type":"BreadcrumbList","@id":"https:\/\/memocate.com\/meista\/#breadcrumb","itemListElement":[{"@type":"ListItem","position":1,"name":"Home","item":"https:\/\/memocate.com\/"},{"@type":"ListItem","position":2,"name":"Meist\u00e4"}]},{"@type":"WebSite","@id":"https:\/\/memocate.com\/#website","url":"https:\/\/memocate.com\/","name":"Memocate","description":"Muistisairaus, vuorovaikutus ja hyv\u00e4 kohtaaminen","publisher":{"@id":"https:\/\/memocate.com\/#organization"},"potentialAction":[{"@type":"SearchAction","target":{"@type":"EntryPoint","urlTemplate":"https:\/\/memocate.com\/?s={search_term_string}"},"query-input":{"@type":"PropertyValueSpecification","valueRequired":true,"valueName":"search_term_string"}}],"inLanguage":"sv-SE"},{"@type":"Organization","@id":"https:\/\/memocate.com\/#organization","name":"Memocate Oy","url":"https:\/\/memocate.com\/","logo":{"@type":"ImageObject","inLanguage":"sv-SE","@id":"https:\/\/memocate.com\/#\/schema\/logo\/image\/","url":"https:\/\/memocate.com\/wp-content\/uploads\/2019\/07\/Memocate_horizontal_logo.svg","contentUrl":"https:\/\/memocate.com\/wp-content\/uploads\/2019\/07\/Memocate_horizontal_logo.svg","width":213,"height":70,"caption":"Memocate Oy"},"image":{"@id":"https:\/\/memocate.com\/#\/schema\/logo\/image\/"}}]}},"_links":{"self":[{"href":"https:\/\/memocate.com\/sv\/wp-json\/wp\/v2\/pages\/1763","targetHints":{"allow":["GET"]}}],"collection":[{"href":"https:\/\/memocate.com\/sv\/wp-json\/wp\/v2\/pages"}],"about":[{"href":"https:\/\/memocate.com\/sv\/wp-json\/wp\/v2\/types\/page"}],"author":[{"embeddable":true,"href":"https:\/\/memocate.com\/sv\/wp-json\/wp\/v2\/users\/4"}],"replies":[{"embeddable":true,"href":"https:\/\/memocate.com\/sv\/wp-json\/wp\/v2\/comments?post=1763"}],"version-history":[{"count":60,"href":"https:\/\/memocate.com\/sv\/wp-json\/wp\/v2\/pages\/1763\/revisions"}],"predecessor-version":[{"id":8968,"href":"https:\/\/memocate.com\/sv\/wp-json\/wp\/v2\/pages\/1763\/revisions\/8968"}],"wp:attachment":[{"href":"https:\/\/memocate.com\/sv\/wp-json\/wp\/v2\/media?parent=1763"}],"curies":[{"name":"wp","href":"https:\/\/api.w.org\/{rel}","templated":true}]}}