{"id":1719,"date":"2019-04-28T10:43:32","date_gmt":"2019-04-28T07:43:32","guid":{"rendered":"https:\/\/memocateomaishoitajille.gaselli.software\/?page_id=1719"},"modified":"2026-03-23T10:04:58","modified_gmt":"2026-03-23T08:04:58","slug":"kokeile-olisiko-kuvista-apua","status":"publish","type":"page","link":"https:\/\/memocate.com\/sv\/vuorovaikutus\/kohti-parempaa-vuorovaikutusta\/neuvoja-omaiselta-omaiselle\/kokeile-olisiko-kuvista-apua\/","title":{"rendered":"Prova om bilder kan vara till hj\u00e4lp"},"content":{"rendered":"<div class=\"et_pb_section_0 et_pb_section et_section_regular et_block_section\" id=\"article\"><div class=\"et_pb_row_0 et_pb_row et_block_row\"><div class=\"et_pb_column_0 et_pb_column et_pb_column_4_4 et-last-child et_block_column et_pb_css_mix_blend_mode_passthrough\"><div class=\"et_pb_text_0 et_pb_text et_pb_bg_layout_light et_pb_module et_block_module\"><div class=\"et_pb_text_inner\"><h1>Prova om bilder kan vara till hj\u00e4lp<\/h1>\n<\/div><\/div><div class=\"et_pb_text_1 et_pb_text et_pb_bg_layout_light et_pb_module et_block_module green_list\"><div class=\"et_pb_text_inner\"><p>Sanattoman viestinn\u00e4n merkitys korostuu kielellisten ongelmien lis\u00e4\u00e4ntyess\u00e4. Yksi sanattoman viestinn\u00e4n muoto on kuvien k\u00e4ytt\u00e4minen. Kuvien ja muiden visuaalisten viestien etuna on suorempi yhteys siihen muistin osa-alueeseen, jossa esineiden ja asioiden merkitykset ovat varastoituina. Puheen tulkitsemiseen liittyv\u00e4\u00e4 prosessia hidastaa se, ett\u00e4 sanan \u00e4\u00e4nnerakenne t\u00e4ytyy kyet\u00e4 avaamaan, ennen kuin voi etsi\u00e4 sanan tarkoittamalle asialle merkityst\u00e4. On hyv\u00e4 kuitenkin muistaa, ett\u00e4 kaikille ei ole hy\u00f6ty\u00e4 kuvaviestinn\u00e4st\u00e4, koska osalla muistisairaista ongelmia on nimenomaan n\u00e4\u00f6nvaraisessa hahmottamisessa<\/p>\n<\/div><\/div><div class=\"et_pb_text_2 et_pb_text et_pb_bg_layout_light et_pb_module et_block_module et_pb_text_align_center\"><div class=\"et_pb_text_inner\"><p>MUISTISAIRAUTTA SAIRASTAVAN HENKIL\u00d6N VOI OLLA HELPOMPI ILMAISTA ITSE\u00c4\u00c4N KUVILLA KUIN SANOILLA. H\u00c4NEN VOI OLLA MY\u00d6S HELPOMPI YMM\u00c4RT\u00c4\u00c4 KUVAA KUIN SANOJA. KUVAT SAATTAVAT SIIS SOVELTUA KUMPAANKIN SUUNTAAN TAPAHTUVAAN KOMMUNIKOINTIIN.<\/p>\n<\/div><\/div><\/div><\/div><\/div><div class=\"et_pb_section_1 et_pb_section et_section_regular et_block_section\"><div class=\"et_pb_row_1 et_pb_row et_block_row quote_row\"><div class=\"et_pb_column_1 et_pb_column et_pb_column_4_4 et-last-child et_block_column et_pb_css_mix_blend_mode_passthrough\"><div class=\"et_pb_text_3 et_pb_text et_pb_bg_layout_light et_pb_module et_block_module\"><div class=\"et_pb_text_inner\"><p style=\"color:#c8c8c8;font-size:60px;line-height:0.5;margin-bottom:10px;font-family:Georgia,serif;\">\u201c<\/p>\n<p>Meill\u00e4 on kaksi aikuista lasta ja heist\u00e4 kumpikin soittaa puhelimella v\u00e4hint\u00e4\u00e4n kerran viikossa. Kerron sitten aina miehelleni terveisi\u00e4 Timolta tai Paulalta. V\u00e4lill\u00e4 vaikuttaa, ett\u00e4 h\u00e4n miettii, ett\u00e4 keit\u00e4 ne on. M\u00e4 olen pyyt\u00e4nyt lapsilta, ett\u00e4 toisivat itsest\u00e4\u00e4n v\u00e4h\u00e4n isommat valokuvat, joiden avulla voisin n\u00e4ytt\u00e4\u00e4, kenest\u00e4 puhun.<\/p>\n<p>~Alzheimerin tautia sairastavan miehen omaishoitajavaimo<\/p>\n<\/div><\/div><\/div><\/div><\/div><div class=\"et_pb_section_2 et_pb_section et_section_regular et_block_section\" id=\"article\"><div class=\"et_pb_row_2 et_pb_row et_block_row\"><div class=\"et_pb_column_2 et_pb_column et_pb_column_4_4 et-last-child et_block_column et_pb_css_mix_blend_mode_passthrough\"><div class=\"et_pb_text_4 et_pb_text et_pb_bg_layout_light et_pb_module et_block_module\"><div class=\"et_pb_text_inner\"><p>Kuvia k\u00e4ytett\u00e4ess\u00e4 voi osoittaa asiaa, josta haluaa jotain kertoa. Osoittaminen on yksi ihmisen varhaisimmista ja yksinkertaisimmista kommunikointitavoista, ja se voi s\u00e4ily\u00e4 pitk\u00e4\u00e4n. Joskus koko vuorovaikutustilanne voi rakentua asioiden osoittelusta. Yhdess\u00e4 osoitellaan esimerkiksi valokuva-albumissa olevia kuvia, ja se, jolla on puhekyky\u00e4, kommentoi niit\u00e4.<\/p>\n<\/div><\/div><\/div><\/div><\/div><div class=\"et_pb_section_3 et_pb_section et_section_regular et_block_section\"><div class=\"et_pb_row_3 et_pb_row et-vb-row--no-module et_block_row quote_row\"><div class=\"et_pb_column_3 et_pb_column et_pb_column_4_4 et-last-child et_block_column et_pb_column_empty et_pb_css_mix_blend_mode_passthrough\"><\/div><\/div><\/div><div class=\"et_pb_section_4 et_pb_section et_section_regular et_block_section\" id=\"article\"><div class=\"et_pb_row_4 et_pb_row et_block_row\"><div class=\"et_pb_column_4 et_pb_column et_pb_column_4_4 et-last-child et_block_column et_pb_css_mix_blend_mode_passthrough\"><div class=\"et_pb_text_5 et_pb_text et_pb_bg_layout_light et_pb_module et_block_module\"><div class=\"et_pb_text_inner\"><p>Kommunikointiin tarkoitettuja kuvia voi ker\u00e4t\u00e4 muistisairautta sairastavan henkil\u00f6n k\u00e4ytt\u00f6\u00f6n ison pinon. Ne voivat olla esimerkiksi tarkoitukseen suunniteltuja kuvakortteja, lehdest\u00e4 leikattuja kuvia, omia valokuvia tai vaikka itse piirrettyj\u00e4 kuvia. Esimerkiksi Papunetist\u00e4 l\u00f6ytyy ilmainen <a href=\"https:\/\/kuvatyokalu.papunet.net\/#\/muokkaa\/354275\" target=\"_blank\" rel=\"noopener noreferrer\">kuvaty\u00f6kalu<\/a>, josta voi tulostaa tuhansia ilmaisia kommunikointiin suunniteltuja kuvia.<\/p>\n<\/div><\/div><\/div><\/div><\/div><div class=\"et_pb_section_5 et_pb_section et_section_regular et_block_section\"><div class=\"et_pb_row_5 et_pb_row et_block_row quote_row\"><div class=\"et_pb_column_5 et_pb_column et_pb_column_4_4 et-last-child et_block_column et_pb_css_mix_blend_mode_passthrough\"><div class=\"et_pb_text_6 et_pb_text et_pb_bg_layout_light et_pb_module et_block_module\"><div class=\"et_pb_text_inner\"><p style=\"color:#c8c8c8;font-size:60px;line-height:0.5;margin-bottom:10px;font-family:Georgia,serif;\">\u201c<\/p>\n<p>Olemme k\u00e4ytt\u00e4neet kuvia apuna. Meill\u00e4 on esimerkiksi ovessa avaimen kuva, jotta \u00e4iti muistaisi l\u00e4htiess\u00e4\u00e4n ottaa avaimen mukaansa. Hella on h\u00e4nelt\u00e4 turvallisuussyist\u00e4 otettu pois k\u00e4yt\u00f6st\u00e4 ja sen p\u00e4\u00e4lle on laitettu punainen ruksi. Olemme harkinneet, ett\u00e4 ottaisimme k\u00e4ytt\u00f6\u00f6mme esimerkiksi pictoja. Netiss\u00e4kin on ilmaisia palveluita, joista saa kommunikaation avuksi suunniteltuja kuvia.<\/p>\n<p>Aivoverenkiertosairauden muistisairautta sairastavan naisen tyt\u00e4r<\/p>\n<\/div><\/div><\/div><\/div><\/div><div class=\"et_pb_section_6 et_pb_section et_section_regular et_block_section\" id=\"article\"><div class=\"et_pb_row_6 et_pb_row et_block_row\"><div class=\"et_pb_column_6 et_pb_column et_pb_column_4_4 et-last-child et_block_column et_pb_css_mix_blend_mode_passthrough\"><div class=\"et_pb_text_7 et_pb_text et_pb_bg_layout_light et_clickable et_pb_module et_block_module lahde\"><div class=\"et_pb_text_inner\"><p><a class=\"read-more\" href=\"\/sv\/lahteet\/#neuvoja\">L\u00e4hteet <img decoding=\"async\" src=\"\/wp-content\/uploads\/2019\/08\/arrow-right-mainblue.svg\" \/><\/a><\/p>\n<\/div><\/div><\/div><\/div><\/div><div class=\"et_pb_section_7 et_pb_section et_section_regular et_block_section\"><div class=\"et_pb_row_7 et_pb_row et_block_row\"><div class=\"et_pb_column_7 et_pb_column et_pb_column_4_4 et-last-child et_block_column et_pb_css_mix_blend_mode_passthrough\"><div class=\"et_pb_text_8 et_pb_text et_pb_bg_layout_light et_pb_module et_block_module\"><div class=\"et_pb_text_inner\"><h2>Miten olet k\u00e4ytt\u00e4nyt kuvia apuna viestinn\u00e4ss\u00e4?<\/h2>\n<\/div><\/div><div class=\"et_pb_code_0 et_pb_code et_pb_module\"><\/div><div class=\"et_pb_comments_0 et_pb_comments_module et_pb_no_avatar et_pb_no_reply_button et_pb_no_comments_count et_pb_bg_layout_light et_pb_module et_block_module\" data-icon=\"\" data-icon-tablet=\"\" data-icon-phone=\"\"><\/div><\/div><\/div><\/div><div class=\"et_pb_section_8 et_pb_section et_section_regular et_block_section\"><div class=\"et_pb_row_8 et_pb_row et_pb_gutters2 et_block_row\"><div class=\"et_pb_column_8 et_pb_column et_pb_column_1_3 et_block_column et_pb_css_mix_blend_mode_passthrough\"><div class=\"et_pb_blurb_0 et_pb_blurb et_pb_bg_layout_dark et_pb_blurb_position_left et_clickable et_pb_module et_block_module ftr-blrb\"><div class=\"et_pb_blurb_content\"><div class=\"et_pb_main_blurb_image\"><a href=\"\/sv\/vuorovaikutus\/kohti-parempaa-vuorovaikutusta\/neuvoja-omaiselta-omaiselle\/vaali-laheisellesi-merkityksellisia-asioita\/\"><span class=\"et_pb_image_wrap et_pb_only_image_mode_wrap\"><img loading=\"lazy\" decoding=\"async\" src=\"https:\/\/memocate.com\/wp-content\/uploads\/2019\/03\/cloud_3.svg\" width=\"82\" height=\"66\" srcset=\"https:\/\/memocate.com\/wp-content\/uploads\/2019\/03\/cloud_3.svg 82w\" sizes=\"(max-width: 82px) 100vw, 82px\" class=\"et-waypoint et_pb_animation_top et_pb_animation_top_tablet et_pb_animation_top_phone wp-image-1156\" \/><\/span><\/a><\/div><div class=\"et_pb_blurb_container\"><h4 class=\"et_pb_module_header\"><a href=\"\/sv\/vuorovaikutus\/kohti-parempaa-vuorovaikutusta\/neuvoja-omaiselta-omaiselle\/vaali-laheisellesi-merkityksellisia-asioita\/\">V\u00e4xelverkan<\/a><\/h4><div class=\"et_pb_blurb_description\"><h3>V\u00e5rda saker som \u00e4r meningsfulla f\u00f6r din n\u00e4rst\u00e5ende<\/h3>\n<p><a class=\"read-more\" href=\"\/sv\/vuorovaikutus\/kohti-parempaa-vuorovaikutusta\/neuvoja-omaiselta-omaiselle\/vaali-laheisellesi-merkityksellisia-asioita\/\">L\u00e4s mer <img decoding=\"async\" src=\"\/wp-content\/uploads\/2019\/03\/arrow_right-green.svg\" \/><\/a><\/p>\n<\/div><\/div><\/div><\/div><\/div><div class=\"et_pb_column_9 et_pb_column et_pb_column_1_3 et_block_column et_pb_css_mix_blend_mode_passthrough\"><div class=\"et_pb_blurb_1 et_pb_blurb et_pb_bg_layout_dark et_pb_blurb_position_left et_clickable et_pb_module et_block_module ftr-blrb\"><div class=\"et_pb_blurb_content\"><div class=\"et_pb_main_blurb_image\"><a href=\"\/sv\/vuorovaikutus\/kohti-parempaa-vuorovaikutusta\/muistisairautta%20sairastavan%20henkil\u00f6n-ja-omaishoitajan-valinen-suhde\/%20\/\"><span class=\"et_pb_image_wrap et_pb_only_image_mode_wrap\"><img loading=\"lazy\" decoding=\"async\" src=\"https:\/\/memocate.com\/wp-content\/uploads\/2019\/03\/cloud_2.svg\" width=\"82\" height=\"61\" srcset=\"https:\/\/memocate.com\/wp-content\/uploads\/2019\/03\/cloud_2.svg 82w\" sizes=\"(max-width: 82px) 100vw, 82px\" class=\"et-waypoint et_pb_animation_top et_pb_animation_top_tablet et_pb_animation_top_phone wp-image-1155\" \/><\/span><\/a><\/div><div class=\"et_pb_blurb_container\"><h4 class=\"et_pb_module_header\"><a href=\"\/sv\/vuorovaikutus\/kohti-parempaa-vuorovaikutusta\/muistisairautta%20sairastavan%20henkil\u00f6n-ja-omaishoitajan-valinen-suhde\/%20\/\">V\u00e4xelverkan<\/a><\/h4><div class=\"et_pb_blurb_description\"><h3>Relationen mellan personen med minnessjukdom och n\u00e4rst\u00e5endev\u00e5rdaren<\/h3>\n<p><a class=\"read-more\" href=\"\/sv\/vuorovaikutus\/kohti-parempaa-vuorovaikutusta\/muistisairauden kanssa el\u00e4v\u00e4n ihmisen-ja-omaishoitajan-valinen-suhde\/\">L\u00e4s mer <img decoding=\"async\" src=\"\/wp-content\/uploads\/2019\/03\/arrow_right-green.svg\" \/><\/a><\/p>\n<\/div><\/div><\/div><\/div><\/div><div class=\"et_pb_column_10 et_pb_column et_pb_column_1_3 et-last-child et_block_column et_pb_css_mix_blend_mode_passthrough\"><div class=\"et_pb_blurb_2 et_pb_blurb et_pb_bg_layout_dark et_pb_blurb_position_left et_clickable et_pb_module et_block_module ftr-blrb\"><div class=\"et_pb_blurb_content\"><div class=\"et_pb_main_blurb_image\"><a href=\"\/sv\/tutkimus-kuuluu-kayttoon\/\"><span class=\"et_pb_image_wrap et_pb_only_image_mode_wrap\"><img loading=\"lazy\" decoding=\"async\" src=\"https:\/\/memocate.com\/wp-content\/uploads\/2019\/03\/cloud_1.svg\" width=\"77\" height=\"66\" srcset=\"https:\/\/memocate.com\/wp-content\/uploads\/2019\/03\/cloud_1.svg 77w\" sizes=\"(max-width: 77px) 100vw, 77px\" class=\"et-waypoint et_pb_animation_top et_pb_animation_top_tablet et_pb_animation_top_phone wp-image-1154\" \/><\/span><\/a><\/div><div class=\"et_pb_blurb_container\"><h4 class=\"et_pb_module_header\"><a href=\"\/sv\/tutkimus-kuuluu-kayttoon\/\">Aktuellt<\/a><\/h4><div class=\"et_pb_blurb_description\"><h3>Forskning h\u00f6r till praktiken<\/h3>\n<p><a class=\"read-more\" href=\"\/sv\/tutkimus-kuuluu-kayttoon\/\">L\u00e4s mer <img decoding=\"async\" src=\"\/wp-content\/uploads\/2019\/03\/arrow_right-green.svg\" \/><\/a><\/p>\n<\/div><\/div><\/div><\/div><\/div><\/div><\/div><div class=\"et_pb_section_9 et_pb_section et_section_regular et_block_section\"><div class=\"et_pb_row_9 et_pb_row et_pb_equal_columns et_pb_gutters1 et_block_row et_pb_row_fullwidth\"><div class=\"et_pb_column_11 et_pb_column et_pb_column_1_3 et_block_column et_pb_column_empty et_pb_css_mix_blend_mode_passthrough\"><\/div><div class=\"et_pb_column_12 et_pb_column et_pb_column_1_3 et_block_column et_pb_css_mix_blend_mode_passthrough\"><div class=\"et_pb_cta_0 et_pb_promo et_pb_bg_layout_dark et_pb_module et_block_module\"><div class=\"et_pb_promo_description\"><h2 class=\"et_pb_module_header\">Har du ny forskningsinformation eller utvecklingsid\u00e9er f\u00f6r webbplatsen?<\/h2><\/div><div class=\"et_pb_button_wrapper\"><a class=\"et_pb_button et_pb_promo_button\" href=\"\/sv\/kouluttaudu-kanssamme\/#ota-yhteytta\">Kontakta oss<\/a><\/div><\/div><\/div><div class=\"et_pb_column_13 et_pb_column et_pb_column_1_3 et-last-child et_block_column et_pb_column_empty et_pb_css_mix_blend_mode_passthrough\"><\/div><\/div><\/div>","protected":false},"excerpt":{"rendered":"","protected":false},"author":4,"featured_media":0,"parent":2133,"menu_order":6,"comment_status":"open","ping_status":"closed","template":"","meta":{"footnotes":""},"class_list":["post-1719","page","type-page","status-publish","hentry"],"yoast_head":"<!-- This site is optimized with the Yoast SEO plugin v27.5 - https:\/\/yoast.com\/product\/yoast-seo-wordpress\/ -->\n<title>Kuvat vuorovaikutuksen tukena muistisairauden hoidossa \u2013 Memocate<\/title>\n<meta name=\"description\" content=\"Kuvat voivat helpottaa muistisairautta sairastavan henkil\u00f6n ymm\u00e4rt\u00e4mist\u00e4 ja kommunikaatiota. Lue, miten kuvia voi hy\u00f6dynt\u00e4\u00e4 arjessa.\" \/>\n<meta name=\"robots\" content=\"index, follow, max-snippet:-1, max-image-preview:large, max-video-preview:-1\" \/>\n<link rel=\"canonical\" href=\"https:\/\/memocate.com\/sv\/vuorovaikutus\/kohti-parempaa-vuorovaikutusta\/neuvoja-omaiselta-omaiselle\/kokeile-olisiko-kuvista-apua\/\" \/>\n<meta property=\"og:locale\" content=\"sv_SE\" \/>\n<meta property=\"og:type\" content=\"article\" \/>\n<meta property=\"og:title\" content=\"Kuvat vuorovaikutuksen tukena muistisairauden hoidossa \u2013 Memocate\" \/>\n<meta property=\"og:description\" content=\"Kuvat voivat helpottaa muistisairautta sairastavan henkil\u00f6n ymm\u00e4rt\u00e4mist\u00e4 ja kommunikaatiota. Lue, miten kuvia voi hy\u00f6dynt\u00e4\u00e4 arjessa.\" \/>\n<meta property=\"og:url\" content=\"https:\/\/memocate.com\/sv\/vuorovaikutus\/kohti-parempaa-vuorovaikutusta\/neuvoja-omaiselta-omaiselle\/kokeile-olisiko-kuvista-apua\/\" \/>\n<meta property=\"og:site_name\" content=\"Memocate\" \/>\n<meta property=\"article:modified_time\" content=\"2026-03-23T08:04:58+00:00\" \/>\n<meta property=\"og:image\" content=\"https:\/\/memocate.com\/wp-content\/uploads\/2026\/03\/memocate-og-image.png\" \/>\n\t<meta property=\"og:image:width\" content=\"1200\" \/>\n\t<meta property=\"og:image:height\" content=\"675\" \/>\n\t<meta property=\"og:image:type\" content=\"image\/png\" \/>\n<meta name=\"twitter:card\" content=\"summary_large_image\" \/>\n<meta name=\"twitter:label1\" content=\"Ber\u00e4knad l\u00e4stid\" \/>\n\t<meta name=\"twitter:data1\" content=\"4 minuter\" \/>\n<script type=\"application\/ld+json\" class=\"yoast-schema-graph\">{\"@context\":\"https:\\\/\\\/schema.org\",\"@graph\":[{\"@type\":\"WebPage\",\"@id\":\"https:\\\/\\\/memocate.com\\\/vuorovaikutus\\\/kohti-parempaa-vuorovaikutusta\\\/neuvoja-omaiselta-omaiselle\\\/kokeile-olisiko-kuvista-apua\\\/\",\"url\":\"https:\\\/\\\/memocate.com\\\/vuorovaikutus\\\/kohti-parempaa-vuorovaikutusta\\\/neuvoja-omaiselta-omaiselle\\\/kokeile-olisiko-kuvista-apua\\\/\",\"name\":\"Kuvat vuorovaikutuksen tukena muistisairauden hoidossa \u2013 Memocate\",\"isPartOf\":{\"@id\":\"https:\\\/\\\/memocate.com\\\/#website\"},\"datePublished\":\"2019-04-28T07:43:32+00:00\",\"dateModified\":\"2026-03-23T08:04:58+00:00\",\"description\":\"Kuvat voivat helpottaa muistisairautta sairastavan henkil\u00f6n ymm\u00e4rt\u00e4mist\u00e4 ja kommunikaatiota. Lue, miten kuvia voi hy\u00f6dynt\u00e4\u00e4 arjessa.\",\"breadcrumb\":{\"@id\":\"https:\\\/\\\/memocate.com\\\/vuorovaikutus\\\/kohti-parempaa-vuorovaikutusta\\\/neuvoja-omaiselta-omaiselle\\\/kokeile-olisiko-kuvista-apua\\\/#breadcrumb\"},\"inLanguage\":\"sv-SE\",\"potentialAction\":[{\"@type\":\"ReadAction\",\"target\":[\"https:\\\/\\\/memocate.com\\\/vuorovaikutus\\\/kohti-parempaa-vuorovaikutusta\\\/neuvoja-omaiselta-omaiselle\\\/kokeile-olisiko-kuvista-apua\\\/\"]}]},{\"@type\":\"BreadcrumbList\",\"@id\":\"https:\\\/\\\/memocate.com\\\/vuorovaikutus\\\/kohti-parempaa-vuorovaikutusta\\\/neuvoja-omaiselta-omaiselle\\\/kokeile-olisiko-kuvista-apua\\\/#breadcrumb\",\"itemListElement\":[{\"@type\":\"ListItem\",\"position\":1,\"name\":\"Home\",\"item\":\"https:\\\/\\\/memocate.com\\\/\"},{\"@type\":\"ListItem\",\"position\":2,\"name\":\"Vuorovaikutus\",\"item\":\"https:\\\/\\\/memocate.com\\\/vuorovaikutus\\\/\"},{\"@type\":\"ListItem\",\"position\":3,\"name\":\"Kohti parempaa vuorovaikutusta\",\"item\":\"https:\\\/\\\/memocate.com\\\/vuorovaikutus\\\/kohti-parempaa-vuorovaikutusta\\\/\"},{\"@type\":\"ListItem\",\"position\":4,\"name\":\"Neuvoja omaiselta omaiselle\",\"item\":\"https:\\\/\\\/memocate.com\\\/vuorovaikutus\\\/kohti-parempaa-vuorovaikutusta\\\/neuvoja-omaiselta-omaiselle\\\/\"},{\"@type\":\"ListItem\",\"position\":5,\"name\":\"Kokeile, olisiko kuvista apua\"}]},{\"@type\":\"WebSite\",\"@id\":\"https:\\\/\\\/memocate.com\\\/#website\",\"url\":\"https:\\\/\\\/memocate.com\\\/\",\"name\":\"Memocate\",\"description\":\"Muistisairaus, vuorovaikutus ja hyv\u00e4 kohtaaminen\",\"publisher\":{\"@id\":\"https:\\\/\\\/memocate.com\\\/#organization\"},\"potentialAction\":[{\"@type\":\"SearchAction\",\"target\":{\"@type\":\"EntryPoint\",\"urlTemplate\":\"https:\\\/\\\/memocate.com\\\/?s={search_term_string}\"},\"query-input\":{\"@type\":\"PropertyValueSpecification\",\"valueRequired\":true,\"valueName\":\"search_term_string\"}}],\"inLanguage\":\"sv-SE\"},{\"@type\":\"Organization\",\"@id\":\"https:\\\/\\\/memocate.com\\\/#organization\",\"name\":\"Memocate Oy\",\"url\":\"https:\\\/\\\/memocate.com\\\/\",\"logo\":{\"@type\":\"ImageObject\",\"inLanguage\":\"sv-SE\",\"@id\":\"https:\\\/\\\/memocate.com\\\/#\\\/schema\\\/logo\\\/image\\\/\",\"url\":\"https:\\\/\\\/memocate.com\\\/wp-content\\\/uploads\\\/2019\\\/07\\\/Memocate_horizontal_logo.svg\",\"contentUrl\":\"https:\\\/\\\/memocate.com\\\/wp-content\\\/uploads\\\/2019\\\/07\\\/Memocate_horizontal_logo.svg\",\"width\":213,\"height\":70,\"caption\":\"Memocate Oy\"},\"image\":{\"@id\":\"https:\\\/\\\/memocate.com\\\/#\\\/schema\\\/logo\\\/image\\\/\"}}]}<\/script>\n<!-- \/ Yoast SEO plugin. -->","yoast_head_json":{"title":"Kuvat vuorovaikutuksen tukena muistisairauden hoidossa \u2013 Memocate","description":"Kuvat voivat helpottaa muistisairautta sairastavan henkil\u00f6n ymm\u00e4rt\u00e4mist\u00e4 ja kommunikaatiota. Lue, miten kuvia voi hy\u00f6dynt\u00e4\u00e4 arjessa.","robots":{"index":"index","follow":"follow","max-snippet":"max-snippet:-1","max-image-preview":"max-image-preview:large","max-video-preview":"max-video-preview:-1"},"canonical":"https:\/\/memocate.com\/sv\/vuorovaikutus\/kohti-parempaa-vuorovaikutusta\/neuvoja-omaiselta-omaiselle\/kokeile-olisiko-kuvista-apua\/","og_locale":"sv_SE","og_type":"article","og_title":"Kuvat vuorovaikutuksen tukena muistisairauden hoidossa \u2013 Memocate","og_description":"Kuvat voivat helpottaa muistisairautta sairastavan henkil\u00f6n ymm\u00e4rt\u00e4mist\u00e4 ja kommunikaatiota. Lue, miten kuvia voi hy\u00f6dynt\u00e4\u00e4 arjessa.","og_url":"https:\/\/memocate.com\/sv\/vuorovaikutus\/kohti-parempaa-vuorovaikutusta\/neuvoja-omaiselta-omaiselle\/kokeile-olisiko-kuvista-apua\/","og_site_name":"Memocate","article_modified_time":"2026-03-23T08:04:58+00:00","og_image":[{"width":1200,"height":675,"url":"https:\/\/memocate.com\/wp-content\/uploads\/2026\/03\/memocate-og-image.png","type":"image\/png"}],"twitter_card":"summary_large_image","twitter_misc":{"Ber\u00e4knad l\u00e4stid":"4 minuter"},"schema":{"@context":"https:\/\/schema.org","@graph":[{"@type":"WebPage","@id":"https:\/\/memocate.com\/vuorovaikutus\/kohti-parempaa-vuorovaikutusta\/neuvoja-omaiselta-omaiselle\/kokeile-olisiko-kuvista-apua\/","url":"https:\/\/memocate.com\/vuorovaikutus\/kohti-parempaa-vuorovaikutusta\/neuvoja-omaiselta-omaiselle\/kokeile-olisiko-kuvista-apua\/","name":"Kuvat vuorovaikutuksen tukena muistisairauden hoidossa \u2013 Memocate","isPartOf":{"@id":"https:\/\/memocate.com\/#website"},"datePublished":"2019-04-28T07:43:32+00:00","dateModified":"2026-03-23T08:04:58+00:00","description":"Kuvat voivat helpottaa muistisairautta sairastavan henkil\u00f6n ymm\u00e4rt\u00e4mist\u00e4 ja kommunikaatiota. Lue, miten kuvia voi hy\u00f6dynt\u00e4\u00e4 arjessa.","breadcrumb":{"@id":"https:\/\/memocate.com\/vuorovaikutus\/kohti-parempaa-vuorovaikutusta\/neuvoja-omaiselta-omaiselle\/kokeile-olisiko-kuvista-apua\/#breadcrumb"},"inLanguage":"sv-SE","potentialAction":[{"@type":"ReadAction","target":["https:\/\/memocate.com\/vuorovaikutus\/kohti-parempaa-vuorovaikutusta\/neuvoja-omaiselta-omaiselle\/kokeile-olisiko-kuvista-apua\/"]}]},{"@type":"BreadcrumbList","@id":"https:\/\/memocate.com\/vuorovaikutus\/kohti-parempaa-vuorovaikutusta\/neuvoja-omaiselta-omaiselle\/kokeile-olisiko-kuvista-apua\/#breadcrumb","itemListElement":[{"@type":"ListItem","position":1,"name":"Home","item":"https:\/\/memocate.com\/"},{"@type":"ListItem","position":2,"name":"Vuorovaikutus","item":"https:\/\/memocate.com\/vuorovaikutus\/"},{"@type":"ListItem","position":3,"name":"Kohti parempaa vuorovaikutusta","item":"https:\/\/memocate.com\/vuorovaikutus\/kohti-parempaa-vuorovaikutusta\/"},{"@type":"ListItem","position":4,"name":"Neuvoja omaiselta omaiselle","item":"https:\/\/memocate.com\/vuorovaikutus\/kohti-parempaa-vuorovaikutusta\/neuvoja-omaiselta-omaiselle\/"},{"@type":"ListItem","position":5,"name":"Kokeile, olisiko kuvista apua"}]},{"@type":"WebSite","@id":"https:\/\/memocate.com\/#website","url":"https:\/\/memocate.com\/","name":"Memocate","description":"Muistisairaus, vuorovaikutus ja hyv\u00e4 kohtaaminen","publisher":{"@id":"https:\/\/memocate.com\/#organization"},"potentialAction":[{"@type":"SearchAction","target":{"@type":"EntryPoint","urlTemplate":"https:\/\/memocate.com\/?s={search_term_string}"},"query-input":{"@type":"PropertyValueSpecification","valueRequired":true,"valueName":"search_term_string"}}],"inLanguage":"sv-SE"},{"@type":"Organization","@id":"https:\/\/memocate.com\/#organization","name":"Memocate Oy","url":"https:\/\/memocate.com\/","logo":{"@type":"ImageObject","inLanguage":"sv-SE","@id":"https:\/\/memocate.com\/#\/schema\/logo\/image\/","url":"https:\/\/memocate.com\/wp-content\/uploads\/2019\/07\/Memocate_horizontal_logo.svg","contentUrl":"https:\/\/memocate.com\/wp-content\/uploads\/2019\/07\/Memocate_horizontal_logo.svg","width":213,"height":70,"caption":"Memocate Oy"},"image":{"@id":"https:\/\/memocate.com\/#\/schema\/logo\/image\/"}}]}},"_links":{"self":[{"href":"https:\/\/memocate.com\/sv\/wp-json\/wp\/v2\/pages\/1719","targetHints":{"allow":["GET"]}}],"collection":[{"href":"https:\/\/memocate.com\/sv\/wp-json\/wp\/v2\/pages"}],"about":[{"href":"https:\/\/memocate.com\/sv\/wp-json\/wp\/v2\/types\/page"}],"author":[{"embeddable":true,"href":"https:\/\/memocate.com\/sv\/wp-json\/wp\/v2\/users\/4"}],"replies":[{"embeddable":true,"href":"https:\/\/memocate.com\/sv\/wp-json\/wp\/v2\/comments?post=1719"}],"version-history":[{"count":10,"href":"https:\/\/memocate.com\/sv\/wp-json\/wp\/v2\/pages\/1719\/revisions"}],"predecessor-version":[{"id":8777,"href":"https:\/\/memocate.com\/sv\/wp-json\/wp\/v2\/pages\/1719\/revisions\/8777"}],"up":[{"embeddable":true,"href":"https:\/\/memocate.com\/sv\/wp-json\/wp\/v2\/pages\/2133"}],"wp:attachment":[{"href":"https:\/\/memocate.com\/sv\/wp-json\/wp\/v2\/media?parent=1719"}],"curies":[{"name":"wp","href":"https:\/\/api.w.org\/{rel}","templated":true}]}}