{"id":1712,"date":"2019-04-28T10:42:16","date_gmt":"2019-04-28T07:42:16","guid":{"rendered":"https:\/\/memocateomaishoitajille.gaselli.software\/?page_id=1712"},"modified":"2026-03-23T10:04:57","modified_gmt":"2026-03-23T08:04:57","slug":"tue-laheisesi-toimintakykya","status":"publish","type":"page","link":"https:\/\/memocate.com\/sv\/vuorovaikutus\/kohti-parempaa-vuorovaikutusta\/neuvoja-omaiselta-omaiselle\/tue-laheisesi-toimintakykya\/","title":{"rendered":"St\u00f6d din n\u00e4rst\u00e5endes funktionsf\u00f6rm\u00e5ga"},"content":{"rendered":"<div class=\"et_pb_section_0 et_pb_section et_section_regular et_block_section\" id=\"article\"><div class=\"et_pb_row_0 et_pb_row et_block_row\"><div class=\"et_pb_column_0 et_pb_column et_pb_column_4_4 et-last-child et_block_column et_pb_css_mix_blend_mode_passthrough\"><div class=\"et_pb_text_0 et_pb_text et_pb_bg_layout_light et_pb_module et_block_module\"><div class=\"et_pb_text_inner\"><h1>St\u00f6d din n\u00e4rst\u00e5endes funktionsf\u00f6rm\u00e5ga<\/h1>\n<\/div><\/div><div class=\"et_pb_text_1 et_pb_text et_pb_bg_layout_light et_pb_module et_block_module green_list\"><div class=\"et_pb_text_inner\"><p>Muistisairautta sairastavan henkil\u00f6n toimintakyvyn s\u00e4ilymist\u00e4 ja itsetuntoa tukee mahdollisuus osallistua erilaisiin aktiviteetteihin. Esimerkiksi kotit\u00f6iden tekeminen yhdess\u00e4 l\u00e4heisen kanssa aktivoi aivoja ja tuo mielek\u00e4st\u00e4 sis\u00e4lt\u00f6\u00e4 p\u00e4iviin.<\/p>\n<p>Omaisen kannattaa olla ymm\u00e4rt\u00e4v\u00e4inen muistisairautta sairastavan henkil\u00f6n toimintakyvyn vaihteluiden suhteen. Kyvyss\u00e4 selviyty\u00e4 erilaisista aktiviteeteista voi olla suuria eroja riippuen p\u00e4iv\u00e4st\u00e4 tai vuorokaudenajasta. Joskus t\u00e4h\u00e4n l\u00f6ytyy syy esimerkiksi l\u00e4\u00e4kityksest\u00e4 tai ymp\u00e4rist\u00f6\u00f6n ja tilanteeseen liittyvist\u00e4 tekij\u00f6ist\u00e4, mutta usein kyse on vain muistisairauden ominaispiirteest\u00e4. <\/p>\n<\/div><\/div><div class=\"et_pb_text_2 et_pb_text et_pb_bg_layout_light et_pb_module et_block_module et_pb_text_align_center\"><div class=\"et_pb_text_inner\"><p>YHTEINEN TEKEMINEN ON T\u00c4RKE\u00c4 OSA VUOROVAIKUTUSTA<\/p>\n<\/div><\/div><\/div><\/div><\/div><div class=\"et_pb_section_1 et_pb_section et_section_regular et_block_section\"><div class=\"et_pb_row_1 et_pb_row et_block_row quote_row\"><div class=\"et_pb_column_1 et_pb_column et_pb_column_4_4 et-last-child et_block_column et_pb_css_mix_blend_mode_passthrough\"><div class=\"et_pb_text_3 et_pb_text et_pb_bg_layout_light et_pb_module et_block_module\"><div class=\"et_pb_text_inner\"><p style=\"color:#c8c8c8;font-size:60px;line-height:0.5;margin-bottom:10px;font-family:Georgia,serif;\">\u201c<\/p>\n<p>M\u00e4 yritin yll\u00e4pit\u00e4\u00e4 \u00e4itini omatoimisuutta ja liikuntakyky\u00e4 mahdollisimman pitk\u00e4\u00e4n. Kun siivosin, pesin pyykki\u00e4 tai tein muita kotiaskareita h\u00e4nen kotonaan, kannustin \u00e4iti\u00e4 aina osallistumaan. Saatoin sanoa vaikka: \u201dJoo, ota vaan ja pyyhi p\u00f6lyt\u201d tai \u201dOta vaan ja kastele kukat\u201d tai \u201dKatatko p\u00f6yd\u00e4n?\u201d. Pohdin yhdess\u00e4 h\u00e4nen kanssaan, mit\u00e4 ruokaa laittaisimme. Oli hirve\u00e4n t\u00e4rke\u00e4\u00e4, ett\u00e4 teimme mukamas yhdess\u00e4. Vaikka m\u00e4 p\u00e4\u00e4osin tein sen ty\u00f6n, sai h\u00e4n siit\u00e4 omatoimisuuden kokemusta ja rutiinit s\u00e4ilyiv\u00e4t.<\/p>\n<p>~Alzheimerin tautia sairastaneen naisen tyt\u00e4r<\/p>\n<\/div><\/div><div class=\"et_pb_divider_0 et_pb_divider_hidden et_pb_space et_pb_divider_position_top et_pb_module\"><div class=\"et_pb_divider_internal\"><\/div><\/div><div class=\"et_pb_text_4 et_pb_text et_pb_bg_layout_light et_pb_module et_block_module\"><div class=\"et_pb_text_inner\"><p style=\"color:#c8c8c8;font-size:60px;line-height:0.5;margin-bottom:10px;font-family:Georgia,serif;\">\u201c<\/p>\n<p>Vaimo on meill\u00e4 aiemmin tehnyt p\u00e4\u00e4osin ruoan. Nyt h\u00e4n ei en\u00e4\u00e4 tee muuta kuin kuorii perunoita ja tiskaa. Niist\u00e4 h\u00e4n tykk\u00e4\u00e4. Pyykki\u00e4 me pest\u00e4\u00e4n yhdess\u00e4. M\u00e4 olen siin\u00e4 vieress\u00e4 kun h\u00e4n lappaa pyykki\u00e4 koneeseen. M\u00e4 laitan koneen p\u00e4\u00e4lle ja sitten me yhdess\u00e4 otetaan pyykit kuivumaan. Oman huoneensa h\u00e4n haluaa usein siivota vaikka siin\u00e4 menisi pari p\u00e4iv\u00e4\u00e4. Ikkunat me pestiin viime kes\u00e4n\u00e4 yhdess\u00e4. H\u00e4n pyyhki karmeja ja m\u00e4 pesin lasit. Se meni aika hyvin sill\u00e4 tavalla.<\/p>\n<p>~Alzheimerin tautia sairastavan naisen aviomies<\/p>\n<\/div><\/div><\/div><\/div><\/div><div class=\"et_pb_section_2 et_pb_section et_section_regular et_block_section\" id=\"article\"><div class=\"et_pb_row_2 et_pb_row et_block_row\"><div class=\"et_pb_column_2 et_pb_column et_pb_column_4_4 et-last-child et_block_column et_pb_css_mix_blend_mode_passthrough\"><div class=\"et_pb_text_5 et_pb_text et_pb_bg_layout_light et_pb_module et_block_module\"><div class=\"et_pb_text_inner\"><p>My\u00f6s liikkumisen yll\u00e4pit\u00e4misest\u00e4 on hy\u00f6ty\u00e4. Liikunta vahvistaa lihasvoimaa ja tasapainoa. Se my\u00f6s lievitt\u00e4\u00e4 kipuja, jotka aiheutuvat muistisairaudesta johtuvasta kehon j\u00e4ykistymisest\u00e4. Liikkuminen on my\u00f6s k\u00e4ytt\u00e4ytymisen muutosten hoitoa, koska se v\u00e4hent\u00e4\u00e4 toimettomuutta, ahdistusta ja aggressiivisuutta.<\/p>\n<p>Ilman tukea muistisairautta sairastavan henkil\u00f6n liikkuminen usein v\u00e4henee, mutta paikalleen j\u00e4\u00e4minen ei yleens\u00e4 ole tarkoituksellista. Taustalla on usein muistisairauden oireisiin kuuluva aloitekyvyn v\u00e4heneminen. Kipujen tai kaatumisten vuoksi muistisairautta sairastava henkil\u00f6 henkil\u00f6 saattaa my\u00f6s pel\u00e4t\u00e4 liikkumista. Helpointa on usein liikkeelle l\u00e4hteminen yhdess\u00e4 l\u00e4heisen kanssa. My\u00f6s l\u00e4heinen hy\u00f6tyy esimerkiksi yhteisist\u00e4 k\u00e4velylenkeist\u00e4. <\/p>\n<\/div><\/div><\/div><\/div><\/div><div class=\"et_pb_section_3 et_pb_section et_section_regular et_block_section\"><div class=\"et_pb_row_3 et_pb_row et-vb-row--no-module et_block_row quote_row\"><div class=\"et_pb_column_3 et_pb_column et_pb_column_4_4 et-last-child et_block_column et_pb_column_empty et_pb_css_mix_blend_mode_passthrough\"><\/div><\/div><\/div><div class=\"et_pb_section_4 et_pb_section et_section_regular et_block_section\" id=\"article\"><div class=\"et_pb_row_4 et_pb_row et_block_row\"><div class=\"et_pb_column_4 et_pb_column et_pb_column_4_4 et-last-child et_block_column et_pb_css_mix_blend_mode_passthrough\"><div class=\"et_pb_text_6 et_pb_text et_pb_bg_layout_light et_clickable et_pb_module et_block_module lahde\"><div class=\"et_pb_text_inner\"><p><a class=\"read-more\" href=\"\/sv\/lahteet\/#neuvoja\">L\u00e4hteet <img decoding=\"async\" src=\"\/wp-content\/uploads\/2019\/08\/arrow-right-mainblue.svg\" \/><\/a><\/p>\n<\/div><\/div><\/div><\/div><\/div><div class=\"et_pb_section_5 et_pb_section et_section_regular et_block_section\"><div class=\"et_pb_row_5 et_pb_row et_block_row\"><div class=\"et_pb_column_5 et_pb_column et_pb_column_4_4 et-last-child et_block_column et_pb_css_mix_blend_mode_passthrough\"><div class=\"et_pb_text_7 et_pb_text et_pb_bg_layout_light et_pb_module et_block_module\"><div class=\"et_pb_text_inner\"><h2>Miten olet yll\u00e4pit\u00e4nyt l\u00e4heisesi toimintakyky\u00e4?<\/h2>\n<\/div><\/div><div class=\"et_pb_text_8 et_pb_text et_pb_bg_layout_light et_pb_module et_block_module\"><div class=\"et_pb_text_inner\"><h3>Mink\u00e4laisia kotit\u00f6it\u00e4 teette yhdess\u00e4? Harrastaako l\u00e4heisesi yhdess\u00e4 sinun kanssasi tai itsen\u00e4isesti liikuntaa?<\/h3>\n<\/div><\/div><div class=\"et_pb_code_0 et_pb_code et_pb_module\"><\/div><div class=\"et_pb_comments_0 et_pb_comments_module et_pb_no_avatar et_pb_no_reply_button et_pb_no_comments_count et_pb_bg_layout_light et_pb_module et_block_module\" data-icon=\"\" data-icon-tablet=\"\" data-icon-phone=\"\"><\/div><\/div><\/div><\/div><div class=\"et_pb_section_6 et_pb_section et_section_regular et_block_section\"><div class=\"et_pb_row_6 et_pb_row et_pb_gutters2 et_block_row\"><div class=\"et_pb_column_6 et_pb_column et_pb_column_1_3 et_block_column et_pb_css_mix_blend_mode_passthrough\"><div class=\"et_pb_blurb_0 et_pb_blurb et_pb_bg_layout_dark et_pb_blurb_position_left et_clickable et_pb_module et_block_module ftr-blrb\"><div class=\"et_pb_blurb_content\"><div class=\"et_pb_main_blurb_image\"><a href=\"\/sv\/vuorovaikutus\/kohti-parempaa-vuorovaikutusta\/neuvoja-omaiselta-omaiselle\/kokeile-olisiko-kuvista-apua\/\"><span class=\"et_pb_image_wrap et_pb_only_image_mode_wrap\"><img loading=\"lazy\" decoding=\"async\" src=\"https:\/\/memocate.com\/wp-content\/uploads\/2019\/03\/cloud_3.svg\" width=\"82\" height=\"66\" srcset=\"https:\/\/memocate.com\/wp-content\/uploads\/2019\/03\/cloud_3.svg 82w\" sizes=\"(max-width: 82px) 100vw, 82px\" class=\"et-waypoint et_pb_animation_top et_pb_animation_top_tablet et_pb_animation_top_phone wp-image-1156\" \/><\/span><\/a><\/div><div class=\"et_pb_blurb_container\"><h4 class=\"et_pb_module_header\"><a href=\"\/sv\/vuorovaikutus\/kohti-parempaa-vuorovaikutusta\/neuvoja-omaiselta-omaiselle\/kokeile-olisiko-kuvista-apua\/\">V\u00e4xelverkan<\/a><\/h4><div class=\"et_pb_blurb_description\"><h3>Prova om bilder kan vara till hj\u00e4lp<\/h3>\n<p><a class=\"read-more\" href=\"\/sv\/vuorovaikutus\/kohti-parempaa-vuorovaikutusta\/neuvoja-omaiselta-omaiselle\/kokeile-olisiko-kuvista-apua\/\">L\u00e4s mer <img decoding=\"async\" src=\"\/wp-content\/uploads\/2019\/03\/arrow_right-green.svg\" \/><\/a><\/p>\n<\/div><\/div><\/div><\/div><\/div><div class=\"et_pb_column_7 et_pb_column et_pb_column_1_3 et_block_column et_pb_css_mix_blend_mode_passthrough\"><div class=\"et_pb_blurb_1 et_pb_blurb et_pb_bg_layout_dark et_pb_blurb_position_left et_clickable et_pb_module et_block_module ftr-blrb\"><div class=\"et_pb_blurb_content\"><div class=\"et_pb_main_blurb_image\"><a href=\"http:\/\/vuorovaikutus\/kohti-parempaa-vuorovaikutusta\/vinkkeja-camilla-lindholmilta\/\"><span class=\"et_pb_image_wrap et_pb_only_image_mode_wrap\"><img loading=\"lazy\" decoding=\"async\" src=\"https:\/\/memocate.com\/wp-content\/uploads\/2019\/03\/cloud_2.svg\" width=\"82\" height=\"61\" srcset=\"https:\/\/memocate.com\/wp-content\/uploads\/2019\/03\/cloud_2.svg 82w\" sizes=\"(max-width: 82px) 100vw, 82px\" class=\"et-waypoint et_pb_animation_top et_pb_animation_top_tablet et_pb_animation_top_phone wp-image-1155\" \/><\/span><\/a><\/div><div class=\"et_pb_blurb_container\"><h4 class=\"et_pb_module_header\"><a href=\"http:\/\/vuorovaikutus\/kohti-parempaa-vuorovaikutusta\/vinkkeja-camilla-lindholmilta\/\">V\u00e4xelverkan<\/a><\/h4><div class=\"et_pb_blurb_description\"><h3>Tips fr\u00e5n Camilla Lindholm<\/h3>\n<p><a class=\"read-more\" href=\"\/sv\/vuorovaikutus\/kohti-parempaa-vuorovaikutusta\/vinkkeja-camilla-lindholmilta\/\">L\u00e4s mer <img decoding=\"async\" src=\"\/wp-content\/uploads\/2019\/03\/arrow_right-green.svg\" \/><\/a><\/p>\n<\/div><\/div><\/div><\/div><\/div><div class=\"et_pb_column_8 et_pb_column et_pb_column_1_3 et-last-child et_block_column et_pb_css_mix_blend_mode_passthrough\"><div class=\"et_pb_blurb_2 et_pb_blurb et_pb_bg_layout_dark et_pb_blurb_position_left et_clickable et_pb_module et_block_module ftr-blrb\"><div class=\"et_pb_blurb_content\"><div class=\"et_pb_main_blurb_image\"><a href=\"\/sv\/muistisairas-isovanhempi-ei-ole-morko\/\"><span class=\"et_pb_image_wrap et_pb_only_image_mode_wrap\"><img loading=\"lazy\" decoding=\"async\" src=\"https:\/\/memocate.com\/wp-content\/uploads\/2019\/03\/cloud_1.svg\" width=\"77\" height=\"66\" srcset=\"https:\/\/memocate.com\/wp-content\/uploads\/2019\/03\/cloud_1.svg 77w\" sizes=\"(max-width: 77px) 100vw, 77px\" class=\"et-waypoint et_pb_animation_top et_pb_animation_top_tablet et_pb_animation_top_phone wp-image-1154\" \/><\/span><\/a><\/div><div class=\"et_pb_blurb_container\"><h4 class=\"et_pb_module_header\"><a href=\"\/sv\/muistisairas-isovanhempi-ei-ole-morko\/\">Aktuellt<\/a><\/h4><div class=\"et_pb_blurb_description\"><h3>En far- eller morf\u00f6r\u00e4lder med minnessjukdom \u00e4r inget skr\u00e4ckv\u00e4sen<\/h3>\n<p><a class=\"read-more\" href=\"\/sv\/vuorovaikutus\/kohti-parempaa-vuorovaikutusta\/neuvoja-omaiselta-omaiselle\/\">L\u00e4s mer <img decoding=\"async\" src=\"\/wp-content\/uploads\/2019\/03\/arrow_right-green.svg\" \/><\/a><\/p>\n<\/div><\/div><\/div><\/div><\/div><\/div><\/div><div class=\"et_pb_section_7 et_pb_section et_section_regular et_block_section\"><div class=\"et_pb_row_7 et_pb_row et_pb_equal_columns et_pb_gutters1 et_block_row et_pb_row_fullwidth\"><div class=\"et_pb_column_9 et_pb_column et_pb_column_1_3 et_block_column et_pb_column_empty et_pb_css_mix_blend_mode_passthrough\"><\/div><div class=\"et_pb_column_10 et_pb_column et_pb_column_1_3 et_block_column et_pb_css_mix_blend_mode_passthrough\"><div class=\"et_pb_cta_0 et_pb_promo et_pb_bg_layout_dark et_pb_module et_block_module\"><div class=\"et_pb_promo_description\"><h2 class=\"et_pb_module_header\">Har du ny forskningsinformation eller utvecklingsid\u00e9er f\u00f6r webbplatsen?<\/h2><\/div><div class=\"et_pb_button_wrapper\"><a class=\"et_pb_button et_pb_promo_button\" href=\"\/sv\/kouluttaudu-kanssamme\/#ota-yhteytta\">Kontakta oss<\/a><\/div><\/div><\/div><div class=\"et_pb_column_11 et_pb_column et_pb_column_1_3 et-last-child et_block_column et_pb_column_empty et_pb_css_mix_blend_mode_passthrough\"><\/div><\/div><div class=\"et_pb_row_8 et_pb_row et_pb_equal_columns et_pb_gutters1 et_block_row et_pb_row_fullwidth\"><div class=\"et_pb_column_12 et_pb_column et_pb_column_4_4 et-last-child et_block_column et_pb_css_mix_blend_mode_passthrough\"><div class=\"et_pb_cta_1 et_pb_promo et_pb_bg_layout_dark et_pb_module et_block_module\"><div class=\"et_pb_promo_description\"><h2 class=\"et_pb_module_header\">Har du ny forskningsinformation eller utvecklingsid\u00e9er f\u00f6r webbplatsen?<\/h2><\/div><div class=\"et_pb_button_wrapper\"><a class=\"et_pb_button et_pb_promo_button\" href=\"\/sv\/kouluttaudu-kanssamme\/#ota-yhteytta\">Kontakta oss<\/a><\/div><\/div><\/div><\/div><\/div>","protected":false},"excerpt":{"rendered":"","protected":false},"author":4,"featured_media":0,"parent":2133,"menu_order":5,"comment_status":"open","ping_status":"closed","template":"","meta":{"footnotes":""},"class_list":["post-1712","page","type-page","status-publish","hentry"],"yoast_head":"<!-- This site is optimized with the Yoast SEO plugin v27.5 - https:\/\/yoast.com\/product\/yoast-seo-wordpress\/ -->\n<title>Tue sairastuneen l\u00e4heisesi toimintakyky\u00e4 \u2013 Memocate<\/title>\n<meta name=\"description\" content=\"Toimintakyvyn tukeminen auttaa muistisairautta sairastavaa henkil\u00f6\u00e4 yll\u00e4pit\u00e4m\u00e4\u00e4n itsen\u00e4isyytt\u00e4. Lue k\u00e4yt\u00e4nn\u00f6n vinkkej\u00e4 arjen tukemiseen.\" \/>\n<meta name=\"robots\" content=\"index, follow, max-snippet:-1, max-image-preview:large, max-video-preview:-1\" \/>\n<link rel=\"canonical\" href=\"https:\/\/memocate.com\/sv\/vuorovaikutus\/kohti-parempaa-vuorovaikutusta\/neuvoja-omaiselta-omaiselle\/tue-laheisesi-toimintakykya\/\" \/>\n<meta property=\"og:locale\" content=\"sv_SE\" \/>\n<meta property=\"og:type\" content=\"article\" \/>\n<meta property=\"og:title\" content=\"Tue sairastuneen l\u00e4heisesi toimintakyky\u00e4 \u2013 Memocate\" \/>\n<meta property=\"og:description\" content=\"Toimintakyvyn tukeminen auttaa muistisairautta sairastavaa henkil\u00f6\u00e4 yll\u00e4pit\u00e4m\u00e4\u00e4n itsen\u00e4isyytt\u00e4. Lue k\u00e4yt\u00e4nn\u00f6n vinkkej\u00e4 arjen tukemiseen.\" \/>\n<meta property=\"og:url\" content=\"https:\/\/memocate.com\/sv\/vuorovaikutus\/kohti-parempaa-vuorovaikutusta\/neuvoja-omaiselta-omaiselle\/tue-laheisesi-toimintakykya\/\" \/>\n<meta property=\"og:site_name\" content=\"Memocate\" \/>\n<meta property=\"article:modified_time\" content=\"2026-03-23T08:04:57+00:00\" \/>\n<meta property=\"og:image\" content=\"https:\/\/memocate.com\/wp-content\/uploads\/2026\/03\/memocate-og-image.png\" \/>\n\t<meta property=\"og:image:width\" content=\"1200\" \/>\n\t<meta property=\"og:image:height\" content=\"675\" \/>\n\t<meta property=\"og:image:type\" content=\"image\/png\" \/>\n<meta name=\"twitter:card\" content=\"summary_large_image\" \/>\n<meta name=\"twitter:label1\" content=\"Ber\u00e4knad l\u00e4stid\" \/>\n\t<meta name=\"twitter:data1\" content=\"5 minuter\" \/>\n<script type=\"application\/ld+json\" class=\"yoast-schema-graph\">{\"@context\":\"https:\\\/\\\/schema.org\",\"@graph\":[{\"@type\":\"WebPage\",\"@id\":\"https:\\\/\\\/memocate.com\\\/vuorovaikutus\\\/kohti-parempaa-vuorovaikutusta\\\/neuvoja-omaiselta-omaiselle\\\/tue-laheisesi-toimintakykya\\\/\",\"url\":\"https:\\\/\\\/memocate.com\\\/vuorovaikutus\\\/kohti-parempaa-vuorovaikutusta\\\/neuvoja-omaiselta-omaiselle\\\/tue-laheisesi-toimintakykya\\\/\",\"name\":\"Tue sairastuneen l\u00e4heisesi toimintakyky\u00e4 \u2013 Memocate\",\"isPartOf\":{\"@id\":\"https:\\\/\\\/memocate.com\\\/#website\"},\"datePublished\":\"2019-04-28T07:42:16+00:00\",\"dateModified\":\"2026-03-23T08:04:57+00:00\",\"description\":\"Toimintakyvyn tukeminen auttaa muistisairautta sairastavaa henkil\u00f6\u00e4 yll\u00e4pit\u00e4m\u00e4\u00e4n itsen\u00e4isyytt\u00e4. Lue k\u00e4yt\u00e4nn\u00f6n vinkkej\u00e4 arjen tukemiseen.\",\"breadcrumb\":{\"@id\":\"https:\\\/\\\/memocate.com\\\/vuorovaikutus\\\/kohti-parempaa-vuorovaikutusta\\\/neuvoja-omaiselta-omaiselle\\\/tue-laheisesi-toimintakykya\\\/#breadcrumb\"},\"inLanguage\":\"sv-SE\",\"potentialAction\":[{\"@type\":\"ReadAction\",\"target\":[\"https:\\\/\\\/memocate.com\\\/vuorovaikutus\\\/kohti-parempaa-vuorovaikutusta\\\/neuvoja-omaiselta-omaiselle\\\/tue-laheisesi-toimintakykya\\\/\"]}]},{\"@type\":\"BreadcrumbList\",\"@id\":\"https:\\\/\\\/memocate.com\\\/vuorovaikutus\\\/kohti-parempaa-vuorovaikutusta\\\/neuvoja-omaiselta-omaiselle\\\/tue-laheisesi-toimintakykya\\\/#breadcrumb\",\"itemListElement\":[{\"@type\":\"ListItem\",\"position\":1,\"name\":\"Home\",\"item\":\"https:\\\/\\\/memocate.com\\\/\"},{\"@type\":\"ListItem\",\"position\":2,\"name\":\"Vuorovaikutus\",\"item\":\"https:\\\/\\\/memocate.com\\\/vuorovaikutus\\\/\"},{\"@type\":\"ListItem\",\"position\":3,\"name\":\"Kohti parempaa vuorovaikutusta\",\"item\":\"https:\\\/\\\/memocate.com\\\/vuorovaikutus\\\/kohti-parempaa-vuorovaikutusta\\\/\"},{\"@type\":\"ListItem\",\"position\":4,\"name\":\"Neuvoja omaiselta omaiselle\",\"item\":\"https:\\\/\\\/memocate.com\\\/vuorovaikutus\\\/kohti-parempaa-vuorovaikutusta\\\/neuvoja-omaiselta-omaiselle\\\/\"},{\"@type\":\"ListItem\",\"position\":5,\"name\":\"Tue l\u00e4heisesi toimintakyky\u00e4\"}]},{\"@type\":\"WebSite\",\"@id\":\"https:\\\/\\\/memocate.com\\\/#website\",\"url\":\"https:\\\/\\\/memocate.com\\\/\",\"name\":\"Memocate\",\"description\":\"Muistisairaus, vuorovaikutus ja hyv\u00e4 kohtaaminen\",\"publisher\":{\"@id\":\"https:\\\/\\\/memocate.com\\\/#organization\"},\"potentialAction\":[{\"@type\":\"SearchAction\",\"target\":{\"@type\":\"EntryPoint\",\"urlTemplate\":\"https:\\\/\\\/memocate.com\\\/?s={search_term_string}\"},\"query-input\":{\"@type\":\"PropertyValueSpecification\",\"valueRequired\":true,\"valueName\":\"search_term_string\"}}],\"inLanguage\":\"sv-SE\"},{\"@type\":\"Organization\",\"@id\":\"https:\\\/\\\/memocate.com\\\/#organization\",\"name\":\"Memocate Oy\",\"url\":\"https:\\\/\\\/memocate.com\\\/\",\"logo\":{\"@type\":\"ImageObject\",\"inLanguage\":\"sv-SE\",\"@id\":\"https:\\\/\\\/memocate.com\\\/#\\\/schema\\\/logo\\\/image\\\/\",\"url\":\"https:\\\/\\\/memocate.com\\\/wp-content\\\/uploads\\\/2019\\\/07\\\/Memocate_horizontal_logo.svg\",\"contentUrl\":\"https:\\\/\\\/memocate.com\\\/wp-content\\\/uploads\\\/2019\\\/07\\\/Memocate_horizontal_logo.svg\",\"width\":213,\"height\":70,\"caption\":\"Memocate Oy\"},\"image\":{\"@id\":\"https:\\\/\\\/memocate.com\\\/#\\\/schema\\\/logo\\\/image\\\/\"}}]}<\/script>\n<!-- \/ Yoast SEO plugin. -->","yoast_head_json":{"title":"Tue sairastuneen l\u00e4heisesi toimintakyky\u00e4 \u2013 Memocate","description":"Toimintakyvyn tukeminen auttaa muistisairautta sairastavaa henkil\u00f6\u00e4 yll\u00e4pit\u00e4m\u00e4\u00e4n itsen\u00e4isyytt\u00e4. Lue k\u00e4yt\u00e4nn\u00f6n vinkkej\u00e4 arjen tukemiseen.","robots":{"index":"index","follow":"follow","max-snippet":"max-snippet:-1","max-image-preview":"max-image-preview:large","max-video-preview":"max-video-preview:-1"},"canonical":"https:\/\/memocate.com\/sv\/vuorovaikutus\/kohti-parempaa-vuorovaikutusta\/neuvoja-omaiselta-omaiselle\/tue-laheisesi-toimintakykya\/","og_locale":"sv_SE","og_type":"article","og_title":"Tue sairastuneen l\u00e4heisesi toimintakyky\u00e4 \u2013 Memocate","og_description":"Toimintakyvyn tukeminen auttaa muistisairautta sairastavaa henkil\u00f6\u00e4 yll\u00e4pit\u00e4m\u00e4\u00e4n itsen\u00e4isyytt\u00e4. Lue k\u00e4yt\u00e4nn\u00f6n vinkkej\u00e4 arjen tukemiseen.","og_url":"https:\/\/memocate.com\/sv\/vuorovaikutus\/kohti-parempaa-vuorovaikutusta\/neuvoja-omaiselta-omaiselle\/tue-laheisesi-toimintakykya\/","og_site_name":"Memocate","article_modified_time":"2026-03-23T08:04:57+00:00","og_image":[{"width":1200,"height":675,"url":"https:\/\/memocate.com\/wp-content\/uploads\/2026\/03\/memocate-og-image.png","type":"image\/png"}],"twitter_card":"summary_large_image","twitter_misc":{"Ber\u00e4knad l\u00e4stid":"5 minuter"},"schema":{"@context":"https:\/\/schema.org","@graph":[{"@type":"WebPage","@id":"https:\/\/memocate.com\/vuorovaikutus\/kohti-parempaa-vuorovaikutusta\/neuvoja-omaiselta-omaiselle\/tue-laheisesi-toimintakykya\/","url":"https:\/\/memocate.com\/vuorovaikutus\/kohti-parempaa-vuorovaikutusta\/neuvoja-omaiselta-omaiselle\/tue-laheisesi-toimintakykya\/","name":"Tue sairastuneen l\u00e4heisesi toimintakyky\u00e4 \u2013 Memocate","isPartOf":{"@id":"https:\/\/memocate.com\/#website"},"datePublished":"2019-04-28T07:42:16+00:00","dateModified":"2026-03-23T08:04:57+00:00","description":"Toimintakyvyn tukeminen auttaa muistisairautta sairastavaa henkil\u00f6\u00e4 yll\u00e4pit\u00e4m\u00e4\u00e4n itsen\u00e4isyytt\u00e4. Lue k\u00e4yt\u00e4nn\u00f6n vinkkej\u00e4 arjen tukemiseen.","breadcrumb":{"@id":"https:\/\/memocate.com\/vuorovaikutus\/kohti-parempaa-vuorovaikutusta\/neuvoja-omaiselta-omaiselle\/tue-laheisesi-toimintakykya\/#breadcrumb"},"inLanguage":"sv-SE","potentialAction":[{"@type":"ReadAction","target":["https:\/\/memocate.com\/vuorovaikutus\/kohti-parempaa-vuorovaikutusta\/neuvoja-omaiselta-omaiselle\/tue-laheisesi-toimintakykya\/"]}]},{"@type":"BreadcrumbList","@id":"https:\/\/memocate.com\/vuorovaikutus\/kohti-parempaa-vuorovaikutusta\/neuvoja-omaiselta-omaiselle\/tue-laheisesi-toimintakykya\/#breadcrumb","itemListElement":[{"@type":"ListItem","position":1,"name":"Home","item":"https:\/\/memocate.com\/"},{"@type":"ListItem","position":2,"name":"Vuorovaikutus","item":"https:\/\/memocate.com\/vuorovaikutus\/"},{"@type":"ListItem","position":3,"name":"Kohti parempaa vuorovaikutusta","item":"https:\/\/memocate.com\/vuorovaikutus\/kohti-parempaa-vuorovaikutusta\/"},{"@type":"ListItem","position":4,"name":"Neuvoja omaiselta omaiselle","item":"https:\/\/memocate.com\/vuorovaikutus\/kohti-parempaa-vuorovaikutusta\/neuvoja-omaiselta-omaiselle\/"},{"@type":"ListItem","position":5,"name":"Tue l\u00e4heisesi toimintakyky\u00e4"}]},{"@type":"WebSite","@id":"https:\/\/memocate.com\/#website","url":"https:\/\/memocate.com\/","name":"Memocate","description":"Muistisairaus, vuorovaikutus ja hyv\u00e4 kohtaaminen","publisher":{"@id":"https:\/\/memocate.com\/#organization"},"potentialAction":[{"@type":"SearchAction","target":{"@type":"EntryPoint","urlTemplate":"https:\/\/memocate.com\/?s={search_term_string}"},"query-input":{"@type":"PropertyValueSpecification","valueRequired":true,"valueName":"search_term_string"}}],"inLanguage":"sv-SE"},{"@type":"Organization","@id":"https:\/\/memocate.com\/#organization","name":"Memocate Oy","url":"https:\/\/memocate.com\/","logo":{"@type":"ImageObject","inLanguage":"sv-SE","@id":"https:\/\/memocate.com\/#\/schema\/logo\/image\/","url":"https:\/\/memocate.com\/wp-content\/uploads\/2019\/07\/Memocate_horizontal_logo.svg","contentUrl":"https:\/\/memocate.com\/wp-content\/uploads\/2019\/07\/Memocate_horizontal_logo.svg","width":213,"height":70,"caption":"Memocate Oy"},"image":{"@id":"https:\/\/memocate.com\/#\/schema\/logo\/image\/"}}]}},"_links":{"self":[{"href":"https:\/\/memocate.com\/sv\/wp-json\/wp\/v2\/pages\/1712","targetHints":{"allow":["GET"]}}],"collection":[{"href":"https:\/\/memocate.com\/sv\/wp-json\/wp\/v2\/pages"}],"about":[{"href":"https:\/\/memocate.com\/sv\/wp-json\/wp\/v2\/types\/page"}],"author":[{"embeddable":true,"href":"https:\/\/memocate.com\/sv\/wp-json\/wp\/v2\/users\/4"}],"replies":[{"embeddable":true,"href":"https:\/\/memocate.com\/sv\/wp-json\/wp\/v2\/comments?post=1712"}],"version-history":[{"count":9,"href":"https:\/\/memocate.com\/sv\/wp-json\/wp\/v2\/pages\/1712\/revisions"}],"predecessor-version":[{"id":8776,"href":"https:\/\/memocate.com\/sv\/wp-json\/wp\/v2\/pages\/1712\/revisions\/8776"}],"up":[{"embeddable":true,"href":"https:\/\/memocate.com\/sv\/wp-json\/wp\/v2\/pages\/2133"}],"wp:attachment":[{"href":"https:\/\/memocate.com\/sv\/wp-json\/wp\/v2\/media?parent=1712"}],"curies":[{"name":"wp","href":"https:\/\/api.w.org\/{rel}","templated":true}]}}