{"id":1707,"date":"2019-04-28T10:40:55","date_gmt":"2019-04-28T07:40:55","guid":{"rendered":"https:\/\/memocateomaishoitajille.gaselli.software\/?page_id=1707"},"modified":"2026-03-23T10:04:55","modified_gmt":"2026-03-23T08:04:55","slug":"kunnioita-muistisairaan-todellisuutta","status":"publish","type":"page","link":"https:\/\/memocate.com\/sv\/vuorovaikutus\/kohti-parempaa-vuorovaikutusta\/neuvoja-omaiselta-omaiselle\/kunnioita-muistisairaan-todellisuutta\/","title":{"rendered":"Kunnioita muistisairaan todellisuutta"},"content":{"rendered":"<div class=\"et_pb_section_0 et_pb_section et_section_regular et_block_section\" id=\"article\"><div class=\"et_pb_row_0 et_pb_row et_block_row\"><div class=\"et_pb_column_0 et_pb_column et_pb_column_4_4 et-last-child et_block_column et_pb_css_mix_blend_mode_passthrough\"><div class=\"et_pb_text_0 et_pb_text et_pb_bg_layout_light et_pb_module et_block_module\"><div class=\"et_pb_text_inner\"><h1>Respektera verkligheten f\u00f6r personen med minnessjukdom<\/h1>\n<\/div><\/div><div class=\"et_pb_text_1 et_pb_text et_pb_bg_layout_light et_pb_module et_block_module green_list\"><div class=\"et_pb_text_inner\"><p>Muistisairas saattaa puhua asioita, jotka eiv\u00e4t pid\u00e4 paikkaansa. Kyse ei yleens\u00e4 ole valehtelemisesta eik\u00e4 muistisairauden kanssa el\u00e4v\u00e4 ihminen tee sit\u00e4 tarkoituksella. Vaikka asiat eiv\u00e4t vastaisi kuuntelijan n\u00e4kemyst\u00e4 todellisuudesta, ovat ne muistisairautta sairastavalle henkil\u00f6lle itselleen usein totta. Yleens\u00e4 ne ovat kytk\u00f6ksiss\u00e4 menneisyyteen tai muistisairautta sairastavalle henkil\u00f6lle mieluisiin asioihin.<\/p>\n<p>Osa muistisairautta sairastavan henkil\u00f6n kertomista ep\u00e4tosista asioista saattaa olla hyvinkin arkip\u00e4iv\u00e4isi\u00e4 ja uskottavia. Jos muistisairautta sairastava henkil\u00f6 sanoo sy\u00f6neens\u00e4 aamiaiseksi puuroa, ei omainen yleens\u00e4 ep\u00e4ile asiaa ellei h\u00e4n itse ole n\u00e4hnyt muistisairautta sairastavan henkil\u00f6n sy\u00f6v\u00e4n vaikkapa leip\u00e4\u00e4.<\/p>\n<p>Osa asioista taas on sellaisia, joiden sis\u00e4ll\u00f6st\u00e4 k\u00e4y heti ilmi, ett\u00e4 ne eiv\u00e4t voi pit\u00e4\u00e4 paikkaansa. T\u00e4llainen voi olla tilanne, jossa muistisairauden kanssa el\u00e4v\u00e4 henkil\u00f6 istuu omassa olohuoneessaan ja sanoo odottavansa Moskovan junaa.<\/p>\n<p>Muistisairautta sairastavan henkil\u00f6n kertomusta ei yleens\u00e4 kannata tyrm\u00e4t\u00e4 vaikka se ei vastaisikaan kuulijan n\u00e4kemyst\u00e4 todellisuudesta. Hy\u00f6dyllisemp\u00e4\u00e4 on olla empaattisen utelias ja kannustaa muistisairauden kanssa el\u00e4v\u00e4\u00e4 ihmist\u00e4 jakamaan tunteitaan ja kokemuksiaan. Keskusteluyhteyden yll\u00e4pit\u00e4minen on arvokasta silloinkin kun sis\u00e4lt\u00f6 on horjuvaa.<\/p>\n<p>Muistisairautta sairastavan henkil\u00f6n kertomuksen mukaileminen voi kuitenkin aiheuttaa omaiselle moraalista ristiriitaa. Osa kokee kyseenalaisena sen, jos pyrkiess\u00e4\u00e4n kunnioittavaan kohtaamiseen joutuu vahvistamaan asiasis\u00e4lt\u00f6j\u00e4, joiden takana ei voi seist\u00e4. Jatkuvaa asiasis\u00e4lt\u00f6jen korjaamista ei kuitenkaan suositella sen aiheuttaman torjutuksi tulemisen kokemuksen vuoksi. Yksi toimintavaihtoehto onkin ihan vain kuunteleminen ja kiinnostuksen osoittaminen vaikkapa ny\u00f6kk\u00e4\u00e4m\u00e4ll\u00e4.<\/p>\n<\/div><\/div><div class=\"et_pb_text_2 et_pb_text et_pb_bg_layout_light et_pb_module et_block_module et_pb_text_align_center\"><div class=\"et_pb_text_inner\"><p>T\u00c4RKE\u00c4MP\u00c4\u00c4 ON AITO KOHTAAMINEN KUIN VIRHEELLISTEN ASIATIETOJEN KORJAAMINEN<\/p>\n<\/div><\/div><\/div><\/div><\/div><div class=\"et_pb_section_1 et_pb_section et_section_regular et_block_section\"><div class=\"et_pb_row_1 et_pb_row et_block_row quote_row\"><div class=\"et_pb_column_1 et_pb_column et_pb_column_4_4 et-last-child et_block_column et_pb_css_mix_blend_mode_passthrough\"><div class=\"et_pb_text_3 et_pb_text et_pb_bg_layout_light et_pb_module et_block_module\"><div class=\"et_pb_text_inner\"><p style=\"color:#c8c8c8;font-size:60px;line-height:0.5;margin-bottom:10px;font-family:Georgia,serif;\">\u201c<\/p>\n<p>Iso\u00e4itini asuu palvelutalossa ja v\u00e4lill\u00e4 h\u00e4n ajattelee k\u00e4yv\u00e4ns\u00e4 koulua ja asuvansa koulun asuntolassa. Joskus ulkoillessamme siell\u00e4 palvelutalon pihalla h\u00e4n kokee olevansa asuntolan pihalla. Silloin min\u00e4 vain kuuntelen ja pyyd\u00e4n, ett\u00e4 h\u00e4n kertoo asiasta lis\u00e4\u00e4. Kyselen vaikka, ett\u00e4 mink\u00e4lainen se asuntola on.<\/p>\n<p>Ei mun auta kielt\u00e4\u00e4k\u00e4\u00e4n h\u00e4nen kokemustaan siit\u00e4, ett\u00e4 h\u00e4n on kouluik\u00e4inen. Jos h\u00e4n omassa todellisuudessaan el\u00e4\u00e4 ajassa, jossa h\u00e4n on 12 vuotias, niin sitten h\u00e4n el\u00e4\u00e4. Iso\u00e4idin Alzheimerin tauti on jo pitk\u00e4ll\u00e4 eik\u00e4 h\u00e4n pysty paljoa puhumaan. On t\u00e4rke\u00e4\u00e4 antaa h\u00e4nen puhua niist\u00e4 aiheista, joista h\u00e4n pystyy puhumaan.<\/p>\n<p>Mullakin on erilaisia rooleja siin\u00e4. Joskus h\u00e4n ajattelee, ett\u00e4 m\u00e4 olen h\u00e4nen tytt\u00e4rens\u00e4, siskonsa tai \u00e4itins\u00e4. En min\u00e4 sit\u00e4k\u00e4\u00e4n ala korjaamaan. Mun pit\u00e4\u00e4 vaan osata itsekin heitt\u00e4yty\u00e4 siihen samalla tavalla. Sairastuneelle pit\u00e4\u00e4 antaa lupa el\u00e4\u00e4 siin\u00e4 h\u00e4nen omassa todellisuudessaan. On hyv\u00e4 ymm\u00e4rt\u00e4\u00e4, ett\u00e4 se ei ole niin kauhean vakavaa. Kerran t\u00e4\u00e4ll\u00e4 vaan elet\u00e4\u00e4n ja toiset el\u00e4\u00e4 siin\u00e4 v\u00e4h\u00e4n erilailla, eik\u00e4 sek\u00e4\u00e4n v\u00e4\u00e4rin oo.<\/p>\n<p>Se on my\u00f6s luottamuksen osoitus saada kuulla niit\u00e4 juttuja, koska eiv\u00e4th\u00e4n muistisairaat kaikille ala kertomaan omasta el\u00e4m\u00e4st\u00e4\u00e4n ja omasta todellisuudestaan. Ajattelen, ett\u00e4 siin\u00e4 voi kuulla jotain uutta. Jotain, mit\u00e4 ei ole heid\u00e4n el\u00e4m\u00e4st\u00e4\u00e4n aiemmin kuullut. Se tieto auttaa suhtautumaan heihin v\u00e4h\u00e4n paremmin. Toki m\u00e4\u00e4r\u00e4ttyihin asioihin pit\u00e4\u00e4 suhtautua tietyll\u00e4 varauksella. Ihan kaikki ei paikkaansa pid\u00e4, mit\u00e4 he kertovat. Koen, ett\u00e4 se on v\u00e4h\u00e4n kuin seikkailua molemmille.<\/p>\n<p>~Alzheimerin tautia sairastavan naisen lapsenlapsi<\/p>\n<\/div><\/div><\/div><\/div><\/div><div class=\"et_pb_section_2 et_pb_section et_section_regular et_block_section\" id=\"article\"><div class=\"et_pb_row_2 et_pb_row et_block_row\"><div class=\"et_pb_column_2 et_pb_column et_pb_column_4_4 et-last-child et_block_column et_pb_css_mix_blend_mode_passthrough\"><div class=\"et_pb_text_4 et_pb_text et_pb_bg_layout_light et_clickable et_pb_module et_block_module lahde\"><div class=\"et_pb_text_inner\"><p><a class=\"read-more\" href=\"\/sv\/lahteet\/#neuvoja\">L\u00e4hteet <img decoding=\"async\" src=\"\/wp-content\/uploads\/2019\/08\/arrow-right-mainblue.svg\" \/><\/a><\/p>\n<\/div><\/div><\/div><\/div><\/div><div class=\"et_pb_section_3 et_pb_section et_section_regular et_block_section\"><div class=\"et_pb_row_3 et_pb_row et_block_row\"><div class=\"et_pb_column_3 et_pb_column et_pb_column_4_4 et-last-child et_block_column et_pb_css_mix_blend_mode_passthrough\"><div class=\"et_pb_text_5 et_pb_text et_pb_bg_layout_light et_pb_module et_block_module\"><div class=\"et_pb_text_inner\"><h2>Mink\u00e4laisen toimintamallin olet kokenut parhaimpana niiss\u00e4 tilanteissa, joissa muistisairauden kanssa el\u00e4v\u00e4 ihminen henkil\u00f6 puhuu ep\u00e4tosia asioita?<\/h2>\n<\/div><\/div><div class=\"et_pb_code_0 et_pb_code et_pb_module\"><\/div><div class=\"et_pb_comments_0 et_pb_comments_module et_pb_no_avatar et_pb_no_reply_button et_pb_no_comments_count et_pb_bg_layout_light et_pb_module et_block_module\" data-icon=\"\" data-icon-tablet=\"\" data-icon-phone=\"\"><\/div><\/div><\/div><\/div><div class=\"et_pb_section_4 et_pb_section et_section_regular et_block_section\"><div class=\"et_pb_row_4 et_pb_row et_pb_gutters2 et_block_row\"><div class=\"et_pb_column_4 et_pb_column et_pb_column_1_3 et_block_column et_pb_css_mix_blend_mode_passthrough\"><div class=\"et_pb_blurb_0 et_pb_blurb et_pb_bg_layout_dark et_pb_blurb_position_left et_clickable et_pb_module et_block_module ftr-blrb\"><div class=\"et_pb_blurb_content\"><div class=\"et_pb_main_blurb_image\"><a href=\"\/sv\/mita-ovat-yleisimmat-muistisairaudet\/patologisiin-lewyn-kappale-muutoksiin-liittyvat-sairaudet\/lewyn-kappale-tauti\/\"><span class=\"et_pb_image_wrap et_pb_only_image_mode_wrap\"><img loading=\"lazy\" decoding=\"async\" src=\"https:\/\/memocate.com\/wp-content\/uploads\/2019\/03\/cloud_3.svg\" width=\"82\" height=\"66\" srcset=\"https:\/\/memocate.com\/wp-content\/uploads\/2019\/03\/cloud_3.svg 82w\" sizes=\"(max-width: 82px) 100vw, 82px\" class=\"et-waypoint et_pb_animation_top et_pb_animation_top_tablet et_pb_animation_top_phone wp-image-1156\" \/><\/span><\/a><\/div><div class=\"et_pb_blurb_container\"><h4 class=\"et_pb_module_header\"><a href=\"\/sv\/mita-ovat-yleisimmat-muistisairaudet\/patologisiin-lewyn-kappale-muutoksiin-liittyvat-sairaudet\/lewyn-kappale-tauti\/\">Minnessjukdomar<\/a><\/h4><div class=\"et_pb_blurb_description\"><h3>Lewykroppssjukdom<\/h3>\n<p><a class=\"read-more\" href=\"\/sv\/mita-ovat-yleisimmat-muistisairaudet\/patologisiin-lewyn-kappale-muutoksiin-liittyvat-sairaudet\/lewyn-kappale-tauti\/\">L\u00e4s mer <img decoding=\"async\" src=\"\/wp-content\/uploads\/2019\/03\/arrow_right-green.svg\" \/><\/a><\/p>\n<\/div><\/div><\/div><\/div><\/div><div class=\"et_pb_column_5 et_pb_column et_pb_column_1_3 et_block_column et_pb_css_mix_blend_mode_passthrough\"><div class=\"et_pb_blurb_1 et_pb_blurb et_pb_bg_layout_dark et_pb_blurb_position_left et_clickable et_pb_module et_block_module ftr-blrb\"><div class=\"et_pb_blurb_content\"><div class=\"et_pb_main_blurb_image\"><a href=\"\/sv\/vuorovaikutus\/kohti-parempaa-vuorovaikutusta\/neuvoja-omaiselta-omaiselle\/anna-laheisellesi-aikaa-sopeutua-sairauteen\/\"><span class=\"et_pb_image_wrap et_pb_only_image_mode_wrap\"><img loading=\"lazy\" decoding=\"async\" src=\"https:\/\/memocate.com\/wp-content\/uploads\/2019\/03\/cloud_2.svg\" width=\"82\" height=\"61\" srcset=\"https:\/\/memocate.com\/wp-content\/uploads\/2019\/03\/cloud_2.svg 82w\" sizes=\"(max-width: 82px) 100vw, 82px\" class=\"et-waypoint et_pb_animation_top et_pb_animation_top_tablet et_pb_animation_top_phone wp-image-1155\" \/><\/span><\/a><\/div><div class=\"et_pb_blurb_container\"><h4 class=\"et_pb_module_header\"><a href=\"\/sv\/vuorovaikutus\/kohti-parempaa-vuorovaikutusta\/neuvoja-omaiselta-omaiselle\/anna-laheisellesi-aikaa-sopeutua-sairauteen\/\">V\u00e4xelverkan<\/a><\/h4><div class=\"et_pb_blurb_description\"><h3>Ge din n\u00e4rst\u00e5ende tid att anpassa sig till sjukdomen<\/h3>\n<p><a class=\"read-more\" href=\"\/sv\/vuorovaikutus\/kohti-parempaa-vuorovaikutusta\/neuvoja-omaiselta-omaiselle\/anna-laheisellesi-aikaa-sopeutua-sairauteen\/\">L\u00e4s mer <img decoding=\"async\" src=\"\/wp-content\/uploads\/2019\/03\/arrow_right-green.svg\" \/><\/a><\/p>\n<\/div><\/div><\/div><\/div><\/div><div class=\"et_pb_column_6 et_pb_column et_pb_column_1_3 et-last-child et_block_column et_pb_css_mix_blend_mode_passthrough\"><div class=\"et_pb_blurb_2 et_pb_blurb et_pb_bg_layout_dark et_pb_blurb_position_left et_clickable et_pb_module et_block_module ftr-blrb\"><div class=\"et_pb_blurb_content\"><div class=\"et_pb_main_blurb_image\"><a href=\"\/sv\/vuorovaikutus\/miten-muistisairaus-vaikuttaa-vuorovaikutukseen\/\"><span class=\"et_pb_image_wrap et_pb_only_image_mode_wrap\"><img loading=\"lazy\" decoding=\"async\" src=\"https:\/\/memocate.com\/wp-content\/uploads\/2019\/03\/cloud_1.svg\" width=\"77\" height=\"66\" srcset=\"https:\/\/memocate.com\/wp-content\/uploads\/2019\/03\/cloud_1.svg 77w\" sizes=\"(max-width: 77px) 100vw, 77px\" class=\"et-waypoint et_pb_animation_top et_pb_animation_top_tablet et_pb_animation_top_phone wp-image-1154\" \/><\/span><\/a><\/div><div class=\"et_pb_blurb_container\"><h4 class=\"et_pb_module_header\"><a href=\"\/sv\/vuorovaikutus\/miten-muistisairaus-vaikuttaa-vuorovaikutukseen\/\"> V\u00e4xelverkan<\/a><\/h4><div class=\"et_pb_blurb_description\"><h3>Miten muistisairaus vaikuttaa vuorovaikutukseen<\/h3>\n<p><a class=\"read-more\" href=\"\/sv\/vuorovaikutus\/miten-muistisairaus-vaikuttaa-vuorovaikutukseen\/\">L\u00e4s mer <img decoding=\"async\" src=\"\/wp-content\/uploads\/2019\/03\/arrow_right-green.svg\" \/><\/a><\/p>\n<\/div><\/div><\/div><\/div><\/div><\/div><\/div><div class=\"et_pb_section_5 et_pb_section et_section_regular et_block_section\"><div class=\"et_pb_row_5 et_pb_row et_pb_equal_columns et_pb_gutters1 et_block_row et_pb_row_fullwidth\"><div class=\"et_pb_column_7 et_pb_column et_pb_column_1_3 et_block_column et_pb_column_empty et_pb_css_mix_blend_mode_passthrough\"><\/div><div class=\"et_pb_column_8 et_pb_column et_pb_column_1_3 et_block_column et_pb_css_mix_blend_mode_passthrough\"><div class=\"et_pb_cta_0 et_pb_promo et_pb_bg_layout_dark et_pb_module et_block_module\"><div class=\"et_pb_promo_description\"><h2 class=\"et_pb_module_header\">Har du ny forskningsinformation eller utvecklingsid\u00e9er f\u00f6r webbplatsen?<\/h2><\/div><div class=\"et_pb_button_wrapper\"><a class=\"et_pb_button et_pb_promo_button\" href=\"\/sv\/kouluttaudu-kanssamme\/#ota-yhteytta\">Kontakta oss<\/a><\/div><\/div><\/div><div class=\"et_pb_column_9 et_pb_column et_pb_column_1_3 et-last-child et_block_column et_pb_column_empty et_pb_css_mix_blend_mode_passthrough\"><\/div><\/div><div class=\"et_pb_row_6 et_pb_row et_pb_equal_columns et_pb_gutters1 et_block_row et_pb_row_fullwidth\"><div class=\"et_pb_column_10 et_pb_column et_pb_column_4_4 et-last-child et_block_column et_pb_css_mix_blend_mode_passthrough\"><div class=\"et_pb_cta_1 et_pb_promo et_pb_bg_layout_dark et_pb_module et_block_module\"><div class=\"et_pb_promo_description\"><h2 class=\"et_pb_module_header\">Har du ny forskningsinformation eller utvecklingsid\u00e9er f\u00f6r webbplatsen?<\/h2><\/div><div class=\"et_pb_button_wrapper\"><a class=\"et_pb_button et_pb_promo_button\" href=\"\/sv\/kouluttaudu-kanssamme\/#ota-yhteytta\">Kontakta oss<\/a><\/div><\/div><\/div><\/div><\/div>","protected":false},"excerpt":{"rendered":"","protected":false},"author":4,"featured_media":0,"parent":2133,"menu_order":4,"comment_status":"open","ping_status":"closed","template":"","meta":{"footnotes":""},"class_list":["post-1707","page","type-page","status-publish","hentry"],"yoast_head":"<!-- This site is optimized with the Yoast SEO plugin v27.5 - https:\/\/yoast.com\/product\/yoast-seo-wordpress\/ -->\n<title>Kunnioita muistisairautta sairastavan todellisuutta \u2013 Memocate<\/title>\n<meta name=\"description\" content=\"Muistisairautta sairastavan henkil\u00f6n kokemusmaailman kunnioittaminen on hyv\u00e4n kohtaamisen perusta. Lue, miten voit tukea l\u00e4heisesi todellisuutta.\" \/>\n<meta name=\"robots\" content=\"index, follow, max-snippet:-1, max-image-preview:large, max-video-preview:-1\" \/>\n<link rel=\"canonical\" href=\"https:\/\/memocate.com\/sv\/vuorovaikutus\/kohti-parempaa-vuorovaikutusta\/neuvoja-omaiselta-omaiselle\/kunnioita-muistisairaan-todellisuutta\/\" \/>\n<meta property=\"og:locale\" content=\"sv_SE\" \/>\n<meta property=\"og:type\" content=\"article\" \/>\n<meta property=\"og:title\" content=\"Kunnioita muistisairautta sairastavan todellisuutta \u2013 Memocate\" \/>\n<meta property=\"og:description\" content=\"Muistisairautta sairastavan henkil\u00f6n kokemusmaailman kunnioittaminen on hyv\u00e4n kohtaamisen perusta. Lue, miten voit tukea l\u00e4heisesi todellisuutta.\" \/>\n<meta property=\"og:url\" content=\"https:\/\/memocate.com\/sv\/vuorovaikutus\/kohti-parempaa-vuorovaikutusta\/neuvoja-omaiselta-omaiselle\/kunnioita-muistisairaan-todellisuutta\/\" \/>\n<meta property=\"og:site_name\" content=\"Memocate\" \/>\n<meta property=\"article:modified_time\" content=\"2026-03-23T08:04:55+00:00\" \/>\n<meta property=\"og:image\" content=\"https:\/\/memocate.com\/wp-content\/uploads\/2026\/03\/memocate-og-image.png\" \/>\n\t<meta property=\"og:image:width\" content=\"1200\" \/>\n\t<meta property=\"og:image:height\" content=\"675\" \/>\n\t<meta property=\"og:image:type\" content=\"image\/png\" \/>\n<meta name=\"twitter:card\" content=\"summary_large_image\" \/>\n<meta name=\"twitter:label1\" content=\"Ber\u00e4knad l\u00e4stid\" \/>\n\t<meta name=\"twitter:data1\" content=\"5 minuter\" \/>\n<script type=\"application\/ld+json\" class=\"yoast-schema-graph\">{\"@context\":\"https:\\\/\\\/schema.org\",\"@graph\":[{\"@type\":\"WebPage\",\"@id\":\"https:\\\/\\\/memocate.com\\\/vuorovaikutus\\\/kohti-parempaa-vuorovaikutusta\\\/neuvoja-omaiselta-omaiselle\\\/kunnioita-muistisairaan-todellisuutta\\\/\",\"url\":\"https:\\\/\\\/memocate.com\\\/vuorovaikutus\\\/kohti-parempaa-vuorovaikutusta\\\/neuvoja-omaiselta-omaiselle\\\/kunnioita-muistisairaan-todellisuutta\\\/\",\"name\":\"Kunnioita muistisairautta sairastavan todellisuutta \u2013 Memocate\",\"isPartOf\":{\"@id\":\"https:\\\/\\\/memocate.com\\\/#website\"},\"datePublished\":\"2019-04-28T07:40:55+00:00\",\"dateModified\":\"2026-03-23T08:04:55+00:00\",\"description\":\"Muistisairautta sairastavan henkil\u00f6n kokemusmaailman kunnioittaminen on hyv\u00e4n kohtaamisen perusta. Lue, miten voit tukea l\u00e4heisesi todellisuutta.\",\"breadcrumb\":{\"@id\":\"https:\\\/\\\/memocate.com\\\/vuorovaikutus\\\/kohti-parempaa-vuorovaikutusta\\\/neuvoja-omaiselta-omaiselle\\\/kunnioita-muistisairaan-todellisuutta\\\/#breadcrumb\"},\"inLanguage\":\"sv-SE\",\"potentialAction\":[{\"@type\":\"ReadAction\",\"target\":[\"https:\\\/\\\/memocate.com\\\/vuorovaikutus\\\/kohti-parempaa-vuorovaikutusta\\\/neuvoja-omaiselta-omaiselle\\\/kunnioita-muistisairaan-todellisuutta\\\/\"]}]},{\"@type\":\"BreadcrumbList\",\"@id\":\"https:\\\/\\\/memocate.com\\\/vuorovaikutus\\\/kohti-parempaa-vuorovaikutusta\\\/neuvoja-omaiselta-omaiselle\\\/kunnioita-muistisairaan-todellisuutta\\\/#breadcrumb\",\"itemListElement\":[{\"@type\":\"ListItem\",\"position\":1,\"name\":\"Home\",\"item\":\"https:\\\/\\\/memocate.com\\\/\"},{\"@type\":\"ListItem\",\"position\":2,\"name\":\"Vuorovaikutus\",\"item\":\"https:\\\/\\\/memocate.com\\\/vuorovaikutus\\\/\"},{\"@type\":\"ListItem\",\"position\":3,\"name\":\"Kohti parempaa vuorovaikutusta\",\"item\":\"https:\\\/\\\/memocate.com\\\/vuorovaikutus\\\/kohti-parempaa-vuorovaikutusta\\\/\"},{\"@type\":\"ListItem\",\"position\":4,\"name\":\"Neuvoja omaiselta omaiselle\",\"item\":\"https:\\\/\\\/memocate.com\\\/vuorovaikutus\\\/kohti-parempaa-vuorovaikutusta\\\/neuvoja-omaiselta-omaiselle\\\/\"},{\"@type\":\"ListItem\",\"position\":5,\"name\":\"Kunnioita muistisairaan todellisuutta\"}]},{\"@type\":\"WebSite\",\"@id\":\"https:\\\/\\\/memocate.com\\\/#website\",\"url\":\"https:\\\/\\\/memocate.com\\\/\",\"name\":\"Memocate\",\"description\":\"Muistisairaus, vuorovaikutus ja hyv\u00e4 kohtaaminen\",\"publisher\":{\"@id\":\"https:\\\/\\\/memocate.com\\\/#organization\"},\"potentialAction\":[{\"@type\":\"SearchAction\",\"target\":{\"@type\":\"EntryPoint\",\"urlTemplate\":\"https:\\\/\\\/memocate.com\\\/?s={search_term_string}\"},\"query-input\":{\"@type\":\"PropertyValueSpecification\",\"valueRequired\":true,\"valueName\":\"search_term_string\"}}],\"inLanguage\":\"sv-SE\"},{\"@type\":\"Organization\",\"@id\":\"https:\\\/\\\/memocate.com\\\/#organization\",\"name\":\"Memocate Oy\",\"url\":\"https:\\\/\\\/memocate.com\\\/\",\"logo\":{\"@type\":\"ImageObject\",\"inLanguage\":\"sv-SE\",\"@id\":\"https:\\\/\\\/memocate.com\\\/#\\\/schema\\\/logo\\\/image\\\/\",\"url\":\"https:\\\/\\\/memocate.com\\\/wp-content\\\/uploads\\\/2019\\\/07\\\/Memocate_horizontal_logo.svg\",\"contentUrl\":\"https:\\\/\\\/memocate.com\\\/wp-content\\\/uploads\\\/2019\\\/07\\\/Memocate_horizontal_logo.svg\",\"width\":213,\"height\":70,\"caption\":\"Memocate Oy\"},\"image\":{\"@id\":\"https:\\\/\\\/memocate.com\\\/#\\\/schema\\\/logo\\\/image\\\/\"}}]}<\/script>\n<!-- \/ Yoast SEO plugin. -->","yoast_head_json":{"title":"Kunnioita muistisairautta sairastavan todellisuutta \u2013 Memocate","description":"Muistisairautta sairastavan henkil\u00f6n kokemusmaailman kunnioittaminen on hyv\u00e4n kohtaamisen perusta. Lue, miten voit tukea l\u00e4heisesi todellisuutta.","robots":{"index":"index","follow":"follow","max-snippet":"max-snippet:-1","max-image-preview":"max-image-preview:large","max-video-preview":"max-video-preview:-1"},"canonical":"https:\/\/memocate.com\/sv\/vuorovaikutus\/kohti-parempaa-vuorovaikutusta\/neuvoja-omaiselta-omaiselle\/kunnioita-muistisairaan-todellisuutta\/","og_locale":"sv_SE","og_type":"article","og_title":"Kunnioita muistisairautta sairastavan todellisuutta \u2013 Memocate","og_description":"Muistisairautta sairastavan henkil\u00f6n kokemusmaailman kunnioittaminen on hyv\u00e4n kohtaamisen perusta. Lue, miten voit tukea l\u00e4heisesi todellisuutta.","og_url":"https:\/\/memocate.com\/sv\/vuorovaikutus\/kohti-parempaa-vuorovaikutusta\/neuvoja-omaiselta-omaiselle\/kunnioita-muistisairaan-todellisuutta\/","og_site_name":"Memocate","article_modified_time":"2026-03-23T08:04:55+00:00","og_image":[{"width":1200,"height":675,"url":"https:\/\/memocate.com\/wp-content\/uploads\/2026\/03\/memocate-og-image.png","type":"image\/png"}],"twitter_card":"summary_large_image","twitter_misc":{"Ber\u00e4knad l\u00e4stid":"5 minuter"},"schema":{"@context":"https:\/\/schema.org","@graph":[{"@type":"WebPage","@id":"https:\/\/memocate.com\/vuorovaikutus\/kohti-parempaa-vuorovaikutusta\/neuvoja-omaiselta-omaiselle\/kunnioita-muistisairaan-todellisuutta\/","url":"https:\/\/memocate.com\/vuorovaikutus\/kohti-parempaa-vuorovaikutusta\/neuvoja-omaiselta-omaiselle\/kunnioita-muistisairaan-todellisuutta\/","name":"Kunnioita muistisairautta sairastavan todellisuutta \u2013 Memocate","isPartOf":{"@id":"https:\/\/memocate.com\/#website"},"datePublished":"2019-04-28T07:40:55+00:00","dateModified":"2026-03-23T08:04:55+00:00","description":"Muistisairautta sairastavan henkil\u00f6n kokemusmaailman kunnioittaminen on hyv\u00e4n kohtaamisen perusta. Lue, miten voit tukea l\u00e4heisesi todellisuutta.","breadcrumb":{"@id":"https:\/\/memocate.com\/vuorovaikutus\/kohti-parempaa-vuorovaikutusta\/neuvoja-omaiselta-omaiselle\/kunnioita-muistisairaan-todellisuutta\/#breadcrumb"},"inLanguage":"sv-SE","potentialAction":[{"@type":"ReadAction","target":["https:\/\/memocate.com\/vuorovaikutus\/kohti-parempaa-vuorovaikutusta\/neuvoja-omaiselta-omaiselle\/kunnioita-muistisairaan-todellisuutta\/"]}]},{"@type":"BreadcrumbList","@id":"https:\/\/memocate.com\/vuorovaikutus\/kohti-parempaa-vuorovaikutusta\/neuvoja-omaiselta-omaiselle\/kunnioita-muistisairaan-todellisuutta\/#breadcrumb","itemListElement":[{"@type":"ListItem","position":1,"name":"Home","item":"https:\/\/memocate.com\/"},{"@type":"ListItem","position":2,"name":"Vuorovaikutus","item":"https:\/\/memocate.com\/vuorovaikutus\/"},{"@type":"ListItem","position":3,"name":"Kohti parempaa vuorovaikutusta","item":"https:\/\/memocate.com\/vuorovaikutus\/kohti-parempaa-vuorovaikutusta\/"},{"@type":"ListItem","position":4,"name":"Neuvoja omaiselta omaiselle","item":"https:\/\/memocate.com\/vuorovaikutus\/kohti-parempaa-vuorovaikutusta\/neuvoja-omaiselta-omaiselle\/"},{"@type":"ListItem","position":5,"name":"Kunnioita muistisairaan todellisuutta"}]},{"@type":"WebSite","@id":"https:\/\/memocate.com\/#website","url":"https:\/\/memocate.com\/","name":"Memocate","description":"Muistisairaus, vuorovaikutus ja hyv\u00e4 kohtaaminen","publisher":{"@id":"https:\/\/memocate.com\/#organization"},"potentialAction":[{"@type":"SearchAction","target":{"@type":"EntryPoint","urlTemplate":"https:\/\/memocate.com\/?s={search_term_string}"},"query-input":{"@type":"PropertyValueSpecification","valueRequired":true,"valueName":"search_term_string"}}],"inLanguage":"sv-SE"},{"@type":"Organization","@id":"https:\/\/memocate.com\/#organization","name":"Memocate Oy","url":"https:\/\/memocate.com\/","logo":{"@type":"ImageObject","inLanguage":"sv-SE","@id":"https:\/\/memocate.com\/#\/schema\/logo\/image\/","url":"https:\/\/memocate.com\/wp-content\/uploads\/2019\/07\/Memocate_horizontal_logo.svg","contentUrl":"https:\/\/memocate.com\/wp-content\/uploads\/2019\/07\/Memocate_horizontal_logo.svg","width":213,"height":70,"caption":"Memocate Oy"},"image":{"@id":"https:\/\/memocate.com\/#\/schema\/logo\/image\/"}}]}},"_links":{"self":[{"href":"https:\/\/memocate.com\/sv\/wp-json\/wp\/v2\/pages\/1707","targetHints":{"allow":["GET"]}}],"collection":[{"href":"https:\/\/memocate.com\/sv\/wp-json\/wp\/v2\/pages"}],"about":[{"href":"https:\/\/memocate.com\/sv\/wp-json\/wp\/v2\/types\/page"}],"author":[{"embeddable":true,"href":"https:\/\/memocate.com\/sv\/wp-json\/wp\/v2\/users\/4"}],"replies":[{"embeddable":true,"href":"https:\/\/memocate.com\/sv\/wp-json\/wp\/v2\/comments?post=1707"}],"version-history":[{"count":8,"href":"https:\/\/memocate.com\/sv\/wp-json\/wp\/v2\/pages\/1707\/revisions"}],"predecessor-version":[{"id":8775,"href":"https:\/\/memocate.com\/sv\/wp-json\/wp\/v2\/pages\/1707\/revisions\/8775"}],"up":[{"embeddable":true,"href":"https:\/\/memocate.com\/sv\/wp-json\/wp\/v2\/pages\/2133"}],"wp:attachment":[{"href":"https:\/\/memocate.com\/sv\/wp-json\/wp\/v2\/media?parent=1707"}],"curies":[{"name":"wp","href":"https:\/\/api.w.org\/{rel}","templated":true}]}}