{"id":1679,"date":"2019-04-28T10:13:21","date_gmt":"2019-04-28T07:13:21","guid":{"rendered":"https:\/\/memocateomaishoitajille.gaselli.software\/?page_id=1679"},"modified":"2026-03-23T10:04:50","modified_gmt":"2026-03-23T08:04:50","slug":"anna-laheisellesi-aikaa-sopeutua-sairauteen","status":"publish","type":"page","link":"https:\/\/memocate.com\/sv\/vuorovaikutus\/kohti-parempaa-vuorovaikutusta\/neuvoja-omaiselta-omaiselle\/anna-laheisellesi-aikaa-sopeutua-sairauteen\/","title":{"rendered":"Ge din n\u00e4rst\u00e5ende tid att anpassa sig till sjukdomen"},"content":{"rendered":"<div class=\"et_pb_section_0 et_pb_section et_section_regular et_block_section\" id=\"article\"><div class=\"et_pb_row_0 et_pb_row et_block_row\"><div class=\"et_pb_column_0 et_pb_column et_pb_column_4_4 et-last-child et_block_column et_pb_css_mix_blend_mode_passthrough\"><div class=\"et_pb_text_0 et_pb_text et_pb_bg_layout_light et_pb_module et_block_module\"><div class=\"et_pb_text_inner\"><h1>Ge din n\u00e4rst\u00e5ende tid att anpassa sig till sjukdomen<\/h1>\n<\/div><\/div><div class=\"et_pb_text_1 et_pb_text et_pb_bg_layout_light et_pb_module et_block_module blue_list\"><div class=\"et_pb_text_inner\"><p>Muistisairauteen sairastuminen on usein h\u00e4mment\u00e4v\u00e4\u00e4 ja pelottavaa. Kaksi yleist\u00e4 selviytymistapaa on:<\/p>\n<ul>\n<li>Tilanteen hyv\u00e4ksyminen ja siihen sopeutuminen etsim\u00e4ll\u00e4 keinoja, jotka tekev\u00e4t arkiel\u00e4m\u00e4st\u00e4 mahdollisimman sujuvaa.<\/li>\n<li>Tilanteen kielt\u00e4minen. T\u00e4h\u00e4n sis\u00e4ltyy muun muassa sairaudesta puhumisen v\u00e4lttely\u00e4 sek\u00e4 sairauteen liittyvien muutosten huomiotta j\u00e4tt\u00e4mist\u00e4. Tarkoituksena on suojella itse\u00e4\u00e4n sairauden aiheuttamalta tuskalta, jonka kohtaaminen on sill\u00e4 hetkell\u00e4 ylivoimaista.<\/li>\n<\/ul>\n<p>Muistisairaat eiv\u00e4t yleens\u00e4 k\u00e4yt\u00e4 vain jompaakumpaa selviytymistapaa. Monilla k\u00e4ytetyt selviytymiskeinot vaihtelevat riippuen kulloisenkin tilanteen haasteellisuudesta ja sen hetkisist\u00e4 voimavaroista. Kyse ei useinkaan ole omasta valinnasta, vaan siit\u00e4, mit\u00e4 henkil\u00f6 mill\u00e4kin hetkell\u00e4 pystyy siet\u00e4m\u00e4\u00e4n.<\/p>\n<p>Tilanteen kielt\u00e4minen vaikuttaa ulosp\u00e4in usein sairaudentunnottomuudelta. Se on yleens\u00e4 haastavaa omaisille, jotka haluaisivat aktiivisesti auttaa l\u00e4heist\u00e4\u00e4n l\u00f6yt\u00e4m\u00e4\u00e4n apua arkeensa. Omaisilta vaaditaan usein k\u00e4rsiv\u00e4llisyytt\u00e4, jonka yll\u00e4pit\u00e4minen ei yleens\u00e4 ole helppoa omaisen k\u00e4ydess\u00e4 l\u00e4pi omaa tunneprosessiaan. Tilanteessa auttaa usein se, ett\u00e4 kumpikin osapuoli saa aikaa sopeutua tilanteeseen.<\/p>\n<\/div><\/div><div class=\"et_pb_text_2 et_pb_text et_pb_bg_layout_light et_pb_module et_block_module et_pb_text_align_center\"><div class=\"et_pb_text_inner\"><p>\u00c4L\u00c4 VAADI ITSELT\u00c4SI TAI L\u00c4HEISELT\u00c4SI SELLAISTA, MIHIN ETTE OLE VIEL\u00c4 VALMIITA<\/p>\n<\/div><\/div><\/div><\/div><\/div><div class=\"et_pb_section_1 et_pb_section et_section_regular et_block_section\"><div class=\"et_pb_row_1 et_pb_row et_block_row quote_row\"><div class=\"et_pb_column_1 et_pb_column et_pb_column_4_4 et-last-child et_block_column et_pb_css_mix_blend_mode_passthrough\"><div class=\"et_pb_text_3 et_pb_text et_pb_bg_layout_light et_pb_module et_block_module\"><div class=\"et_pb_text_inner\"><p style=\"color:#c8c8c8;font-size:60px;line-height:0.5;margin-bottom:10px;font-family:Georgia,serif;\">\u201c<\/p>\n<p>Kun mun is\u00e4 sairastui, niin se alku oli turhauttavaa, kun h\u00e4n oli melko sairaudentunnoton. H\u00e4n ei pystynyt my\u00f6nt\u00e4m\u00e4\u00e4n, ett\u00e4 se sairaus on ja pysyy ja sen takia m\u00e4\u00e4r\u00e4tyt asiat menee eri tavalla kuin ennen. Lopulta m\u00e4 kuitenkin ymm\u00e4rsin, ett\u00e4 se oli h\u00e4n, joka sairastui, eik\u00e4 me muut. Oli t\u00e4rke\u00e4\u00e4 antaa h\u00e4nellekin aikaa sen asian hyv\u00e4ksymiseen.<\/p>\n<p><em>~Aivoverenkiertosairauden muistisairautta sairastavan miehen tyt\u00e4r<\/em><\/p>\n<\/div><\/div><div class=\"et_pb_divider_0 et_pb_divider_hidden et_pb_space et_pb_divider_position_top et_pb_module\"><div class=\"et_pb_divider_internal\"><\/div><\/div><div class=\"et_pb_text_4 et_pb_text et_pb_bg_layout_light et_pb_module et_block_module\"><div class=\"et_pb_text_inner\"><p style=\"color:#c8c8c8;font-size:60px;line-height:0.5;margin-bottom:10px;font-family:Georgia,serif;\">\u201c<\/p>\n<p>Kyll\u00e4 ihan sekin on auttanut, ett\u00e4 aikaa on kulunut ja sen diagnoosin saamisen j\u00e4lkeen is\u00e4 on saanut ty\u00f6st\u00e4\u00e4 asioita. Silloin sairastumisen alkuvaiheessa is\u00e4 oli takakire\u00e4 ihan kaikesta. H\u00e4n oli kiukkuinen ja koki, ett\u00e4 h\u00e4nt\u00e4 vaan kiusataan ja me kuvitellaan kaikkea. V\u00e4h\u00e4n korostaen voi sanoa, ett\u00e4 me oltiin h\u00e4nen silmiss\u00e4\u00e4n pahoja hahmoja. Nyt h\u00e4n on muuttunut sellaiseksi, ett\u00e4 saa jo v\u00e4h\u00e4n auttaakin siin\u00e4 vuorovaikutuksessa. H\u00e4n saattaa sanoa vaikka, ett\u00e4 &quot;Kiitos kun autatte&quot; tai &quot;S\u00e4\u00e4 sen sanoitkin&quot;.<\/p>\n<p><em>~Alzheimerin tautia sairastavan ty\u00f6ik\u00e4isen miehen tyt\u00e4r<\/em><\/p>\n<\/div><\/div><\/div><\/div><\/div><div class=\"et_pb_section_2 et_pb_section et_section_regular et_block_section\" id=\"article\"><div class=\"et_pb_row_2 et_pb_row et_block_row\"><div class=\"et_pb_column_2 et_pb_column et_pb_column_4_4 et-last-child et_block_column et_pb_css_mix_blend_mode_passthrough\"><div class=\"et_pb_text_5 et_pb_text et_pb_bg_layout_light et_clickable et_pb_module et_block_module lahde\"><div class=\"et_pb_text_inner\"><p><a class=\"read-more\" href=\"\/sv\/lahteet\/#neuvoja\">K\u00e4lla <img decoding=\"async\" src=\"\/wp-content\/uploads\/2019\/08\/arrow-right-mainblue.svg\"><\/a><\/p>\n<\/div><\/div><\/div><\/div><\/div><div class=\"et_pb_section_3 et_pb_section et_section_regular et_block_section\"><div class=\"et_pb_row_3 et_pb_row et_block_row\"><div class=\"et_pb_column_3 et_pb_column et_pb_column_4_4 et-last-child et_block_column et_pb_css_mix_blend_mode_passthrough\"><div class=\"et_pb_text_6 et_pb_text et_pb_bg_layout_light et_pb_module et_block_module\"><div class=\"et_pb_text_inner\"><h2>Tunnistatko jommankumman tai kummatkin selviytymistavat?<\/h2>\n<\/div><\/div><div class=\"et_pb_text_7 et_pb_text et_pb_bg_layout_light et_pb_module et_block_module\"><div class=\"et_pb_text_inner\"><h3>Miten ne ovat l\u00e4heisell\u00e4si ilmenneet ja miten se on vaikuttanut sinuun? Jos l\u00e4heisell\u00e4si on ollut kielt\u00e4misvaihe, mink\u00e4laisen suhtautumistavan olet kokenut toimivimpana?<\/h3>\n<\/div><\/div><div class=\"et_pb_comments_0 et_pb_comments_module et_pb_no_avatar et_pb_no_reply_button et_pb_no_comments_count et_pb_bg_layout_light et_pb_module et_block_module\" data-icon=\"\" data-icon-tablet=\"\" data-icon-phone=\"\"><\/div><\/div><\/div><\/div><div class=\"et_pb_section_4 et_pb_section et_section_regular et_block_section\"><div class=\"et_pb_row_4 et_pb_row et_pb_gutters2 et_block_row\"><div class=\"et_pb_column_4 et_pb_column et_pb_column_1_3 et_block_column et_pb_css_mix_blend_mode_passthrough\"><div class=\"et_pb_blurb_0 et_pb_blurb et_pb_bg_layout_dark et_pb_blurb_position_left et_clickable et_pb_module et_block_module ftr-blrb\"><div class=\"et_pb_blurb_content\"><div class=\"et_pb_main_blurb_image\"><a href=\"\/sv\/vuorovaikutus\/kohti-parempaa-vuorovaikutusta\/neuvoja-omaiselta-omaiselle\/kohtele-muistisairauden%20kanssa%20el\u00e4v\u00e4\u00e4-kuin-aikuista\/\"><span class=\"et_pb_image_wrap et_pb_only_image_mode_wrap\"><img loading=\"lazy\" decoding=\"async\" src=\"https:\/\/memocate.com\/wp-content\/uploads\/2019\/03\/cloud_3.svg\" width=\"82\" height=\"66\" srcset=\"https:\/\/memocate.com\/wp-content\/uploads\/2019\/03\/cloud_3.svg 82w\" sizes=\"(max-width: 82px) 100vw, 82px\" class=\"et-waypoint et_pb_animation_top et_pb_animation_top_tablet et_pb_animation_top_phone wp-image-1156\" \/><\/span><\/a><\/div><div class=\"et_pb_blurb_container\"><h4 class=\"et_pb_module_header\"><a href=\"\/sv\/vuorovaikutus\/kohti-parempaa-vuorovaikutusta\/neuvoja-omaiselta-omaiselle\/kohtele-muistisairauden%20kanssa%20el\u00e4v\u00e4\u00e4-kuin-aikuista\/\">V\u00e4xelverkan<\/a><\/h4><div class=\"et_pb_blurb_description\"><h3>Bem\u00f6t personen som lever med minnessjukdom som en vuxen<\/h3>\n<p><a class=\"read-more\" href=\"\/sv\/vuorovaikutus\/kohti-parempaa-vuorovaikutusta\/neuvoja-omaiselta-omaiselle\/kohtele-muistisairauden kanssa el\u00e4v\u00e4\u00e4-kuin-aikuista\/\">L\u00e4s mer <img decoding=\"async\" src=\"\/wp-content\/uploads\/2019\/03\/arrow_right-green.svg\"><\/a><\/p>\n<\/div><\/div><\/div><\/div><\/div><div class=\"et_pb_column_5 et_pb_column et_pb_column_1_3 et_block_column et_pb_css_mix_blend_mode_passthrough\"><div class=\"et_pb_blurb_1 et_pb_blurb et_pb_bg_layout_dark et_pb_blurb_position_left et_clickable et_pb_module et_block_module ftr-blrb\"><div class=\"et_pb_blurb_content\"><div class=\"et_pb_main_blurb_image\"><a href=\"\/sv\/vuorovaikutus\/kohti-parempaa-vuorovaikutusta\/neuvoja-omaiselta-omaiselle\/kunnioita-muistisairauden%20kanssa%20el\u00e4v\u00e4n%20ihmisen-todellisuutta\/\"><span class=\"et_pb_image_wrap et_pb_only_image_mode_wrap\"><img loading=\"lazy\" decoding=\"async\" src=\"https:\/\/memocate.com\/wp-content\/uploads\/2019\/03\/cloud_2.svg\" width=\"82\" height=\"61\" srcset=\"https:\/\/memocate.com\/wp-content\/uploads\/2019\/03\/cloud_2.svg 82w\" sizes=\"(max-width: 82px) 100vw, 82px\" class=\"et-waypoint et_pb_animation_top et_pb_animation_top_tablet et_pb_animation_top_phone wp-image-1155\" \/><\/span><\/a><\/div><div class=\"et_pb_blurb_container\"><h4 class=\"et_pb_module_header\"><a href=\"\/sv\/vuorovaikutus\/kohti-parempaa-vuorovaikutusta\/neuvoja-omaiselta-omaiselle\/kunnioita-muistisairauden%20kanssa%20el\u00e4v\u00e4n%20ihmisen-todellisuutta\/\">V\u00e4xelverkan<\/a><\/h4><div class=\"et_pb_blurb_description\"><h3>Respektera verkligheten f\u00f6r personen med minnessjukdom<\/h3>\n<p><a class=\"read-more\" href=\"\/sv\/vuorovaikutus\/kohti-parempaa-vuorovaikutusta\/neuvoja-omaiselta-omaiselle\/kunnioita-muistisairauden kanssa el\u00e4v\u00e4n henkil\u00f6n-todellisuutta\/\">L\u00e4s mer <img decoding=\"async\" src=\"\/wp-content\/uploads\/2019\/03\/arrow_right-green.svg\"><\/a><\/p>\n<\/div><\/div><\/div><\/div><\/div><div class=\"et_pb_column_6 et_pb_column et_pb_column_1_3 et-last-child et_block_column et_pb_css_mix_blend_mode_passthrough\"><div class=\"et_pb_blurb_2 et_pb_blurb et_pb_bg_layout_dark et_pb_blurb_position_left et_clickable et_pb_module et_block_module ftr-blrb\"><div class=\"et_pb_blurb_content\"><div class=\"et_pb_main_blurb_image\"><a href=\"\/sv\/vuorovaikutus\/kohti-parempaa-vuorovaikutusta\/vinkkeja-camilla-lindholmilta\/\"><span class=\"et_pb_image_wrap et_pb_only_image_mode_wrap\"><img loading=\"lazy\" decoding=\"async\" src=\"https:\/\/memocate.com\/wp-content\/uploads\/2019\/03\/cloud_1.svg\" width=\"77\" height=\"66\" srcset=\"https:\/\/memocate.com\/wp-content\/uploads\/2019\/03\/cloud_1.svg 77w\" sizes=\"(max-width: 77px) 100vw, 77px\" class=\"et-waypoint et_pb_animation_top et_pb_animation_top_tablet et_pb_animation_top_phone wp-image-1154\" \/><\/span><\/a><\/div><div class=\"et_pb_blurb_container\"><h4 class=\"et_pb_module_header\"><a href=\"\/sv\/vuorovaikutus\/kohti-parempaa-vuorovaikutusta\/vinkkeja-camilla-lindholmilta\/\"> V\u00e4xelverkan<\/a><\/h4><div class=\"et_pb_blurb_description\"><h3>Tips fr\u00e5n Camilla Lindholm<\/h3>\n<p><a class=\"read-more\" href=\"\/sv\/vuorovaikutus\/kohti-parempaa-vuorovaikutusta\/vinkkeja-camilla-lindholmilta\/\">L\u00e4s mer <img decoding=\"async\" src=\"\/wp-content\/uploads\/2019\/03\/arrow_right-green.svg\"><\/a><\/p>\n<\/div><\/div><\/div><\/div><\/div><\/div><\/div><div class=\"et_pb_section_5 et_pb_section et_section_regular et_block_section\"><div class=\"et_pb_row_5 et_pb_row et_pb_equal_columns et_pb_gutters1 et_block_row et_pb_row_fullwidth\"><div class=\"et_pb_column_7 et_pb_column et_pb_column_1_3 et_block_column et_pb_column_empty et_pb_css_mix_blend_mode_passthrough\"><\/div><div class=\"et_pb_column_8 et_pb_column et_pb_column_1_3 et_block_column et_pb_css_mix_blend_mode_passthrough\"><div class=\"et_pb_cta_0 et_pb_promo et_pb_bg_layout_dark et_pb_module et_block_module\"><div class=\"et_pb_promo_description\"><h2 class=\"et_pb_module_header\">Har du ny forskningsinformation eller utvecklingsid\u00e9er f\u00f6r webbplatsen?<\/h2><\/div><div class=\"et_pb_button_wrapper\"><a class=\"et_pb_button et_pb_promo_button\" href=\"\/sv\/kouluttaudu-kanssamme\/#ota-yhteytta\">Kontakta oss<\/a><\/div><\/div><\/div><div class=\"et_pb_column_9 et_pb_column et_pb_column_1_3 et-last-child et_block_column et_pb_column_empty et_pb_css_mix_blend_mode_passthrough\"><\/div><\/div><div class=\"et_pb_row_6 et_pb_row et_pb_equal_columns et_pb_gutters1 et_block_row et_pb_row_fullwidth\"><div class=\"et_pb_column_10 et_pb_column et_pb_column_4_4 et-last-child et_block_column et_pb_css_mix_blend_mode_passthrough\"><div class=\"et_pb_cta_1 et_pb_promo et_pb_bg_layout_dark et_pb_module et_block_module\"><div class=\"et_pb_promo_description\"><h2 class=\"et_pb_module_header\">Har du ny forskningsinformation eller utvecklingsid\u00e9er f\u00f6r webbplatsen?<\/h2><\/div><div class=\"et_pb_button_wrapper\"><a class=\"et_pb_button et_pb_promo_button\" href=\"\/sv\/kouluttaudu-kanssamme\/#ota-yhteytta\">Kontakta oss<\/a><\/div><\/div><\/div><\/div><\/div>","protected":false},"excerpt":{"rendered":"","protected":false},"author":4,"featured_media":0,"parent":2133,"menu_order":1,"comment_status":"open","ping_status":"closed","template":"","meta":{"footnotes":""},"class_list":["post-1679","page","type-page","status-publish","hentry"],"yoast_head":"<!-- This site is optimized with the Yoast SEO plugin v27.5 - https:\/\/yoast.com\/product\/yoast-seo-wordpress\/ -->\n<title>Anna muistisairaalle aikaa sopeutua \u2013 Memocate<\/title>\n<meta name=\"description\" content=\"Muistisairausdiagnoosi vaatii aikaa sopeutumiseen. Lue, miten voit tukea l\u00e4heist\u00e4si muutoksessa ja uudessa el\u00e4m\u00e4ntilanteessa.\" \/>\n<meta name=\"robots\" content=\"index, follow, max-snippet:-1, max-image-preview:large, max-video-preview:-1\" \/>\n<link rel=\"canonical\" href=\"https:\/\/memocate.com\/sv\/vuorovaikutus\/kohti-parempaa-vuorovaikutusta\/neuvoja-omaiselta-omaiselle\/anna-laheisellesi-aikaa-sopeutua-sairauteen\/\" \/>\n<meta property=\"og:locale\" content=\"sv_SE\" \/>\n<meta property=\"og:type\" content=\"article\" \/>\n<meta property=\"og:title\" content=\"Anna muistisairaalle aikaa sopeutua \u2013 Memocate\" \/>\n<meta property=\"og:description\" content=\"Muistisairausdiagnoosi vaatii aikaa sopeutumiseen. Lue, miten voit tukea l\u00e4heist\u00e4si muutoksessa ja uudessa el\u00e4m\u00e4ntilanteessa.\" \/>\n<meta property=\"og:url\" content=\"https:\/\/memocate.com\/sv\/vuorovaikutus\/kohti-parempaa-vuorovaikutusta\/neuvoja-omaiselta-omaiselle\/anna-laheisellesi-aikaa-sopeutua-sairauteen\/\" \/>\n<meta property=\"og:site_name\" content=\"Memocate\" \/>\n<meta property=\"article:modified_time\" content=\"2026-03-23T08:04:50+00:00\" \/>\n<meta property=\"og:image\" content=\"https:\/\/memocate.com\/wp-content\/uploads\/2026\/03\/memocate-og-image.png\" \/>\n\t<meta property=\"og:image:width\" content=\"1200\" \/>\n\t<meta property=\"og:image:height\" content=\"675\" \/>\n\t<meta property=\"og:image:type\" content=\"image\/png\" \/>\n<meta name=\"twitter:card\" content=\"summary_large_image\" \/>\n<meta name=\"twitter:label1\" content=\"Ber\u00e4knad l\u00e4stid\" \/>\n\t<meta name=\"twitter:data1\" content=\"5 minuter\" \/>\n<script type=\"application\/ld+json\" class=\"yoast-schema-graph\">{\"@context\":\"https:\\\/\\\/schema.org\",\"@graph\":[{\"@type\":\"WebPage\",\"@id\":\"https:\\\/\\\/memocate.com\\\/vuorovaikutus\\\/kohti-parempaa-vuorovaikutusta\\\/neuvoja-omaiselta-omaiselle\\\/anna-laheisellesi-aikaa-sopeutua-sairauteen\\\/\",\"url\":\"https:\\\/\\\/memocate.com\\\/vuorovaikutus\\\/kohti-parempaa-vuorovaikutusta\\\/neuvoja-omaiselta-omaiselle\\\/anna-laheisellesi-aikaa-sopeutua-sairauteen\\\/\",\"name\":\"Anna muistisairaalle aikaa sopeutua \u2013 Memocate\",\"isPartOf\":{\"@id\":\"https:\\\/\\\/memocate.com\\\/#website\"},\"datePublished\":\"2019-04-28T07:13:21+00:00\",\"dateModified\":\"2026-03-23T08:04:50+00:00\",\"description\":\"Muistisairausdiagnoosi vaatii aikaa sopeutumiseen. Lue, miten voit tukea l\u00e4heist\u00e4si muutoksessa ja uudessa el\u00e4m\u00e4ntilanteessa.\",\"breadcrumb\":{\"@id\":\"https:\\\/\\\/memocate.com\\\/vuorovaikutus\\\/kohti-parempaa-vuorovaikutusta\\\/neuvoja-omaiselta-omaiselle\\\/anna-laheisellesi-aikaa-sopeutua-sairauteen\\\/#breadcrumb\"},\"inLanguage\":\"sv-SE\",\"potentialAction\":[{\"@type\":\"ReadAction\",\"target\":[\"https:\\\/\\\/memocate.com\\\/vuorovaikutus\\\/kohti-parempaa-vuorovaikutusta\\\/neuvoja-omaiselta-omaiselle\\\/anna-laheisellesi-aikaa-sopeutua-sairauteen\\\/\"]}]},{\"@type\":\"BreadcrumbList\",\"@id\":\"https:\\\/\\\/memocate.com\\\/vuorovaikutus\\\/kohti-parempaa-vuorovaikutusta\\\/neuvoja-omaiselta-omaiselle\\\/anna-laheisellesi-aikaa-sopeutua-sairauteen\\\/#breadcrumb\",\"itemListElement\":[{\"@type\":\"ListItem\",\"position\":1,\"name\":\"Home\",\"item\":\"https:\\\/\\\/memocate.com\\\/\"},{\"@type\":\"ListItem\",\"position\":2,\"name\":\"Vuorovaikutus\",\"item\":\"https:\\\/\\\/memocate.com\\\/vuorovaikutus\\\/\"},{\"@type\":\"ListItem\",\"position\":3,\"name\":\"Kohti parempaa vuorovaikutusta\",\"item\":\"https:\\\/\\\/memocate.com\\\/vuorovaikutus\\\/kohti-parempaa-vuorovaikutusta\\\/\"},{\"@type\":\"ListItem\",\"position\":4,\"name\":\"Neuvoja omaiselta omaiselle\",\"item\":\"https:\\\/\\\/memocate.com\\\/vuorovaikutus\\\/kohti-parempaa-vuorovaikutusta\\\/neuvoja-omaiselta-omaiselle\\\/\"},{\"@type\":\"ListItem\",\"position\":5,\"name\":\"Anna l\u00e4heisellesi aikaa sopeutua sairauteen\"}]},{\"@type\":\"WebSite\",\"@id\":\"https:\\\/\\\/memocate.com\\\/#website\",\"url\":\"https:\\\/\\\/memocate.com\\\/\",\"name\":\"Memocate\",\"description\":\"Muistisairaus, vuorovaikutus ja hyv\u00e4 kohtaaminen\",\"publisher\":{\"@id\":\"https:\\\/\\\/memocate.com\\\/#organization\"},\"potentialAction\":[{\"@type\":\"SearchAction\",\"target\":{\"@type\":\"EntryPoint\",\"urlTemplate\":\"https:\\\/\\\/memocate.com\\\/?s={search_term_string}\"},\"query-input\":{\"@type\":\"PropertyValueSpecification\",\"valueRequired\":true,\"valueName\":\"search_term_string\"}}],\"inLanguage\":\"sv-SE\"},{\"@type\":\"Organization\",\"@id\":\"https:\\\/\\\/memocate.com\\\/#organization\",\"name\":\"Memocate Oy\",\"url\":\"https:\\\/\\\/memocate.com\\\/\",\"logo\":{\"@type\":\"ImageObject\",\"inLanguage\":\"sv-SE\",\"@id\":\"https:\\\/\\\/memocate.com\\\/#\\\/schema\\\/logo\\\/image\\\/\",\"url\":\"https:\\\/\\\/memocate.com\\\/wp-content\\\/uploads\\\/2019\\\/07\\\/Memocate_horizontal_logo.svg\",\"contentUrl\":\"https:\\\/\\\/memocate.com\\\/wp-content\\\/uploads\\\/2019\\\/07\\\/Memocate_horizontal_logo.svg\",\"width\":213,\"height\":70,\"caption\":\"Memocate Oy\"},\"image\":{\"@id\":\"https:\\\/\\\/memocate.com\\\/#\\\/schema\\\/logo\\\/image\\\/\"}}]}<\/script>\n<!-- \/ Yoast SEO plugin. -->","yoast_head_json":{"title":"Anna muistisairaalle aikaa sopeutua \u2013 Memocate","description":"Muistisairausdiagnoosi vaatii aikaa sopeutumiseen. Lue, miten voit tukea l\u00e4heist\u00e4si muutoksessa ja uudessa el\u00e4m\u00e4ntilanteessa.","robots":{"index":"index","follow":"follow","max-snippet":"max-snippet:-1","max-image-preview":"max-image-preview:large","max-video-preview":"max-video-preview:-1"},"canonical":"https:\/\/memocate.com\/sv\/vuorovaikutus\/kohti-parempaa-vuorovaikutusta\/neuvoja-omaiselta-omaiselle\/anna-laheisellesi-aikaa-sopeutua-sairauteen\/","og_locale":"sv_SE","og_type":"article","og_title":"Anna muistisairaalle aikaa sopeutua \u2013 Memocate","og_description":"Muistisairausdiagnoosi vaatii aikaa sopeutumiseen. Lue, miten voit tukea l\u00e4heist\u00e4si muutoksessa ja uudessa el\u00e4m\u00e4ntilanteessa.","og_url":"https:\/\/memocate.com\/sv\/vuorovaikutus\/kohti-parempaa-vuorovaikutusta\/neuvoja-omaiselta-omaiselle\/anna-laheisellesi-aikaa-sopeutua-sairauteen\/","og_site_name":"Memocate","article_modified_time":"2026-03-23T08:04:50+00:00","og_image":[{"width":1200,"height":675,"url":"https:\/\/memocate.com\/wp-content\/uploads\/2026\/03\/memocate-og-image.png","type":"image\/png"}],"twitter_card":"summary_large_image","twitter_misc":{"Ber\u00e4knad l\u00e4stid":"5 minuter"},"schema":{"@context":"https:\/\/schema.org","@graph":[{"@type":"WebPage","@id":"https:\/\/memocate.com\/vuorovaikutus\/kohti-parempaa-vuorovaikutusta\/neuvoja-omaiselta-omaiselle\/anna-laheisellesi-aikaa-sopeutua-sairauteen\/","url":"https:\/\/memocate.com\/vuorovaikutus\/kohti-parempaa-vuorovaikutusta\/neuvoja-omaiselta-omaiselle\/anna-laheisellesi-aikaa-sopeutua-sairauteen\/","name":"Anna muistisairaalle aikaa sopeutua \u2013 Memocate","isPartOf":{"@id":"https:\/\/memocate.com\/#website"},"datePublished":"2019-04-28T07:13:21+00:00","dateModified":"2026-03-23T08:04:50+00:00","description":"Muistisairausdiagnoosi vaatii aikaa sopeutumiseen. Lue, miten voit tukea l\u00e4heist\u00e4si muutoksessa ja uudessa el\u00e4m\u00e4ntilanteessa.","breadcrumb":{"@id":"https:\/\/memocate.com\/vuorovaikutus\/kohti-parempaa-vuorovaikutusta\/neuvoja-omaiselta-omaiselle\/anna-laheisellesi-aikaa-sopeutua-sairauteen\/#breadcrumb"},"inLanguage":"sv-SE","potentialAction":[{"@type":"ReadAction","target":["https:\/\/memocate.com\/vuorovaikutus\/kohti-parempaa-vuorovaikutusta\/neuvoja-omaiselta-omaiselle\/anna-laheisellesi-aikaa-sopeutua-sairauteen\/"]}]},{"@type":"BreadcrumbList","@id":"https:\/\/memocate.com\/vuorovaikutus\/kohti-parempaa-vuorovaikutusta\/neuvoja-omaiselta-omaiselle\/anna-laheisellesi-aikaa-sopeutua-sairauteen\/#breadcrumb","itemListElement":[{"@type":"ListItem","position":1,"name":"Home","item":"https:\/\/memocate.com\/"},{"@type":"ListItem","position":2,"name":"Vuorovaikutus","item":"https:\/\/memocate.com\/vuorovaikutus\/"},{"@type":"ListItem","position":3,"name":"Kohti parempaa vuorovaikutusta","item":"https:\/\/memocate.com\/vuorovaikutus\/kohti-parempaa-vuorovaikutusta\/"},{"@type":"ListItem","position":4,"name":"Neuvoja omaiselta omaiselle","item":"https:\/\/memocate.com\/vuorovaikutus\/kohti-parempaa-vuorovaikutusta\/neuvoja-omaiselta-omaiselle\/"},{"@type":"ListItem","position":5,"name":"Anna l\u00e4heisellesi aikaa sopeutua sairauteen"}]},{"@type":"WebSite","@id":"https:\/\/memocate.com\/#website","url":"https:\/\/memocate.com\/","name":"Memocate","description":"Muistisairaus, vuorovaikutus ja hyv\u00e4 kohtaaminen","publisher":{"@id":"https:\/\/memocate.com\/#organization"},"potentialAction":[{"@type":"SearchAction","target":{"@type":"EntryPoint","urlTemplate":"https:\/\/memocate.com\/?s={search_term_string}"},"query-input":{"@type":"PropertyValueSpecification","valueRequired":true,"valueName":"search_term_string"}}],"inLanguage":"sv-SE"},{"@type":"Organization","@id":"https:\/\/memocate.com\/#organization","name":"Memocate Oy","url":"https:\/\/memocate.com\/","logo":{"@type":"ImageObject","inLanguage":"sv-SE","@id":"https:\/\/memocate.com\/#\/schema\/logo\/image\/","url":"https:\/\/memocate.com\/wp-content\/uploads\/2019\/07\/Memocate_horizontal_logo.svg","contentUrl":"https:\/\/memocate.com\/wp-content\/uploads\/2019\/07\/Memocate_horizontal_logo.svg","width":213,"height":70,"caption":"Memocate Oy"},"image":{"@id":"https:\/\/memocate.com\/#\/schema\/logo\/image\/"}}]}},"_links":{"self":[{"href":"https:\/\/memocate.com\/sv\/wp-json\/wp\/v2\/pages\/1679","targetHints":{"allow":["GET"]}}],"collection":[{"href":"https:\/\/memocate.com\/sv\/wp-json\/wp\/v2\/pages"}],"about":[{"href":"https:\/\/memocate.com\/sv\/wp-json\/wp\/v2\/types\/page"}],"author":[{"embeddable":true,"href":"https:\/\/memocate.com\/sv\/wp-json\/wp\/v2\/users\/4"}],"replies":[{"embeddable":true,"href":"https:\/\/memocate.com\/sv\/wp-json\/wp\/v2\/comments?post=1679"}],"version-history":[{"count":12,"href":"https:\/\/memocate.com\/sv\/wp-json\/wp\/v2\/pages\/1679\/revisions"}],"predecessor-version":[{"id":8772,"href":"https:\/\/memocate.com\/sv\/wp-json\/wp\/v2\/pages\/1679\/revisions\/8772"}],"up":[{"embeddable":true,"href":"https:\/\/memocate.com\/sv\/wp-json\/wp\/v2\/pages\/2133"}],"wp:attachment":[{"href":"https:\/\/memocate.com\/sv\/wp-json\/wp\/v2\/media?parent=1679"}],"curies":[{"name":"wp","href":"https:\/\/api.w.org\/{rel}","templated":true}]}}